{"id":1960,"date":"2024-12-17T03:10:50","date_gmt":"2024-12-17T03:10:50","guid":{"rendered":"https:\/\/mj-clothing.com\/?post_type=product&#038;p=1960"},"modified":"2024-12-17T03:10:50","modified_gmt":"2024-12-17T03:10:50","slug":"periwinkle-womens-tops","status":"publish","type":"product","link":"https:\/\/mj-clothing.com\/et\/manufacturer\/periwinkle-womens-tops\/","title":{"rendered":"Periwinkle naiste topid"},"content":{"rendered":"<div id=\"model-response-message-contentr_7f973865284483ec\" class=\"markdown markdown-main-panel response-optimization\" dir=\"ltr\">\n<p data-sourcepos=\"1:1-1:279\">Periwinkle Womens Tops on ilus, pehme ja mitmek\u00fclgne v\u00e4rv, mis lisab elegantsust ja naiselikkust igale riietusele. <span class=\"citation-0 recitation citation-end-0\">See on hele lilla v\u00e4rvus, millel on aimatavalt sinine varjund, mida sageli kirjeldatakse kui kahvatut lavendlit v\u00f5i helelillat.<\/span> Siin on see, mis teeb periwinkle naiste topsid nii ahvatlevaks:<span class=\"button-container hide-from-message-actions ng-star-inserted\">\u00a0 \u00a0<\/span><\/p>\n<h3 data-sourcepos=\"3:1-3:39\"><strong>Miks Periwinkle Womens Tops t\u00f6\u00f6tab h\u00e4sti Tops:<\/strong><\/h3>\n<ul data-sourcepos=\"5:1-9:0\">\n<li data-sourcepos=\"5:1-5:138\"><strong>Sobib paljudele nahatoonidele:<\/strong> V\u00e4rvi Periwinkle on nii jahedate kui ka soojade alatoonidega, mist\u00f5ttu sobib see v\u00e4ga erinevatele nahat\u00fc\u00fcpidele.<\/li>\n<li data-sourcepos=\"6:1-6:105\"><strong>Pehme ja rahustav:<\/strong> <span class=\"citation-1 recitation citation-end-1\">See on \u00f5rn v\u00e4rv, mis tekitab rahulikkuse ja rahu tundeid.<\/span><span class=\"button-container hide-from-message-actions ng-star-inserted\"> \u00a0<\/span>\n<div class=\"container ng-tns-c2960411664-45 hide\">\n<div class=\"carousel-container ng-tns-c2960411664-45\"><\/div>\n<\/div>\n<\/li>\n<li data-sourcepos=\"7:1-7:111\"><strong><span class=\"citation-2 recitation\">Mitmek\u00fclgne:<\/span><\/strong><span class=\"citation-2 recitation citation-end-2\"> Periwinkle on v\u00f5imalik riietada \u00fcles v\u00f5i alla, mist\u00f5ttu sobib see erinevatele puhkudel.<\/span><span class=\"button-container hide-from-message-actions ng-star-inserted\"> \u00a0<\/span>\n<div class=\"container ng-tns-c2960411664-46 hide\">\n<div class=\"carousel-container ng-tns-c2960411664-46\"><\/div>\n<\/div>\n<\/li>\n<li data-sourcepos=\"8:1-9:0\"><strong>Sobib h\u00e4sti teiste v\u00e4rvidega:<\/strong> See t\u00e4iendab neutraalseid v\u00e4rvitoone, nagu valge, hall ja bee\u017e, aga ka teisi v\u00e4rve, nagu roosa, roheline ja isegi kollane.<\/li>\n<\/ul>\n<h3 data-sourcepos=\"10:1-10:44\"><strong>T\u00fc\u00fcbid Periwinkle Womens Tops v\u00f5ite leida:<\/strong><\/h3>\n<ul data-sourcepos=\"12:1-16:0\">\n<li data-sourcepos=\"12:1-12:164\"><strong>T-s\u00e4rgid ja vabaaja tops:<\/strong> Igap\u00e4evaseks kandmiseks sobib ideaalselt periwinkle t-s\u00e4rk v\u00f5i vabaaja top. \u00dchenda see teksade, l\u00fchikeste p\u00fckste v\u00f5i vabaaja seelikuga, et saada l\u00f5dvestunud v\u00e4limus.<\/li>\n<li data-sourcepos=\"13:1-13:198\"><strong><span class=\"citation-3 recitation\">Pluusid ja kleitlikumad \u00fcleriided:<\/span><\/strong><span class=\"citation-3 recitation citation-end-3\"> Siidist, satiinist v\u00f5i sifonist p\u00e4rlmutterpunast pluusi saab pidulikumate s\u00fcndmuste puhul kaunistada.<\/span> Sobitage seda kleidip\u00fckste, seeliku v\u00f5i isegi blezeri alla.<span class=\"button-container hide-from-message-actions ng-star-inserted\"> \u00a0<\/span>\n<div class=\"container ng-tns-c2960411664-47 hide\">\n<div class=\"carousel-container ng-tns-c2960411664-47\"><\/div>\n<\/div>\n<\/li>\n<li data-sourcepos=\"14:1-14:110\"><strong>Kampsunid ja kardiganid:<\/strong> Perenaine kampsun v\u00f5i kardigan on jahedama ilmaga suurep\u00e4raseks kihiliseks riietuseks.<\/li>\n<li data-sourcepos=\"15:1-16:0\"><strong><span class=\"citation-4 recitation\">Tank Topid ja Camisoles:<\/span><\/strong><span class=\"citation-4 recitation citation-end-4\"> Perejoonist toppi v\u00f5i kampsunit saab soojade ilmadega kanda eraldi v\u00f5i teiste toppide all.<\/span><span class=\"button-container hide-from-message-actions ng-star-inserted\">\u00a0<\/span>\n<div class=\"container ng-tns-c2960411664-48 hide\">\n<div class=\"carousel-container ng-tns-c2960411664-48\">\n<div class=\"carousel-content ng-tns-c2960411664-48\">\n<div class=\"sources-carousel-source ng-tns-c2960411664-48 hide ng-star-inserted\" data-test-id=\"sources-carousel-source\"><\/div>\n<\/div>\n<\/div>\n<\/div>\n<\/li>\n<\/ul>\n<h3 data-sourcepos=\"17:1-17:33\"><strong>Kuidas stiilne Periwinkle Topid:<\/strong><\/h3>\n<ul data-sourcepos=\"19:1-23:0\">\n<li data-sourcepos=\"19:1-19:100\"><strong>Casual:<\/strong> V\u00e4rske ja vabaaja v\u00e4limuse saavutamiseks \u00fchenda periwinkle t-s\u00e4rk valgete teksade ja tossudega.<\/li>\n<li data-sourcepos=\"20:1-20:117\"><strong>Business Casual:<\/strong> Kandke p\u00e4rlmutterpunast pluusi koos hallide p\u00fckste ja kontsadega, et saada professionaalne ja samas stiilne riietus.<\/li>\n<li data-sourcepos=\"21:1-21:104\"><strong>Riietatud:<\/strong> Kombineerige \u00f5htuseks elegantseks v\u00e4limuseks mustast satiinist topp musta seeliku ja kontsadega.<\/li>\n<li data-sourcepos=\"22:1-23:0\"><strong>Boheemlane:<\/strong> Stiilne roosakas v\u00e4rvitoonist voolav \u00fclaosa koos pika seeliku ja sandaalidega, et saavutada boheemlaslik meeleolu.<\/li>\n<\/ul>\n<p data-sourcepos=\"32:1-32:113\">\n<\/div>","protected":false},"excerpt":{"rendered":"<table style=\"height: 501px;\" width=\"369\">\n<tbody>\n<tr>\n<td width=\"146\"><strong><b>Toode<\/b><\/strong>\u00a0<strong><b>Nimi:<\/b><\/strong><\/td>\n<td width=\"601\"><strong>Periwinkle naiste topid<\/strong><\/td>\n<\/tr>\n<tr>\n<td width=\"146\"><strong><b>Materlal:<\/b><\/strong><\/td>\n<td width=\"601\">Kudumine<\/td>\n<\/tr>\n<tr>\n<td width=\"146\"><strong><b>Tehnika: <\/b><\/strong><\/td>\n<td width=\"601\">Tikitud<\/td>\n<\/tr>\n<tr>\n<td width=\"146\"><strong><b>Stiil: <\/b><\/strong><\/td>\n<td width=\"601\">Casual<\/td>\n<\/tr>\n<tr>\n<td width=\"146\"><strong><b>V\u00e4rv<\/b><\/strong><strong><b>:<\/b><\/strong><\/td>\n<td width=\"601\">\u00a0Kohandatud v\u00e4rvid<\/td>\n<\/tr>\n<tr>\n<td width=\"146\"><strong><b>Suurus:<\/b><\/strong><\/td>\n<td width=\"601\">S \/M \/L \/XL \/2XL<\/td>\n<\/tr>\n<tr>\n<td width=\"146\"><strong><b>OEM\/ODM:<\/b><\/strong><\/td>\n<td width=\"601\">Aktsepteeritav<\/td>\n<\/tr>\n<tr>\n<td width=\"146\"><strong><b>Kvaliteet:<\/b><\/strong><\/td>\n<td width=\"601\">100% k\u00f5rge kvaliteet<\/td>\n<\/tr>\n<tr>\n<td width=\"146\"><strong><b>M<\/b><\/strong><strong><b>OQ:<\/b><\/strong><\/td>\n<td width=\"601\">200 tk<\/td>\n<\/tr>\n<\/tbody>\n<\/table>","protected":false},"featured_media":1961,"template":"","meta":[],"product_brand":[],"product_cat":[39],"product_tag":[],"class_list":{"0":"post-1960","1":"product","2":"type-product","3":"status-publish","4":"has-post-thumbnail","6":"product_cat-womens-clothing","8":"first","9":"instock","10":"shipping-taxable","11":"product-type-simple"},"_links":{"self":[{"href":"https:\/\/mj-clothing.com\/et\/wp-json\/wp\/v2\/product\/1960","targetHints":{"allow":["GET"]}}],"collection":[{"href":"https:\/\/mj-clothing.com\/et\/wp-json\/wp\/v2\/product"}],"about":[{"href":"https:\/\/mj-clothing.com\/et\/wp-json\/wp\/v2\/types\/product"}],"wp:featuredmedia":[{"embeddable":true,"href":"https:\/\/mj-clothing.com\/et\/wp-json\/wp\/v2\/media\/1961"}],"wp:attachment":[{"href":"https:\/\/mj-clothing.com\/et\/wp-json\/wp\/v2\/media?parent=1960"}],"wp:term":[{"taxonomy":"product_brand","embeddable":true,"href":"https:\/\/mj-clothing.com\/et\/wp-json\/wp\/v2\/product_brand?post=1960"},{"taxonomy":"product_cat","embeddable":true,"href":"https:\/\/mj-clothing.com\/et\/wp-json\/wp\/v2\/product_cat?post=1960"},{"taxonomy":"product_tag","embeddable":true,"href":"https:\/\/mj-clothing.com\/et\/wp-json\/wp\/v2\/product_tag?post=1960"}],"curies":[{"name":"wp","href":"https:\/\/api.w.org\/{rel}","templated":true}]}}