{"id":2001,"date":"2024-12-17T08:02:02","date_gmt":"2024-12-17T08:02:02","guid":{"rendered":"https:\/\/mj-clothing.com\/?post_type=product&#038;p=2001"},"modified":"2024-12-17T08:57:32","modified_gmt":"2024-12-17T08:57:32","slug":"womens-surplice-top","status":"publish","type":"product","link":"https:\/\/mj-clothing.com\/et\/manufacturer\/womens-surplice-top\/","title":{"rendered":"Naised Surplice Top"},"content":{"rendered":"<p data-sourcepos=\"1:1-1:164\">Naiste \u00fcleriided on stiilne ja meelik\u00f6itev r\u00f5ivas, mis on tuntud oma iseloomuliku kaeluskaare poolest. Siin on \u00fclevaade selle p\u00f5hiomadustest ja sellest, miks see on populaarne valik:<\/p>\n<h3 data-sourcepos=\"3:1-3:27\"><strong>Mis on naiste \u00fcleriided?<\/strong><\/h3>\n<p data-sourcepos=\"5:1-5:212\">\u00dcmbris on iseloomulikuks tunnuseks selle \u00fclaosa <strong>kattuvad esipaneelid<\/strong> mis loovad diagonaalse v\u00f5i V-kujulise dekoltee. See kujundus on inspireeritud traditsioonilisest kiriklikust r\u00f5ivastusest, mida nimetatakse s\u00fcrpriiks.<\/p>\n<p data-sourcepos=\"7:1-7:27\">Siin on m\u00f5ned p\u00f5hijooned:<\/p>\n<ul data-sourcepos=\"9:1-14:0\">\n<li data-sourcepos=\"9:1-9:98\"><strong>Kattuv rinne:<\/strong> Kangas l\u00e4heb \u00fcle iseenda, tekitades m\u00e4hitud v\u00f5i fiktiivse m\u00e4hise efekti.<\/li>\n<li data-sourcepos=\"10:1-10:131\"><strong>V-kaelus v\u00f5i diagonaalne dekoltee:<\/strong> See dekoltee on tavaliselt \u00fcsna s\u00fcgav ja piklik, mis sobib paljudele kehat\u00fc\u00fcpidele.<\/li>\n<li data-sourcepos=\"11:1-11:133\"><strong>Erinevad varrukate stiilid:<\/strong> \u00dcmbris v\u00f5ib olla l\u00fchikeste varrukatega, pikkade varrukatega, kolme veerandi varrukaga v\u00f5i isegi varrukateta.<\/li>\n<li data-sourcepos=\"12:1-12:179\"><strong>Erinevad kangad:<\/strong> Neid saab valmistada erinevatest kangastest, sealhulgas trikookangast, riidest, siidist, trikotaa\u017eist ja muust. Kanga valik m\u00f5jutab topi riietust ja \u00fcldist v\u00e4ljan\u00e4gemist.<\/li>\n<li data-sourcepos=\"13:1-14:0\"><strong>Paigaldatud v\u00f5i lahtine:<\/strong> S\u00f5ltuvalt disainist ja kangast v\u00f5ib sobivus varieeruda sobivast kuni l\u00f5dva ja voolavani.<\/li>\n<\/ul>\n<h3 data-sourcepos=\"15:1-15:34\"><strong>Miks on naiste s\u00fcrplice Top populaarne?<\/strong><\/h3>\n<ul data-sourcepos=\"17:1-21:0\">\n<li data-sourcepos=\"17:1-17:188\"><strong>Lemmitsev dekoltee:<\/strong> V-kaelus v\u00f5i diagonaalne dekoltee pikendab kaela ja torso, luues salendava efekti. Samuti r\u00f5hutab see meelitavalt s\u00f5lmekohti ja rinnapiirkonda.<\/li>\n<li data-sourcepos=\"18:1-18:107\"><strong>Naiselik ja elegantne:<\/strong> Kattuv disain lisab naiselikkust ja elegantsust igale riietusele.<\/li>\n<li data-sourcepos=\"19:1-19:103\"><strong>Mitmek\u00fclgne:<\/strong> \u00dcmbriseid saab kombineerida \u00fcles v\u00f5i alla, mist\u00f5ttu sobivad need erinevatele puhkudel.<\/li>\n<li data-sourcepos=\"20:1-21:0\"><strong>Mugav:<\/strong> S\u00f5ltuvalt kangast ja sobivusest v\u00f5ib neid olla v\u00e4ga mugav kanda.<\/li>\n<\/ul>\n<h3 data-sourcepos=\"22:1-22:32\"><strong>Kuidas kujundada naiste s\u00e4risevat toppi:<\/strong><\/h3>\n<ul data-sourcepos=\"24:1-28:0\">\n<li data-sourcepos=\"24:1-24:90\"><strong>Casual:<\/strong> Sobita see teksade, l\u00fchikeste p\u00fckste v\u00f5i vabaaja seelikuga, et luua l\u00f5dvestunud igap\u00e4evane v\u00e4limus.<\/li>\n<li data-sourcepos=\"25:1-25:114\"><strong>Business Casual:<\/strong> Kandke seda p\u00fckstega, pliiatsiseelikuga v\u00f5i professionaalsemates tingimustes blazeri all.<\/li>\n<li data-sourcepos=\"26:1-26:140\"><strong>Riietatud:<\/strong> Valige luksuslikust kangast, n\u00e4iteks siidist v\u00f5i satiinist, \u00fclaosa ja \u00fchendage see \u00f5htuseks \u00fcrituseks kleidip\u00fckste v\u00f5i seelikuga.<\/li>\n<li data-sourcepos=\"27:1-28:0\"><strong>Kihilisus:<\/strong> Saate kanda sirmiga topi kardigani v\u00f5i jope alla, et lisada soojust ja stiili.<\/li>\n<\/ul>","protected":false},"excerpt":{"rendered":"<table style=\"height: 571px;\" width=\"446\">\n<tbody>\n<tr>\n<td width=\"146\"><strong><b>Toode<\/b><\/strong>\u00a0<strong><b>Nimi:<\/b><\/strong><\/td>\n<td width=\"601\"><strong>Naised Surplice Top<\/strong><\/td>\n<\/tr>\n<tr>\n<td width=\"146\"><strong><b>Materlal:<\/b><\/strong><\/td>\n<td width=\"601\">Kudumine<\/td>\n<\/tr>\n<tr>\n<td width=\"146\"><strong><b>Tehnika:<\/b><\/strong><\/td>\n<td width=\"601\">Tikitud<\/td>\n<\/tr>\n<tr>\n<td width=\"146\"><strong><b>Stiil:<\/b><\/strong><\/td>\n<td width=\"601\">Casual<\/td>\n<\/tr>\n<tr>\n<td width=\"146\"><strong><b>V\u00e4rv<\/b><\/strong><strong><b>:<\/b><\/strong><\/td>\n<td width=\"601\">\u00a0Kohandatud v\u00e4rvid<\/td>\n<\/tr>\n<tr>\n<td width=\"146\"><strong><b>Suurus:<\/b><\/strong><\/td>\n<td width=\"601\">S \/M \/L \/XL \/2XL<\/td>\n<\/tr>\n<tr>\n<td width=\"146\"><strong><b>OEM\/ODM:<\/b><\/strong><\/td>\n<td width=\"601\">Aktsepteeritav<\/td>\n<\/tr>\n<tr>\n<td width=\"146\"><strong><b>Kvaliteet:<\/b><\/strong><\/td>\n<td width=\"601\">100% k\u00f5rge kvaliteet<\/td>\n<\/tr>\n<tr>\n<td width=\"146\"><strong><b>M<\/b><\/strong><strong><b>OQ:<\/b><\/strong><\/td>\n<td width=\"601\">200 tk<\/td>\n<\/tr>\n<\/tbody>\n<\/table>","protected":false},"featured_media":2002,"template":"","meta":[],"product_brand":[],"product_cat":[39],"product_tag":[],"class_list":{"0":"post-2001","1":"product","2":"type-product","3":"status-publish","4":"has-post-thumbnail","6":"product_cat-womens-clothing","8":"first","9":"instock","10":"shipping-taxable","11":"product-type-simple"},"_links":{"self":[{"href":"https:\/\/mj-clothing.com\/et\/wp-json\/wp\/v2\/product\/2001","targetHints":{"allow":["GET"]}}],"collection":[{"href":"https:\/\/mj-clothing.com\/et\/wp-json\/wp\/v2\/product"}],"about":[{"href":"https:\/\/mj-clothing.com\/et\/wp-json\/wp\/v2\/types\/product"}],"wp:featuredmedia":[{"embeddable":true,"href":"https:\/\/mj-clothing.com\/et\/wp-json\/wp\/v2\/media\/2002"}],"wp:attachment":[{"href":"https:\/\/mj-clothing.com\/et\/wp-json\/wp\/v2\/media?parent=2001"}],"wp:term":[{"taxonomy":"product_brand","embeddable":true,"href":"https:\/\/mj-clothing.com\/et\/wp-json\/wp\/v2\/product_brand?post=2001"},{"taxonomy":"product_cat","embeddable":true,"href":"https:\/\/mj-clothing.com\/et\/wp-json\/wp\/v2\/product_cat?post=2001"},{"taxonomy":"product_tag","embeddable":true,"href":"https:\/\/mj-clothing.com\/et\/wp-json\/wp\/v2\/product_tag?post=2001"}],"curies":[{"name":"wp","href":"https:\/\/api.w.org\/{rel}","templated":true}]}}