{"id":2003,"date":"2024-12-17T08:19:49","date_gmt":"2024-12-17T08:19:49","guid":{"rendered":"https:\/\/mj-clothing.com\/?post_type=product&#038;p=2003"},"modified":"2025-01-04T03:04:40","modified_gmt":"2025-01-04T03:04:40","slug":"womens-tops-for-winter","status":"publish","type":"product","link":"https:\/\/mj-clothing.com\/et\/manufacturer\/womens-tops-for-winter\/","title":{"rendered":"Naiste tops talveks"},"content":{"rendered":"<p data-sourcepos=\"1:1-1:137\">Kui tegemist on naiste talviste \u00fcleriietega, on oluline tasakaalustada stiili, soojust ja mugavust. Siin on m\u00f5ned populaarsed ja praktilised valikud naistele:<\/p>\n<h3 data-sourcepos=\"3:1-3:28\"><strong>Naiste topid talviseks soojaks ja kihiliseks:<\/strong><\/h3>\n<ul data-sourcepos=\"5:1-9:0\">\n<li data-sourcepos=\"5:1-5:239\"><strong>Turtlenecks ja Mock neck'id:<\/strong> Need on suurep\u00e4rased kaela soojana hoidmiseks ja neid saab kanda eraldi v\u00f5i kihiliselt kampsunite v\u00f5i jopede all. Otsige neid materjale, nagu meriinovill, ka\u0161miir v\u00f5i termokudumid, mis annavad lisasoojust.<\/li>\n<li data-sourcepos=\"6:1-6:205\"><strong>Pikkade varrukatega termop\u00fcksid:<\/strong> Need on m\u00f5eldud soojuse p\u00fc\u00fcdmiseks ja soojana hoidmiseks ka v\u00e4ga k\u00fclmades tingimustes. Need sobivad suurep\u00e4raselt teiste toppide alla v\u00f5i iseseisvalt \u00f5ues toimuvateks tegevusteks.<\/li>\n<li data-sourcepos=\"7:1-7:199\"><strong>Kampsunid:<\/strong> Klassikaline talvine p\u00f5hitarvik, kampsunid on saadaval erinevates stiilides, sealhulgas meeskonnakaelusega, V-kaelusega, kardiganiga ja turtlenekaelusega. Maksimaalse soojuse tagamiseks vali sellised materjalid nagu vill, ka\u0161miir v\u00f5i fliis.<\/li>\n<li data-sourcepos=\"8:1-9:0\"><strong>Fliisist \u00fcleriided:<\/strong> Need on uskumatult pehmed, soojad ja mugavad. Need sobivad ideaalselt vabaaja- ja vaba\u00f5hutegevuseks.<\/li>\n<\/ul>\n<h3 data-sourcepos=\"10:1-10:20\"><strong>Naiste topid talveks Stiilsed valikud:<\/strong><\/h3>\n<ul data-sourcepos=\"12:1-16:0\">\n<li data-sourcepos=\"12:1-12:140\"><strong>Kampsunist kleidid:<\/strong> Need on moes ja hubane valik talveks. Neid saab kombineerida sukkp\u00fckste ja saabastega, et saada t\u00e4ielik riietus.<\/li>\n<li data-sourcepos=\"13:1-13:144\"><strong>Kootud tuunikad:<\/strong> Need pakuvad l\u00f5dvestunud ja mugavat istuvust, kuid n\u00e4evad samas stiilsed v\u00e4lja. Neid saab kombineerida leggingside v\u00f5i kitsaste teksadega.<\/li>\n<li data-sourcepos=\"14:1-14:142\"><strong>Sametist topid:<\/strong> Samet lisab elegantsust ja soojust igale riietusele. Need sobivad ideaalselt p\u00fchadepidustuste v\u00f5i muude eriliste s\u00fcndmuste jaoks.<\/li>\n<li data-sourcepos=\"15:1-16:0\"><strong>N\u00f6\u00f6pidega s\u00e4rgid (flanell v\u00f5i koordi):<\/strong> Neid saab kanda iseseisvalt v\u00f5i kihiliselt \u00fcle turtlencki v\u00f5i termilise topi, et saada lisasoojust.<\/li>\n<\/ul>\n<h3 data-sourcepos=\"17:1-17:26\"><strong>Materjalid, mida otsida naiste talveks m\u00f5eldud topside jaoks:<\/strong><\/h3>\n<ul data-sourcepos=\"19:1-24:0\">\n<li data-sourcepos=\"19:1-19:68\"><strong>Vill:<\/strong> Looduslik soojustus, mis hoiab teid soojana ka m\u00e4rjalt.<\/li>\n<li data-sourcepos=\"20:1-20:90\"><strong>Kasmiir:<\/strong> Luksuslik ja uskumatult pehme materjal, mis annab suurep\u00e4rase soojuse.<\/li>\n<li data-sourcepos=\"21:1-21:91\"><strong>Fliis:<\/strong> Pehme ja soe s\u00fcnteetiline materjal, mis on \u00fchtlasi kerge ja hingav.<\/li>\n<li data-sourcepos=\"22:1-22:82\"><strong>Soojuskudumid:<\/strong> M\u00f5eldud soojuse p\u00fc\u00fcdmiseks ja soojana hoidmiseks k\u00fclmades tingimustes.<\/li>\n<li data-sourcepos=\"23:1-24:0\"><strong>Puuvill:<\/strong> Kuigi puuvill ei ole nii soe kui vill v\u00f5i fliis, on see hingav ja mugav kihiline riietus.<\/li>\n<\/ul>\n<h3 data-sourcepos=\"25:1-25:34\"><strong>N\u00e4pun\u00e4iteid naiste talviste toppide kohta:<\/strong><\/h3>\n<ul data-sourcepos=\"27:1-30:0\">\n<li data-sourcepos=\"27:1-27:222\"><strong>M\u00f5elge kliimale:<\/strong> Kui elad v\u00e4ga k\u00fclmas kliimas, sea esikohale soojus ja vali sellised materjalid nagu vill v\u00f5i fliis. Kui elate leebemas kliimas, v\u00f5ite valida kergemaid materjale, nagu puuvill v\u00f5i \u00f5hukesem trikoo.<\/li>\n<li data-sourcepos=\"28:1-28:107\"><strong>M\u00f5elge kihilisusele:<\/strong> Valige topsid, mida saab h\u00f5lpsasti teiste r\u00f5ivaste alla panna, et lisada soojust.<\/li>\n<li data-sourcepos=\"29:1-30:0\"><strong>\u00c4rge unustage stiili:<\/strong> Talvised topsid v\u00f5ivad olla nii funktsionaalsed kui ka moodsad. Valige stiilid ja v\u00e4rvid, mis teile meeldivad ja mis t\u00e4iendavad teie garderoobi.<\/li>\n<\/ul>\n<p data-sourcepos=\"31:1-31:126\">Neid tegureid arvesse v\u00f5ttes saate leida ideaalsed naiste topsid, mis hoiavad teid kogu talvehooaja jooksul soojana ja stiilsena.<\/p>","protected":false},"excerpt":{"rendered":"<table style=\"height: 515px;\" width=\"480\">\n<tbody>\n<tr>\n<td width=\"146\"><strong><b>Toode<\/b><\/strong>\u00a0<strong><b>Nimi:<\/b><\/strong><\/td>\n<td width=\"601\"><strong>Naiste tops talveks<\/strong><\/td>\n<\/tr>\n<tr>\n<td width=\"146\"><strong><b>Materlal:<\/b><\/strong><\/td>\n<td width=\"601\">Kudumine<\/td>\n<\/tr>\n<tr>\n<td width=\"146\"><strong><b>Tehnika:<\/b><\/strong><\/td>\n<td width=\"601\">Tikitud<\/td>\n<\/tr>\n<tr>\n<td width=\"146\"><strong><b>Stiil:<\/b><\/strong><\/td>\n<td width=\"601\">Casual<\/td>\n<\/tr>\n<tr>\n<td width=\"146\"><strong><b>V\u00e4rv<\/b><\/strong><strong><b>:<\/b><\/strong><\/td>\n<td width=\"601\">\u00a0Kohandatud v\u00e4rvid<\/td>\n<\/tr>\n<tr>\n<td width=\"146\"><strong><b>Suurus:<\/b><\/strong><\/td>\n<td width=\"601\">S \/M \/L \/XL \/2XL<\/td>\n<\/tr>\n<tr>\n<td width=\"146\"><strong><b>OEM\/ODM:<\/b><\/strong><\/td>\n<td width=\"601\">Aktsepteeritav<\/td>\n<\/tr>\n<tr>\n<td width=\"146\"><strong><b>Kvaliteet:<\/b><\/strong><\/td>\n<td width=\"601\">100% k\u00f5rge kvaliteet<\/td>\n<\/tr>\n<tr>\n<td width=\"146\"><strong><b>M<\/b><\/strong><strong><b>OQ:<\/b><\/strong><\/td>\n<td width=\"601\">200 tk<\/td>\n<\/tr>\n<\/tbody>\n<\/table>","protected":false},"featured_media":2088,"template":"","meta":[],"product_brand":[],"product_cat":[39],"product_tag":[],"class_list":{"0":"post-2003","1":"product","2":"type-product","3":"status-publish","4":"has-post-thumbnail","6":"product_cat-womens-clothing","8":"first","9":"instock","10":"shipping-taxable","11":"product-type-simple"},"_links":{"self":[{"href":"https:\/\/mj-clothing.com\/et\/wp-json\/wp\/v2\/product\/2003","targetHints":{"allow":["GET"]}}],"collection":[{"href":"https:\/\/mj-clothing.com\/et\/wp-json\/wp\/v2\/product"}],"about":[{"href":"https:\/\/mj-clothing.com\/et\/wp-json\/wp\/v2\/types\/product"}],"wp:featuredmedia":[{"embeddable":true,"href":"https:\/\/mj-clothing.com\/et\/wp-json\/wp\/v2\/media\/2088"}],"wp:attachment":[{"href":"https:\/\/mj-clothing.com\/et\/wp-json\/wp\/v2\/media?parent=2003"}],"wp:term":[{"taxonomy":"product_brand","embeddable":true,"href":"https:\/\/mj-clothing.com\/et\/wp-json\/wp\/v2\/product_brand?post=2003"},{"taxonomy":"product_cat","embeddable":true,"href":"https:\/\/mj-clothing.com\/et\/wp-json\/wp\/v2\/product_cat?post=2003"},{"taxonomy":"product_tag","embeddable":true,"href":"https:\/\/mj-clothing.com\/et\/wp-json\/wp\/v2\/product_tag?post=2003"}],"curies":[{"name":"wp","href":"https:\/\/api.w.org\/{rel}","templated":true}]}}