{"id":2005,"date":"2024-12-17T08:27:39","date_gmt":"2024-12-17T08:27:39","guid":{"rendered":"https:\/\/mj-clothing.com\/?post_type=product&#038;p=2005"},"modified":"2024-12-18T06:08:53","modified_gmt":"2024-12-18T06:08:53","slug":"glorya-long-sleeve-hooded-top-womens","status":"publish","type":"product","link":"https:\/\/mj-clothing.com\/et\/manufacturer\/glorya-long-sleeve-hooded-top-womens\/","title":{"rendered":"Glorya pikkade varrukatega kapuutsiga top-naistele"},"content":{"rendered":"<div id=\"model-response-message-contentr_2042c454bde921df\" class=\"markdown markdown-main-panel response-optimization\" dir=\"ltr\">\n<p data-sourcepos=\"1:1-1:220\">K\u00f5lab nii, et olete huvitatud Patagonia pikajuukselisest Glorya pikajuukselisest kapuutsiga topsist - naiste. Tegemist on Patagonia populaarse esemega, mis on tuntud oma mugavuse ja mitmek\u00fclgsuse poolest. Siin on \u00fclevaade sellest, mis teeb selle eriliseks:<\/p>\n<h3 data-sourcepos=\"3:1-3:17\"><strong>Peamised omadused Glorya Pikkade varrukatega kapuutsiga top-naised:<\/strong><\/h3>\n<ul data-sourcepos=\"5:1-12:0\">\n<li data-sourcepos=\"5:1-5:186\"><strong>Kerge ja mugav:<\/strong> <span class=\"citation-0 recitation citation-end-0\">See kapuuts on valmistatud taaskasutatud pol\u00fcestri, TENCEL\u2122 lyocelli ja elastaani pehmest segust, mis tagab mugavuse ja liikumisvabaduse.<\/span>\n<div class=\"container ng-tns-c2960411664-80 hide\">\n<div class=\"carousel-container ng-tns-c2960411664-80\"><\/div>\n<\/div>\n<\/li>\n<li data-sourcepos=\"6:1-6:176\"><strong>Niiskustjuhtiv ja kiiresti kuivav:<\/strong> <span class=\"citation-1 recitation citation-end-1\">Kangas juhib suurep\u00e4raselt niiskust ja kuivab kiiresti, mist\u00f5ttu sobib see nii aktiivseks kui ka igap\u00e4evaseks kasutamiseks.<\/span><span class=\"button-container hide-from-message-actions ng-star-inserted\">\u00a0 \u00a0<\/span>\n<div class=\"container ng-tns-c2960411664-81 hide\">\n<div class=\"carousel-container ng-tns-c2960411664-81\"><\/div>\n<\/div>\n<\/li>\n<li data-sourcepos=\"7:1-7:106\"><strong>Relaxed Fit:<\/strong> <span class=\"citation-2 recitation citation-end-2\">Glorya Hoody on l\u00f5dvestunud istuvusega, mis v\u00f5imaldab mugavat mitmekihilist kandmist.<\/span><span class=\"button-container hide-from-message-actions ng-star-inserted\">\u00a0<\/span>\n<div class=\"container ng-tns-c2960411664-82 hide\">\n<div class=\"carousel-container ng-tns-c2960411664-82\"><\/div>\n<\/div>\n<\/li>\n<li data-sourcepos=\"8:1-8:121\"><strong>Reguleeritav kapuuts:<\/strong> <span class=\"citation-3 recitation citation-end-3\">Kapuutsil on t\u00f5mblukk, mis v\u00f5imaldab seda optimaalse katvuse ja soojuse saavutamiseks reguleerida.<\/span><span class=\"button-container hide-from-message-actions ng-star-inserted\">\u00a0<\/span>\n<div class=\"container ng-tns-c2960411664-83 hide\">\n<div class=\"carousel-container ng-tns-c2960411664-83\"><\/div>\n<\/div>\n<\/li>\n<li data-sourcepos=\"9:1-9:157\"><strong>Mitmek\u00fclgne:<\/strong> <span class=\"citation-4 recitation citation-end-4\">Seda saab kanda eraldi v\u00f5i teiste toppide peal, mist\u00f5ttu on see suurep\u00e4rane valik erinevate tegevuste ja ilmastikuolude jaoks.<\/span><span class=\"button-container hide-from-message-actions ng-star-inserted\"> \u00a0<\/span>\n<div class=\"container ng-tns-c2960411664-84 hide\">\n<div class=\"carousel-container ng-tns-c2960411664-84\"><\/div>\n<\/div>\n<\/li>\n<li data-sourcepos=\"10:1-10:148\"><strong><span class=\"citation-5 recitation\">J\u00e4tkusuutlikud materjalid:<\/span><\/strong><span class=\"citation-5 recitation citation-end-5\"> See kapuuts on valmistatud taaskasutatud pol\u00fcestrist ja TENCEL\u2122 lyocellist, mis teeb selle kapuutsi keskkonnateadlikumaks valikuks.<\/span><span class=\"button-container hide-from-message-actions ng-star-inserted\"> \u00a0<\/span>\n<div class=\"container ng-tns-c2960411664-85 hide\">\n<div class=\"carousel-container ng-tns-c2960411664-85\"><\/div>\n<\/div>\n<\/li>\n<li data-sourcepos=\"11:1-12:0\"><strong><span class=\"citation-6 recitation\">Fair Trade Certified\u2122 \u00f5mmeldud:<\/span><\/strong><span class=\"citation-6 recitation citation-end-6\"> See t\u00e4hendab, et inimesed, kes r\u00f5iva valmistasid, teenisid oma t\u00f6\u00f6 eest lisatasu.<\/span><span class=\"button-container hide-from-message-actions ng-star-inserted\">\u00a0<\/span>\n<div class=\"container ng-tns-c2960411664-86 hide\">\n<div class=\"carousel-container ng-tns-c2960411664-86\"><\/div>\n<\/div>\n<\/li>\n<\/ul>\n<h3 data-sourcepos=\"13:1-13:30\"><strong>Miks see on populaarne valik Glorya pikkade varrukatega kapuutsiga top-naiste:<\/strong><\/h3>\n<ul data-sourcepos=\"15:1-19:0\">\n<li data-sourcepos=\"15:1-15:151\"><strong>Liikumismugavus:<\/strong> <span class=\"citation-7 recitation citation-end-7\">T\u00e4nu kergele ja venivale kangale sobib see ideaalselt sellisteks tegevusteks nagu matkamine, jooga v\u00f5i lihtsalt asjade ajamine.<\/span><span class=\"button-container hide-from-message-actions ng-star-inserted\">\u00a0<\/span>\n<div class=\"container ng-tns-c2960411664-87 hide\">\n<div class=\"carousel-container ng-tns-c2960411664-87\"><\/div>\n<\/div>\n<\/li>\n<li data-sourcepos=\"16:1-16:101\"><strong>Igap\u00e4evane kandmine:<\/strong> Selle juhuslik stiil ja mugav istuvus teevad sellest suurep\u00e4rase valiku igap\u00e4evaseks kandmiseks.<\/li>\n<li data-sourcepos=\"17:1-17:91\"><strong>Kihiline t\u00fckk:<\/strong> See sobib ideaalselt jahedama ilmaga jakide v\u00f5i vestide alla kandmiseks.<\/li>\n<li data-sourcepos=\"18:1-19:0\"><strong>Kvaliteet ja vastupidavus:<\/strong> Patagonia on tuntud kvaliteetsete ja vastupidavate toodete tootmise poolest.<\/li>\n<\/ul>\n<h3 data-sourcepos=\"20:1-20:21\"><strong>Kust leida Glorya pikkade varrukatega kapuutsiga top-naiste:<\/strong><\/h3>\n<p data-sourcepos=\"22:1-22:86\">Tavaliselt leiad Patagonia pikajuukselise Glorya Hooded Topi j\u00e4rgmistest jaem\u00fc\u00fcjatest:<\/p>\n<ul data-sourcepos=\"24:1-27:0\">\n<li data-sourcepos=\"24:1-24:80\"><strong>Patagonia veebisait:<\/strong> See on Patagonia toodete ametlik allikas.<\/li>\n<li data-sourcepos=\"25:1-25:114\"><strong>V\u00e4lismaa jaem\u00fc\u00fcjad:<\/strong> <span class=\"citation-8 recitation citation-end-8\">Sellised kauplused nagu REI, Backcountry ja Moosejaw pakuvad sageli Patagonia riideid.<\/span><span class=\"button-container hide-from-message-actions ng-star-inserted\">\u00a0<\/span>\n<div class=\"container ng-tns-c2960411664-88 hide\">\n<div class=\"carousel-container ng-tns-c2960411664-88\"><\/div>\n<\/div>\n<\/li>\n<li data-sourcepos=\"26:1-27:0\"><strong>Kaubamajad:<\/strong> M\u00f5ned kaubamajad v\u00f5ivad samuti viia Patagonia tooteid.<\/li>\n<\/ul>\n<p data-sourcepos=\"28:1-28:153\">Kui otsite mugavat, mitmek\u00fclgset ja j\u00e4tkusuutlikult valmistatud kapuutsiga dressipluus, tasub kindlasti kaaluda Patagonia pikajuhtlist Glorya kapuutsiga top'i.<\/p>\n<\/div>\n<div class=\"skeleton-loader-container\"><\/div>\n<div class=\"response-footer gap complete\">\n<div class=\"container ng-tns-c2960411664-79\">\n<div class=\"carousel-container ng-tns-c2960411664-79\">\n<div class=\"carousel-content ng-tns-c2960411664-79\">\n<div class=\"sources-carousel-source ng-tns-c2960411664-79 ng-star-inserted\" data-test-id=\"sources-carousel-source\">\n<div class=\"source-card-container\">\n<div class=\"source-card-content\">\n<div class=\"source-card-body\">\n<div class=\"source-card-header\">\n<div class=\"source-card-title\"><\/div>\n<\/div>\n<\/div>\n<\/div>\n<\/div>\n<\/div>\n<\/div>\n<\/div>\n<\/div>\n<\/div>","protected":false},"excerpt":{"rendered":"<table style=\"height: 661px;\" width=\"527\">\n<tbody>\n<tr>\n<td width=\"146\"><strong><b>Toode<\/b><\/strong>\u00a0<strong><b>Nimi:<\/b><\/strong><\/td>\n<td width=\"601\"><strong>Glorya pikkade varrukatega kapuutsiga top-naistele<\/strong><\/td>\n<\/tr>\n<tr>\n<td width=\"146\"><strong><b>Materlal:<\/b><\/strong><\/td>\n<td width=\"601\">Kudumine<\/td>\n<\/tr>\n<tr>\n<td width=\"146\"><strong><b>Tehnika:<\/b><\/strong><\/td>\n<td width=\"601\">Tikitud<\/td>\n<\/tr>\n<tr>\n<td width=\"146\"><strong><b>Stiil:<\/b><\/strong><\/td>\n<td width=\"601\">Casual<\/td>\n<\/tr>\n<tr>\n<td width=\"146\"><strong><b>V\u00e4rv<\/b><\/strong><strong><b>:<\/b><\/strong><\/td>\n<td width=\"601\">\u00a0Kohandatud v\u00e4rvid<\/td>\n<\/tr>\n<tr>\n<td width=\"146\"><strong><b>Suurus:<\/b><\/strong><\/td>\n<td width=\"601\">S \/M \/L \/XL \/2XL<\/td>\n<\/tr>\n<tr>\n<td width=\"146\"><strong><b>OEM\/ODM:<\/b><\/strong><\/td>\n<td width=\"601\">Aktsepteeritav<\/td>\n<\/tr>\n<tr>\n<td width=\"146\"><strong><b>Kvaliteet:<\/b><\/strong><\/td>\n<td width=\"601\">100% k\u00f5rge kvaliteet<\/td>\n<\/tr>\n<tr>\n<td width=\"146\"><strong><b>M<\/b><\/strong><strong><b>OQ:<\/b><\/strong><\/td>\n<td width=\"601\">200 tk<\/td>\n<\/tr>\n<\/tbody>\n<\/table>","protected":false},"featured_media":2006,"template":"","meta":[],"product_brand":[],"product_cat":[39],"product_tag":[],"class_list":{"0":"post-2005","1":"product","2":"type-product","3":"status-publish","4":"has-post-thumbnail","6":"product_cat-womens-clothing","8":"first","9":"instock","10":"shipping-taxable","11":"product-type-simple"},"_links":{"self":[{"href":"https:\/\/mj-clothing.com\/et\/wp-json\/wp\/v2\/product\/2005","targetHints":{"allow":["GET"]}}],"collection":[{"href":"https:\/\/mj-clothing.com\/et\/wp-json\/wp\/v2\/product"}],"about":[{"href":"https:\/\/mj-clothing.com\/et\/wp-json\/wp\/v2\/types\/product"}],"wp:featuredmedia":[{"embeddable":true,"href":"https:\/\/mj-clothing.com\/et\/wp-json\/wp\/v2\/media\/2006"}],"wp:attachment":[{"href":"https:\/\/mj-clothing.com\/et\/wp-json\/wp\/v2\/media?parent=2005"}],"wp:term":[{"taxonomy":"product_brand","embeddable":true,"href":"https:\/\/mj-clothing.com\/et\/wp-json\/wp\/v2\/product_brand?post=2005"},{"taxonomy":"product_cat","embeddable":true,"href":"https:\/\/mj-clothing.com\/et\/wp-json\/wp\/v2\/product_cat?post=2005"},{"taxonomy":"product_tag","embeddable":true,"href":"https:\/\/mj-clothing.com\/et\/wp-json\/wp\/v2\/product_tag?post=2005"}],"curies":[{"name":"wp","href":"https:\/\/api.w.org\/{rel}","templated":true}]}}