{"id":2008,"date":"2024-12-17T08:49:20","date_gmt":"2024-12-17T08:49:20","guid":{"rendered":"https:\/\/mj-clothing.com\/?post_type=product&#038;p=2008"},"modified":"2024-12-17T08:56:51","modified_gmt":"2024-12-17T08:56:51","slug":"womens-cashmere-long-coat","status":"publish","type":"product","link":"https:\/\/mj-clothing.com\/et\/manufacturer\/womens-cashmere-long-coat\/","title":{"rendered":"Naiste ka\u0161miirist pikk mantel"},"content":{"rendered":"<div id=\"model-response-message-contentr_21586b4a0aa106d5\" class=\"markdown markdown-main-panel response-optimization\" dir=\"ltr\">\n<p data-sourcepos=\"1:1-1:191\">Naiste ka\u0161miirist pikk mantel on luksuse, soojuse ja ajatu stiili kehastus. See on m\u00e4rkimisv\u00e4\u00e4rne investeering, mis v\u00f5ib t\u00f5sta iga talvise garderoobi kvaliteeti. Siin on, mis teeb need nii eriliseks:<\/p>\n<h3 data-sourcepos=\"3:1-3:17\"><strong>Miks naiste ka\u0161miirist pikk mantel?<\/strong><\/h3>\n<ul data-sourcepos=\"5:1-9:0\">\n<li data-sourcepos=\"5:1-5:146\"><strong><span class=\"citation-0 recitation\">V\u00f5rratu pehmus:<\/span><\/strong><span class=\"citation-0 recitation citation-end-0\"> Kasmiirikiud on uskumatult peened, mist\u00f5ttu on see nahal \u00fclimalt pehme ja sile.<\/span><span class=\"button-container hide-from-message-actions ng-star-inserted\"> \u00a0<\/span>\n<div class=\"container ng-tns-c2960411664-95 hide\">\n<div class=\"carousel-container ng-tns-c2960411664-95\"><\/div>\n<\/div>\n<\/li>\n<li data-sourcepos=\"6:1-6:147\"><strong><span class=\"citation-1 recitation\">Erakordne soojus:<\/span><\/strong><span class=\"citation-1 recitation citation-end-1\"> Vaatamata oma kergusele pakub ka\u0161miir suurep\u00e4rase isolatsiooni, hoides teid soojana, ilma et see oleks ebamugav.<\/span><span class=\"button-container hide-from-message-actions ng-star-inserted\">\u00a0<\/span>\n<div class=\"container ng-tns-c2960411664-96 hide\">\n<div class=\"carousel-container ng-tns-c2960411664-96\"><\/div>\n<\/div>\n<\/li>\n<li data-sourcepos=\"7:1-7:152\"><strong>Kerge ja mugav:<\/strong> <span class=\"citation-2 recitation citation-end-2\">Kasmiirist r\u00f5ivad on tuntud oma kerguse poolest, mist\u00f5ttu on neid mugav kanda pikema aja jooksul.<\/span><span class=\"button-container hide-from-message-actions ng-star-inserted\">\u00a0 \u00a0<\/span>\n<div class=\"container ng-tns-c2960411664-97 hide\">\n<div class=\"carousel-container ng-tns-c2960411664-97\"><\/div>\n<\/div>\n<\/li>\n<li data-sourcepos=\"8:1-9:0\"><strong><span class=\"citation-3 recitation\">Vastupidavus:<\/span><\/strong><span class=\"citation-3 recitation citation-end-3\"> Korraliku hoolduse korral v\u00f5ib kvaliteetne ka\u0161miirkate kesta mitu aastat, mist\u00f5ttu on see v\u00e4\u00e4rt investeering.<\/span><span class=\"button-container hide-from-message-actions ng-star-inserted\">\u00a0 \u00a0<\/span>\n<div class=\"container ng-tns-c2960411664-98 hide\">\n<div class=\"carousel-container ng-tns-c2960411664-98\"><\/div>\n<\/div>\n<\/li>\n<\/ul>\n<h3 data-sourcepos=\"10:1-10:41\"><strong>Naiste ka\u0161miirist pika mantli peamised omadused:<\/strong><\/h3>\n<ul data-sourcepos=\"12:1-22:0\">\n<li data-sourcepos=\"12:1-12:85\"><strong>Pikkus:<\/strong> Tavaliselt langeb alla p\u00f5lve, pakkudes maksimaalset katvust ja soojust.<\/li>\n<li data-sourcepos=\"13:1-16:93\"><strong>Klassikalised stiilid:<\/strong> Tihtipeale pakub ajatuid siluette nagu:\n<ul data-sourcepos=\"14:5-16:93\">\n<li data-sourcepos=\"14:5-14:88\"><strong>\u00dche rinnaga:<\/strong> Klassikaline ja mitmek\u00fclgne stiil, millel on \u00fcks rida nuppe.<\/li>\n<li data-sourcepos=\"15:5-15:87\"><strong>Kahe rinnaga:<\/strong> <span class=\"citation-4 recitation citation-end-4\">Ametlikum stiil, millel on kaks rida nuppe.<\/span><span class=\"button-container hide-from-message-actions ng-star-inserted\">\u00a0 \u00a0<\/span>\n<div class=\"container ng-tns-c2960411664-99 hide\">\n<div class=\"carousel-container ng-tns-c2960411664-99\"><\/div>\n<\/div>\n<\/li>\n<li data-sourcepos=\"16:5-16:93\"><strong><span class=\"citation-5 recitation\">Mantel:<\/span><\/strong><span class=\"citation-5 recitation citation-end-5\"> L\u00f5dvestunud ja elegantne stiil, mida saab siduda v\u00f6\u00f6ga.<\/span><span class=\"button-container hide-from-message-actions ng-star-inserted\"> \u00a0<\/span>\n<div class=\"container ng-tns-c2960411664-100 hide\">\n<div class=\"carousel-container ng-tns-c2960411664-100\">\n<div class=\"carousel-content ng-tns-c2960411664-100\">\n<div class=\"sources-carousel-source ng-tns-c2960411664-100 hide ng-star-inserted\" data-test-id=\"sources-carousel-source\"><\/div>\n<\/div>\n<\/div>\n<\/div>\n<\/li>\n<\/ul>\n<\/li>\n<li data-sourcepos=\"17:1-20:67\"><strong>Kaeluse valikud:<\/strong> V\u00f5ib olla erinevaid krae stiile, n\u00e4iteks:\n<ul data-sourcepos=\"18:5-20:67\">\n<li data-sourcepos=\"18:5-18:69\"><strong><span class=\"citation-6 recitation\">L\u00f5ikega v\u00f6\u00f6rihm:<\/span><\/strong><span class=\"citation-6 recitation citation-end-6\"> Klassikaline ja mitmek\u00fclgne krae.<\/span><span class=\"button-container hide-from-message-actions ng-star-inserted\">\u00a0<\/span>\n<div class=\"container ng-tns-c2960411664-101 hide\">\n<div class=\"carousel-container ng-tns-c2960411664-101\"><\/div>\n<\/div>\n<\/li>\n<li data-sourcepos=\"19:5-19:57\"><strong>R\u00e4tikukaelus:<\/strong> L\u00f5dusam ja hubasem krae.<\/li>\n<li data-sourcepos=\"20:5-20:67\"><strong>Seisev krae:<\/strong> Annab lisasoojust kaela \u00fcmber.<\/li>\n<\/ul>\n<\/li>\n<li data-sourcepos=\"21:1-22:0\"><strong>Minimaalne detailsus:<\/strong> Tihti on selged jooned ja minimaalsed detailid, mis toovad esile luksusliku kanga.<\/li>\n<\/ul>\n<h3 data-sourcepos=\"23:1-23:56\"><strong>Asjad, mida arvestada naiste ka\u0161miirist pika mantli ostmisel:<\/strong><\/h3>\n<ul data-sourcepos=\"25:1-30:0\">\n<li data-sourcepos=\"25:1-25:129\"><strong>Kasmiiri kvaliteet:<\/strong> Otsige mantleid, mis on valmistatud 100% ka\u0161miirist v\u00f5i suure osakaaluga ka\u0161miirist, mis on segatud muude peente kiududega.<\/li>\n<li data-sourcepos=\"26:1-26:134\"><strong>Kaal:<\/strong> Ka\u0161miiri kaal m\u00f5jutab selle soojust ja riietust. Raskem ka\u0161miir on \u00fcldiselt soojem, kuid v\u00f5ib olla ka mahukam.<\/li>\n<li data-sourcepos=\"27:1-27:89\"><strong>Ehitus:<\/strong> Kontrollige \u00f5mbluste ja voodri kvaliteeti, et tagada vastupidavus.<\/li>\n<li data-sourcepos=\"28:1-28:99\"><strong>Sobib:<\/strong> Valige mantel, mis istub h\u00e4sti \u00fcle \u00f5lgade ja v\u00f5imaldab mugavat kihistamist.<\/li>\n<li data-sourcepos=\"29:1-30:0\"><strong>Hind:<\/strong> <span class=\"citation-7 recitation citation-end-7\">Ka\u0161miirmantlid on investeering, seega olge valmis kulutama m\u00e4rkimisv\u00e4\u00e4rse summa.<\/span> Korraliku hoolduse korral kestab see siiski aastaid.<span class=\"button-container hide-from-message-actions ng-star-inserted\">\u00a0<\/span>\n<div class=\"container ng-tns-c2960411664-102 hide\">\n<div class=\"carousel-container ng-tns-c2960411664-102\"><\/div>\n<\/div>\n<\/li>\n<\/ul>\n<h3 data-sourcepos=\"31:1-31:46\"><strong>Kust leida naiste ka\u0161miirist pikki mantleid:<\/strong><\/h3>\n<ul data-sourcepos=\"33:1-37:0\">\n<li data-sourcepos=\"33:1-33:80\"><strong>K\u00f5rgklassi kaubamajad:<\/strong> Nordstrom, Saks Fifth Avenue, Bloomingdale's<\/li>\n<li data-sourcepos=\"34:1-34:52\"><strong>Luksusbr\u00e4ndid:<\/strong> Max Mara, Loro Piana, The Row<\/li>\n<li data-sourcepos=\"35:1-35:80\"><strong>Spetsiaalsed ka\u0161miiri jaem\u00fc\u00fcjad:<\/strong> <span class=\"citation-8 recitation citation-end-8\">GOBI Cashmere, Sofia Cashmere<\/span><span class=\"button-container hide-from-message-actions ng-star-inserted\">\u00a0 \u00a0<\/span>\n<div class=\"container ng-tns-c2960411664-103 hide\">\n<div class=\"carousel-container ng-tns-c2960411664-103\"><\/div>\n<\/div>\n<\/li>\n<li data-sourcepos=\"36:1-37:0\"><strong>Online jaem\u00fc\u00fcjad:<\/strong> Farfetch, Net-a-Porter, Mytheresa<\/li>\n<\/ul>\n<p data-sourcepos=\"38:1-38:122\">Naiste ka\u0161miirist pikk mantel on luksuslik ja ajatu investeering, mis hoiab teid soojana ja stiilsena aastaid.<\/p>\n<\/div>\n<div class=\"response-footer gap complete\">\n<div class=\"container ng-tns-c2960411664-94\">\n<div class=\"carousel-container ng-tns-c2960411664-94\">\n<div class=\"carousel-content ng-tns-c2960411664-94\">\n<div class=\"sources-carousel-source ng-tns-c2960411664-94 ng-star-inserted\" data-test-id=\"sources-carousel-source\">\n<div class=\"source-card-container\">\n<div class=\"source-card-content\">\n<div class=\"source-card-body\">\n<div class=\"source-card-header\">\n<div class=\"source-card-title\"><\/div>\n<\/div>\n<\/div>\n<\/div>\n<\/div>\n<\/div>\n<\/div>\n<\/div>\n<\/div>\n<\/div>","protected":false},"excerpt":{"rendered":"<table style=\"height: 596px;\" width=\"487\">\n<tbody>\n<tr>\n<td width=\"146\"><strong><b>Toode<\/b><\/strong>\u00a0<strong><b>Nimi:<\/b><\/strong><\/td>\n<td width=\"601\"><strong>Naiste ka\u0161miirist pikk mantel<\/strong><\/td>\n<\/tr>\n<tr>\n<td width=\"146\"><strong><b>Materlal:<\/b><\/strong><\/td>\n<td width=\"601\">Kudumine<\/td>\n<\/tr>\n<tr>\n<td width=\"146\"><strong><b>Tehnika:<\/b><\/strong><\/td>\n<td width=\"601\">Tikitud<\/td>\n<\/tr>\n<tr>\n<td width=\"146\"><strong><b>Stiil:<\/b><\/strong><\/td>\n<td width=\"601\">Casual<\/td>\n<\/tr>\n<tr>\n<td width=\"146\"><strong><b>V\u00e4rv<\/b><\/strong><strong><b>:<\/b><\/strong><\/td>\n<td width=\"601\">\u00a0Kohandatud v\u00e4rvid<\/td>\n<\/tr>\n<tr>\n<td width=\"146\"><strong><b>Suurus:<\/b><\/strong><\/td>\n<td width=\"601\">S \/M \/L \/XL \/2XL<\/td>\n<\/tr>\n<tr>\n<td width=\"146\"><strong><b>OEM\/ODM:<\/b><\/strong><\/td>\n<td width=\"601\">Aktsepteeritav<\/td>\n<\/tr>\n<tr>\n<td width=\"146\"><strong><b>Kvaliteet:<\/b><\/strong><\/td>\n<td width=\"601\">100% k\u00f5rge kvaliteet<\/td>\n<\/tr>\n<tr>\n<td width=\"146\"><strong><b>M<\/b><\/strong><strong><b>OQ:<\/b><\/strong><\/td>\n<td width=\"601\">200 tk<\/td>\n<\/tr>\n<\/tbody>\n<\/table>","protected":false},"featured_media":2009,"template":"","meta":[],"product_brand":[],"product_cat":[39],"product_tag":[],"class_list":{"0":"post-2008","1":"product","2":"type-product","3":"status-publish","4":"has-post-thumbnail","6":"product_cat-womens-clothing","8":"first","9":"instock","10":"shipping-taxable","11":"product-type-simple"},"_links":{"self":[{"href":"https:\/\/mj-clothing.com\/et\/wp-json\/wp\/v2\/product\/2008","targetHints":{"allow":["GET"]}}],"collection":[{"href":"https:\/\/mj-clothing.com\/et\/wp-json\/wp\/v2\/product"}],"about":[{"href":"https:\/\/mj-clothing.com\/et\/wp-json\/wp\/v2\/types\/product"}],"wp:featuredmedia":[{"embeddable":true,"href":"https:\/\/mj-clothing.com\/et\/wp-json\/wp\/v2\/media\/2009"}],"wp:attachment":[{"href":"https:\/\/mj-clothing.com\/et\/wp-json\/wp\/v2\/media?parent=2008"}],"wp:term":[{"taxonomy":"product_brand","embeddable":true,"href":"https:\/\/mj-clothing.com\/et\/wp-json\/wp\/v2\/product_brand?post=2008"},{"taxonomy":"product_cat","embeddable":true,"href":"https:\/\/mj-clothing.com\/et\/wp-json\/wp\/v2\/product_cat?post=2008"},{"taxonomy":"product_tag","embeddable":true,"href":"https:\/\/mj-clothing.com\/et\/wp-json\/wp\/v2\/product_tag?post=2008"}],"curies":[{"name":"wp","href":"https:\/\/api.w.org\/{rel}","templated":true}]}}