{"id":2010,"date":"2024-12-17T08:55:56","date_gmt":"2024-12-17T08:55:56","guid":{"rendered":"https:\/\/mj-clothing.com\/?post_type=product&#038;p=2010"},"modified":"2024-12-17T08:55:56","modified_gmt":"2024-12-17T08:55:56","slug":"black-long-wool-coat-womens","status":"publish","type":"product","link":"https:\/\/mj-clothing.com\/et\/manufacturer\/black-long-wool-coat-womens\/","title":{"rendered":"Must pikk villane naiste mantel"},"content":{"rendered":"<p data-sourcepos=\"1:1-1:191\">Must pikk villane naiste mantel on t\u00f5eline garderoobi h\u00e4davajalik iga naise jaoks. See on klassikaline t\u00fckk, milles on \u00fchendatud praktilisus, soojus ja ajatu stiil. Siin on jaotus, mis teeb need nii suurep\u00e4raseks:<\/p>\n<h3 data-sourcepos=\"3:1-3:13\"><strong>Miks must pikk villane mantel naiste villast?<\/strong><\/h3>\n<ul data-sourcepos=\"5:1-9:0\">\n<li data-sourcepos=\"5:1-5:116\"><strong><span class=\"citation-0 recitation\">Soojus:<\/span><\/strong><span class=\"citation-0 recitation citation-end-0\"> Vill on looduslik isoleerija, mis tagab suurep\u00e4rase soojuse ka v\u00e4ga k\u00fclmadel temperatuuridel.<\/span><span class=\"button-container hide-from-message-actions ng-star-inserted\"> \u00a0<\/span>\n<div class=\"container ng-tns-c2960411664-110 hide\">\n<div class=\"carousel-container ng-tns-c2960411664-110\"><\/div>\n<\/div>\n<\/li>\n<li data-sourcepos=\"6:1-6:114\"><strong><span class=\"citation-1 recitation\">Vastupidavus:<\/span><\/strong><span class=\"citation-1 recitation citation-end-1\"> Villakiud on tugevad ja vastupidavad, mist\u00f5ttu on villased mantlid vastupidavad ja kauakestvad.<\/span><span class=\"button-container hide-from-message-actions ng-star-inserted\"> \u00a0<\/span>\n<div class=\"container ng-tns-c2960411664-111 hide\">\n<div class=\"carousel-container ng-tns-c2960411664-111\"><\/div>\n<\/div>\n<\/li>\n<li data-sourcepos=\"7:1-7:130\"><strong><span class=\"citation-2 recitation\">Veekindlus:<\/span><\/strong><span class=\"citation-2 recitation citation-end-2\"> Villal on looduslikud vetth\u00fclgavad omadused, mis aitavad hoida teid kuivana kerge vihma v\u00f5i lume korral.<\/span><span class=\"button-container hide-from-message-actions ng-star-inserted\"> \u00a0<\/span>\n<div class=\"container ng-tns-c2960411664-112 hide\">\n<div class=\"carousel-container ng-tns-c2960411664-112\"><\/div>\n<\/div>\n<\/li>\n<li data-sourcepos=\"8:1-9:0\"><strong><span class=\"citation-3 recitation\">Hingavus:<\/span><\/strong><span class=\"citation-3 recitation citation-end-3\"> Vill on hingav, mis aitab reguleerida kehatemperatuuri ja v\u00e4ltida \u00fclekuumenemist.<\/span><span class=\"button-container hide-from-message-actions ng-star-inserted\">\u00a0 \u00a0<\/span>\n<div class=\"container ng-tns-c2960411664-113 hide\">\n<div class=\"carousel-container ng-tns-c2960411664-113\"><\/div>\n<\/div>\n<\/li>\n<\/ul>\n<h3 data-sourcepos=\"10:1-10:43\"><strong>Musta pika villase naiste mantli p\u00f5hiomadused:<\/strong><\/h3>\n<ul data-sourcepos=\"12:1-23:0\">\n<li data-sourcepos=\"12:1-12:137\"><strong>Pikkus:<\/strong> Tavaliselt langeb alla p\u00f5lve, pakkudes maksimaalset katvust ja soojust. See pikkus on ka v\u00e4ga meelitav ja pikendav.<\/li>\n<li data-sourcepos=\"13:1-13:125\"><strong>V\u00e4rv:<\/strong> Must on uskumatult mitmek\u00fclgne ja sobib k\u00f5igega. See on klassikaline valik, mis ei l\u00e4he kunagi moest v\u00e4lja.<\/li>\n<li data-sourcepos=\"14:1-18:62\"><strong>Klassikalised stiilid:<\/strong> Levinud stiilid on j\u00e4rgmised:\n<ul data-sourcepos=\"15:5-18:62\">\n<li data-sourcepos=\"15:5-15:89\"><strong>\u00dche rinnaga:<\/strong> Ajatu ja mitmek\u00fclgne stiil, millel on \u00fcks rida nuppe.<\/li>\n<li data-sourcepos=\"16:5-16:102\"><strong>Kahe rinnaga:<\/strong> <span class=\"citation-4 recitation citation-end-4\">Ametlikum ja struktureeritum stiil, millel on kaks rida nuppe.<\/span><span class=\"button-container hide-from-message-actions ng-star-inserted\">\u00a0<\/span>\n<div class=\"container ng-tns-c2960411664-114 hide\">\n<div class=\"carousel-container ng-tns-c2960411664-114\"><\/div>\n<\/div>\n<\/li>\n<li data-sourcepos=\"17:5-17:93\"><strong><span class=\"citation-5 recitation\">Mantel:<\/span><\/strong><span class=\"citation-5 recitation citation-end-5\"> L\u00f5dvestunud ja elegantne stiil, mida saab siduda v\u00f6\u00f6ga.<\/span><span class=\"button-container hide-from-message-actions ng-star-inserted\"> \u00a0<\/span>\n<div class=\"container ng-tns-c2960411664-115 hide\">\n<div class=\"carousel-container ng-tns-c2960411664-115\"><\/div>\n<\/div>\n<\/li>\n<li data-sourcepos=\"18:5-18:62\"><strong>Chesterfield:<\/strong> Sametkraega ametlik stiil.<\/li>\n<\/ul>\n<\/li>\n<li data-sourcepos=\"19:1-23:0\"><strong>Kaeluse valikud:<\/strong>\n<ul data-sourcepos=\"20:5-23:0\">\n<li data-sourcepos=\"20:5-20:69\"><strong><span class=\"citation-6 recitation\">L\u00f5ikega v\u00f6\u00f6rihm:<\/span><\/strong><span class=\"citation-6 recitation citation-end-6\"> Klassikaline ja mitmek\u00fclgne krae.<\/span><span class=\"button-container hide-from-message-actions ng-star-inserted\"> \u00a0<\/span>\n<div class=\"container ng-tns-c2960411664-116 hide\">\n<div class=\"carousel-container ng-tns-c2960411664-116\"><\/div>\n<\/div>\n<\/li>\n<li data-sourcepos=\"21:5-21:71\"><strong><span class=\"citation-7 recitation\">Tipptasemel v\u00f6\u00f6rihm:<\/span><\/strong><span class=\"citation-7 recitation citation-end-7\"> Ametlikum ja dramaatilisem krae.<\/span><span class=\"button-container hide-from-message-actions ng-star-inserted\"> \u00a0<\/span>\n<div class=\"container ng-tns-c2960411664-117 hide\">\n<div class=\"carousel-container ng-tns-c2960411664-117\"><\/div>\n<\/div>\n<\/li>\n<li data-sourcepos=\"22:5-23:0\"><strong>Seisev krae:<\/strong> Annab lisasoojust kaela \u00fcmber.<\/li>\n<\/ul>\n<\/li>\n<\/ul>\n<h3 data-sourcepos=\"24:1-24:58\"><strong>Asjad, mida arvestada, kui ostad musta pika villase mantli naiste:<\/strong><\/h3>\n<ul data-sourcepos=\"26:1-31:0\">\n<li data-sourcepos=\"26:1-26:101\"><strong>Villakvaliteet:<\/strong> Otsige mantleid, mis on valmistatud kvaliteetsest villast, n\u00e4iteks meriinovillast v\u00f5i neitsivillast.<\/li>\n<li data-sourcepos=\"27:1-27:75\"><strong>Vooder:<\/strong> Hea vooder lisab mantli soojusele ja vastupidavusele.<\/li>\n<li data-sourcepos=\"28:1-28:99\"><strong>Sobib:<\/strong> Veenduge, et mantel istub h\u00e4sti \u00fcle \u00f5lgade ja v\u00f5imaldab mugavat kihistamist.<\/li>\n<li data-sourcepos=\"29:1-29:72\"><strong>\u00dcksikasjad:<\/strong> Arvestage selliste detailidega nagu taskud, n\u00f6\u00f6bid ja v\u00f6\u00f6paelad.<\/li>\n<li data-sourcepos=\"30:1-31:0\"><strong><span class=\"citation-8 recitation\">Hind:<\/span><\/strong><span class=\"citation-8 recitation citation-end-8\"> Kvaliteetne villane mantel on investeering, kuid see kestab mitu aastat.<\/span><span class=\"button-container hide-from-message-actions ng-star-inserted\">\u00a0 \u00a0<\/span>\n<div class=\"container ng-tns-c2960411664-118 hide\">\n<div class=\"carousel-container ng-tns-c2960411664-118\"><\/div>\n<\/div>\n<\/li>\n<\/ul>\n<h3 data-sourcepos=\"32:1-32:40\"><strong>Kuidas stiilne must pikk villane mantel Naiste:<\/strong><\/h3>\n<ul data-sourcepos=\"34:1-37:0\">\n<li data-sourcepos=\"34:1-34:85\"><strong>Casual:<\/strong> Sobita see teksade, kampsuni ja saabastega, et saada klassikaline igap\u00e4evane v\u00e4limus.<\/li>\n<li data-sourcepos=\"35:1-35:95\"><strong>Business Casual:<\/strong> Kandke seda professionaalse v\u00e4limuse saavutamiseks pluusi ja p\u00fckste v\u00f5i seeliku peal.<\/li>\n<li data-sourcepos=\"36:1-37:0\"><strong>Riietatud:<\/strong> Kandke see kleidi v\u00f5i \u00f5htukleidi kohale, et saavutada rafineeritud v\u00e4limus.<\/li>\n<\/ul>\n<p data-sourcepos=\"38:1-38:217\"><span class=\"citation-9 recitation citation-end-9\">Must pikk villane mantel on mitmek\u00fclgne ja oluline ese, mis hoiab teid soojana ja stiilsena kogu talvehooaja jooksul.<\/span> See on v\u00e4\u00e4rt investeering, mida saate kanda aastaid.<span class=\"button-container hide-from-message-actions ng-star-inserted\"> \u00a0 <\/span><\/p>","protected":false},"excerpt":{"rendered":"<table style=\"height: 647px;\" width=\"508\">\n<tbody>\n<tr>\n<td width=\"146\"><strong><b>Toode<\/b><\/strong>\u00a0<strong><b>Nimi:<\/b><\/strong><\/td>\n<td width=\"601\"><strong>Must pikk villane naiste mantel<\/strong><\/td>\n<\/tr>\n<tr>\n<td width=\"146\"><strong><b>Materlal:<\/b><\/strong><\/td>\n<td width=\"601\">Kudumine<\/td>\n<\/tr>\n<tr>\n<td width=\"146\"><strong><b>Tehnika:<\/b><\/strong><\/td>\n<td width=\"601\">Tikitud<\/td>\n<\/tr>\n<tr>\n<td width=\"146\"><strong><b>Stiil:<\/b><\/strong><\/td>\n<td width=\"601\">Casual<\/td>\n<\/tr>\n<tr>\n<td width=\"146\"><strong><b>V\u00e4rv<\/b><\/strong><strong><b>:<\/b><\/strong><\/td>\n<td width=\"601\">\u00a0Kohandatud v\u00e4rvid<\/td>\n<\/tr>\n<tr>\n<td width=\"146\"><strong><b>Suurus:<\/b><\/strong><\/td>\n<td width=\"601\">S \/M \/L \/XL \/2XL<\/td>\n<\/tr>\n<tr>\n<td width=\"146\"><strong><b>OEM\/ODM:<\/b><\/strong><\/td>\n<td width=\"601\">Aktsepteeritav<\/td>\n<\/tr>\n<tr>\n<td width=\"146\"><strong><b>Kvaliteet:<\/b><\/strong><\/td>\n<td width=\"601\">100% k\u00f5rge kvaliteet<\/td>\n<\/tr>\n<tr>\n<td width=\"146\"><strong><b>M<\/b><\/strong><strong><b>OQ:<\/b><\/strong><\/td>\n<td width=\"601\">200 tk<\/td>\n<\/tr>\n<\/tbody>\n<\/table>","protected":false},"featured_media":2011,"template":"","meta":[],"product_brand":[],"product_cat":[39],"product_tag":[],"class_list":{"0":"post-2010","1":"product","2":"type-product","3":"status-publish","4":"has-post-thumbnail","6":"product_cat-womens-clothing","8":"first","9":"instock","10":"shipping-taxable","11":"product-type-simple"},"_links":{"self":[{"href":"https:\/\/mj-clothing.com\/et\/wp-json\/wp\/v2\/product\/2010","targetHints":{"allow":["GET"]}}],"collection":[{"href":"https:\/\/mj-clothing.com\/et\/wp-json\/wp\/v2\/product"}],"about":[{"href":"https:\/\/mj-clothing.com\/et\/wp-json\/wp\/v2\/types\/product"}],"wp:featuredmedia":[{"embeddable":true,"href":"https:\/\/mj-clothing.com\/et\/wp-json\/wp\/v2\/media\/2011"}],"wp:attachment":[{"href":"https:\/\/mj-clothing.com\/et\/wp-json\/wp\/v2\/media?parent=2010"}],"wp:term":[{"taxonomy":"product_brand","embeddable":true,"href":"https:\/\/mj-clothing.com\/et\/wp-json\/wp\/v2\/product_brand?post=2010"},{"taxonomy":"product_cat","embeddable":true,"href":"https:\/\/mj-clothing.com\/et\/wp-json\/wp\/v2\/product_cat?post=2010"},{"taxonomy":"product_tag","embeddable":true,"href":"https:\/\/mj-clothing.com\/et\/wp-json\/wp\/v2\/product_tag?post=2010"}],"curies":[{"name":"wp","href":"https:\/\/api.w.org\/{rel}","templated":true}]}}