{"id":2013,"date":"2024-12-17T09:06:12","date_gmt":"2024-12-17T09:06:12","guid":{"rendered":"https:\/\/mj-clothing.com\/?post_type=product&#038;p=2013"},"modified":"2024-12-17T09:06:12","modified_gmt":"2024-12-17T09:06:12","slug":"womens-petite-long-wool-coat","status":"publish","type":"product","link":"https:\/\/mj-clothing.com\/et\/manufacturer\/womens-petite-long-wool-coat\/","title":{"rendered":"Naiste Petite pikk villane mantel"},"content":{"rendered":"<p data-sourcepos=\"1:1-1:249\">Naiste peenike pikk villane mantel on suurep\u00e4rane valik, et hoida end k\u00fclmematel kuudel soojana ja stiilselt, eriti kui teil on v\u00e4iksem raam. Oluline on leida mantel, mis sobib h\u00e4sti ja meelitab teie proportsioone. Siin on, mida silmas pidada:<\/p>\n<h3 data-sourcepos=\"3:1-3:31\"><strong>Mis teeb naiste peenikest pikka villast mantlit?<\/strong><\/h3>\n<p data-sourcepos=\"5:1-5:125\"><span class=\"citation-0 recitation citation-end-0\">Petite-r\u00f5ivad on m\u00f5eldud naistele, kes on tavaliselt kuni 1,75 m pikkused.<\/span> Peamised erinevused petite mantlite puhul on j\u00e4rgmised:<span class=\"button-container hide-from-message-actions ng-star-inserted\">\u00a0 \u00a0<\/span><\/p>\n<ul data-sourcepos=\"7:1-11:0\">\n<li data-sourcepos=\"7:1-7:105\"><strong>L\u00fchemad pikkused:<\/strong> Mantli \u00fcldpikkus on l\u00fchem, et v\u00e4ltida v\u00e4iksema raami \u00fclekoormamist.<\/li>\n<li data-sourcepos=\"8:1-8:104\"><strong>L\u00fchemad varrukad:<\/strong> Varrukad on disainitud nii, et need ulatuvad randme kohale, mist\u00f5ttu ei ole vaja teha muudatusi.<\/li>\n<li data-sourcepos=\"9:1-9:82\"><strong>K\u00f5rgemad k\u00e4eaugud:<\/strong> See hoiab \u00e4ra liigse riide kokkujooksmise k\u00e4te all.<\/li>\n<li data-sourcepos=\"10:1-11:0\"><strong><span class=\"citation-1 recitation\">Kitsamad \u00f5lad:<\/span><\/strong><span class=\"citation-1 recitation citation-end-1\"> \u00d5la\u00f5mblused on kitsamad, et need sobiksid v\u00e4iksema raami korralikult.<\/span><span class=\"button-container hide-from-message-actions ng-star-inserted\"> \u00a0<\/span>\n<div class=\"container ng-tns-c2960411664-127 hide\">\n<div class=\"carousel-container ng-tns-c2960411664-127\"><\/div>\n<\/div>\n<\/li>\n<\/ul>\n<h3 data-sourcepos=\"12:1-12:56\"><strong>Miks valida naiste peenike pikk villane mantel (isegi kui oled peenike)?<\/strong><\/h3>\n<ul data-sourcepos=\"14:1-17:0\">\n<li data-sourcepos=\"14:1-14:111\"><strong><span class=\"citation-2 recitation\">Soojus:<\/span><\/strong><span class=\"citation-2 recitation citation-end-2\"> Pikk villane mantel annab suurep\u00e4rase katvuse ja soojuse, mis sobib ideaalselt k\u00fclma ilmaga.<\/span><span class=\"button-container hide-from-message-actions ng-star-inserted\"> \u00a0<\/span>\n<div class=\"container ng-tns-c2960411664-128 hide\">\n<div class=\"carousel-container ng-tns-c2960411664-128\"><\/div>\n<\/div>\n<\/li>\n<li data-sourcepos=\"15:1-15:97\"><strong>Elegantsus:<\/strong> Pikk siluett v\u00f5ib olla v\u00e4ga elegantne ja meelitav isegi v\u00e4ikestele figuuridele.<\/li>\n<li data-sourcepos=\"16:1-17:0\"><strong>Mitmek\u00fclgsus:<\/strong> <span class=\"citation-3 recitation citation-end-3\">Klassikalist pikka villast mantlit saab nii riietada kui ka maha, mis teeb sellest mitmek\u00fclgse lisa teie garderoobi.<\/span>\n<div class=\"container ng-tns-c2960411664-129 hide\">\n<div class=\"carousel-container ng-tns-c2960411664-129\"><\/div>\n<\/div>\n<\/li>\n<\/ul>\n<h3 data-sourcepos=\"18:1-18:56\"><strong>Peamised omadused, mida otsida naiste v\u00e4ikeses pikkade villaste mantlite puhul:<\/strong><\/h3>\n<ul data-sourcepos=\"20:1-25:0\">\n<li data-sourcepos=\"20:1-20:144\"><strong>Pikkus:<\/strong> Ideaalis peaks mantel ulatuma p\u00f5lve \u00fcmber v\u00f5i veidi allapoole. V\u00e4ltige liiga pikki mantleid, sest need v\u00f5ivad teie keha \u00fcle j\u00f5u k\u00e4ia.<\/li>\n<li data-sourcepos=\"21:1-21:140\"><strong>Sobib:<\/strong> P\u00f6\u00f6rake t\u00e4helepanu \u00f5lgade ja rinnaosa sobivusele. Mantel peaks istuma mugavalt, ilma et see oleks liiga kitsas v\u00f5i liiga lahtine.<\/li>\n<li data-sourcepos=\"22:1-22:108\"><strong>Varrukad:<\/strong> Varrukad peaksid ulatuma randme kohale. Kui need on liiga pikad, v\u00f5ivad need muuta teid l\u00fchemaks.<\/li>\n<li data-sourcepos=\"23:1-23:146\"><strong>Stiil:<\/strong> Kaaluge klassikalisi mudeleid, nagu \u00fche- v\u00f5i kahe rinnan\u00f6\u00f6riga mantlid v\u00f5i mantlid. Need stiilid on v\u00e4ikestele figuuridele meelitavalt sobivad.<\/li>\n<li data-sourcepos=\"24:1-25:0\"><strong>V\u00e4rv:<\/strong> Must, merev\u00e4eline ja hall on klassikalised ja mitmek\u00fclgsed valikud. Siiski v\u00f5ite kaaluda ka teisi v\u00e4rve, mis t\u00e4iendavad teie nahatooni.<\/li>\n<\/ul>\n<h3 data-sourcepos=\"26:1-26:45\"><strong>N\u00e4pun\u00e4iteid Petite Naiste Petite pikk villane mantel:<\/strong><\/h3>\n<ul data-sourcepos=\"28:1-32:0\">\n<li data-sourcepos=\"28:1-28:124\"><strong>V\u00e4ltige \u00fclisuuri stiile:<\/strong> \u00dclisuured mantlid v\u00f5ivad v\u00e4ikestele kehadele \u00fcle j\u00f5u k\u00e4ia. Valige mantel, mis on rohkem sobitatud v\u00f5i kohandatud.<\/li>\n<li data-sourcepos=\"29:1-29:127\"><strong>P\u00f6\u00f6rake t\u00e4helepanu \u00fcksikasjadele:<\/strong> Sellised detailid nagu v\u00f6\u00f6d, n\u00f6\u00f6bid ja kraed v\u00f5ivad aidata luua meelik\u00f6itvama silueti.<\/li>\n<li data-sourcepos=\"30:1-30:117\"><strong>Kandke kontsasid v\u00f5i kontsaga saapaid:<\/strong> See v\u00f5ib aidata pikendada teie jalgu ja tasakaalustada mantli proportsioone.<\/li>\n<li data-sourcepos=\"31:1-32:0\"><strong>M\u00f5elge kangale:<\/strong> Valige kerge v\u00f5i keskmise kaaluga villane riie, et v\u00e4ltida mahukuse suurendamist.<\/li>\n<\/ul>\n<h3 data-sourcepos=\"33:1-33:41\"><strong>Kust leida naiste v\u00e4ikseid pikki villaseid mantleid:<\/strong><\/h3>\n<ul data-sourcepos=\"35:1-38:0\">\n<li data-sourcepos=\"35:1-35:124\"><strong><span class=\"citation-4 recitation\">Kaubamajad:<\/span><\/strong><span class=\"citation-4 recitation citation-end-4\"> Paljudes kaubamajades on spetsiaalsed petite osakonnad, kus on erinevaid mantlistiile.<\/span><span class=\"button-container hide-from-message-actions ng-star-inserted\"> \u00a0<\/span>\n<div class=\"container ng-tns-c2960411664-130 hide\">\n<div class=\"carousel-container ng-tns-c2960411664-130\"><\/div>\n<\/div>\n<\/li>\n<li data-sourcepos=\"36:1-36:124\"><strong>Spetsiaalsed jaem\u00fc\u00fcjad:<\/strong> <span class=\"citation-5 recitation citation-end-5\">M\u00f5ned jaem\u00fc\u00fcjad on spetsialiseerunud petite riietele ja pakuvad laiemat mantlite valikut.<\/span><span class=\"button-container hide-from-message-actions ng-star-inserted\">\u00a0 \u00a0<\/span>\n<div class=\"container ng-tns-c2960411664-131 hide\">\n<div class=\"carousel-container ng-tns-c2960411664-131\"><\/div>\n<\/div>\n<\/li>\n<li data-sourcepos=\"37:1-38:0\"><strong><span class=\"citation-6 recitation\">Online jaem\u00fc\u00fcjad:<\/span><\/strong><span class=\"citation-6 recitation citation-end-6\"> Veebim\u00fc\u00fcjad pakuvad suurt valikut eri stiilide ja hinnaklasside petite mantleid.<\/span><span class=\"button-container hide-from-message-actions ng-star-inserted\">\u00a0<\/span>\n<div class=\"container ng-tns-c2960411664-132 hide\">\n<div class=\"carousel-container ng-tns-c2960411664-132\"><\/div>\n<\/div>\n<\/li>\n<\/ul>\n<p data-sourcepos=\"39:1-39:150\">Neid n\u00e4pun\u00e4iteid silmas pidades v\u00f5id leida t\u00e4iusliku v\u00e4ikse pikkusega villase mantli, mis hoiab sind soojas, stiilses ja enesekindlas vormis kogu talve.<\/p>","protected":false},"excerpt":{"rendered":"<table style=\"height: 521px;\" width=\"496\">\n<tbody>\n<tr>\n<td width=\"146\"><strong><b>Toode<\/b><\/strong>\u00a0<strong><b>Nimi:<\/b><\/strong><\/td>\n<td width=\"601\"><strong>Naiste Petite pikk villane mantel<\/strong><\/td>\n<\/tr>\n<tr>\n<td width=\"146\"><strong><b>Materlal:<\/b><\/strong><\/td>\n<td width=\"601\">Kudumine<\/td>\n<\/tr>\n<tr>\n<td width=\"146\"><strong><b>Tehnika:<\/b><\/strong><\/td>\n<td width=\"601\">Tikitud<\/td>\n<\/tr>\n<tr>\n<td width=\"146\"><strong><b>Stiil:<\/b><\/strong><\/td>\n<td width=\"601\">Casual<\/td>\n<\/tr>\n<tr>\n<td width=\"146\"><strong><b>V\u00e4rv<\/b><\/strong><strong><b>:<\/b><\/strong><\/td>\n<td width=\"601\">\u00a0Kohandatud v\u00e4rvid<\/td>\n<\/tr>\n<tr>\n<td width=\"146\"><strong><b>Suurus:<\/b><\/strong><\/td>\n<td width=\"601\">S \/M \/L \/XL \/2XL<\/td>\n<\/tr>\n<tr>\n<td width=\"146\"><strong><b>OEM\/ODM:<\/b><\/strong><\/td>\n<td width=\"601\">Aktsepteeritav<\/td>\n<\/tr>\n<tr>\n<td width=\"146\"><strong><b>Kvaliteet:<\/b><\/strong><\/td>\n<td width=\"601\">100% k\u00f5rge kvaliteet<\/td>\n<\/tr>\n<tr>\n<td width=\"146\"><strong><b>M<\/b><\/strong><strong><b>OQ:<\/b><\/strong><\/td>\n<td width=\"601\">200 tk<\/td>\n<\/tr>\n<\/tbody>\n<\/table>","protected":false},"featured_media":2014,"template":"","meta":[],"product_brand":[],"product_cat":[39],"product_tag":[],"class_list":{"0":"post-2013","1":"product","2":"type-product","3":"status-publish","4":"has-post-thumbnail","6":"product_cat-womens-clothing","8":"first","9":"instock","10":"shipping-taxable","11":"product-type-simple"},"_links":{"self":[{"href":"https:\/\/mj-clothing.com\/et\/wp-json\/wp\/v2\/product\/2013","targetHints":{"allow":["GET"]}}],"collection":[{"href":"https:\/\/mj-clothing.com\/et\/wp-json\/wp\/v2\/product"}],"about":[{"href":"https:\/\/mj-clothing.com\/et\/wp-json\/wp\/v2\/types\/product"}],"wp:featuredmedia":[{"embeddable":true,"href":"https:\/\/mj-clothing.com\/et\/wp-json\/wp\/v2\/media\/2014"}],"wp:attachment":[{"href":"https:\/\/mj-clothing.com\/et\/wp-json\/wp\/v2\/media?parent=2013"}],"wp:term":[{"taxonomy":"product_brand","embeddable":true,"href":"https:\/\/mj-clothing.com\/et\/wp-json\/wp\/v2\/product_brand?post=2013"},{"taxonomy":"product_cat","embeddable":true,"href":"https:\/\/mj-clothing.com\/et\/wp-json\/wp\/v2\/product_cat?post=2013"},{"taxonomy":"product_tag","embeddable":true,"href":"https:\/\/mj-clothing.com\/et\/wp-json\/wp\/v2\/product_tag?post=2013"}],"curies":[{"name":"wp","href":"https:\/\/api.w.org\/{rel}","templated":true}]}}