{"id":2037,"date":"2024-12-18T02:59:21","date_gmt":"2024-12-18T02:59:21","guid":{"rendered":"https:\/\/mj-clothing.com\/?post_type=product&#038;p=2037"},"modified":"2024-12-18T03:22:38","modified_gmt":"2024-12-18T03:22:38","slug":"womens-heated-long-coat","status":"publish","type":"product","link":"https:\/\/mj-clothing.com\/et\/manufacturer\/womens-heated-long-coat\/","title":{"rendered":"Naiste soojendusega pikk mantel"},"content":{"rendered":"<p data-sourcepos=\"1:1-1:216\">Naiste soojendusega pikk mantel on pealisr\u00f5ivaste t\u00fc\u00fcp, mis on m\u00f5eldud k\u00fclma ilmaga erakordselt soojaks. See sisaldab integreeritud k\u00fctteelemente, mida toidab patarei, mis tavaliselt on paigutatud diskreetsesse taskusse.<\/p>\n<h3 data-sourcepos=\"3:1-3:35\"><strong>Siin on see, mis teeb need eriliseks:<\/strong><\/h3>\n<ul data-sourcepos=\"5:1-8:0\">\n<li data-sourcepos=\"5:1-5:222\"><strong>Suurep\u00e4rane soojus:<\/strong> Sisseehitatud k\u00fctteelemendid tekitavad soojust, suurendades oluliselt mantli isoleerivaid omadusi. See muudab need ideaalseks \u00e4\u00e4rmiselt k\u00fclmas kliimas v\u00f5i k\u00fclmakraadide juures toimuvateks v\u00e4listegevusteks.<\/li>\n<li data-sourcepos=\"6:1-6:159\"><strong>Mugavus:<\/strong> Paljud mudelid pakuvad reguleeritavat soojuse reguleerimist, mis v\u00f5imaldab teil kohandada soojuse taset vastavalt teie eelistustele ja k\u00fclma raskusastmele.<\/li>\n<li data-sourcepos=\"7:1-8:0\"><strong>Mitmek\u00fclgsus:<\/strong> Neid saab stiliseerida erinevatel puhkudel, alates vabaaja v\u00e4ljas\u00f5itudest kuni ametlikumate \u00fcritusteni, s\u00f5ltuvalt mantli disainist ja materjalist.<\/li>\n<\/ul>\n<h3 data-sourcepos=\"9:1-9:56\"><strong>Asjad, mida arvestada naiste soojendusega pika mantli valimisel:<\/strong><\/h3>\n<ul data-sourcepos=\"11:1-15:0\">\n<li data-sourcepos=\"11:1-11:198\"><strong>K\u00fcttetehnoloogia:<\/strong> Erinevad kaubam\u00e4rgid kasutavad erinevaid k\u00fcttetehnoloogiaid. Uurige konkreetset tehnoloogiat, mida kasutatakse mantli puhul, millest olete huvitatud, et m\u00f5ista selle j\u00f5udlust ja ohutusomadusi.<\/li>\n<li data-sourcepos=\"12:1-12:182\"><strong>Aku eluiga:<\/strong> Aku kestus on \u00fclioluline. Kaaluge, kui kaua aku kestab erinevate soojuse seadete juures, et tagada, et see vastab teie vajadustele teie tegevuse kestel.<\/li>\n<li data-sourcepos=\"13:1-13:174\"><strong>Mugavus ja sobivus:<\/strong> Valige mantel, mis sobib h\u00e4sti ja mida on mugav kanda. Otsi selliseid funktsioone nagu reguleeritavad mansetid, kapuutsid ja t\u00f5mblukud, mis parandavad istuvust ja soojust.<\/li>\n<li data-sourcepos=\"14:1-15:0\"><strong>Stiil ja disain:<\/strong> Valige mantel, mis sobib teie isikliku stiiliga ja nende s\u00fcndmuste jaoks, kus te seda kandma hakkate.<\/li>\n<\/ul>\n<p data-sourcepos=\"16:1-16:186\">Kui elate v\u00e4ga k\u00fclmas kliimas v\u00f5i tegelete talvel sageli \u00f5ues, v\u00f5ib naiste soojendusega pikk mantel olla v\u00e4\u00e4rtuslik investeering, et p\u00fcsida soojas ja mugavalt.<\/p>","protected":false},"excerpt":{"rendered":"<table style=\"height: 602px;\" width=\"581\">\n<tbody>\n<tr>\n<td width=\"146\"><strong><b>Toode<\/b><\/strong>\u00a0<strong><b>Nimi:<\/b><\/strong><\/td>\n<td width=\"601\"><strong>Naiste soojendusega pikk mantel<\/strong><\/td>\n<\/tr>\n<tr>\n<td width=\"146\"><strong><b>Materlal:<\/b><\/strong><\/td>\n<td width=\"601\">Kudumine<\/td>\n<\/tr>\n<tr>\n<td width=\"146\"><strong><b>Tehnika:<\/b><\/strong><\/td>\n<td width=\"601\">Tikitud<\/td>\n<\/tr>\n<tr>\n<td width=\"146\"><strong><b>Stiil:<\/b><\/strong><\/td>\n<td width=\"601\">Casual<\/td>\n<\/tr>\n<tr>\n<td width=\"146\"><strong><b>V\u00e4rv<\/b><\/strong><strong><b>:<\/b><\/strong><\/td>\n<td width=\"601\">\u00a0Kohandatud v\u00e4rvid<\/td>\n<\/tr>\n<tr>\n<td width=\"146\"><strong><b>Suurus:<\/b><\/strong><\/td>\n<td width=\"601\">S \/M \/L \/XL \/2XL<\/td>\n<\/tr>\n<tr>\n<td width=\"146\"><strong><b>OEM\/ODM:<\/b><\/strong><\/td>\n<td width=\"601\">Aktsepteeritav<\/td>\n<\/tr>\n<tr>\n<td width=\"146\"><strong><b>Kvaliteet:<\/b><\/strong><\/td>\n<td width=\"601\">100% k\u00f5rge kvaliteet<\/td>\n<\/tr>\n<tr>\n<td width=\"146\"><strong><b>M<\/b><\/strong><strong><b>OQ:<\/b><\/strong><\/td>\n<td width=\"601\">200 tk<\/td>\n<\/tr>\n<\/tbody>\n<\/table>","protected":false},"featured_media":2040,"template":"","meta":[],"product_brand":[],"product_cat":[39],"product_tag":[],"class_list":{"0":"post-2037","1":"product","2":"type-product","3":"status-publish","4":"has-post-thumbnail","6":"product_cat-womens-clothing","8":"first","9":"instock","10":"shipping-taxable","11":"product-type-simple"},"_links":{"self":[{"href":"https:\/\/mj-clothing.com\/et\/wp-json\/wp\/v2\/product\/2037","targetHints":{"allow":["GET"]}}],"collection":[{"href":"https:\/\/mj-clothing.com\/et\/wp-json\/wp\/v2\/product"}],"about":[{"href":"https:\/\/mj-clothing.com\/et\/wp-json\/wp\/v2\/types\/product"}],"wp:featuredmedia":[{"embeddable":true,"href":"https:\/\/mj-clothing.com\/et\/wp-json\/wp\/v2\/media\/2040"}],"wp:attachment":[{"href":"https:\/\/mj-clothing.com\/et\/wp-json\/wp\/v2\/media?parent=2037"}],"wp:term":[{"taxonomy":"product_brand","embeddable":true,"href":"https:\/\/mj-clothing.com\/et\/wp-json\/wp\/v2\/product_brand?post=2037"},{"taxonomy":"product_cat","embeddable":true,"href":"https:\/\/mj-clothing.com\/et\/wp-json\/wp\/v2\/product_cat?post=2037"},{"taxonomy":"product_tag","embeddable":true,"href":"https:\/\/mj-clothing.com\/et\/wp-json\/wp\/v2\/product_tag?post=2037"}],"curies":[{"name":"wp","href":"https:\/\/api.w.org\/{rel}","templated":true}]}}