{"id":2041,"date":"2024-12-18T03:08:39","date_gmt":"2024-12-18T03:08:39","guid":{"rendered":"https:\/\/mj-clothing.com\/?post_type=product&#038;p=2041"},"modified":"2024-12-18T03:23:38","modified_gmt":"2024-12-18T03:23:38","slug":"womens-long-wrap-coat","status":"publish","type":"product","link":"https:\/\/mj-clothing.com\/et\/manufacturer\/womens-long-wrap-coat\/","title":{"rendered":"Naiste pikk mantel"},"content":{"rendered":"<p data-sourcepos=\"1:1-1:121\">Naiste pikk mantel on stiilne ja mitmek\u00fclgne pealisr\u00f5ivaste valik, mis pakub elegantsust ja rafineeritust.<\/p>\n<h3 data-sourcepos=\"3:1-3:17\"><strong>Naiste pikk mantel Key Features:<\/strong><\/h3>\n<ul data-sourcepos=\"5:1-9:0\">\n<li data-sourcepos=\"5:1-5:132\"><strong>Wrap Design:<\/strong> M\u00fctsi iseloomulikuks tunnuseks on mantel, mis on \u00fcleulatuv ja tavaliselt seotakse v\u00f5i v\u00f6\u00f6ga v\u00f6\u00f6kohal.<\/li>\n<li data-sourcepos=\"6:1-6:83\"><strong>Pikkus:<\/strong> See ulatub puusadest allapoole, ulatudes sageli p\u00f5lvini v\u00f5i isegi kuni vasika keskpaigani.<\/li>\n<li data-sourcepos=\"7:1-7:126\"><strong>Erinevad materjalid:<\/strong> Neid saab valmistada erinevatest kangastest, sealhulgas villast, ka\u0161miirist, puuvillasegudest ja isegi kunstkarvast.<\/li>\n<li data-sourcepos=\"8:1-9:0\"><strong><span class=\"citation-0 interactive-span-selected-v2\">Mitmek\u00fclgsus:<\/span><\/strong><span class=\"citation-0 citation-end-0 interactive-span-selected-v2\"> Neid saab riietada nii h\u00e4sti kui ka halvasti, mist\u00f5ttu sobivad need erinevatele puhkudel alates vabaaja v\u00e4ljas\u00f5itudest kuni pidulike \u00fcritusteni. <\/span>\n<div class=\"container ng-tns-c3353360079-34\">\n<div class=\"carousel-container ng-tns-c3353360079-34\">\n<div class=\"carousel-content ng-tns-c3353360079-34\">\n<div class=\"sources-carousel-source ng-tns-c3353360079-34 ng-star-inserted\" data-test-id=\"sources-carousel-source\">\n<div class=\"source-card-container\">\n<div class=\"source-card-content\">\n<div class=\"source-card-body\">\n<div class=\"source-card-header\"><\/div>\n<\/div>\n<div class=\"source-card-footer\">\n<div class=\"source-card-attribution\"><\/div>\n<\/div>\n<\/div>\n<\/div>\n<\/div>\n<\/div>\n<\/div>\n<\/div>\n<\/li>\n<\/ul>\n<h3 data-sourcepos=\"10:1-10:24\"><strong>Miks naised neid armastavad:<\/strong><\/h3>\n<ul data-sourcepos=\"12:1-15:0\">\n<li data-sourcepos=\"12:1-12:108\"><strong>Kaunis siluett:<\/strong> \u00dcmberm\u00e4hitud disain r\u00f5hutab v\u00f6\u00f6kohta ja loob meelitavat tiigilauakujundust.<\/li>\n<li data-sourcepos=\"13:1-13:64\"><strong>Mugavus:<\/strong> Need pakuvad sageli mugavat ja l\u00f5dvestunud istuvust.<\/li>\n<li data-sourcepos=\"14:1-15:0\"><strong>Stiil:<\/strong> Need lisavad naiselikkust ja elegantsi igale riietusele.<\/li>\n<\/ul>\n<h3 data-sourcepos=\"16:1-16:17\"><strong>Stiilimisnipid:<\/strong><\/h3>\n<ul data-sourcepos=\"18:1-20:0\">\n<li data-sourcepos=\"18:1-18:101\"><strong>Paari koos:<\/strong> Teksad ja saapad vabaaja v\u00e4limuse jaoks v\u00f5i kleit ja kontsad elegantsema komplekti jaoks.<\/li>\n<li data-sourcepos=\"19:1-20:0\"><strong>Varustage:<\/strong> Lisage v\u00e4limuse t\u00e4iendamiseks sall, kindad ja stiilne m\u00fcts.<\/li>\n<\/ul>\n<p data-sourcepos=\"21:1-21:140\">Kui otsite oma talvisesse garderoobi stiilset ja mitmek\u00fclgset mantlit, tasub kindlasti kaaluda naiste pikka mantlit.<\/p>","protected":false},"excerpt":{"rendered":"<table style=\"height: 617px;\" width=\"599\">\n<tbody>\n<tr>\n<td width=\"146\"><strong><b>Toode<\/b><\/strong>\u00a0<strong><b>Nimi:<\/b><\/strong><\/td>\n<td width=\"601\"><strong>Naiste pikk mantel<\/strong><\/td>\n<\/tr>\n<tr>\n<td width=\"146\"><strong><b>Materlal:<\/b><\/strong><\/td>\n<td width=\"601\">Kudumine<\/td>\n<\/tr>\n<tr>\n<td width=\"146\"><strong><b>Tehnika:<\/b><\/strong><\/td>\n<td width=\"601\">Tikitud<\/td>\n<\/tr>\n<tr>\n<td width=\"146\"><strong><b>Stiil:<\/b><\/strong><\/td>\n<td width=\"601\">Casual<\/td>\n<\/tr>\n<tr>\n<td width=\"146\"><strong><b>V\u00e4rv<\/b><\/strong><strong><b>:<\/b><\/strong><\/td>\n<td width=\"601\">\u00a0Kohandatud v\u00e4rvid<\/td>\n<\/tr>\n<tr>\n<td width=\"146\"><strong><b>Suurus:<\/b><\/strong><\/td>\n<td width=\"601\">S \/M \/L \/XL \/2XL<\/td>\n<\/tr>\n<tr>\n<td width=\"146\"><strong><b>OEM\/ODM:<\/b><\/strong><\/td>\n<td width=\"601\">Aktsepteeritav<\/td>\n<\/tr>\n<tr>\n<td width=\"146\"><strong><b>Kvaliteet:<\/b><\/strong><\/td>\n<td width=\"601\">100% k\u00f5rge kvaliteet<\/td>\n<\/tr>\n<tr>\n<td width=\"146\"><strong><b>M<\/b><\/strong><strong><b>OQ:<\/b><\/strong><\/td>\n<td width=\"601\">200 tk<\/td>\n<\/tr>\n<\/tbody>\n<\/table>","protected":false},"featured_media":2042,"template":"","meta":[],"product_brand":[],"product_cat":[39],"product_tag":[],"class_list":{"0":"post-2041","1":"product","2":"type-product","3":"status-publish","4":"has-post-thumbnail","6":"product_cat-womens-clothing","8":"first","9":"instock","10":"shipping-taxable","11":"product-type-simple"},"_links":{"self":[{"href":"https:\/\/mj-clothing.com\/et\/wp-json\/wp\/v2\/product\/2041","targetHints":{"allow":["GET"]}}],"collection":[{"href":"https:\/\/mj-clothing.com\/et\/wp-json\/wp\/v2\/product"}],"about":[{"href":"https:\/\/mj-clothing.com\/et\/wp-json\/wp\/v2\/types\/product"}],"wp:featuredmedia":[{"embeddable":true,"href":"https:\/\/mj-clothing.com\/et\/wp-json\/wp\/v2\/media\/2042"}],"wp:attachment":[{"href":"https:\/\/mj-clothing.com\/et\/wp-json\/wp\/v2\/media?parent=2041"}],"wp:term":[{"taxonomy":"product_brand","embeddable":true,"href":"https:\/\/mj-clothing.com\/et\/wp-json\/wp\/v2\/product_brand?post=2041"},{"taxonomy":"product_cat","embeddable":true,"href":"https:\/\/mj-clothing.com\/et\/wp-json\/wp\/v2\/product_cat?post=2041"},{"taxonomy":"product_tag","embeddable":true,"href":"https:\/\/mj-clothing.com\/et\/wp-json\/wp\/v2\/product_tag?post=2041"}],"curies":[{"name":"wp","href":"https:\/\/api.w.org\/{rel}","templated":true}]}}