{"id":2044,"date":"2024-12-18T03:15:03","date_gmt":"2024-12-18T03:15:03","guid":{"rendered":"https:\/\/mj-clothing.com\/?post_type=product&#038;p=2044"},"modified":"2024-12-18T03:23:05","modified_gmt":"2024-12-18T03:23:05","slug":"womens-petite-long-winter-coats","status":"publish","type":"product","link":"https:\/\/mj-clothing.com\/et\/manufacturer\/womens-petite-long-winter-coats\/","title":{"rendered":"Naised Petite pikad talvemantlid"},"content":{"rendered":"<p data-sourcepos=\"1:1-1:158\">Naiste pikkade talvejopedeid on spetsiaalselt loodud l\u00fchematele naistele, et tagada sobiv istuvus ja meelitav siluett. Siin on see, mis teeb need eriliseks:<\/p>\n<ul data-sourcepos=\"3:1-6:0\">\n<li data-sourcepos=\"3:1-3:155\"><strong>Proportsioneeritud l\u00fchemate raamide jaoks:<\/strong> Need mantlid on disainitud l\u00fchemat torsot ja siset\u00fckki silmas pidades, v\u00e4ltides nii, et need ei r\u00f5huksid v\u00e4ikestele figuuridele.<\/li>\n<li data-sourcepos=\"4:1-4:144\"><strong>Ideaalne pikkus:<\/strong> Kuigi seda peetakse endiselt \"pikaks\", on selle pikkus kohandatud, et v\u00e4ltida maapinnal lohisemist v\u00f5i liiga mahuka v\u00e4limuse tekkimist.<\/li>\n<li data-sourcepos=\"5:1-6:0\"><strong>T\u00e4iustatud sobivus:<\/strong> Sellised omadused nagu l\u00fchemad varrukad ja kohandatud v\u00f6\u00f6kohad tagavad, et mantel istub mugavalt ja proportsionaalselt.<\/li>\n<\/ul>\n<h3 data-sourcepos=\"7:1-7:19\"><strong>Populaarsed stiilid:<\/strong><\/h3>\n<ul data-sourcepos=\"9:1-12:0\">\n<li data-sourcepos=\"9:1-9:102\"><strong>V\u00e4ikesed villased mantlid:<\/strong> Klassikaline ja ajatu, sageli sellised stiilid nagu pajalapid v\u00f5i kahe rinnaosaga mantlid.<\/li>\n<li data-sourcepos=\"10:1-10:118\"><strong>V\u00e4ikesed puhvrimantlid:<\/strong> Pakuvad suurep\u00e4rast soojust ja on saadaval eri pikkustes ja stiilides, alates elegantsetest kuni vabaajajopeteni.<\/li>\n<li data-sourcepos=\"11:1-12:0\"><strong>Petite Parkas:<\/strong> Ideaalsed k\u00fclmemate kliimatingimuste jaoks, sageli on neil kapuuts, karusnahk ja mitu taskut.<\/li>\n<\/ul>\n<h3 data-sourcepos=\"13:1-13:23\"><strong>Kust leida naiste v\u00e4ikseid pikki talvemantleid:<\/strong><\/h3>\n<p data-sourcepos=\"15:1-15:54\">Paljud jaem\u00fc\u00fcjad pakuvad v\u00e4ikse suurusega valikuid, sealhulgas:<\/p>\n<ul data-sourcepos=\"17:1-20:0\">\n<li data-sourcepos=\"17:1-17:58\"><strong>Kaubamajad:<\/strong> Nordstrom, Macy's, Bloomingdale's<\/li>\n<li data-sourcepos=\"18:1-18:52\"><strong>Spetsiaalsed jaem\u00fc\u00fcjad:<\/strong> Ann Taylor, Loft, Talbots<\/li>\n<li data-sourcepos=\"19:1-20:0\"><strong>Online jaem\u00fc\u00fcjad:<\/strong> ASOS, Nordstrom Rack, Amazon<\/li>\n<\/ul>\n<h3 data-sourcepos=\"21:1-21:22\"><strong>N\u00e4pun\u00e4iteid valimiseks:<\/strong><\/h3>\n<ul data-sourcepos=\"23:1-26:0\">\n<li data-sourcepos=\"23:1-23:102\"><strong>M\u00f5elge kangale:<\/strong> Otsige sooje ja vastupidavaid kangaid, nagu vill, untasud v\u00f5i s\u00fcnteetiline isolatsioon.<\/li>\n<li data-sourcepos=\"24:1-24:106\"><strong>Kontrollige pikkust:<\/strong> Veenduge, et mantel tabab teie jalgu \u00f5igest kohast, v\u00e4ltides \"uppumise\" efekti.<\/li>\n<li data-sourcepos=\"25:1-26:0\"><strong>Proovi seda:<\/strong> Proovige peenikest mantlit alati, et veenduda, et see sobib \u00f5igesti ja meelitab teie figuuri.<\/li>\n<\/ul>\n<p data-sourcepos=\"27:1-27:121\">Valides h\u00e4sti sobivad Womens Petite Long Winter Coats, saavad l\u00fchemad naised j\u00e4\u00e4da soojaks ja stiilseks kogu k\u00fclmemate kuude jooksul.<\/p>","protected":false},"excerpt":{"rendered":"<table style=\"height: 572px;\" width=\"534\">\n<tbody>\n<tr>\n<td width=\"146\"><strong><b>Toode<\/b><\/strong>\u00a0<strong><b>Nimi:<\/b><\/strong><\/td>\n<td width=\"601\"><strong>Naised Petite pikad talvemantlid<\/strong><\/td>\n<\/tr>\n<tr>\n<td width=\"146\"><strong><b>Materlal:<\/b><\/strong><\/td>\n<td width=\"601\">Kudumine<\/td>\n<\/tr>\n<tr>\n<td width=\"146\"><strong><b>Tehnika:<\/b><\/strong><\/td>\n<td width=\"601\">Tikitud<\/td>\n<\/tr>\n<tr>\n<td width=\"146\"><strong><b>Stiil:<\/b><\/strong><\/td>\n<td width=\"601\">Casual<\/td>\n<\/tr>\n<tr>\n<td width=\"146\"><strong><b>V\u00e4rv<\/b><\/strong><strong><b>:<\/b><\/strong><\/td>\n<td width=\"601\">\u00a0Kohandatud v\u00e4rvid<\/td>\n<\/tr>\n<tr>\n<td width=\"146\"><strong><b>Suurus:<\/b><\/strong><\/td>\n<td width=\"601\">S \/M \/L \/XL \/2XL<\/td>\n<\/tr>\n<tr>\n<td width=\"146\"><strong><b>OEM\/ODM:<\/b><\/strong><\/td>\n<td width=\"601\">Aktsepteeritav<\/td>\n<\/tr>\n<tr>\n<td width=\"146\"><strong><b>Kvaliteet:<\/b><\/strong><\/td>\n<td width=\"601\">100% k\u00f5rge kvaliteet<\/td>\n<\/tr>\n<tr>\n<td width=\"146\"><strong><b>M<\/b><\/strong><strong><b>OQ:<\/b><\/strong><\/td>\n<td width=\"601\">200 tk<\/td>\n<\/tr>\n<\/tbody>\n<\/table>","protected":false},"featured_media":2045,"template":"","meta":[],"product_brand":[],"product_cat":[39],"product_tag":[],"class_list":{"0":"post-2044","1":"product","2":"type-product","3":"status-publish","4":"has-post-thumbnail","6":"product_cat-womens-clothing","8":"first","9":"instock","10":"shipping-taxable","11":"product-type-simple"},"_links":{"self":[{"href":"https:\/\/mj-clothing.com\/et\/wp-json\/wp\/v2\/product\/2044","targetHints":{"allow":["GET"]}}],"collection":[{"href":"https:\/\/mj-clothing.com\/et\/wp-json\/wp\/v2\/product"}],"about":[{"href":"https:\/\/mj-clothing.com\/et\/wp-json\/wp\/v2\/types\/product"}],"wp:featuredmedia":[{"embeddable":true,"href":"https:\/\/mj-clothing.com\/et\/wp-json\/wp\/v2\/media\/2045"}],"wp:attachment":[{"href":"https:\/\/mj-clothing.com\/et\/wp-json\/wp\/v2\/media?parent=2044"}],"wp:term":[{"taxonomy":"product_brand","embeddable":true,"href":"https:\/\/mj-clothing.com\/et\/wp-json\/wp\/v2\/product_brand?post=2044"},{"taxonomy":"product_cat","embeddable":true,"href":"https:\/\/mj-clothing.com\/et\/wp-json\/wp\/v2\/product_cat?post=2044"},{"taxonomy":"product_tag","embeddable":true,"href":"https:\/\/mj-clothing.com\/et\/wp-json\/wp\/v2\/product_tag?post=2044"}],"curies":[{"name":"wp","href":"https:\/\/api.w.org\/{rel}","templated":true}]}}