{"id":2066,"date":"2024-12-19T03:05:05","date_gmt":"2024-12-19T03:05:05","guid":{"rendered":"https:\/\/mj-clothing.com\/?post_type=product&#038;p=2066"},"modified":"2024-12-19T03:05:05","modified_gmt":"2024-12-19T03:05:05","slug":"spring-coats-for-ladies","status":"publish","type":"product","link":"https:\/\/mj-clothing.com\/et\/manufacturer\/spring-coats-for-ladies\/","title":{"rendered":"Kevadmantlid naistele"},"content":{"rendered":"<p data-sourcepos=\"1:1-1:154\">Kevadmantlid naistele on ilus hooaeg ja see on ideaalne aeg uuendada oma garderoobi m\u00f5ne stiilse kevadmantliga. Siin on m\u00f5ned populaarsed valikud naistele:<\/p>\n<h3 data-sourcepos=\"3:1-3:19\"><strong>1. Kevadmantlid naistele:<\/strong><\/h3>\n<ul data-sourcepos=\"5:1-8:0\">\n<li style=\"list-style-type: none;\">\n<ul data-sourcepos=\"5:1-8:0\">\n<li data-sourcepos=\"5:1-5:94\"><strong>Klassikaline ja ajatu:<\/strong> Trenchcoat on garderoobi p\u00f5hitarvik, mida saab riietada nii k\u00f5rgelt kui ka madalalt.<\/li>\n<li data-sourcepos=\"6:1-6:60\"><strong>Mitmek\u00fclgne:<\/strong> See sobib ideaalselt nii vihmaseks kui ka p\u00e4ikesepaisteliseks p\u00e4evaks.<\/li>\n<li data-sourcepos=\"7:1-8:0\"><strong>Stiilne:<\/strong> Valige erinevate v\u00e4rvide ja stiilide hulgast, mis sobivad teie isikliku maitsega.<\/li>\n<\/ul>\n<\/li>\n<\/ul>\n<div class=\"attachment-container search-images\">\n<div class=\"image-container hide-from-message-actions ng-star-inserted\"><strong style=\"color: #555555; font-size: 14.4px;\">2. Teksap\u00fckstest jakk:<\/strong><\/div>\n<\/div>\n<ul data-sourcepos=\"13:1-16:0\">\n<li style=\"list-style-type: none;\">\n<ul data-sourcepos=\"13:1-16:0\">\n<li data-sourcepos=\"13:1-13:91\"><strong>Lahtine ja lahe:<\/strong> Teksajakk on suurep\u00e4rane v\u00f5imalus lisada oma riietusele teravust.<\/li>\n<li data-sourcepos=\"14:1-14:65\"><strong>Mitmek\u00fclgne:<\/strong> Seda saab kombineerida teksade, kleitide v\u00f5i seelikutega.<\/li>\n<li data-sourcepos=\"15:1-16:0\"><strong>Mugav:<\/strong> Denim on vastupidav ja mugav kangas.<\/li>\n<\/ul>\n<\/li>\n<\/ul>\n<div class=\"attachment-container search-images\">\n<div class=\"image-container hide-from-message-actions ng-star-inserted\">\n<div class=\"caption ellipsis gds-label-m-alt ng-star-inserted\" aria-hidden=\"true\"><strong style=\"color: #555555; font-size: 14.4px;\">3.Spring Coats For Ladies Blazer:<\/strong><\/div>\n<\/div>\n<\/div>\n<ul data-sourcepos=\"21:1-24:0\">\n<li style=\"list-style-type: none;\">\n<ul data-sourcepos=\"21:1-24:0\">\n<li data-sourcepos=\"21:1-21:75\"><strong>\u0160ikk ja rafineeritud:<\/strong> Blazer on suurep\u00e4rane viis oma v\u00e4limuse t\u00f5stmiseks.<\/li>\n<li data-sourcepos=\"22:1-22:80\"><strong>Mitmek\u00fclgne:<\/strong> Seda saab kanda t\u00f6\u00f6l, \u00f5htus\u00f6\u00f6gil v\u00f5i vabal n\u00e4dalavahetusel.<\/li>\n<li data-sourcepos=\"23:1-24:0\"><strong>Stiilne:<\/strong> Valige erinevate v\u00e4rvide, mustrite ja stiilide vahel.<\/li>\n<\/ul>\n<\/li>\n<\/ul>\n<div class=\"attachment-container search-images\">\n<div class=\"image-container hide-from-message-actions ng-star-inserted\">\n<div class=\"caption ellipsis gds-label-m-alt ng-star-inserted\" aria-hidden=\"true\"><strong style=\"color: #555555; font-size: 14.4px;\">4. Kevadmantlid naistele nahktagi:<\/strong><\/div>\n<\/div>\n<\/div>\n<ul data-sourcepos=\"29:1-32:0\">\n<li style=\"list-style-type: none;\">\n<ul data-sourcepos=\"29:1-32:0\">\n<li data-sourcepos=\"29:1-29:89\"><strong>S\u00e4rtsakas ja lahe:<\/strong> Nahkjakk on suurep\u00e4rane v\u00f5imalus lisada oma riietusele hoiakut.<\/li>\n<li data-sourcepos=\"30:1-30:46\"><strong>Mitmek\u00fclgne:<\/strong> Seda saab riietada \u00fcles v\u00f5i alla.<\/li>\n<li data-sourcepos=\"31:1-32:0\"><strong>Stiilne:<\/strong> Valige erinevate v\u00e4rvide ja stiilide vahel.<\/li>\n<\/ul>\n<\/li>\n<\/ul>\n<div class=\"attachment-container search-images\">\n<div class=\"image-container hide-from-message-actions ng-star-inserted\">\n<div class=\"caption ellipsis gds-label-m-alt ng-star-inserted\" aria-hidden=\"true\"><strong style=\"color: #555555; font-size: 14.4px;\">5. Pufferjope:<\/strong><\/div>\n<\/div>\n<\/div>\n<ul data-sourcepos=\"37:1-40:0\">\n<li style=\"list-style-type: none;\">\n<ul data-sourcepos=\"37:1-40:0\">\n<li data-sourcepos=\"37:1-37:87\"><strong>Soe ja hubane:<\/strong> Pufferjope on suurep\u00e4rane v\u00f5imalus j\u00e4\u00e4da soojaks jahedatel kevadp\u00e4evadel.<\/li>\n<li data-sourcepos=\"38:1-38:66\"><strong>Mitmek\u00fclgne:<\/strong> Seda saab kombineerida teksade, s\u00e4\u00e4riste v\u00f5i seelikutega.<\/li>\n<li data-sourcepos=\"39:1-40:0\"><strong>Stiilne:<\/strong> Valige erinevate v\u00e4rvide ja stiilide vahel.<\/li>\n<\/ul>\n<\/li>\n<\/ul>\n<div class=\"attachment-container search-images\"><\/div>\n<p data-sourcepos=\"43:1-43:46\"><strong>N\u00f5uanded t\u00e4iusliku kevadmantli valimiseks:<\/strong><\/p>\n<ul data-sourcepos=\"45:1-49:0\">\n<li data-sourcepos=\"45:1-45:184\"><strong>M\u00f5elge oma kliimale:<\/strong> Kui elate soojas kliimas, v\u00f5ite valida kergema kaaluga mantli. Kui elate k\u00fclmemas kliimas, v\u00f5iksite valida raskema kaaluga mantli.<\/li>\n<li data-sourcepos=\"46:1-46:188\"><strong>M\u00f5elge oma elustiili peale:<\/strong> Kui olete aktiivne, v\u00f5iksite valida mantli, milles on lihtne liikuda. Kui t\u00f6\u00f6tate ametialaselt, siis v\u00f5iksite valida ametlikuma mantli.<\/li>\n<li data-sourcepos=\"47:1-47:87\"><strong>Valige v\u00e4rv, mis teile meeldib:<\/strong> Te kannate t\u00f5en\u00e4olisemalt mantlit, mida te armastate.<\/li>\n<li data-sourcepos=\"48:1-49:0\"><strong>M\u00f5elge sobivusele:<\/strong> H\u00e4sti istuv mantel n\u00e4eb v\u00e4lja ja tunneb end suurep\u00e4raselt.<\/li>\n<\/ul>\n<p data-sourcepos=\"50:1-50:202\">\u00dcksk\u00f5ik, milline on sinu stiil, on olemas t\u00e4iuslik kevadmantel sinu jaoks. Nii paljude suurep\u00e4raste valikuv\u00f5imaluste hulgast leiad kindlasti t\u00e4iusliku mantli, mis hoiab sind sooja ja stiilselt kogu hooaja v\u00e4ltel.<\/p>","protected":false},"excerpt":{"rendered":"<table style=\"height: 611px;\" width=\"429\">\n<tbody>\n<tr>\n<td width=\"146\"><strong><b>Toode<\/b><\/strong>\u00a0<strong><b>Nimi:<\/b><\/strong><\/td>\n<td width=\"601\"><strong>Kevadmantlid naistele<\/strong><\/td>\n<\/tr>\n<tr>\n<td width=\"146\"><strong><b>Materlal:<\/b><\/strong><\/td>\n<td width=\"601\">Kudumine<\/td>\n<\/tr>\n<tr>\n<td width=\"146\"><strong><b>Tehnika:<\/b><\/strong><\/td>\n<td width=\"601\">Tikitud<\/td>\n<\/tr>\n<tr>\n<td width=\"146\"><strong><b>Stiil:<\/b><\/strong><\/td>\n<td width=\"601\">Casual<\/td>\n<\/tr>\n<tr>\n<td width=\"146\"><strong><b>V\u00e4rv<\/b><\/strong><strong><b>:<\/b><\/strong><\/td>\n<td width=\"601\">\u00a0Kohandatud v\u00e4rvid<\/td>\n<\/tr>\n<tr>\n<td width=\"146\"><strong><b>Suurus:<\/b><\/strong><\/td>\n<td width=\"601\">S \/M \/L \/XL \/2XL<\/td>\n<\/tr>\n<tr>\n<td width=\"146\"><strong><b>OEM\/ODM:<\/b><\/strong><\/td>\n<td width=\"601\">Aktsepteeritav<\/td>\n<\/tr>\n<tr>\n<td width=\"146\"><strong><b>Kvaliteet:<\/b><\/strong><\/td>\n<td width=\"601\">100% k\u00f5rge kvaliteet<\/td>\n<\/tr>\n<tr>\n<td width=\"146\"><strong><b>M<\/b><\/strong><strong><b>OQ:<\/b><\/strong><\/td>\n<td width=\"601\">200 tk<\/td>\n<\/tr>\n<\/tbody>\n<\/table>","protected":false},"featured_media":2075,"template":"","meta":[],"product_brand":[],"product_cat":[39],"product_tag":[],"class_list":{"0":"post-2066","1":"product","2":"type-product","3":"status-publish","4":"has-post-thumbnail","6":"product_cat-womens-clothing","8":"first","9":"instock","10":"shipping-taxable","11":"product-type-simple"},"_links":{"self":[{"href":"https:\/\/mj-clothing.com\/et\/wp-json\/wp\/v2\/product\/2066","targetHints":{"allow":["GET"]}}],"collection":[{"href":"https:\/\/mj-clothing.com\/et\/wp-json\/wp\/v2\/product"}],"about":[{"href":"https:\/\/mj-clothing.com\/et\/wp-json\/wp\/v2\/types\/product"}],"wp:featuredmedia":[{"embeddable":true,"href":"https:\/\/mj-clothing.com\/et\/wp-json\/wp\/v2\/media\/2075"}],"wp:attachment":[{"href":"https:\/\/mj-clothing.com\/et\/wp-json\/wp\/v2\/media?parent=2066"}],"wp:term":[{"taxonomy":"product_brand","embeddable":true,"href":"https:\/\/mj-clothing.com\/et\/wp-json\/wp\/v2\/product_brand?post=2066"},{"taxonomy":"product_cat","embeddable":true,"href":"https:\/\/mj-clothing.com\/et\/wp-json\/wp\/v2\/product_cat?post=2066"},{"taxonomy":"product_tag","embeddable":true,"href":"https:\/\/mj-clothing.com\/et\/wp-json\/wp\/v2\/product_tag?post=2066"}],"curies":[{"name":"wp","href":"https:\/\/api.w.org\/{rel}","templated":true}]}}