{"id":2076,"date":"2024-12-19T03:26:08","date_gmt":"2024-12-19T03:26:08","guid":{"rendered":"https:\/\/mj-clothing.com\/?post_type=product&#038;p=2076"},"modified":"2024-12-19T03:33:03","modified_gmt":"2024-12-19T03:33:03","slug":"spring-trench-coats-for-ladies","status":"publish","type":"product","link":"https:\/\/mj-clothing.com\/et\/manufacturer\/spring-trench-coats-for-ladies\/","title":{"rendered":"Kevadised trennikaitsemantlid naistele"},"content":{"rendered":"<p data-sourcepos=\"1:1-1:134\">Naiste kevadised kraavimantlid on klassikaline garderoobi p\u00f5hikomplekt, mida saab riietada nii k\u00f5rgelt kui ka madalalt. Siin on m\u00f5ned populaarsed stiilid, mida kaaluda:<\/p>\n<h3 data-sourcepos=\"3:1-3:27\"><strong>1. Klassikaline trennmantel:<\/strong><\/h3>\n<ul data-sourcepos=\"5:1-8:0\">\n<li style=\"list-style-type: none;\">\n<ul data-sourcepos=\"5:1-8:0\">\n<li data-sourcepos=\"5:1-5:116\"><strong>Ajatu ja elegantne:<\/strong> Klassikaline kraavimantel on mitmek\u00fclgne ese, mida saab kanda erinevate riietega.<\/li>\n<li data-sourcepos=\"6:1-6:101\"><strong>Mitmek\u00fclgne:<\/strong> Seda saab kaunistada seeliku ja kontsadega v\u00f5i riietada teksade ja tossudega.<\/li>\n<li data-sourcepos=\"7:1-8:0\"><strong>Funktsionaalne:<\/strong> See sobib ideaalselt vihmaseks v\u00f5i tuuliseks p\u00e4evaks t\u00e4nu veekindlale kangale ja v\u00f6\u00f6le, mis hoiab tuule eemal.<\/li>\n<\/ul>\n<\/li>\n<\/ul>\n<div class=\"attachment-container search-images\"><strong style=\"color: #555555; font-size: 14.4px;\">2. V\u00f6\u00f6ga trennmantel:<\/strong><\/div>\n<ul data-sourcepos=\"13:1-16:0\">\n<li style=\"list-style-type: none;\">\n<ul data-sourcepos=\"13:1-16:0\">\n<li data-sourcepos=\"13:1-13:86\"><strong>Figuurile meelitav:<\/strong> V\u00f6\u00f6 pinguldab v\u00f6\u00f6koha, luues meelitava silueti.<\/li>\n<li data-sourcepos=\"14:1-14:79\"><strong>Stiilne:<\/strong> See on suurep\u00e4rane v\u00f5imalus lisada mis tahes riietusele rafineeritust.<\/li>\n<li data-sourcepos=\"15:1-16:0\"><strong>Praktiline:<\/strong> V\u00f6\u00f6d saab sobivuse reguleerimiseks pingutada v\u00f5i l\u00f5dvendada.<\/li>\n<\/ul>\n<\/li>\n<\/ul>\n<div class=\"attachment-container search-images\">\n<div class=\"image-container hide-from-message-actions ng-star-inserted\">\n<h3 class=\"caption ellipsis gds-label-m-alt ng-star-inserted\" aria-hidden=\"true\"><strong style=\"color: #555555; font-size: 14.4px;\">3. Kerge Trench Coat:<\/strong><\/h3>\n<\/div>\n<\/div>\n<ul data-sourcepos=\"21:1-24:0\">\n<li style=\"list-style-type: none;\">\n<ul data-sourcepos=\"21:1-24:0\">\n<li data-sourcepos=\"21:1-21:108\"><strong>Ideaalne soojema ilmaga:<\/strong> Kerge krae on ideaalne kevadp\u00e4evadeks, kui ei ole liiga k\u00fclm.<\/li>\n<li data-sourcepos=\"22:1-22:73\"><strong>Mitmek\u00fclgne:<\/strong> Seda saab olenevalt olukorrast nii \u00fcles- kui ka mahakinnitusega riietada.<\/li>\n<li data-sourcepos=\"23:1-24:0\"><strong>Mugav:<\/strong> Kerge kangas muudab selle h\u00f5lpsasti liikuvaks.<\/li>\n<\/ul>\n<\/li>\n<\/ul>\n<div class=\"attachment-container search-images\">\n<div class=\"image-container hide-from-message-actions ng-star-inserted\">\n<h3 class=\"caption ellipsis gds-label-m-alt ng-star-inserted\" aria-hidden=\"true\"><strong style=\"color: #555555; font-size: 14.4px;\">4. V\u00e4rviline trens\u0161mantel:<\/strong><\/h3>\n<\/div>\n<\/div>\n<ul data-sourcepos=\"29:1-32:0\">\n<li style=\"list-style-type: none;\">\n<ul data-sourcepos=\"29:1-32:0\">\n<li data-sourcepos=\"29:1-29:102\"><strong>Trendikas ja stiilne:<\/strong> V\u00e4rviline krae on suurep\u00e4rane v\u00f5imalus lisada oma garderoobi v\u00e4rvi.<\/li>\n<li data-sourcepos=\"30:1-30:77\"><strong>Mitmek\u00fclgne:<\/strong> Seda saab kombineerida neutraalsete v\u00e4rvide v\u00f5i muude erksate v\u00e4rvidega.<\/li>\n<li data-sourcepos=\"31:1-32:0\"><strong>Pilkup\u00fc\u00fcdev:<\/strong> See p\u00f6\u00f6ritab kindlasti pead.<\/li>\n<\/ul>\n<\/li>\n<\/ul>\n<div class=\"attachment-container search-images\">\n<div class=\"image-container hide-from-message-actions ng-star-inserted\">\n<h3 class=\"caption ellipsis gds-label-m-alt ng-star-inserted\" aria-hidden=\"true\"><strong style=\"color: #555555; font-size: 14.4px;\">N\u00e4pun\u00e4iteid t\u00e4iusliku kevadise Trench Coat'i valimiseks naistele:<\/strong><\/h3>\n<\/div>\n<\/div>\n<ul data-sourcepos=\"37:1-41:0\">\n<li data-sourcepos=\"37:1-37:102\"><strong>M\u00f5elge kangale:<\/strong> Otsige kerget, veekindlat ja mugavat kangast.<\/li>\n<li data-sourcepos=\"38:1-38:87\"><strong>Valige \u00f5ige sobivus:<\/strong> Mantel peab h\u00e4sti istuma ja ei tohi olla liiga kitsas ega liiga lahtine.<\/li>\n<li data-sourcepos=\"39:1-39:109\"><strong>Valige \u00f5ige pikkus:<\/strong> Mantli pikkus peaks vastama teie pikkusele ja s\u00fcndmusele.<\/li>\n<li data-sourcepos=\"40:1-41:0\"><strong>Varustage:<\/strong> Lisa oma v\u00e4limuse isikup\u00e4rastamiseks sall, v\u00f6\u00f6 v\u00f5i m\u00fcts.<\/li>\n<\/ul>\n<p data-sourcepos=\"42:1-42:134\">Nii palju erinevaid stiile ja v\u00e4rve, mille hulgast valida, kevadised trensusmantlid naistele leiad kindlasti t\u00e4iusliku kevadise trensusmantli, mis t\u00e4iendab sinu garderoobi.<\/p>","protected":false},"excerpt":{"rendered":"<table style=\"height: 631px;\" width=\"523\">\n<tbody>\n<tr>\n<td width=\"146\"><strong><b>Toode<\/b><\/strong>\u00a0<strong><b>Nimi:<\/b><\/strong><\/td>\n<td width=\"601\"><strong>Kevadised trennikaitsemantlid naistele<\/strong><\/td>\n<\/tr>\n<tr>\n<td width=\"146\"><strong><b>Materlal:<\/b><\/strong><\/td>\n<td width=\"601\">Kudumine<\/td>\n<\/tr>\n<tr>\n<td width=\"146\"><strong><b>Tehnika:<\/b><\/strong><\/td>\n<td width=\"601\">Tikitud<\/td>\n<\/tr>\n<tr>\n<td width=\"146\"><strong><b>Stiil:<\/b><\/strong><\/td>\n<td width=\"601\">Casual<\/td>\n<\/tr>\n<tr>\n<td width=\"146\"><strong><b>V\u00e4rv<\/b><\/strong><strong><b>:<\/b><\/strong><\/td>\n<td width=\"601\">\u00a0Kohandatud v\u00e4rvid<\/td>\n<\/tr>\n<tr>\n<td width=\"146\"><strong><b>Suurus:<\/b><\/strong><\/td>\n<td width=\"601\">S \/M \/L \/XL \/2XL<\/td>\n<\/tr>\n<tr>\n<td width=\"146\"><strong><b>OEM\/ODM:<\/b><\/strong><\/td>\n<td width=\"601\">Aktsepteeritav<\/td>\n<\/tr>\n<tr>\n<td width=\"146\"><strong><b>Kvaliteet:<\/b><\/strong><\/td>\n<td width=\"601\">100% k\u00f5rge kvaliteet<\/td>\n<\/tr>\n<tr>\n<td width=\"146\"><strong><b>M<\/b><\/strong><strong><b>OQ:<\/b><\/strong><\/td>\n<td width=\"601\">200 tk<\/td>\n<\/tr>\n<\/tbody>\n<\/table>","protected":false},"featured_media":2077,"template":"","meta":[],"product_brand":[],"product_cat":[39],"product_tag":[],"class_list":{"0":"post-2076","1":"product","2":"type-product","3":"status-publish","4":"has-post-thumbnail","6":"product_cat-womens-clothing","8":"first","9":"instock","10":"shipping-taxable","11":"product-type-simple"},"_links":{"self":[{"href":"https:\/\/mj-clothing.com\/et\/wp-json\/wp\/v2\/product\/2076","targetHints":{"allow":["GET"]}}],"collection":[{"href":"https:\/\/mj-clothing.com\/et\/wp-json\/wp\/v2\/product"}],"about":[{"href":"https:\/\/mj-clothing.com\/et\/wp-json\/wp\/v2\/types\/product"}],"wp:featuredmedia":[{"embeddable":true,"href":"https:\/\/mj-clothing.com\/et\/wp-json\/wp\/v2\/media\/2077"}],"wp:attachment":[{"href":"https:\/\/mj-clothing.com\/et\/wp-json\/wp\/v2\/media?parent=2076"}],"wp:term":[{"taxonomy":"product_brand","embeddable":true,"href":"https:\/\/mj-clothing.com\/et\/wp-json\/wp\/v2\/product_brand?post=2076"},{"taxonomy":"product_cat","embeddable":true,"href":"https:\/\/mj-clothing.com\/et\/wp-json\/wp\/v2\/product_cat?post=2076"},{"taxonomy":"product_tag","embeddable":true,"href":"https:\/\/mj-clothing.com\/et\/wp-json\/wp\/v2\/product_tag?post=2076"}],"curies":[{"name":"wp","href":"https:\/\/api.w.org\/{rel}","templated":true}]}}