{"id":2078,"date":"2024-12-19T03:32:27","date_gmt":"2024-12-19T03:32:27","guid":{"rendered":"https:\/\/mj-clothing.com\/?post_type=product&#038;p=2078"},"modified":"2024-12-19T03:32:27","modified_gmt":"2024-12-19T03:32:27","slug":"womens-winter-coats","status":"publish","type":"product","link":"https:\/\/mj-clothing.com\/et\/manufacturer\/womens-winter-coats\/","title":{"rendered":"Naiste talvemantlid"},"content":{"rendered":"<p data-sourcepos=\"1:1-1:131\">Naiste talvemantlid on h\u00e4davajalikud, et j\u00e4\u00e4da k\u00fclmematel kuudel soojaks ja stiilseks. Siin on m\u00f5ned populaarsed stiilid, mida kaaluda:<\/p>\n<h3 data-sourcepos=\"3:1-3:19\"><strong>1. Naiste talvemantlid:<\/strong><\/h3>\n<ul data-sourcepos=\"5:1-8:0\">\n<li style=\"list-style-type: none;\">\n<ul data-sourcepos=\"5:1-8:0\">\n<li data-sourcepos=\"5:1-5:113\"><strong>Soe ja hubane:<\/strong> Puffer-mantlid on tuntud oma suurep\u00e4rase isolatsiooni poolest, mis muudab need ideaalseks k\u00fclma ilmaga.<\/li>\n<li data-sourcepos=\"6:1-6:96\"><strong>Mitmek\u00fclgne:<\/strong> Neid on erineva pikkuse, stiili ja v\u00e4rviga, et need sobiksid erinevatele eelistustele.<\/li>\n<li data-sourcepos=\"7:1-8:0\"><strong>Funktsionaalne:<\/strong> Paljudel puhvrimantlitel on kapuuts, taskud ja muud praktilised detailid.<\/li>\n<\/ul>\n<\/li>\n<\/ul>\n<div class=\"attachment-container search-images\"><\/div>\n<h3 data-sourcepos=\"11:1-11:17\"><strong>2. Villased naiste talvemantlid:<\/strong><\/h3>\n<ul data-sourcepos=\"13:1-16:0\">\n<li style=\"list-style-type: none;\">\n<ul data-sourcepos=\"13:1-16:0\">\n<li data-sourcepos=\"13:1-13:85\"><strong>Elegantne ja ajatu:<\/strong> Villased mantlid on klassikaline valik keerulise v\u00e4limuse saavutamiseks.<\/li>\n<li data-sourcepos=\"14:1-14:95\"><strong>Soe ja vastupidav:<\/strong> Vill on looduslik soojustusaines, mis peab vastu karmidele talvetingimustele.<\/li>\n<li data-sourcepos=\"15:1-16:0\"><strong>Mitmek\u00fclgne:<\/strong> Villaseid mantleid saab olenevalt olukorrast riietada nii k\u00f5rgelt kui ka madalamalt.<\/li>\n<\/ul>\n<\/li>\n<\/ul>\n<div class=\"attachment-container search-images\">\n<div class=\"image-container hide-from-message-actions ng-star-inserted\">\n<h3 class=\"caption ellipsis gds-label-m-alt ng-star-inserted\" aria-hidden=\"true\"><strong style=\"color: #555555; font-size: 14.4px;\">3. Parka mantel:<\/strong><\/h3>\n<\/div>\n<\/div>\n<ul data-sourcepos=\"21:1-24:0\">\n<li style=\"list-style-type: none;\">\n<ul data-sourcepos=\"21:1-24:0\">\n<li data-sourcepos=\"21:1-21:88\"><strong>Soe ja kaitsev:<\/strong> Parkad on loodud selleks, et hoida teid soojana \u00e4\u00e4rmuslikult k\u00fclma ilmaga.<\/li>\n<li data-sourcepos=\"22:1-22:75\"><strong>Funktsionaalne:<\/strong> Sageli on neil kapuuts, karusnahk ja mitu taskut.<\/li>\n<li data-sourcepos=\"23:1-24:0\"><strong>Stiilne:<\/strong> Parkad v\u00f5ivad olla stiilsed ja moodsad, eriti kaasaegse disaini ja v\u00e4rvide puhul.<\/li>\n<\/ul>\n<\/li>\n<\/ul>\n<div class=\"attachment-container search-images\">\n<div class=\"image-container hide-from-message-actions ng-star-inserted\">\n<h3 class=\"caption ellipsis gds-label-m-alt ng-star-inserted\" aria-hidden=\"true\"><strong style=\"color: #555555; font-size: 14.4px;\">4. Peacoat naiste talvemantlid:<\/strong><\/h3>\n<\/div>\n<\/div>\n<ul data-sourcepos=\"29:1-32:0\">\n<li style=\"list-style-type: none;\">\n<ul data-sourcepos=\"29:1-32:0\">\n<li data-sourcepos=\"29:1-29:83\"><strong>Klassikaline ja merekeskne:<\/strong> Peacoats on ajatu stiil, millel on merendusalane p\u00e4rand.<\/li>\n<li data-sourcepos=\"30:1-30:102\"><strong>Soe ja stiilne:<\/strong> Need on valmistatud paksust, soojast villast ja neil on sageli kahe rinnaosa.<\/li>\n<li data-sourcepos=\"31:1-32:0\"><strong>Mitmek\u00fclgne:<\/strong> Peacoate saab vastavalt olukorrale nii \u00fcles- kui ka mahakinnitusega riietada.<\/li>\n<\/ul>\n<\/li>\n<\/ul>\n<div class=\"attachment-container search-images\">\n<div class=\"image-container hide-from-message-actions ng-star-inserted\">\n<div class=\"caption ellipsis gds-label-m-alt ng-star-inserted\" aria-hidden=\"true\"><strong style=\"color: #555555; font-size: 14.4px;\">5. Nahkmantel:<\/strong><\/div>\n<\/div>\n<\/div>\n<ul data-sourcepos=\"37:1-40:0\">\n<li style=\"list-style-type: none;\">\n<ul data-sourcepos=\"37:1-40:0\">\n<li data-sourcepos=\"37:1-37:72\"><strong>S\u00e4rtsakas ja stiilne:<\/strong> Nahkmantlid lisavad igale riietusele teravust.<\/li>\n<li data-sourcepos=\"38:1-38:87\"><strong>Vastupidav ja ajatu:<\/strong> Nahk on vastupidav materjal, mis v\u00f5ib kesta aastaid.<\/li>\n<li data-sourcepos=\"39:1-40:0\"><strong>Mitmek\u00fclgne:<\/strong> Nahkmantleid saab vastavalt stiilile ja olukorrale kombineerida nii k\u00f5rgelt kui ka madalamalt.<\/li>\n<\/ul>\n<\/li>\n<\/ul>\n<div class=\"attachment-container search-images\">\n<div class=\"image-container hide-from-message-actions ng-star-inserted\">\n<div class=\"caption ellipsis gds-label-m-alt ng-star-inserted\" aria-hidden=\"true\"><strong style=\"color: #555555; font-size: 14.4px;\">N\u00e4pun\u00e4iteid naiste talvemantlite valimiseks:<\/strong><\/div>\n<\/div>\n<\/div>\n<ul data-sourcepos=\"45:1-50:0\">\n<li data-sourcepos=\"45:1-45:91\"><strong>M\u00f5elge oma kliimale:<\/strong> Valige mantel, mis sobib teie elukohaj\u00e4rgsele kliimale.<\/li>\n<li data-sourcepos=\"46:1-46:117\"><strong>M\u00f5elge oma elustiili peale:<\/strong> M\u00f5elge oma igap\u00e4evastele tegevustele ja valige mantel, mis on praktiline ja mugav.<\/li>\n<li data-sourcepos=\"47:1-47:91\"><strong>P\u00f6\u00f6rake t\u00e4helepanu sobivusele:<\/strong> Mantel peab h\u00e4sti istuma ja ei tohi olla liiga kitsas ega liiga lahtine.<\/li>\n<li data-sourcepos=\"48:1-48:98\"><strong>Valige stiil, mis sobib teie isikup\u00e4raga:<\/strong> Valige mantel, mis peegeldab teie isiklikku stiili.<\/li>\n<li data-sourcepos=\"49:1-50:0\"><strong>M\u00f5elge materjalidele:<\/strong> Otsige kvaliteetseid materjale, mis hoiavad teid soojana ja kuivana.<\/li>\n<\/ul>\n<p data-sourcepos=\"51:1-51:149\">Nii paljude erinevate stiilide ja materjalide hulgast leiad kindlasti t\u00e4iusliku talvemantli, mis hoiab sind sooja ja stiilselt kogu hooaja v\u00e4ltel.<\/p>","protected":false},"excerpt":{"rendered":"<table style=\"height: 500px;\" width=\"479\">\n<tbody>\n<tr>\n<td width=\"146\"><strong><b>Toode<\/b><\/strong>\u00a0<strong><b>Nimi:<\/b><\/strong><\/td>\n<td width=\"601\"><strong>Naiste talvemantlid<\/strong><\/td>\n<\/tr>\n<tr>\n<td width=\"146\"><strong><b>Materlal:<\/b><\/strong><\/td>\n<td width=\"601\">Kudumine<\/td>\n<\/tr>\n<tr>\n<td width=\"146\"><strong><b>Tehnika:<\/b><\/strong><\/td>\n<td width=\"601\">Tikitud<\/td>\n<\/tr>\n<tr>\n<td width=\"146\"><strong><b>Stiil:<\/b><\/strong><\/td>\n<td width=\"601\">Casual<\/td>\n<\/tr>\n<tr>\n<td width=\"146\"><strong><b>V\u00e4rv<\/b><\/strong><strong><b>:<\/b><\/strong><\/td>\n<td width=\"601\">\u00a0Kohandatud v\u00e4rvid<\/td>\n<\/tr>\n<tr>\n<td width=\"146\"><strong><b>Suurus:<\/b><\/strong><\/td>\n<td width=\"601\">S \/M \/L \/XL \/2XL<\/td>\n<\/tr>\n<tr>\n<td width=\"146\"><strong><b>OEM\/ODM:<\/b><\/strong><\/td>\n<td width=\"601\">Aktsepteeritav<\/td>\n<\/tr>\n<tr>\n<td width=\"146\"><strong><b>Kvaliteet:<\/b><\/strong><\/td>\n<td width=\"601\">100% k\u00f5rge kvaliteet<\/td>\n<\/tr>\n<tr>\n<td width=\"146\"><strong><b>M<\/b><\/strong><strong><b>OQ:<\/b><\/strong><\/td>\n<td width=\"601\">200 tk<\/td>\n<\/tr>\n<\/tbody>\n<\/table>","protected":false},"featured_media":2079,"template":"","meta":[],"product_brand":[],"product_cat":[39],"product_tag":[],"class_list":{"0":"post-2078","1":"product","2":"type-product","3":"status-publish","4":"has-post-thumbnail","6":"product_cat-womens-clothing","8":"first","9":"instock","10":"shipping-taxable","11":"product-type-simple"},"_links":{"self":[{"href":"https:\/\/mj-clothing.com\/et\/wp-json\/wp\/v2\/product\/2078","targetHints":{"allow":["GET"]}}],"collection":[{"href":"https:\/\/mj-clothing.com\/et\/wp-json\/wp\/v2\/product"}],"about":[{"href":"https:\/\/mj-clothing.com\/et\/wp-json\/wp\/v2\/types\/product"}],"wp:featuredmedia":[{"embeddable":true,"href":"https:\/\/mj-clothing.com\/et\/wp-json\/wp\/v2\/media\/2079"}],"wp:attachment":[{"href":"https:\/\/mj-clothing.com\/et\/wp-json\/wp\/v2\/media?parent=2078"}],"wp:term":[{"taxonomy":"product_brand","embeddable":true,"href":"https:\/\/mj-clothing.com\/et\/wp-json\/wp\/v2\/product_brand?post=2078"},{"taxonomy":"product_cat","embeddable":true,"href":"https:\/\/mj-clothing.com\/et\/wp-json\/wp\/v2\/product_cat?post=2078"},{"taxonomy":"product_tag","embeddable":true,"href":"https:\/\/mj-clothing.com\/et\/wp-json\/wp\/v2\/product_tag?post=2078"}],"curies":[{"name":"wp","href":"https:\/\/api.w.org\/{rel}","templated":true}]}}