{"id":1630,"date":"2024-12-12T01:46:18","date_gmt":"2024-12-12T01:46:18","guid":{"rendered":"https:\/\/mj-clothing.com\/?post_type=product&#038;p=1630"},"modified":"2024-12-17T07:22:20","modified_gmt":"2024-12-17T07:22:20","slug":"mens-long-sleeve-shirt","status":"publish","type":"product","link":"https:\/\/mj-clothing.com\/fi\/manufacturer\/mens-long-sleeve-shirt\/","title":{"rendered":"Miesten pitk\u00e4hihainen paita"},"content":{"rendered":"<p><span class=\"citation-0 recitation citation-end-0\">Miesten pitk\u00e4hihainen paita on monik\u00e4ytt\u00f6inen vaatekappale, jonka voi pukea tilaisuudesta ja kankaasta riippuen.<\/span> Se on vaatekaapin peruspilari, joka jokaisen miehen pit\u00e4isi omistaa.<\/p>\n<h3 data-sourcepos=\"5:1-5:38\"><strong>Miesten pitk\u00e4hihaisia paitoja:<\/strong><\/h3>\n<ul data-sourcepos=\"7:1-15:0\">\n<li data-sourcepos=\"7:1-8:30\"><strong><span class=\"citation-1 recitation\">Flanelli:<\/span><\/strong><span class=\"citation-1 recitation citation-end-1\"> Klassinen valinta syksyyn ja talveen, flanellipaidat on valmistettu pehme\u00e4st\u00e4, l\u00e4mpim\u00e4st\u00e4 kankaasta, joka sopii t\u00e4ydellisesti kerrospukeutumiseen.<\/span>\n<div class=\"container\"><\/div>\n<p><span class=\"citation-2 recitation citation-end-2\">Niit\u00e4 on saatavana erilaisina kuvioina, ruudullisista yksiv\u00e4risiin.<\/span><\/li>\n<li data-sourcepos=\"7:1-8:30\"><strong>Oxford:<\/strong> Tiiviisti kudotusta puuvillakankaasta valmistettu pukupaita. <span class=\"citation-3 recitation citation-end-3\">Oxford-paitoja k\u00e4ytet\u00e4\u00e4n usein liiketilaisuuksissa, mutta niit\u00e4 voi my\u00f6s pukea rennommaksi.<\/span>\n<div class=\"container\"><\/div>\n<\/li>\n<li data-sourcepos=\"7:1-8:30\"><strong>Chambray:<\/strong> <span class=\"citation-4 recitation citation-end-4\">Kevyt, rento paita, joka on valmistettu puuvillakankaasta, joka muistuttaa farkkua.<\/span> Chambray-paidat sopivat t\u00e4ydellisesti kev\u00e4\u00e4seen ja kes\u00e4\u00e4n.<\/li>\n<li data-sourcepos=\"7:1-8:30\"><strong><span class=\"citation-5 recitation\">T-paita:<\/span><\/strong><span class=\"citation-5 recitation citation-end-5\"> Monik\u00e4ytt\u00f6inen peruspaita, jota voi k\u00e4ytt\u00e4\u00e4 sellaisenaan tai kerrostettuna muiden vaatteiden alla.<\/span>\n<div class=\"container\"><span style=\"font-size: 14.4px;\">Pitk\u00e4hihaiset t-paidat sopivat hyvin viile\u00e4mp\u00e4\u00e4n s\u00e4\u00e4h\u00e4n.<\/span><\/div>\n<\/li>\n<li data-sourcepos=\"7:1-8:30\">\n<p data-sourcepos=\"16:1-16:43\"><strong>Miten tyylitell\u00e4 miesten pitk\u00e4hihainen paita:<\/strong><\/p>\n<ul data-sourcepos=\"18:1-21:0\">\n<li data-sourcepos=\"18:1-18:110\"><strong><span class=\"citation-6 recitation\">Pue se p\u00e4\u00e4lle:<\/span><\/strong><span class=\"citation-6 recitation citation-end-6\"> Yhdist\u00e4 pitk\u00e4hihainen Oxford-paita solmion ja pukuhousujen kanssa muodollista ilmett\u00e4 varten.<\/span><\/li>\n<li data-sourcepos=\"18:1-18:110\"><strong style=\"font-size: 14.4px;\"><span class=\"citation-7 recitation\">Pue se alas:<\/span><\/strong><span class=\"citation-7 recitation citation-end-7\" style=\"font-size: 14.4px;\"> K\u00e4yt\u00e4 flanellipaitaa farkkujen ja saappaiden kanssa rentoa ja karua ilmett\u00e4 varten.<\/span><\/li>\n<li data-sourcepos=\"18:1-18:110\"><strong>Kerrosta se:<\/strong> Kerrotaan pitk\u00e4hihainen t-paita flanellipaidan tai villapaidan alle lis\u00e4l\u00e4mp\u00f6\u00e4 varten.<\/li>\n<li data-sourcepos=\"18:1-18:110\">\n<p data-sourcepos=\"22:1-22:46\"><strong>Vinkkej\u00e4 miesten pitk\u00e4hihaisen paidan ostamiseen:<\/strong><\/p>\n<ul data-sourcepos=\"24:1-27:0\">\n<li data-sourcepos=\"24:1-24:95\"><strong>Huomioi kangas:<\/strong> Valitse vuodenaikaan ja tilaisuuteen sopiva kangas.<\/li>\n<li data-sourcepos=\"25:1-25:126\"><strong>Kiinnit\u00e4 huomiota istuvuuteen:<\/strong> Paidan on istuttava hyvin hartioiden ja rinnan kohdalta, ja sen on oltava tarpeeksi pitk\u00e4, jotta sen voi laittaa sis\u00e4\u00e4n.<\/li>\n<li data-sourcepos=\"26:1-27:0\"><strong>Tarkista kaulus:<\/strong> Kauluksen on oltava tasainen kaulaa vasten, eik\u00e4 se saa olla liian tiukka tai liian l\u00f6ys\u00e4.<\/li>\n<\/ul>\n<\/li>\n<\/ul>\n<\/li>\n<\/ul>","protected":false},"excerpt":{"rendered":"<table style=\"height: 593px;\" width=\"513\">\n<tbody>\n<tr>\n<td width=\"146\"><strong><b>Tuote<\/b><\/strong>\u00a0<strong><b>Nimi:<\/b><\/strong><\/td>\n<td width=\"601\"><strong>Miesten pitk\u00e4hihainen paita<\/strong><\/td>\n<\/tr>\n<tr>\n<td width=\"146\"><strong><b>Materlal:<\/b><\/strong><\/td>\n<td width=\"601\">Polyesteri\/puuvilla<\/td>\n<\/tr>\n<tr>\n<td width=\"146\"><strong><b>Tekniikka:<\/b><\/strong><\/td>\n<td width=\"601\">Painaminen ja v\u00e4rj\u00e4ys<\/td>\n<\/tr>\n<tr>\n<td width=\"146\"><strong><b>Tyyli:<\/b><\/strong><\/td>\n<td width=\"601\">Rento<\/td>\n<\/tr>\n<tr>\n<td width=\"146\"><strong><b>V\u00e4ri<\/b><\/strong><strong><b>:<\/b><\/strong><\/td>\n<td width=\"601\">\u00a0Mukautetut v\u00e4rit<\/td>\n<\/tr>\n<tr>\n<td width=\"146\"><strong><b>Koko:<\/b><\/strong><\/td>\n<td width=\"601\">S \/M \/L \/XL \/2XL<\/td>\n<\/tr>\n<tr>\n<td width=\"146\"><strong><b>OEM\/ODM:<\/b><\/strong><\/td>\n<td width=\"601\">Hyv\u00e4ksytt\u00e4v\u00e4<\/td>\n<\/tr>\n<tr>\n<td width=\"146\"><strong><b>Laatu:<\/b><\/strong><\/td>\n<td width=\"601\">100% korkea laatu<\/td>\n<\/tr>\n<tr>\n<td width=\"146\"><strong><b>M<\/b><\/strong><strong><b>OQ:<\/b><\/strong><\/td>\n<td width=\"601\">200 kpl<\/td>\n<\/tr>\n<\/tbody>\n<\/table>","protected":false},"featured_media":1746,"template":"","meta":[],"product_brand":[],"product_cat":[38],"product_tag":[],"class_list":{"0":"post-1630","1":"product","2":"type-product","3":"status-publish","4":"has-post-thumbnail","6":"product_cat-mens-clothing","8":"first","9":"instock","10":"shipping-taxable","11":"product-type-simple"},"_links":{"self":[{"href":"https:\/\/mj-clothing.com\/fi\/wp-json\/wp\/v2\/product\/1630","targetHints":{"allow":["GET"]}}],"collection":[{"href":"https:\/\/mj-clothing.com\/fi\/wp-json\/wp\/v2\/product"}],"about":[{"href":"https:\/\/mj-clothing.com\/fi\/wp-json\/wp\/v2\/types\/product"}],"wp:featuredmedia":[{"embeddable":true,"href":"https:\/\/mj-clothing.com\/fi\/wp-json\/wp\/v2\/media\/1746"}],"wp:attachment":[{"href":"https:\/\/mj-clothing.com\/fi\/wp-json\/wp\/v2\/media?parent=1630"}],"wp:term":[{"taxonomy":"product_brand","embeddable":true,"href":"https:\/\/mj-clothing.com\/fi\/wp-json\/wp\/v2\/product_brand?post=1630"},{"taxonomy":"product_cat","embeddable":true,"href":"https:\/\/mj-clothing.com\/fi\/wp-json\/wp\/v2\/product_cat?post=1630"},{"taxonomy":"product_tag","embeddable":true,"href":"https:\/\/mj-clothing.com\/fi\/wp-json\/wp\/v2\/product_tag?post=1630"}],"curies":[{"name":"wp","href":"https:\/\/api.w.org\/{rel}","templated":true}]}}