{"id":1639,"date":"2024-12-12T03:09:51","date_gmt":"2024-12-12T03:09:51","guid":{"rendered":"https:\/\/mj-clothing.com\/?post_type=product&#038;p=1639"},"modified":"2024-12-17T07:21:12","modified_gmt":"2024-12-17T07:21:12","slug":"luxury-mens-white-shirt","status":"publish","type":"product","link":"https:\/\/mj-clothing.com\/fi\/manufacturer\/luxury-mens-white-shirt\/","title":{"rendered":"Ylellinen miesten valkoinen paita"},"content":{"rendered":"<h2>Ylellinen miesten valkoinen paita<\/h2>\n<p><span class=\"citation-0 recitation citation-end-0\">Ylellinen miesten valkoinen paita on ajaton klassikko, joka voi kohottaa mit\u00e4 tahansa vaatekaappia.<\/span>Seuraavassa on muutamia avaintekij\u00f6it\u00e4, jotka kannattaa ottaa huomioon valittaessa ylellist\u00e4 valkoista paitaa:<\/p>\n<div id=\"model-response-message-contentr_5dd7d1f0a90fdd28\" class=\"markdown markdown-main-panel response-optimization\" dir=\"ltr\">\n<p data-sourcepos=\"3:1-3:11\"><strong>Kangas:<\/strong><\/p>\n<ul data-sourcepos=\"5:1-12:0\">\n<li data-sourcepos=\"5:1-7:29\"><strong><span class=\"citation-1 recitation\">Hienoa puuvillaa:<\/span><\/strong><span class=\"citation-1 recitation citation-end-1\"> Korkealaatuinen puuvilla, kuten egyptil\u00e4inen tai Pima-puuvilla, on poikkeuksellisen pehme\u00e4\u00e4, hengitt\u00e4v\u00e4\u00e4 ja kest\u00e4v\u00e4\u00e4.<\/span><\/li>\n<li data-sourcepos=\"5:1-7:29\"><strong><span class=\"citation-2 recitation\">Sea Island Cotton:<\/span><\/strong><span class=\"citation-2 recitation citation-end-2\"> Sea Island -puuvilla tunnetaan eritt\u00e4in pitkist\u00e4 kuiduistaan, ja se on yksi ylellisimmist\u00e4 saatavilla olevista kankaista.<\/span> Se on uskomattoman pehme\u00e4, sile\u00e4 ja kiilt\u00e4v\u00e4.<span class=\"button-container hide-from-message-actions ng-star-inserted\">\u00a0<\/span>\n<div class=\"container ng-tns-c3661983433-95 hide\">\n<div class=\"carousel-container ng-tns-c3661983433-95\"><\/div>\n<\/div>\n<div class=\"attachment-container search-images\"><\/div>\n<\/li>\n<li data-sourcepos=\"5:1-7:29\"><strong><span class=\"citation-3 recitation\">Liinavaatteet:<\/span><\/strong><span class=\"citation-3 recitation citation-end-3\"> Luonnollinen, hengitt\u00e4v\u00e4 kangas, joka sopii t\u00e4ydellisesti l\u00e4mpim\u00e4mp\u00e4\u00e4n s\u00e4\u00e4h\u00e4n.<\/span>Sen ulkon\u00e4k\u00f6 on usein hieman kuvioitu, ja se on rennon tyylik\u00e4s.<span class=\"button-container hide-from-message-actions ng-star-inserted\" style=\"font-size: 14.4px;\">\u00a0\u00a0<\/span>\n<div class=\"container ng-tns-c3661983433-95 hide\">\n<div class=\"carousel-container ng-tns-c3661983433-95\"><\/div>\n<\/div>\n<div class=\"attachment-container search-images\"><\/div>\n<\/li>\n<\/ul>\n<p data-sourcepos=\"13:1-13:17\"><strong>Rakentaminen:<\/strong><\/p>\n<ul data-sourcepos=\"15:1-18:0\">\n<li data-sourcepos=\"15:1-15:160\"><strong>R\u00e4\u00e4t\u00e4l\u00f6inti:<\/strong> Paidan on oltava hyvin r\u00e4\u00e4t\u00e4l\u00f6ity, ja siin\u00e4 on oltava tarkat ompeleet ja siisti viimeistely. Kiinnit\u00e4 huomiota yksityiskohtiin, kuten kaulukseen, hihansuihin ja napinl\u00e4peen.<\/li>\n<li data-sourcepos=\"16:1-16:110\"><strong>Sopii:<\/strong> Istuvuus on ratkaisevan t\u00e4rke\u00e4\u00e4 ylellisen ulkon\u00e4\u00f6n kannalta. Hyvin istuvan paidan on oltava sile\u00e4 ja miellytt\u00e4v\u00e4.<\/li>\n<li data-sourcepos=\"17:1-18:0\"><strong>Kauluksen tyyli:<\/strong> Valitse kaulustyyli, joka sopii kasvojen muotoasi ja henkil\u00f6kohtaisiin mieltymyksiisi. <span class=\"citation-4 recitation citation-end-4\">Suosittuja vaihtoehtoja ovat klassinen pistekaulus, napitettava kaulus ja leikkauskaulus.<\/span><span class=\"button-container hide-from-message-actions ng-star-inserted\"> \u00a0<\/span>\n<div class=\"container ng-tns-c3661983433-96 hide\">\n<div class=\"carousel-container ng-tns-c3661983433-96\">\n<div class=\"carousel-content ng-tns-c3661983433-96\">\n<div class=\"sources-carousel-source ng-tns-c3661983433-96 hide ng-star-inserted\" data-test-id=\"sources-carousel-source\"><\/div>\n<\/div>\n<\/div>\n<\/div>\n<\/li>\n<\/ul>\n<p data-sourcepos=\"19:1-19:11\"><strong>Suunnittelu:<\/strong><\/p>\n<ul data-sourcepos=\"21:1-23:0\">\n<li data-sourcepos=\"21:1-21:168\"><strong>Minimalistista eleganssia:<\/strong> Yksinkertainen, selke\u00e4 muotoilu on usein ylellisint\u00e4. Valitse paita, jossa on hienovaraisia yksityiskohtia, kuten helmi\u00e4isnappeja tai hienovarainen monogrammi.<\/li>\n<li data-sourcepos=\"22:1-23:0\"><strong>Hienovaraiset kuviot:<\/strong> Jos haluat ripauksen kuviota, harkitse hienovaraista raitaa tai pient\u00e4 ruutua.<\/li>\n<\/ul>\n<p data-sourcepos=\"24:1-24:11\"><strong>Tuotemerkit:<\/strong><\/p>\n<\/div>\n<div class=\"skeleton-loader-container\">\n<p data-sourcepos=\"26:1-26:70\">Useat luksusmerkit ovat tunnettuja ylellisest\u00e4 miesten valkoisesta paidasta:<\/p>\n<ul data-sourcepos=\"28:1-36:0\">\n<li data-sourcepos=\"28:1-29:43\"><strong>Turnbull &amp; Asser:<\/strong> <span class=\"citation-5 recitation citation-end-5\">Tunnettu r\u00e4\u00e4t\u00e4l\u00f6idyst\u00e4 r\u00e4\u00e4t\u00e4l\u00f6innist\u00e4 ja ylellisist\u00e4 kankaista.<\/span><\/li>\n<li data-sourcepos=\"28:1-29:43\"><strong><span class=\"citation-6 recitation\">Charvet:<\/span><\/strong><span class=\"citation-6 recitation citation-end-6\"> Historiallinen ranskalainen paitavalmistaja, joka tarjoaa hienoa k\u00e4sity\u00f6taitoa ja tyylikk\u00e4it\u00e4 malleja.<\/span><\/li>\n<li data-sourcepos=\"28:1-29:43\"><strong><span class=\"citation-7 recitation\">Brioni:<\/span><\/strong><span class=\"citation-7 recitation citation-end-7\"> Italialainen luksusmerkki, joka keskittyy hienoon r\u00e4\u00e4t\u00e4l\u00f6intiin ja moitteettomaan laatuun.<\/span><\/li>\n<li data-sourcepos=\"28:1-29:43\">\n<div class=\"container\"><strong><span class=\"citation-8 recitation\">Kiton:<\/span><\/strong><span class=\"citation-8 recitation citation-end-8\"> Toinen italialainen luksusmerkki, joka valmistaa maailman hienoimpia paitoja.<\/span><\/div>\n<p><span class=\"button-container hide-from-message-actions ng-star-inserted\"> \u00a0 <\/span><\/li>\n<\/ul>\n<\/div>\n<div class=\"response-footer gap complete\">\n<div class=\"container ng-tns-c3661983433-86\">\n<div class=\"carousel-container ng-tns-c3661983433-86\">\n<div class=\"carousel-content ng-tns-c3661983433-86\">\n<div class=\"sources-carousel-source ng-tns-c3661983433-86 ng-star-inserted\" data-test-id=\"sources-carousel-source\">\n<div class=\"source-card-container\">\n<div class=\"source-card-content\">\n<div class=\"source-card-body\">\n<div class=\"source-card-header\">\n<div class=\"source-card-title\"><\/div>\n<\/div>\n<\/div>\n<\/div>\n<\/div>\n<\/div>\n<\/div>\n<\/div>\n<\/div>\n<\/div>","protected":false},"excerpt":{"rendered":"<table style=\"height: 485px;\" width=\"491\">\n<tbody>\n<tr>\n<td width=\"146\"><strong><b>Tuote<\/b><\/strong>\u00a0<strong><b>Nimi:<\/b><\/strong><\/td>\n<td width=\"601\"><strong>Ylellinen miesten valkoinen paita<\/strong><\/td>\n<\/tr>\n<tr>\n<td width=\"146\"><strong><b>Materlal:<\/b><\/strong><\/td>\n<td width=\"601\">Polyesteri\/puuvilla<\/td>\n<\/tr>\n<tr>\n<td width=\"146\"><strong><b>Tekniikka:<\/b><\/strong><\/td>\n<td width=\"601\">Painaminen ja v\u00e4rj\u00e4ys<\/td>\n<\/tr>\n<tr>\n<td width=\"146\"><strong><b>Tyyli:<\/b><\/strong><\/td>\n<td width=\"601\">Rento<\/td>\n<\/tr>\n<tr>\n<td width=\"146\"><strong><b>V\u00e4ri<\/b><\/strong><strong><b>:<\/b><\/strong><\/td>\n<td width=\"601\">\u00a0Mukautetut v\u00e4rit<\/td>\n<\/tr>\n<tr>\n<td width=\"146\"><strong><b>Koko:<\/b><\/strong><\/td>\n<td width=\"601\">S \/M \/L \/XL \/2XL<\/td>\n<\/tr>\n<tr>\n<td width=\"146\"><strong><b>OEM\/ODM:<\/b><\/strong><\/td>\n<td width=\"601\">Hyv\u00e4ksytt\u00e4v\u00e4<\/td>\n<\/tr>\n<tr>\n<td width=\"146\"><strong><b>Laatu:<\/b><\/strong><\/td>\n<td width=\"601\">100% korkea laatu<\/td>\n<\/tr>\n<tr>\n<td width=\"146\"><strong><b>M<\/b><\/strong><strong><b>OQ:<\/b><\/strong><\/td>\n<td width=\"601\">200 kpl<\/td>\n<\/tr>\n<\/tbody>\n<\/table>","protected":false},"featured_media":1748,"template":"","meta":[],"product_brand":[],"product_cat":[38],"product_tag":[],"class_list":{"0":"post-1639","1":"product","2":"type-product","3":"status-publish","4":"has-post-thumbnail","6":"product_cat-mens-clothing","8":"first","9":"instock","10":"shipping-taxable","11":"product-type-simple"},"_links":{"self":[{"href":"https:\/\/mj-clothing.com\/fi\/wp-json\/wp\/v2\/product\/1639","targetHints":{"allow":["GET"]}}],"collection":[{"href":"https:\/\/mj-clothing.com\/fi\/wp-json\/wp\/v2\/product"}],"about":[{"href":"https:\/\/mj-clothing.com\/fi\/wp-json\/wp\/v2\/types\/product"}],"wp:featuredmedia":[{"embeddable":true,"href":"https:\/\/mj-clothing.com\/fi\/wp-json\/wp\/v2\/media\/1748"}],"wp:attachment":[{"href":"https:\/\/mj-clothing.com\/fi\/wp-json\/wp\/v2\/media?parent=1639"}],"wp:term":[{"taxonomy":"product_brand","embeddable":true,"href":"https:\/\/mj-clothing.com\/fi\/wp-json\/wp\/v2\/product_brand?post=1639"},{"taxonomy":"product_cat","embeddable":true,"href":"https:\/\/mj-clothing.com\/fi\/wp-json\/wp\/v2\/product_cat?post=1639"},{"taxonomy":"product_tag","embeddable":true,"href":"https:\/\/mj-clothing.com\/fi\/wp-json\/wp\/v2\/product_tag?post=1639"}],"curies":[{"name":"wp","href":"https:\/\/api.w.org\/{rel}","templated":true}]}}