{"id":1662,"date":"2024-12-12T03:40:11","date_gmt":"2024-12-12T03:40:11","guid":{"rendered":"https:\/\/mj-clothing.com\/?post_type=product&#038;p=1662"},"modified":"2024-12-17T07:20:07","modified_gmt":"2024-12-17T07:20:07","slug":"mens-lounge-shirts","status":"publish","type":"product","link":"https:\/\/mj-clothing.com\/fi\/manufacturer\/mens-lounge-shirts\/","title":{"rendered":"Miesten Lounge-paidat"},"content":{"rendered":"<div class=\"user-query-container ng-star-inserted\">\n<div id=\"user-query-content-5\" class=\"query-content\">\n<div class=\"query-text ng-star-inserted\" dir=\"ltr\" role=\"heading\" aria-level=\"2\">\n<h2 class=\"query-text-line ng-star-inserted\">Miesten Lounge-paidat<\/h2>\n<\/div>\n<\/div>\n<div class=\"button-gutter\"><span class=\"citation-0 recitation citation-end-0\" style=\"font-size: 14.4px; color: #555555;\">Miesten Lounge-paita on mukava ja tyylik\u00e4s vaatekappale, joka on suunniteltu rentoutumiseen ja vapaa-aikaan.<\/span><span style=\"font-size: 14.4px; color: #555555;\"> Se sopii t\u00e4ydellisesti loikoiluun kotona, asioilla k\u00e4yntiin tai vain rentoon ulkoiluun.<\/span><\/div>\n<div>\n<p data-sourcepos=\"3:1-3:61\">Seuraavassa on muutamia miesten lounge-paitojen keskeisi\u00e4 ominaisuuksia ja tyylej\u00e4:<\/p>\n<p data-sourcepos=\"5:1-5:17\"><strong>T\u00e4rkeimm\u00e4t ominaisuudet:<\/strong><\/p>\n<ul data-sourcepos=\"7:1-10:0\">\n<li data-sourcepos=\"7:1-7:123\"><strong><span class=\"citation-1 recitation\">Mukavuus:<\/span><\/strong><span class=\"citation-1 recitation citation-end-1\"> Lounge-paidat on yleens\u00e4 valmistettu pehmeist\u00e4, hengitt\u00e4vist\u00e4 kankaista, kuten puuvillasta, flanellista tai trikoota.<\/span><\/li>\n<li data-sourcepos=\"7:1-7:123\"><strong>Rento istuvuus:<\/strong> Niiss\u00e4 on usein rento tai ylimitoitettu istuvuus maksimaalisen mukavuuden takaamiseksi.<\/li>\n<li data-sourcepos=\"7:1-7:123\"><strong>Rento tyyli:<\/strong> Lounge-paitoja on saatavana monenlaisissa rennoissa tyyleiss\u00e4, kuten yksiv\u00e4risin\u00e4, raidallisina ja kuviollisina.\n<p data-sourcepos=\"11:1-11:19\"><strong>Suosittuja tyylej\u00e4:<\/strong><\/p>\n<\/li>\n<li data-sourcepos=\"7:1-7:123\">\n<p data-sourcepos=\"11:1-11:19\"><strong style=\"color: #333333; font-size: 14.4px;\">Flanellipaita:<\/strong><span style=\"color: #333333; font-size: 14.4px;\"> Flanellipaidat ovat klassinen valinta kylmemp\u00e4\u00e4n s\u00e4\u00e4h\u00e4n, ja ne sopivat t\u00e4ydellisesti sohvalla viihtymiseen.<\/span><\/p>\n<\/li>\n<li data-sourcepos=\"7:1-7:123\"><strong><span class=\"citation-2 recitation\">Oxford-paita:<\/span><\/strong><span class=\"citation-2 recitation citation-end-2\"> Hienostuneempi vaihtoehto, Oxford-paidat voidaan pukea yl\u00f6s tai alas.<\/span><\/li>\n<li data-sourcepos=\"7:1-7:123\"><strong><span class=\"citation-3 recitation\">Jersey-paita:<\/span><\/strong><span class=\"citation-3 recitation citation-end-3\"> Pehme\u00e4t ja joustavat trikoopaidat ovat ihanteellisia kotona oleskeluun.<sup class=\"superscript visible\" data-turn-source-index=\"4\">\u00a0<\/sup><\/span><\/li>\n<li data-sourcepos=\"7:1-7:123\"><strong><span class=\"citation-4 recitation\">Henley-paita:<\/span><\/strong><span class=\"citation-4 recitation citation-end-4\"> Henley-paidat ovat rento ja mukava vaihtoehto, ja ne sopivat t\u00e4ydellisesti rentoon lookkiin.<\/span>\n<div class=\"container\">\n<p data-sourcepos=\"22:1-22:38\"><strong>Miten tyyli Mens Lounge paitoja:<\/strong><\/p>\n<ul data-sourcepos=\"24:1-27:0\">\n<li data-sourcepos=\"24:1-24:88\"><strong>Rento look:<\/strong> Yhdist\u00e4 flanelli- tai trikoopaita farkkujen tai verkkareiden ja lenkkareiden kanssa.<\/li>\n<li data-sourcepos=\"25:1-25:85\"><strong>Korostettu ilme:<\/strong> Pue oxford-paita chinoilla tai pukuhousuilla ja lenkkareilla.<\/li>\n<li data-sourcepos=\"26:1-27:0\"><strong>Kerroksellinen look:<\/strong> Kerrotaan flanellipaita t-paidan p\u00e4\u00e4lle kodikkaan ja tyylikk\u00e4\u00e4n ilmeen saamiseksi.<\/li>\n<\/ul>\n<\/div>\n<\/li>\n<\/ul>\n<\/div>\n<\/div>","protected":false},"excerpt":{"rendered":"<table style=\"height: 527px;\" width=\"492\">\n<tbody>\n<tr>\n<td width=\"146\"><strong><b>Tuote<\/b><\/strong>\u00a0<strong><b>Nimi:<\/b><\/strong><\/td>\n<td width=\"601\"><strong>Miesten Lounge-paidat<\/strong><\/td>\n<\/tr>\n<tr>\n<td width=\"146\"><strong><b>Materlal:<\/b><\/strong><\/td>\n<td width=\"601\">Polyesteri\/puuvilla<\/td>\n<\/tr>\n<tr>\n<td width=\"146\"><strong><b>Tekniikka:<\/b><\/strong><\/td>\n<td width=\"601\">Painaminen ja v\u00e4rj\u00e4ys<\/td>\n<\/tr>\n<tr>\n<td width=\"146\"><strong><b>Tyyli:<\/b><\/strong><\/td>\n<td width=\"601\">Rento<\/td>\n<\/tr>\n<tr>\n<td width=\"146\"><strong><b>V\u00e4ri<\/b><\/strong><strong><b>:<\/b><\/strong><\/td>\n<td width=\"601\">\u00a0Mukautetut v\u00e4rit<\/td>\n<\/tr>\n<tr>\n<td width=\"146\"><strong><b>Koko:<\/b><\/strong><\/td>\n<td width=\"601\">S \/M \/L \/XL \/2XL<\/td>\n<\/tr>\n<tr>\n<td width=\"146\"><strong><b>OEM\/ODM:<\/b><\/strong><\/td>\n<td width=\"601\">Hyv\u00e4ksytt\u00e4v\u00e4<\/td>\n<\/tr>\n<tr>\n<td width=\"146\"><strong><b>Laatu:<\/b><\/strong><\/td>\n<td width=\"601\">100% korkea laatu<\/td>\n<\/tr>\n<tr>\n<td width=\"146\"><strong><b>M<\/b><\/strong><strong><b>OQ:<\/b><\/strong><\/td>\n<td width=\"601\">200 kpl<\/td>\n<\/tr>\n<\/tbody>\n<\/table>","protected":false},"featured_media":1747,"template":"","meta":[],"product_brand":[],"product_cat":[38],"product_tag":[],"class_list":{"0":"post-1662","1":"product","2":"type-product","3":"status-publish","4":"has-post-thumbnail","6":"product_cat-mens-clothing","8":"first","9":"instock","10":"shipping-taxable","11":"product-type-simple"},"_links":{"self":[{"href":"https:\/\/mj-clothing.com\/fi\/wp-json\/wp\/v2\/product\/1662","targetHints":{"allow":["GET"]}}],"collection":[{"href":"https:\/\/mj-clothing.com\/fi\/wp-json\/wp\/v2\/product"}],"about":[{"href":"https:\/\/mj-clothing.com\/fi\/wp-json\/wp\/v2\/types\/product"}],"wp:featuredmedia":[{"embeddable":true,"href":"https:\/\/mj-clothing.com\/fi\/wp-json\/wp\/v2\/media\/1747"}],"wp:attachment":[{"href":"https:\/\/mj-clothing.com\/fi\/wp-json\/wp\/v2\/media?parent=1662"}],"wp:term":[{"taxonomy":"product_brand","embeddable":true,"href":"https:\/\/mj-clothing.com\/fi\/wp-json\/wp\/v2\/product_brand?post=1662"},{"taxonomy":"product_cat","embeddable":true,"href":"https:\/\/mj-clothing.com\/fi\/wp-json\/wp\/v2\/product_cat?post=1662"},{"taxonomy":"product_tag","embeddable":true,"href":"https:\/\/mj-clothing.com\/fi\/wp-json\/wp\/v2\/product_tag?post=1662"}],"curies":[{"name":"wp","href":"https:\/\/api.w.org\/{rel}","templated":true}]}}