{"id":1687,"date":"2024-12-12T06:29:02","date_gmt":"2024-12-12T06:29:02","guid":{"rendered":"https:\/\/mj-clothing.com\/?post_type=product&#038;p=1687"},"modified":"2024-12-13T03:09:53","modified_gmt":"2024-12-13T03:09:53","slug":"mens-linnen-ecru-shirt","status":"publish","type":"product","link":"https:\/\/mj-clothing.com\/fi\/manufacturer\/mens-linnen-ecru-shirt\/","title":{"rendered":"Miesten Linnen Ecru paita"},"content":{"rendered":"<h2><strong>Miesten Linnen Ecru paita<\/strong><\/h2>\n<p><span class=\"citation-0 recitation citation-end-0\">Miesten Linnen Ecru -paita on tyylik\u00e4s ja monipuolinen vaatekappale, joka sopii erinomaisesti l\u00e4mpim\u00e4\u00e4n s\u00e4\u00e4h\u00e4n.<\/span> T\u00e4ss\u00e4 on syy:<\/p>\n<h3 data-sourcepos=\"3:1-3:14\"><strong>\u00a0 \u00a0 \u00a0 Miksi pellava?<\/strong><\/h3>\n<ul data-sourcepos=\"5:1-9:0\">\n<li data-sourcepos=\"5:1-5:157\"><strong>Hengitt\u00e4vyys:<\/strong> <span class=\"citation-1 recitation citation-end-1\">Pellava on luonnonkuitu, joka imee erinomaisesti kosteutta ja p\u00e4\u00e4st\u00e4\u00e4 ilman kiert\u00e4m\u00e4\u00e4n, mik\u00e4 pit\u00e4\u00e4 sinut viile\u00e4n\u00e4 ja mukavana.<\/span><\/li>\n<li data-sourcepos=\"5:1-5:157\"><strong style=\"font-size: 14.4px;\"><span class=\"citation-2 recitation\">Kest\u00e4vyys:<\/span><\/strong><span class=\"citation-2 recitation citation-end-2\" style=\"font-size: 14.4px;\"> Herk\u00e4st\u00e4 ulkon\u00e4\u00f6st\u00e4\u00e4n huolimatta pellava on yll\u00e4tt\u00e4v\u00e4n kest\u00e4v\u00e4\u00e4 ja pitk\u00e4ik\u00e4ist\u00e4.<\/span><\/li>\n<li data-sourcepos=\"5:1-5:157\"><strong><span class=\"citation-3 recitation\">Pehmeys:<\/span><\/strong><span class=\"citation-3 recitation citation-end-3\"> Pellava muuttuu pehme\u00e4mm\u00e4ksi jokaisessa pesussa, mik\u00e4 tekee siit\u00e4 ajan mittaan yh\u00e4 miellytt\u00e4v\u00e4mm\u00e4n.<\/span><\/li>\n<li data-sourcepos=\"5:1-5:157\"><strong style=\"font-size: 14.4px;\">Rypistym\u00e4t\u00f6n:<\/strong><span style=\"font-size: 14.4px;\"> Vaikka pellava on tunnettu luonnollisesta ryppyisyydest\u00e4\u00e4n, se lis\u00e4\u00e4 sen rentoa ja rentoa charmia.<\/span><br \/>\n<h3 data-sourcepos=\"10:1-10:13\"><strong>Miksi Ecru?<\/strong><\/h3>\n<\/li>\n<li data-sourcepos=\"5:1-5:157\"><strong>Monipuolisuus:<\/strong> <span class=\"citation-4 recitation citation-end-4\">Ecru, vaalean beige tai luonnonvalkoinen v\u00e4ri, on uskomattoman monipuolinen.<\/span>Se sopii hyvin yhteen eriv\u00e4risten pukujen kanssa, tummista farkuista vaaleisiin chinopipoihin.<\/li>\n<li data-sourcepos=\"13:1-13:96\"><strong>Ajaton:<\/strong> Neutraali ecru-s\u00e4vy tekee siit\u00e4 ajattoman kappaleen, joka ei koskaan mene pois muodista.<\/li>\n<li data-sourcepos=\"14:1-15:0\"><strong>Helppo tyyli:<\/strong> <span class=\"citation-5 recitation citation-end-5\"><span class=\"citation-5 recitation citation-end-5\"><span class=\"citation-5 recitation citation-end-5\">Se voidaan pukea yl\u00f6s tai alas, mik\u00e4 tekee siit\u00e4 t\u00e4ydellisen erilaisiin tilaisuuksiin.<\/span><\/span><\/span><br \/>\n<h3 data-sourcepos=\"16:1-16:36\"><strong>Miten tyylitell\u00e4 miesten Linnen Ecru-paita?<\/strong><\/h3>\n<\/li>\n<li data-sourcepos=\"14:1-15:0\"><strong>Rento:<\/strong> Yhdist\u00e4 se farkkujen, chinojen tai shortsien ja lenkkareiden kanssa rentoon, jokap\u00e4iv\u00e4iseen lookkiin.<\/li>\n<li data-sourcepos=\"14:1-15:0\"><strong>Smart Casual:<\/strong> Yhdist\u00e4 se r\u00e4\u00e4t\u00e4l\u00f6ityihin housuihin ja mokkasiin, niin saat hienostuneen mutta rennon kokonaisuuden.<\/li>\n<li data-sourcepos=\"14:1-15:0\"><strong>Trooppinen:<\/strong> K\u00e4yt\u00e4 sit\u00e4 kontrastiv\u00e4risten pellavahousujen tai shortsien kanssa, jotta saat kes\u00e4isen ja ilmavan asun.<\/li>\n<\/ul>","protected":false},"excerpt":{"rendered":"<p>Materiaali: polyesteri\/puuvilla\/liinavaatteet<\/p>\n<p>Tekniikka: Tekniikat: Kirjonta<\/p>\n<p>Tyyli: .<\/p>\n<p>V\u00e4ri\uff1aMusta ja mukautetut v\u00e4rit<\/p>\n<p>Koko: S \/M \/L \/XL \/2XL<\/p>","protected":false},"featured_media":1750,"template":"","meta":[],"product_brand":[],"product_cat":[38],"product_tag":[],"class_list":{"0":"post-1687","1":"product","2":"type-product","3":"status-publish","4":"has-post-thumbnail","6":"product_cat-mens-clothing","8":"first","9":"instock","10":"shipping-taxable","11":"product-type-simple"},"_links":{"self":[{"href":"https:\/\/mj-clothing.com\/fi\/wp-json\/wp\/v2\/product\/1687","targetHints":{"allow":["GET"]}}],"collection":[{"href":"https:\/\/mj-clothing.com\/fi\/wp-json\/wp\/v2\/product"}],"about":[{"href":"https:\/\/mj-clothing.com\/fi\/wp-json\/wp\/v2\/types\/product"}],"wp:featuredmedia":[{"embeddable":true,"href":"https:\/\/mj-clothing.com\/fi\/wp-json\/wp\/v2\/media\/1750"}],"wp:attachment":[{"href":"https:\/\/mj-clothing.com\/fi\/wp-json\/wp\/v2\/media?parent=1687"}],"wp:term":[{"taxonomy":"product_brand","embeddable":true,"href":"https:\/\/mj-clothing.com\/fi\/wp-json\/wp\/v2\/product_brand?post=1687"},{"taxonomy":"product_cat","embeddable":true,"href":"https:\/\/mj-clothing.com\/fi\/wp-json\/wp\/v2\/product_cat?post=1687"},{"taxonomy":"product_tag","embeddable":true,"href":"https:\/\/mj-clothing.com\/fi\/wp-json\/wp\/v2\/product_tag?post=1687"}],"curies":[{"name":"wp","href":"https:\/\/api.w.org\/{rel}","templated":true}]}}