{"id":1744,"date":"2024-12-13T02:59:23","date_gmt":"2024-12-13T02:59:23","guid":{"rendered":"https:\/\/mj-clothing.com\/?post_type=product&#038;p=1744"},"modified":"2024-12-17T07:18:06","modified_gmt":"2024-12-17T07:18:06","slug":"mens-pocket-t-shirts","status":"publish","type":"product","link":"https:\/\/mj-clothing.com\/fi\/manufacturer\/mens-pocket-t-shirts\/","title":{"rendered":"Miesten Pocket T-paidat"},"content":{"rendered":"<div id=\"chat-history\" class=\"chat-history-scroll-container\">\n<div id=\"e1f51b489f031adc\" class=\"conversation-container ng-tns-c2150043242-1 message-actions-hover-boundary response-optimization ng-star-inserted\">\n<div class=\"response-container ng-tns-c1933435332-46 response-optimization response-container-with-gpi ng-star-inserted response-container-has-multiple-responses\">\n<div class=\"presented-response-container ng-tns-c1933435332-46\">\n<div class=\"response-container-content ng-tns-c1933435332-46 tunable-selection-with-avatar\">\n<div class=\"response-content ng-tns-c1933435332-46\">\n<div id=\"model-response-message-contentr_e1f51b489f031adc\" class=\"markdown markdown-main-panel response-optimization\" dir=\"ltr\">\n<h3 data-sourcepos=\"1:1-1:78\">Miesten Pocket T-paidat<\/h3>\n<p data-sourcepos=\"1:1-1:78\">T\u00e4ss\u00e4 on joitakin Mens Pocket T-paitoja, jotka ovat t\u00e4ll\u00e4 hetkell\u00e4 saatavilla Singaporessa:<\/p>\n<p data-sourcepos=\"3:1-3:19\"><strong>Rentoja vaihtoehtoja:<\/strong><\/p>\n<ul data-sourcepos=\"5:1-10:0\">\n<li data-sourcepos=\"5:1-7:0\">\n<p data-sourcepos=\"5:3-6:64\"><strong>Uniqlo Oversized Pocket Crew Neck Half Sleeve T-paita:<\/strong> <span class=\"citation-0 recitation citation-end-0\">T\u00e4m\u00e4 on mukava ja tyylik\u00e4s vaihtoehto, jota on saatavana useissa eri v\u00e4reiss\u00e4.<\/span> Se sopii t\u00e4ydellisesti jokap\u00e4iv\u00e4iseen k\u00e4ytt\u00f6\u00f6n.<span class=\"button-container hide-from-message-actions ng-star-inserted\">\u00a0 \u00a0<\/span><\/p>\n<div class=\"container ng-tns-c2946245707-59 hide\">\n<div class=\"carousel-container ng-tns-c2946245707-59\"><\/div>\n<\/div>\n<div class=\"attachment-container search-images\"><\/div>\n<\/li>\n<li data-sourcepos=\"8:1-10:0\">\n<p data-sourcepos=\"8:3-9:47\"><strong>Carhartt WIP S\/S Work Pocket T-paita:<\/strong> T\u00e4m\u00e4 on kest\u00e4v\u00e4mpi ja lujempi vaihtoehto, joka sopii t\u00e4ydellisesti ty\u00f6h\u00f6n tai ulkoilmaan. <span class=\"citation-1 recitation citation-end-1\">Siin\u00e4 on rintatasku ja rento istuvuus.<\/span><span class=\"button-container hide-from-message-actions ng-star-inserted\">\u00a0 \u00a0<\/span><\/p>\n<div class=\"container ng-tns-c2946245707-60 hide\">\n<div class=\"carousel-container ng-tns-c2946245707-60\"><\/div>\n<\/div>\n<div class=\"attachment-container search-images\"><\/div>\n<\/li>\n<\/ul>\n<p data-sourcepos=\"11:1-11:20\"><strong>Premium-vaihtoehdot:<\/strong><\/p>\n<ul data-sourcepos=\"13:1-18:0\">\n<li data-sourcepos=\"13:1-15:0\">\n<p data-sourcepos=\"13:3-14:45\"><strong>Ralph Lauren Jersey Pocket T-paita:<\/strong> <span class=\"citation-2 recitation citation-end-2\">T\u00e4m\u00e4 korkealaatuinen t-paita on valmistettu ensiluokkaisesta puuvillasta.<\/span> Siin\u00e4 on klassinen muotoilu ja pieni tasku rinnassa.<\/p>\n<\/li>\n<li data-sourcepos=\"13:1-15:0\">\n<p data-sourcepos=\"13:3-14:45\"><strong style=\"font-size: 14.4px;\">Timberland Miesten Oxford-rintataskut-paita:<\/strong> <span class=\"citation-3 recitation citation-end-3\" style=\"font-size: 14.4px;\">T\u00e4m\u00e4 on ainutlaatuinen ja tyylik\u00e4s vaihtoehto, joka on valmistettu 100%-puuvillasta.<\/span> <span class=\"citation-4 recitation citation-end-4\" style=\"font-size: 14.4px;\">Siin\u00e4 on nappikaulus ja rintatasku.<\/span><span class=\"button-container hide-from-message-actions ng-star-inserted\" style=\"font-size: 14.4px;\">\u00a0 \u00a0<\/span><\/p>\n<div class=\"container ng-tns-c2946245707-62 hide\">\n<div class=\"carousel-container ng-tns-c2946245707-62\">\n<div class=\"carousel-content ng-tns-c2946245707-62\">\n<div class=\"sources-carousel-source ng-tns-c2946245707-62 hide ng-star-inserted\" data-test-id=\"sources-carousel-source\"><\/div>\n<\/div>\n<\/div>\n<\/div>\n<div class=\"attachment-container search-images\"><\/div>\n<\/li>\n<\/ul>\n<p data-sourcepos=\"19:1-19:24\"><strong>Suorituskykyvaihtoehdot:<\/strong><\/p>\n<ul data-sourcepos=\"21:1-23:0\">\n<li data-sourcepos=\"21:1-23:0\"><strong>Under Armour Miesten UA Pocket T-paita:<\/strong> T\u00e4m\u00e4 suorituskykyinen t-paita sopii t\u00e4ydellisesti treenaamiseen tai muihin aktiivisiin harrastuksiin. <span class=\"citation-5 recitation citation-end-5\">Siin\u00e4 on kosteutta siirt\u00e4v\u00e4 tekniikka ja rintatasku.<\/span><span class=\"button-container hide-from-message-actions ng-star-inserted\"> \u00a0<\/span>\n<div class=\"container ng-tns-c2946245707-63 hide\">\n<div class=\"carousel-container ng-tns-c2946245707-63\"><\/div>\n<\/div>\n<div class=\"attachment-container search-images\">\n<div class=\"image-container hide-from-message-actions ng-star-inserted\">\n<div class=\"caption ellipsis gmat-caption ng-star-inserted\" aria-hidden=\"true\"><\/div>\n<\/div>\n<\/div>\n<\/li>\n<\/ul>\n<p data-sourcepos=\"24:1-24:171\">N\u00e4m\u00e4 ovat vain muutamia monista Singaporessa saatavilla olevista miesten tasku-paidoista. L\u00f6yd\u00e4t laajemman valikoiman vaihtoehtoja paikallisesta tavaratalosta tai verkkokaupasta.<\/p>\n<p data-sourcepos=\"26:1-26:56\"><strong>Lis\u00e4\u00e4 vinkkej\u00e4 Mens Pocket T-paitojen valintaan:<\/strong><\/p>\n<ul data-sourcepos=\"28:1-32:0\">\n<li data-sourcepos=\"28:1-28:273\">Huomioi kangas: Puuvilla on suosittu valinta tasku-paitoihin, koska se on miellytt\u00e4v\u00e4 ja hengitt\u00e4v\u00e4. Mens Pocket T Shirts kannattaa kuitenkin harkita my\u00f6s suorituskykyisi\u00e4 kankaita, kuten polyesteri\u00e4 tai nailonia, jos etsit t-paitaa, joka siirt\u00e4\u00e4 kosteutta ja pit\u00e4\u00e4 sinut viile\u00e4n\u00e4.<\/li>\n<li data-sourcepos=\"29:1-29:174\">Valitse oikea istuvuus: Pocket t-paitoja on saatavana eri istuvuuksilla, slim fitist\u00e4 relaxed fitiin. Valitse istuvuus, joka imartelee vartalotyyppi\u00e4si ja jota on mukava k\u00e4ytt\u00e4\u00e4.<\/li>\n<li data-sourcepos=\"30:1-30:209\">Harkitse taskutyyli\u00e4: Joissakin t-paidoissa on pieni tasku rinnassa, kun taas toisissa on suurempi tasku sivulla. Valitse sellainen taskutyyli, josta pid\u00e4t ja joka on k\u00e4yt\u00e4nn\u00f6llinen tarpeisiisi.<\/li>\n<li data-sourcepos=\"31:1-32:0\">Ajattele tilaisuutta: Jos etsit taskupaitaa t\u00f6ihin, kannattaa ehk\u00e4 valita muodollisempi tyyli. Jos etsit t-paitaa viikonloppua varten, kannattaa valita rennompi tyyli.<\/li>\n<\/ul>\n<p data-sourcepos=\"33:1-33:86\">Seuraamalla n\u00e4it\u00e4 vinkkej\u00e4 voit l\u00f6yt\u00e4\u00e4 t\u00e4ydellisen miesten tasku-paidan tarpeisiisi.<\/p>\n<\/div>\n<\/div>\n<\/div>\n<\/div>\n<\/div>\n<\/div>\n<\/div>\n<div class=\"input-area-container\">\n<div class=\"input-area\" data-node-type=\"input-area\">\n<div class=\"text-input-field\">\n<div class=\"text-input-field_textarea-wrapper\">\n<div class=\"text-input-field-main-area\">\n<div class=\"text-input-field_textarea-inner\">\n<div class=\"ql-editor textarea new-input-ui ql-blank\" role=\"textbox\" contenteditable=\"true\" data-gramm=\"false\" aria-multiline=\"true\" aria-label=\"Kirjoita kehote t\u00e4h\u00e4n\" data-placeholder=\"Ask Gemini\"><\/div>\n<\/div>\n<\/div>\n<\/div>\n<\/div>\n<\/div>\n<\/div>","protected":false},"excerpt":{"rendered":"<table style=\"height: 530px;\" width=\"498\">\n<tbody>\n<tr>\n<td width=\"146\"><strong><b>Tuote<\/b><\/strong>\u00a0<strong><b>Nimi:<\/b><\/strong><\/td>\n<td width=\"601\"><strong>Miesten Pocket T-paidat<\/strong><\/td>\n<\/tr>\n<tr>\n<td width=\"146\"><strong><b>Materlal:<\/b><\/strong><\/td>\n<td width=\"601\">Polyesteri\/puuvilla<\/td>\n<\/tr>\n<tr>\n<td width=\"146\"><strong><b>Tekniikka:<\/b><\/strong><\/td>\n<td width=\"601\">Painaminen ja v\u00e4rj\u00e4ys<\/td>\n<\/tr>\n<tr>\n<td width=\"146\"><strong><b>Tyyli:<\/b><\/strong><\/td>\n<td width=\"601\">Rento<\/td>\n<\/tr>\n<tr>\n<td width=\"146\"><strong><b>V\u00e4ri<\/b><\/strong><strong><b>:<\/b><\/strong><\/td>\n<td width=\"601\">\u00a0Mukautetut v\u00e4rit<\/td>\n<\/tr>\n<tr>\n<td width=\"146\"><strong><b>Koko:<\/b><\/strong><\/td>\n<td width=\"601\">S \/M \/L \/XL \/2XL<\/td>\n<\/tr>\n<tr>\n<td width=\"146\"><strong><b>OEM\/ODM:<\/b><\/strong><\/td>\n<td width=\"601\">Hyv\u00e4ksytt\u00e4v\u00e4<\/td>\n<\/tr>\n<tr>\n<td width=\"146\"><strong><b>Laatu:<\/b><\/strong><\/td>\n<td width=\"601\">100% korkea laatu<\/td>\n<\/tr>\n<tr>\n<td width=\"146\"><strong><b>M<\/b><\/strong><strong><b>OQ:<\/b><\/strong><\/td>\n<td width=\"601\">200 kpl<\/td>\n<\/tr>\n<\/tbody>\n<\/table>","protected":false},"featured_media":1751,"template":"","meta":[],"product_brand":[],"product_cat":[38],"product_tag":[],"class_list":{"0":"post-1744","1":"product","2":"type-product","3":"status-publish","4":"has-post-thumbnail","6":"product_cat-mens-clothing","8":"first","9":"instock","10":"shipping-taxable","11":"product-type-simple"},"_links":{"self":[{"href":"https:\/\/mj-clothing.com\/fi\/wp-json\/wp\/v2\/product\/1744","targetHints":{"allow":["GET"]}}],"collection":[{"href":"https:\/\/mj-clothing.com\/fi\/wp-json\/wp\/v2\/product"}],"about":[{"href":"https:\/\/mj-clothing.com\/fi\/wp-json\/wp\/v2\/types\/product"}],"wp:featuredmedia":[{"embeddable":true,"href":"https:\/\/mj-clothing.com\/fi\/wp-json\/wp\/v2\/media\/1751"}],"wp:attachment":[{"href":"https:\/\/mj-clothing.com\/fi\/wp-json\/wp\/v2\/media?parent=1744"}],"wp:term":[{"taxonomy":"product_brand","embeddable":true,"href":"https:\/\/mj-clothing.com\/fi\/wp-json\/wp\/v2\/product_brand?post=1744"},{"taxonomy":"product_cat","embeddable":true,"href":"https:\/\/mj-clothing.com\/fi\/wp-json\/wp\/v2\/product_cat?post=1744"},{"taxonomy":"product_tag","embeddable":true,"href":"https:\/\/mj-clothing.com\/fi\/wp-json\/wp\/v2\/product_tag?post=1744"}],"curies":[{"name":"wp","href":"https:\/\/api.w.org\/{rel}","templated":true}]}}