{"id":1761,"date":"2024-12-14T03:02:38","date_gmt":"2024-12-14T03:02:38","guid":{"rendered":"https:\/\/mj-clothing.com\/?post_type=product&#038;p=1761"},"modified":"2024-12-17T07:15:13","modified_gmt":"2024-12-17T07:15:13","slug":"floral-quilted-jacket","status":"publish","type":"product","link":"https:\/\/mj-clothing.com\/fi\/manufacturer\/floral-quilted-jacket\/","title":{"rendered":"Kukkainen tikattu takki"},"content":{"rendered":"<h2 data-sourcepos=\"1:1-1:143\">Kukkainen tikattu takki<\/h2>\n<p data-sourcepos=\"1:1-1:143\">Kukkainen tikattu takki on tyylik\u00e4s ja kodikas kappale, joka voi lis\u00e4t\u00e4 ripauksen naisellisuutta ja l\u00e4mp\u00f6\u00e4 mihin tahansa asuun. T\u00e4ss\u00e4 on syit\u00e4, miksi saatat rakastaa sellaista:<\/p>\n<p data-sourcepos=\"3:1-3:39\"><strong>Miksi valita kukkatakki?<\/strong><\/p>\n<ul data-sourcepos=\"5:1-9:0\">\n<li data-sourcepos=\"5:1-5:159\"><strong>Tyylik\u00e4s ja monipuolinen:<\/strong> Se on t\u00e4ydellinen sekoitus mukavuutta ja muotia. Voit pukea sen hameen ja saappaiden kanssa tai pit\u00e4\u00e4 sen rentona farkkujen ja tennareiden kanssa.<\/li>\n<li data-sourcepos=\"6:1-6:100\"><strong>L\u00e4mmin ja kodikas:<\/strong> Tikattu muotoilu ja usein eristetty vuori tekev\u00e4t siit\u00e4 ihanteellisen viile\u00e4mp\u00e4\u00e4n s\u00e4\u00e4h\u00e4n.<\/li>\n<li data-sourcepos=\"7:1-7:86\"><strong>Naisellinen ja romanttinen:<\/strong> Kukkakuvio lis\u00e4\u00e4 pehmeytt\u00e4 ja eleganssia.<\/li>\n<li data-sourcepos=\"8:1-9:0\"><strong>Trendik\u00e4s:<\/strong> Kukkakuviot ovat aina muodissa, erityisesti kev\u00e4\u00e4ll\u00e4 ja syksyll\u00e4.<\/li>\n<\/ul>\n<p data-sourcepos=\"10:1-10:41\"><strong>Miten tyylitell\u00e4 kukkatakki:<\/strong><\/p>\n<ul data-sourcepos=\"12:1-15:0\">\n<li data-sourcepos=\"12:1-12:82\"><strong>Rento Chic:<\/strong> Yhdist\u00e4 se farkkujen, t-paidan ja lenkkareiden kanssa rennon lookin luomiseen.<\/li>\n<li data-sourcepos=\"13:1-13:85\"><strong>Boho Chic:<\/strong> Kerrosta se virtaavan mekon p\u00e4\u00e4lle ja lis\u00e4\u00e4 nilkkurit boheemia tunnelmaa varten.<\/li>\n<li data-sourcepos=\"14:1-15:0\"><strong>Smart Casual:<\/strong> K\u00e4yt\u00e4 sit\u00e4 villapaidan, housujen ja lenkkareiden kanssa tyylikk\u00e4\u00e4seen lookkiin.<\/li>\n<\/ul>\n<p data-sourcepos=\"16:1-16:46\"><strong>Vinkkej\u00e4 kukkaisen tikatun takin valintaan:<\/strong><\/p>\n<ul data-sourcepos=\"18:1-22:0\">\n<li data-sourcepos=\"18:1-18:93\"><strong>Valitse oikea istuvuus:<\/strong> Varmista, ett\u00e4 takki istuu hyvin, eik\u00e4 se paina vartaloasi.<\/li>\n<li data-sourcepos=\"19:1-19:80\"><strong>Mieti tilaisuutta:<\/strong> Valitse tilaisuuteen sopiva kuvio ja v\u00e4ri.<\/li>\n<li data-sourcepos=\"20:1-20:105\"><strong>Kiinnit\u00e4 huomiota kankaaseen:<\/strong> Valitse kest\u00e4v\u00e4 ja mukava kangas, kuten puuvilla tai polyesteri.<\/li>\n<li data-sourcepos=\"21:1-22:0\"><strong>Koristele:<\/strong> Lis\u00e4\u00e4 huivi, hattu tai laukku t\u00e4ydent\u00e4m\u00e4\u00e4n ulkoasua.<\/li>\n<\/ul>","protected":false},"excerpt":{"rendered":"<table style=\"height: 542px;\" width=\"483\">\n<tbody>\n<tr>\n<td width=\"146\"><strong><b>Tuote<\/b><\/strong>\u00a0<strong><b>Nimi:<\/b><\/strong><\/td>\n<td width=\"601\"><strong>Kukkainen tikattu takki<\/strong><\/td>\n<\/tr>\n<tr>\n<td width=\"146\"><strong><b>Materlal:<\/b><\/strong><\/td>\n<td width=\"601\">Polyesteri\/puuvilla<\/td>\n<\/tr>\n<tr>\n<td width=\"146\"><strong><b>Tekniikka:<\/b><\/strong><\/td>\n<td width=\"601\">Painaminen ja v\u00e4rj\u00e4ys<\/td>\n<\/tr>\n<tr>\n<td width=\"146\"><strong><b>Tyyli:<\/b><\/strong><\/td>\n<td width=\"601\">Rento<\/td>\n<\/tr>\n<tr>\n<td width=\"146\"><strong><b>V\u00e4ri<\/b><\/strong><strong><b>:<\/b><\/strong><\/td>\n<td width=\"601\">\u00a0Mukautetut v\u00e4rit<\/td>\n<\/tr>\n<tr>\n<td width=\"146\"><strong><b>Koko:<\/b><\/strong><\/td>\n<td width=\"601\">S \/M \/L \/XL \/2XL<\/td>\n<\/tr>\n<tr>\n<td width=\"146\"><strong><b>OEM\/ODM:<\/b><\/strong><\/td>\n<td width=\"601\">Hyv\u00e4ksytt\u00e4v\u00e4<\/td>\n<\/tr>\n<tr>\n<td width=\"146\"><strong><b>Laatu:<\/b><\/strong><\/td>\n<td width=\"601\">100% korkea laatu<\/td>\n<\/tr>\n<tr>\n<td width=\"146\"><strong><b>M<\/b><\/strong><strong><b>OQ:<\/b><\/strong><\/td>\n<td width=\"601\">200 kpl<\/td>\n<\/tr>\n<\/tbody>\n<\/table>","protected":false},"featured_media":1762,"template":"","meta":[],"product_brand":[],"product_cat":[38],"product_tag":[],"class_list":{"0":"post-1761","1":"product","2":"type-product","3":"status-publish","4":"has-post-thumbnail","6":"product_cat-mens-clothing","8":"first","9":"instock","10":"shipping-taxable","11":"product-type-simple"},"_links":{"self":[{"href":"https:\/\/mj-clothing.com\/fi\/wp-json\/wp\/v2\/product\/1761","targetHints":{"allow":["GET"]}}],"collection":[{"href":"https:\/\/mj-clothing.com\/fi\/wp-json\/wp\/v2\/product"}],"about":[{"href":"https:\/\/mj-clothing.com\/fi\/wp-json\/wp\/v2\/types\/product"}],"wp:featuredmedia":[{"embeddable":true,"href":"https:\/\/mj-clothing.com\/fi\/wp-json\/wp\/v2\/media\/1762"}],"wp:attachment":[{"href":"https:\/\/mj-clothing.com\/fi\/wp-json\/wp\/v2\/media?parent=1761"}],"wp:term":[{"taxonomy":"product_brand","embeddable":true,"href":"https:\/\/mj-clothing.com\/fi\/wp-json\/wp\/v2\/product_brand?post=1761"},{"taxonomy":"product_cat","embeddable":true,"href":"https:\/\/mj-clothing.com\/fi\/wp-json\/wp\/v2\/product_cat?post=1761"},{"taxonomy":"product_tag","embeddable":true,"href":"https:\/\/mj-clothing.com\/fi\/wp-json\/wp\/v2\/product_tag?post=1761"}],"curies":[{"name":"wp","href":"https:\/\/api.w.org\/{rel}","templated":true}]}}