{"id":1763,"date":"2024-12-14T03:06:05","date_gmt":"2024-12-14T03:06:05","guid":{"rendered":"https:\/\/mj-clothing.com\/?post_type=product&#038;p=1763"},"modified":"2024-12-17T07:11:45","modified_gmt":"2024-12-17T07:11:45","slug":"black-tweed-jacket","status":"publish","type":"product","link":"https:\/\/mj-clothing.com\/fi\/manufacturer\/black-tweed-jacket\/","title":{"rendered":"Musta tweed-takki"},"content":{"rendered":"<h2 data-sourcepos=\"1:1-1:113\">Musta tweed-takki<\/h2>\n<p data-sourcepos=\"1:1-1:113\">Musta tweed-takki on monipuolinen ja tyylik\u00e4s kappale, joka voi kohottaa mit\u00e4 tahansa asua. T\u00e4ss\u00e4 on syit\u00e4, miksi saatat rakastaa sellaista:<\/p>\n<p data-sourcepos=\"3:1-3:36\"><strong>Miksi valita musta tweed-takki?<\/strong><\/p>\n<ul data-sourcepos=\"5:1-9:0\">\n<li data-sourcepos=\"5:1-5:101\"><strong>Ajatonta eleganssia:<\/strong> Musta tweed on klassinen, hienostunut kangas, joka ei koskaan mene pois muodista.<\/li>\n<li data-sourcepos=\"6:1-6:95\"><strong>Monipuolinen muotoilu:<\/strong> Se voidaan pukea yl\u00f6s tai alas, mik\u00e4 tekee siit\u00e4 t\u00e4ydellisen erilaisiin tilaisuuksiin.<\/li>\n<li data-sourcepos=\"7:1-7:103\"><strong>L\u00e4mp\u00f6\u00e4 ja mukavuutta:<\/strong> Tweed on kest\u00e4v\u00e4 ja erist\u00e4v\u00e4 kangas, joten se sopii erinomaisesti kylmemp\u00e4\u00e4n s\u00e4\u00e4h\u00e4n.<\/li>\n<li data-sourcepos=\"8:1-9:0\"><strong>Teksturoitu ilme:<\/strong> Tweedin ainutlaatuinen kudos tuo asuusi visuaalista mielenkiintoa.<\/li>\n<\/ul>\n<p data-sourcepos=\"10:1-10:38\"><strong>Kuinka tyylitell\u00e4 musta tweed-takki:<\/strong><\/p>\n<ul data-sourcepos=\"12:1-15:0\">\n<li data-sourcepos=\"12:1-12:93\"><strong>Smart Casual:<\/strong> Yhdist\u00e4 se hienostuneeseen lookkiin chinojen, napitettavan paidan ja lenkkareiden kanssa.<\/li>\n<li data-sourcepos=\"13:1-13:102\"><strong>Business Casual:<\/strong> K\u00e4yt\u00e4 sit\u00e4 pukuhousujen, pukupaidan ja solmion kanssa, jotta saat ammattimaisen kokonaisuuden.<\/li>\n<li data-sourcepos=\"14:1-15:0\"><strong>Rento Chic:<\/strong> Yhdist\u00e4 se farkkujen, t-paidan ja lenkkareiden kanssa rentoa tyyli\u00e4 varten.<\/li>\n<\/ul>\n<p data-sourcepos=\"16:1-16:43\"><strong>Vinkkej\u00e4 mustan tweed-takin valintaan:<\/strong><\/p>\n<ul data-sourcepos=\"18:1-22:0\">\n<li data-sourcepos=\"18:1-18:71\"><strong>Sopii:<\/strong> Valitse takki, joka istuu hyvin ja imartelee vartalon muotoasi.<\/li>\n<li data-sourcepos=\"19:1-19:109\"><strong>Kuvio:<\/strong> Harkitse tweedin kuviota, olipa se sitten klassinen kalanruoto tai modernimpi malli.<\/li>\n<li data-sourcepos=\"20:1-20:76\"><strong>Paino:<\/strong> Tweedin paino m\u00e4\u00e4r\u00e4\u00e4, kuinka l\u00e4mmin takki on.<\/li>\n<li data-sourcepos=\"21:1-22:0\"><strong>Lis\u00e4varusteet:<\/strong> Lis\u00e4\u00e4 persoonallisuutta taskuliinalla, solmiolla tai huivilla.<\/li>\n<\/ul>","protected":false},"excerpt":{"rendered":"<table style=\"height: 587px;\" width=\"485\">\n<tbody>\n<tr>\n<td width=\"146\"><strong><b>Tuote<\/b><\/strong>\u00a0<strong><b>Nimi:<\/b><\/strong><\/td>\n<td width=\"601\"><strong>Musta tweed-takki<\/strong><\/td>\n<\/tr>\n<tr>\n<td width=\"146\"><strong><b>Materlal:<\/b><\/strong><\/td>\n<td width=\"601\">Polyesteri\/puuvilla<\/td>\n<\/tr>\n<tr>\n<td width=\"146\"><strong><b>Tekniikka:<\/b><\/strong><\/td>\n<td width=\"601\">Painaminen ja v\u00e4rj\u00e4ys<\/td>\n<\/tr>\n<tr>\n<td width=\"146\"><strong><b>Tyyli:<\/b><\/strong><\/td>\n<td width=\"601\">Rento<\/td>\n<\/tr>\n<tr>\n<td width=\"146\"><strong><b>V\u00e4ri<\/b><\/strong><strong><b>:<\/b><\/strong><\/td>\n<td width=\"601\">\u00a0Mukautetut v\u00e4rit<\/td>\n<\/tr>\n<tr>\n<td width=\"146\"><strong><b>Koko:<\/b><\/strong><\/td>\n<td width=\"601\">S \/M \/L \/XL \/2XL<\/td>\n<\/tr>\n<tr>\n<td width=\"146\"><strong><b>OEM\/ODM:<\/b><\/strong><\/td>\n<td width=\"601\">Hyv\u00e4ksytt\u00e4v\u00e4<\/td>\n<\/tr>\n<tr>\n<td width=\"146\"><strong><b>Laatu:<\/b><\/strong><\/td>\n<td width=\"601\">100% korkea laatu<\/td>\n<\/tr>\n<tr>\n<td width=\"146\"><strong><b>M<\/b><\/strong><strong><b>OQ:<\/b><\/strong><\/td>\n<td width=\"601\">200 kpl<\/td>\n<\/tr>\n<\/tbody>\n<\/table>","protected":false},"featured_media":1764,"template":"","meta":[],"product_brand":[],"product_cat":[38],"product_tag":[],"class_list":{"0":"post-1763","1":"product","2":"type-product","3":"status-publish","4":"has-post-thumbnail","6":"product_cat-mens-clothing","8":"first","9":"instock","10":"shipping-taxable","11":"product-type-simple"},"_links":{"self":[{"href":"https:\/\/mj-clothing.com\/fi\/wp-json\/wp\/v2\/product\/1763","targetHints":{"allow":["GET"]}}],"collection":[{"href":"https:\/\/mj-clothing.com\/fi\/wp-json\/wp\/v2\/product"}],"about":[{"href":"https:\/\/mj-clothing.com\/fi\/wp-json\/wp\/v2\/types\/product"}],"wp:featuredmedia":[{"embeddable":true,"href":"https:\/\/mj-clothing.com\/fi\/wp-json\/wp\/v2\/media\/1764"}],"wp:attachment":[{"href":"https:\/\/mj-clothing.com\/fi\/wp-json\/wp\/v2\/media?parent=1763"}],"wp:term":[{"taxonomy":"product_brand","embeddable":true,"href":"https:\/\/mj-clothing.com\/fi\/wp-json\/wp\/v2\/product_brand?post=1763"},{"taxonomy":"product_cat","embeddable":true,"href":"https:\/\/mj-clothing.com\/fi\/wp-json\/wp\/v2\/product_cat?post=1763"},{"taxonomy":"product_tag","embeddable":true,"href":"https:\/\/mj-clothing.com\/fi\/wp-json\/wp\/v2\/product_tag?post=1763"}],"curies":[{"name":"wp","href":"https:\/\/api.w.org\/{rel}","templated":true}]}}