{"id":1765,"date":"2024-12-14T03:13:20","date_gmt":"2024-12-14T03:13:20","guid":{"rendered":"https:\/\/mj-clothing.com\/?post_type=product&#038;p=1765"},"modified":"2024-12-17T07:10:04","modified_gmt":"2024-12-17T07:10:04","slug":"vintage-jacket","status":"publish","type":"product","link":"https:\/\/mj-clothing.com\/fi\/manufacturer\/vintage-jacket\/","title":{"rendered":"Vintage takki"},"content":{"rendered":"<p data-sourcepos=\"1:1-1:110\">Vintagetakki on ajaton esine, joka voi tuoda ainutlaatuisen lis\u00e4n mihin tahansa asuun. T\u00e4ss\u00e4 on syit\u00e4, miksi saatat rakastaa sellaista:<\/p>\n<h3 data-sourcepos=\"3:1-3:32\"><strong>Miksi valita vintage-takki?<\/strong><\/h3>\n<ul data-sourcepos=\"5:1-9:0\">\n<li data-sourcepos=\"5:1-5:118\"><strong>Ainutlaatuinen tyyli:<\/strong>\u00a0 Takkeissa on usein erikoisia malleja ja yksityiskohtia, joita et l\u00f6yd\u00e4 nykyaikaisista vaatteista.<\/li>\n<li data-sourcepos=\"6:1-6:111\"><strong>Korkea laatu:<\/strong> Monet takit on valmistettu korkealaatuisista materiaaleista, jotka ovat kest\u00e4neet aikaa.<\/li>\n<li data-sourcepos=\"7:1-7:125\"><strong>Kest\u00e4v\u00e4 muoti:<\/strong> Valitsemalla vintage-vaatteet v\u00e4henn\u00e4t ymp\u00e4rist\u00f6vaikutuksia ja annat vaatteelle toisen el\u00e4m\u00e4n.<\/li>\n<li data-sourcepos=\"8:1-9:0\"><strong>Luonne ja historia:<\/strong> Takit voivat kertoa tarinan, lis\u00e4t\u00e4 nostalgiaa ja persoonallisuutta vaatekaappiisi.<\/li>\n<\/ul>\n<h3 data-sourcepos=\"10:1-10:34\"><strong>Miten Vintage-takki muotoillaan:<\/strong><\/h3>\n<ul data-sourcepos=\"12:1-16:0\">\n<li data-sourcepos=\"12:1-12:79\"><strong>Rento:<\/strong> Yhdist\u00e4 se farkkujen, t-paidan ja lenkkareiden kanssa rentoa lookia varten.<\/li>\n<li data-sourcepos=\"13:1-13:98\"><strong>Smart Casual:<\/strong> K\u00e4yt\u00e4 sit\u00e4 chinojen, napitettavan paidan ja lenkkareiden kanssa, jos haluat tyylikk\u00e4\u00e4n kokonaisuuden.<\/li>\n<li data-sourcepos=\"14:1-14:93\"><strong>S\u00e4rmik\u00e4s:<\/strong> Yhdist\u00e4 se nahkahousujen, graafisen t-paidan ja saappaiden kanssa, niin saat rock-and-roll-tunnelman.<\/li>\n<li data-sourcepos=\"15:1-16:0\"><strong>Muodollinen:<\/strong> Kerrotaan se puvun takin p\u00e4\u00e4lle, jotta muodollisesta pukeutumisesta tulee ainutlaatuinen.<\/li>\n<\/ul>\n<h3 data-sourcepos=\"17:1-17:39\"><strong>Vinkkej\u00e4 vintage-takin valintaan:<\/strong><\/h3>\n<ul data-sourcepos=\"19:1-23:0\">\n<li data-sourcepos=\"19:1-19:82\"><strong>Sopii:<\/strong> Varmista, ett\u00e4 takki istuu hyvin, ottaen huomioon mahdolliset muutokset.<\/li>\n<li data-sourcepos=\"20:1-20:64\"><strong>Kunto:<\/strong> Tarkista, onko siin\u00e4 vaurioita, tahroja tai kulumia.<\/li>\n<li data-sourcepos=\"21:1-21:93\"><strong>Tyyli:<\/strong> Mieti henkil\u00f6kohtaista tyyli\u00e4si ja valitse takki, joka t\u00e4ydent\u00e4\u00e4 vaatekaappiasi.<\/li>\n<li data-sourcepos=\"22:1-23:0\"><strong>Materiaali:<\/strong> Etsi korkealaatuisia materiaaleja, kuten nahkaa, villaa tai denimi\u00e4.<\/li>\n<\/ul>\n<h3 data-sourcepos=\"24:1-24:34\"><strong>Mist\u00e4 l\u00f6yt\u00e4\u00e4 vintage-takki:<\/strong><\/h3>\n<ul data-sourcepos=\"26:1-30:0\">\n<li data-sourcepos=\"26:1-26:76\"><strong>S\u00e4\u00e4st\u00f6liikkeet:<\/strong> Loistava paikka l\u00f6yt\u00e4\u00e4 piilotettuja helmi\u00e4 edulliseen hintaan.<\/li>\n<li data-sourcepos=\"27:1-27:89\"><strong>L\u00e4hetyskaupat:<\/strong> N\u00e4iss\u00e4 liikkeiss\u00e4 on usein kuratoituja vintage-vaatekokoelmia.<\/li>\n<li data-sourcepos=\"28:1-28:97\"><strong>Verkkomarkkinapaikat:<\/strong> Verkkosivustot, kuten eBay ja Etsy, tarjoavat laajan valikoiman takkeja.<\/li>\n<li data-sourcepos=\"29:1-30:0\"><strong>Vintage-vaatekaupat:<\/strong> Vintage-muotiin erikoistuneet erikoisliikkeet.<\/li>\n<\/ul>\n<div class=\"attachment-container search-images\">\n<div class=\"image-container hide-from-message-actions ng-star-inserted\">\n<div class=\"overlay-container ng-star-inserted\"><\/div>\n<\/div>\n<\/div>","protected":false},"excerpt":{"rendered":"<table style=\"height: 442px;\" width=\"514\">\n<tbody>\n<tr>\n<td width=\"146\"><strong><b>Tuote<\/b><\/strong>\u00a0<strong><b>Nimi:<\/b><\/strong><\/td>\n<td width=\"601\"><strong>Vintage takki<\/strong><\/td>\n<\/tr>\n<tr>\n<td width=\"146\"><strong><b>Materlal:<\/b><\/strong><\/td>\n<td width=\"601\">Polyesteri\/puuvilla<\/td>\n<\/tr>\n<tr>\n<td width=\"146\"><strong><b>Tekniikka:<\/b><\/strong><\/td>\n<td width=\"601\">Painaminen ja v\u00e4rj\u00e4ys<\/td>\n<\/tr>\n<tr>\n<td width=\"146\"><strong><b>Tyyli:<\/b><\/strong><\/td>\n<td width=\"601\">Rento<\/td>\n<\/tr>\n<tr>\n<td width=\"146\"><strong><b>V\u00e4ri<\/b><\/strong><strong><b>:<\/b><\/strong><\/td>\n<td width=\"601\">\u00a0Mukautetut v\u00e4rit<\/td>\n<\/tr>\n<tr>\n<td width=\"146\"><strong><b>Koko:<\/b><\/strong><\/td>\n<td width=\"601\">S \/M \/L \/XL \/2XL<\/td>\n<\/tr>\n<tr>\n<td width=\"146\"><strong><b>OEM\/ODM:<\/b><\/strong><\/td>\n<td width=\"601\">Hyv\u00e4ksytt\u00e4v\u00e4<\/td>\n<\/tr>\n<tr>\n<td width=\"146\"><strong><b>Laatu:<\/b><\/strong><\/td>\n<td width=\"601\">100% korkea laatu<\/td>\n<\/tr>\n<tr>\n<td width=\"146\"><strong><b>M<\/b><\/strong><strong><b>OQ:<\/b><\/strong><\/td>\n<td width=\"601\">200 kpl<\/td>\n<\/tr>\n<\/tbody>\n<\/table>","protected":false},"featured_media":1769,"template":"","meta":[],"product_brand":[],"product_cat":[38],"product_tag":[],"class_list":{"0":"post-1765","1":"product","2":"type-product","3":"status-publish","4":"has-post-thumbnail","6":"product_cat-mens-clothing","8":"first","9":"instock","10":"shipping-taxable","11":"product-type-simple"},"_links":{"self":[{"href":"https:\/\/mj-clothing.com\/fi\/wp-json\/wp\/v2\/product\/1765","targetHints":{"allow":["GET"]}}],"collection":[{"href":"https:\/\/mj-clothing.com\/fi\/wp-json\/wp\/v2\/product"}],"about":[{"href":"https:\/\/mj-clothing.com\/fi\/wp-json\/wp\/v2\/types\/product"}],"wp:featuredmedia":[{"embeddable":true,"href":"https:\/\/mj-clothing.com\/fi\/wp-json\/wp\/v2\/media\/1769"}],"wp:attachment":[{"href":"https:\/\/mj-clothing.com\/fi\/wp-json\/wp\/v2\/media?parent=1765"}],"wp:term":[{"taxonomy":"product_brand","embeddable":true,"href":"https:\/\/mj-clothing.com\/fi\/wp-json\/wp\/v2\/product_brand?post=1765"},{"taxonomy":"product_cat","embeddable":true,"href":"https:\/\/mj-clothing.com\/fi\/wp-json\/wp\/v2\/product_cat?post=1765"},{"taxonomy":"product_tag","embeddable":true,"href":"https:\/\/mj-clothing.com\/fi\/wp-json\/wp\/v2\/product_tag?post=1765"}],"curies":[{"name":"wp","href":"https:\/\/api.w.org\/{rel}","templated":true}]}}