{"id":1770,"date":"2024-12-14T03:18:13","date_gmt":"2024-12-14T03:18:13","guid":{"rendered":"https:\/\/mj-clothing.com\/?post_type=product&#038;p=1770"},"modified":"2024-12-17T07:08:53","modified_gmt":"2024-12-17T07:08:53","slug":"white-varsity-jacket","status":"publish","type":"product","link":"https:\/\/mj-clothing.com\/fi\/manufacturer\/white-varsity-jacket\/","title":{"rendered":"Valkoinen Varsity takki"},"content":{"rendered":"<div class=\"user-query-container ng-star-inserted\">\n<div id=\"user-query-content-8\" class=\"query-content\">\n<div class=\"query-text ng-star-inserted\" dir=\"ltr\" role=\"heading\" aria-level=\"2\">\n<h2 class=\"query-text-line ng-star-inserted\"><span style=\"color: #555555; font-size: 14.4px;\">Valkoinen varsity-takki on rohkea ja tyylik\u00e4s valinta, joka voi tuoda vaatekaappiisi raikkaan ja modernin lis\u00e4n. Seuraavassa kerrotaan, miksi saatat pit\u00e4\u00e4 sellaisesta:<\/span><\/h2>\n<\/div>\n<\/div>\n<\/div>\n<div>\n<div class=\"response-container ng-tns-c1933435332-125 response-optimization response-container-with-gpi ng-star-inserted response-container-has-multiple-responses\">\n<div class=\"presented-response-container ng-tns-c1933435332-125\">\n<div class=\"response-container-content ng-tns-c1933435332-125 tunable-selection-with-avatar\">\n<div class=\"response-content ng-tns-c1933435332-125\">\n<div id=\"model-response-message-contentr_093b668a98236c3a\" class=\"markdown markdown-main-panel response-optimization\" dir=\"ltr\">\n<h3 data-sourcepos=\"3:1-3:38\"><strong>Miksi valita valkoinen Varsity-takki?<\/strong><\/h3>\n<ul data-sourcepos=\"5:1-9:0\">\n<li data-sourcepos=\"5:1-5:102\"><strong>Ainutlaatuinen ja silm\u00e4\u00e4npist\u00e4v\u00e4:<\/strong> Yliopistotakki erottuu joukosta ja tekee vaikutuksen.<\/li>\n<li data-sourcepos=\"6:1-6:85\"><strong>Monipuolinen muotoilu:<\/strong> Se voidaan pukea yl\u00f6s tai alas, t\u00e4ydellinen erilaisiin tilaisuuksiin.<\/li>\n<li data-sourcepos=\"7:1-7:74\"><strong>Siisti ja moderni:<\/strong> Valkoinen v\u00e4ri antaa selke\u00e4n ja minimalistisen ilmeen.<\/li>\n<li data-sourcepos=\"8:1-9:0\"><strong>Mukava ja l\u00e4mmin:<\/strong> Klassinen varsity-takki tarjoaa l\u00e4mp\u00f6\u00e4 ja mukavuutta.<\/li>\n<\/ul>\n<h3 data-sourcepos=\"10:1-10:40\"><strong>Miten tyylitell\u00e4 valkoinen Varsity-takki:<\/strong><\/h3>\n<ul data-sourcepos=\"12:1-15:0\">\n<li data-sourcepos=\"12:1-12:82\"><strong>Rento Chic:<\/strong> Yhdist\u00e4 se farkkujen, t-paidan ja lenkkareiden kanssa rennon lookin luomiseen.<\/li>\n<li data-sourcepos=\"13:1-13:82\"><strong>Urheilullinen ilme:<\/strong> K\u00e4yt\u00e4 sit\u00e4 h\u00f6lkkyjen, hupparin ja lenkkareiden kanssa urheilullisen tunnelman luomiseksi.<\/li>\n<li data-sourcepos=\"14:1-15:0\"><strong>Smart Casual:<\/strong> Yhdist\u00e4 se chinojen, napitettavan paidan ja lenkkareiden kanssa, niin saat tyylikk\u00e4\u00e4n ilmeen.<\/li>\n<\/ul>\n<h3 data-sourcepos=\"16:1-16:45\"><strong>Vinkkej\u00e4 valkoisen Varsity-takin valintaan:<\/strong><\/h3>\n<ul data-sourcepos=\"18:1-22:0\">\n<li data-sourcepos=\"18:1-18:81\"><strong>Materiaali:<\/strong> Valitse kest\u00e4v\u00e4 ja laadukas materiaali, kuten villa tai nahka.<\/li>\n<li data-sourcepos=\"19:1-19:71\"><strong>Sopii:<\/strong> Valitse takki, joka istuu hyvin ja imartelee vartalon muotoasi.<\/li>\n<li data-sourcepos=\"20:1-20:96\"><strong>Yksityiskohdat:<\/strong> Harkitse yksityiskohtia, kuten hihojen v\u00e4ri\u00e4 ja kirjaintyyppi\u00e4.<\/li>\n<li data-sourcepos=\"21:1-22:0\"><strong>Hoito:<\/strong> Muista mahdolliset tahrat ja huolehdi takista asianmukaisesti.<\/li>\n<\/ul>\n<\/div>\n<\/div>\n<\/div>\n<\/div>\n<\/div>\n<\/div>","protected":false},"excerpt":{"rendered":"<table style=\"height: 507px;\" width=\"477\">\n<tbody>\n<tr>\n<td width=\"146\"><strong><b>Tuote<\/b><\/strong>\u00a0<strong><b>Nimi:<\/b><\/strong><\/td>\n<td width=\"601\"><strong>Valkoinen Varsity takki<\/strong><\/td>\n<\/tr>\n<tr>\n<td width=\"146\"><strong><b>Materlal:<\/b><\/strong><\/td>\n<td width=\"601\">Polyesteri\/puuvilla<\/td>\n<\/tr>\n<tr>\n<td width=\"146\"><strong><b>Tekniikka:<\/b><\/strong><\/td>\n<td width=\"601\">Painaminen ja v\u00e4rj\u00e4ys<\/td>\n<\/tr>\n<tr>\n<td width=\"146\"><strong><b>Tyyli:<\/b><\/strong><\/td>\n<td width=\"601\">Rento<\/td>\n<\/tr>\n<tr>\n<td width=\"146\"><strong><b>V\u00e4ri<\/b><\/strong><strong><b>:<\/b><\/strong><\/td>\n<td width=\"601\">\u00a0Mukautetut v\u00e4rit<\/td>\n<\/tr>\n<tr>\n<td width=\"146\"><strong><b>Koko:<\/b><\/strong><\/td>\n<td width=\"601\">S \/M \/L \/XL \/2XL<\/td>\n<\/tr>\n<tr>\n<td width=\"146\"><strong><b>OEM\/ODM:<\/b><\/strong><\/td>\n<td width=\"601\">Hyv\u00e4ksytt\u00e4v\u00e4<\/td>\n<\/tr>\n<tr>\n<td width=\"146\"><strong><b>Laatu:<\/b><\/strong><\/td>\n<td width=\"601\">100% korkea laatu<\/td>\n<\/tr>\n<tr>\n<td width=\"146\"><strong><b>M<\/b><\/strong><strong><b>OQ:<\/b><\/strong><\/td>\n<td width=\"601\">200 kpl<\/td>\n<\/tr>\n<\/tbody>\n<\/table>","protected":false},"featured_media":1773,"template":"","meta":[],"product_brand":[],"product_cat":[38],"product_tag":[],"class_list":{"0":"post-1770","1":"product","2":"type-product","3":"status-publish","4":"has-post-thumbnail","6":"product_cat-mens-clothing","8":"first","9":"instock","10":"shipping-taxable","11":"product-type-simple"},"_links":{"self":[{"href":"https:\/\/mj-clothing.com\/fi\/wp-json\/wp\/v2\/product\/1770","targetHints":{"allow":["GET"]}}],"collection":[{"href":"https:\/\/mj-clothing.com\/fi\/wp-json\/wp\/v2\/product"}],"about":[{"href":"https:\/\/mj-clothing.com\/fi\/wp-json\/wp\/v2\/types\/product"}],"wp:featuredmedia":[{"embeddable":true,"href":"https:\/\/mj-clothing.com\/fi\/wp-json\/wp\/v2\/media\/1773"}],"wp:attachment":[{"href":"https:\/\/mj-clothing.com\/fi\/wp-json\/wp\/v2\/media?parent=1770"}],"wp:term":[{"taxonomy":"product_brand","embeddable":true,"href":"https:\/\/mj-clothing.com\/fi\/wp-json\/wp\/v2\/product_brand?post=1770"},{"taxonomy":"product_cat","embeddable":true,"href":"https:\/\/mj-clothing.com\/fi\/wp-json\/wp\/v2\/product_cat?post=1770"},{"taxonomy":"product_tag","embeddable":true,"href":"https:\/\/mj-clothing.com\/fi\/wp-json\/wp\/v2\/product_tag?post=1770"}],"curies":[{"name":"wp","href":"https:\/\/api.w.org\/{rel}","templated":true}]}}