{"id":1774,"date":"2024-12-14T03:23:26","date_gmt":"2024-12-14T03:23:26","guid":{"rendered":"https:\/\/mj-clothing.com\/?post_type=product&#038;p=1774"},"modified":"2024-12-17T07:06:57","modified_gmt":"2024-12-17T07:06:57","slug":"shell-jacket","status":"publish","type":"product","link":"https:\/\/mj-clothing.com\/fi\/manufacturer\/shell-jacket\/","title":{"rendered":"Shell takki"},"content":{"rendered":"<p data-sourcepos=\"1:1-1:266\">Kuoritakki on kevyt, vedenpit\u00e4v\u00e4 ja tuulenpit\u00e4v\u00e4 ulkokerros, joka on suunniteltu suojaamaan sinua s\u00e4\u00e4lt\u00e4. Se on monipuolinen p\u00e4\u00e4llysvaatekappale, jota voi k\u00e4ytt\u00e4\u00e4 eri s\u00e4\u00e4olosuhteissa, joten se on suosittu valinta ulkoiluun ja jokap\u00e4iv\u00e4iseen pukeutumiseen.<\/p>\n<h3 data-sourcepos=\"3:1-3:35\"><strong>Shell-takin t\u00e4rkeimm\u00e4t ominaisuudet:<\/strong><\/h3>\n<ul data-sourcepos=\"5:1-9:0\">\n<li data-sourcepos=\"5:1-5:218\"><strong>Vedenpit\u00e4v\u00e4 ja tuulenpit\u00e4v\u00e4:<\/strong> Takin ensisijainen teht\u00e4v\u00e4 on pit\u00e4\u00e4 sinut kuivana ja suojassa tuulelta. Takki on yleens\u00e4 valmistettu vedenpit\u00e4vist\u00e4 ja hengitt\u00e4vist\u00e4 materiaaleista, kuten Gore-Texist\u00e4 tai vastaavasta teknologiasta.<\/li>\n<li data-sourcepos=\"6:1-6:155\"><strong>Hengitt\u00e4vyys:<\/strong> Hyv\u00e4 takki pit\u00e4\u00e4 sinut kuivana, mutta p\u00e4\u00e4st\u00e4\u00e4 my\u00f6s kosteush\u00f6yryn pois, jolloin et tunne oloasi nihke\u00e4ksi ja ep\u00e4mukavaksi.<\/li>\n<li data-sourcepos=\"7:1-7:97\"><strong>Kest\u00e4vyys:<\/strong> Kuoritakit on suunniteltu kest\u00e4m\u00e4\u00e4n ankaria s\u00e4\u00e4olosuhteita ja kovaa k\u00e4ytt\u00f6\u00e4.<\/li>\n<li data-sourcepos=\"8:1-9:0\"><strong>Pakkautuvuus:<\/strong> Monet takit ovat kevyit\u00e4 ja pakattavia, joten niit\u00e4 on helppo kuljettaa mukana, kun niit\u00e4 ei k\u00e4ytet\u00e4.<\/li>\n<\/ul>\n<h3 data-sourcepos=\"10:1-10:32\"><strong>Kuinka tyylitell\u00e4 kuoritakki:<\/strong><\/h3>\n<ul data-sourcepos=\"12:1-15:0\">\n<li data-sourcepos=\"12:1-12:96\"><strong>Rento:<\/strong> Yhdist\u00e4 se farkkujen, t-paidan ja lenkkareiden kanssa, niin saat mukavan ja toimivan ulkoasun.<\/li>\n<li data-sourcepos=\"13:1-13:112\"><strong>Smart Casual:<\/strong> Kerrotaan se villapaidan, chinojen ja napitetun paidan p\u00e4\u00e4lle, jotta saat tyylikk\u00e4\u00e4n ja k\u00e4yt\u00e4nn\u00f6llisen asun.<\/li>\n<li data-sourcepos=\"14:1-15:0\"><strong>Ulkoilma-aktiviteetit:<\/strong> K\u00e4yt\u00e4 sit\u00e4 vaellushousujen, fleeceaineen ja tukevien saappaiden kanssa, jotta se suojaa elementtej\u00e4 vastaan.<\/li>\n<\/ul>\n<h3 data-sourcepos=\"16:1-16:37\"><strong>Suosittuja merkkej\u00e4 Shell-takkeja varten:<\/strong><\/h3>\n<ul data-sourcepos=\"18:1-21:0\">\n<li data-sourcepos=\"18:1-18:58\"><strong>Ulkoilumerkit:<\/strong> Patagonia, The North Face, Arc'teryx<\/li>\n<li data-sourcepos=\"19:1-19:46\"><strong>Tekniset tuotemerkit:<\/strong> Gore-Tex, Helly Hansen<\/li>\n<li data-sourcepos=\"20:1-21:0\"><strong>Lifestyle-br\u00e4ndit:<\/strong> Columbia, Timberland, Jack Wolfskin<\/li>\n<\/ul>","protected":false},"excerpt":{"rendered":"<table style=\"height: 515px;\" width=\"509\">\n<tbody>\n<tr>\n<td width=\"146\"><strong><b>Tuote<\/b><\/strong>\u00a0<strong><b>Nimi:<\/b><\/strong><\/td>\n<td width=\"601\"><strong>Shell takki<\/strong><\/td>\n<\/tr>\n<tr>\n<td width=\"146\"><strong><b>Materlal:<\/b><\/strong><\/td>\n<td width=\"601\">Polyesteri\/puuvilla<\/td>\n<\/tr>\n<tr>\n<td width=\"146\"><strong><b>Tekniikka:<\/b><\/strong><\/td>\n<td width=\"601\">Painaminen ja v\u00e4rj\u00e4ys<\/td>\n<\/tr>\n<tr>\n<td width=\"146\"><strong><b>Tyyli:<\/b><\/strong><\/td>\n<td width=\"601\">Rento<\/td>\n<\/tr>\n<tr>\n<td width=\"146\"><strong><b>V\u00e4ri<\/b><\/strong><strong><b>:<\/b><\/strong><\/td>\n<td width=\"601\">\u00a0Mukautetut v\u00e4rit<\/td>\n<\/tr>\n<tr>\n<td width=\"146\"><strong><b>Koko:<\/b><\/strong><\/td>\n<td width=\"601\">S \/M \/L \/XL \/2XL<\/td>\n<\/tr>\n<tr>\n<td width=\"146\"><strong><b>OEM\/ODM:<\/b><\/strong><\/td>\n<td width=\"601\">Hyv\u00e4ksytt\u00e4v\u00e4<\/td>\n<\/tr>\n<tr>\n<td width=\"146\"><strong><b>Laatu:<\/b><\/strong><\/td>\n<td width=\"601\">100% korkea laatu<\/td>\n<\/tr>\n<tr>\n<td width=\"146\"><strong><b>M<\/b><\/strong><strong><b>OQ:<\/b><\/strong><\/td>\n<td width=\"601\">200 kpl<\/td>\n<\/tr>\n<\/tbody>\n<\/table>","protected":false},"featured_media":1776,"template":"","meta":[],"product_brand":[],"product_cat":[38],"product_tag":[],"class_list":{"0":"post-1774","1":"product","2":"type-product","3":"status-publish","4":"has-post-thumbnail","6":"product_cat-mens-clothing","8":"first","9":"instock","10":"shipping-taxable","11":"product-type-simple"},"_links":{"self":[{"href":"https:\/\/mj-clothing.com\/fi\/wp-json\/wp\/v2\/product\/1774","targetHints":{"allow":["GET"]}}],"collection":[{"href":"https:\/\/mj-clothing.com\/fi\/wp-json\/wp\/v2\/product"}],"about":[{"href":"https:\/\/mj-clothing.com\/fi\/wp-json\/wp\/v2\/types\/product"}],"wp:featuredmedia":[{"embeddable":true,"href":"https:\/\/mj-clothing.com\/fi\/wp-json\/wp\/v2\/media\/1776"}],"wp:attachment":[{"href":"https:\/\/mj-clothing.com\/fi\/wp-json\/wp\/v2\/media?parent=1774"}],"wp:term":[{"taxonomy":"product_brand","embeddable":true,"href":"https:\/\/mj-clothing.com\/fi\/wp-json\/wp\/v2\/product_brand?post=1774"},{"taxonomy":"product_cat","embeddable":true,"href":"https:\/\/mj-clothing.com\/fi\/wp-json\/wp\/v2\/product_cat?post=1774"},{"taxonomy":"product_tag","embeddable":true,"href":"https:\/\/mj-clothing.com\/fi\/wp-json\/wp\/v2\/product_tag?post=1774"}],"curies":[{"name":"wp","href":"https:\/\/api.w.org\/{rel}","templated":true}]}}