{"id":1777,"date":"2024-12-14T03:30:07","date_gmt":"2024-12-14T03:30:07","guid":{"rendered":"https:\/\/mj-clothing.com\/?post_type=product&#038;p=1777"},"modified":"2024-12-17T07:04:15","modified_gmt":"2024-12-17T07:04:15","slug":"cropped-leather-jacket","status":"publish","type":"product","link":"https:\/\/mj-clothing.com\/fi\/manufacturer\/cropped-leather-jacket\/","title":{"rendered":"Leikattu nahkatakki"},"content":{"rendered":"<p data-sourcepos=\"1:1-1:117\">Leikattu nahkatakki on tyylik\u00e4s ja monipuolinen kappale, joka voi kohottaa mit\u00e4 tahansa asua. T\u00e4ss\u00e4 on syit\u00e4, miksi saatat rakastaa sellaista:<\/p>\n<h3 data-sourcepos=\"3:1-3:40\"><strong>Miksi valita leikattu nahkatakki?<\/strong><\/h3>\n<ul data-sourcepos=\"5:1-9:0\">\n<li data-sourcepos=\"5:1-5:120\"><strong><span class=\"citation-0 recitation\">Trendik\u00e4s ja moderni:<\/span><\/strong><span class=\"citation-0 recitation citation-end-0\"> Leikatut takit ovat suosittu trendi, joka voi tuoda nykyaikaisen s\u00e4rm\u00e4n ulkoasuun.<\/span><\/li>\n<li data-sourcepos=\"5:1-5:120\"><strong style=\"font-size: 14.4px;\">Monipuolinen muotoilu:<\/strong><span style=\"font-size: 14.4px;\"> Se voidaan pukea yl\u00f6s tai alas, mik\u00e4 tekee siit\u00e4 t\u00e4ydellisen erilaisiin tilaisuuksiin.<\/span><\/li>\n<li data-sourcepos=\"7:1-7:113\"><strong><span class=\"citation-1 recitation\">Imarteleva istuvuus:<\/span><\/strong><span class=\"citation-1 recitation citation-end-1\"> Leikattu takki voi korostaa vy\u00f6t\u00e4r\u00f6\u00e4si ja luoda imartelevan siluetin.<\/span><\/li>\n<li data-sourcepos=\"7:1-7:113\"><strong style=\"font-size: 14.4px;\">S\u00e4rmik\u00e4s ja tyylik\u00e4s:<\/strong><span style=\"font-size: 14.4px;\"> Nahka tuo ripauksen kovuutta ja hienostuneisuutta.<\/span><\/li>\n<\/ul>\n<h3 data-sourcepos=\"10:1-10:42\"><strong>Kuinka tyylitell\u00e4 leikattu nahkatakki:<\/strong><\/h3>\n<ul data-sourcepos=\"12:1-15:0\">\n<li data-sourcepos=\"12:1-12:82\"><strong>Rento Chic:<\/strong> Yhdist\u00e4 se farkkujen, t-paidan ja lenkkareiden kanssa rennon lookin luomiseen.<\/li>\n<li data-sourcepos=\"13:1-13:102\"><strong>Smart Casual:<\/strong> K\u00e4yt\u00e4 sit\u00e4 hameen, puseron ja nilkkureiden kanssa, jotta saat naisellisen ja tyylikk\u00e4\u00e4n asun.<\/li>\n<li data-sourcepos=\"14:1-15:0\"><strong>S\u00e4rmik\u00e4s ilme:<\/strong> Yhdist\u00e4 se nahkahousujen, graafisen t-paidan ja saappaiden kanssa, niin saat rock-and-roll-tunnelman.<\/li>\n<\/ul>\n<h3 data-sourcepos=\"16:1-16:47\"><strong>Vinkkej\u00e4 leikatun nahkatakin valintaan:<\/strong><\/h3>\n<ul data-sourcepos=\"18:1-22:0\">\n<li data-sourcepos=\"18:1-18:71\"><strong>Sopii:<\/strong> Valitse takki, joka istuu hyvin ja imartelee vartalon muotoasi.<\/li>\n<li data-sourcepos=\"19:1-19:60\"><strong>Materiaali:<\/strong> Valitse laadukas nahka, joka kest\u00e4\u00e4.<\/li>\n<li data-sourcepos=\"20:1-20:87\"><strong>Tyyli:<\/strong> Mieti henkil\u00f6kohtaista tyyli\u00e4si ja valitse takki, joka kuvastaa makuasi.<\/li>\n<li data-sourcepos=\"21:1-22:0\"><strong>V\u00e4ri:<\/strong> Musta on klassinen valinta, mutta voit harkita my\u00f6s muita v\u00e4rej\u00e4, kuten ruskeaa tai viininpunaista.<\/li>\n<\/ul>","protected":false},"excerpt":{"rendered":"<table style=\"height: 523px;\" width=\"508\">\n<tbody>\n<tr>\n<td width=\"146\"><strong><b>Tuote<\/b><\/strong>\u00a0<strong><b>Nimi:<\/b><\/strong><\/td>\n<td width=\"601\"><strong>Leikattu nahkatakki<\/strong><\/td>\n<\/tr>\n<tr>\n<td width=\"146\"><strong><b>Materlal:<\/b><\/strong><\/td>\n<td width=\"601\">Polyesteri\/puuvilla<\/td>\n<\/tr>\n<tr>\n<td width=\"146\"><strong><b>Tekniikka:<\/b><\/strong><\/td>\n<td width=\"601\">Iho<\/td>\n<\/tr>\n<tr>\n<td width=\"146\"><strong><b>Tyyli:<\/b><\/strong><\/td>\n<td width=\"601\">Rento<\/td>\n<\/tr>\n<tr>\n<td width=\"146\"><strong><b>V\u00e4ri<\/b><\/strong><strong><b>:<\/b><\/strong><\/td>\n<td width=\"601\">\u00a0Mukautetut v\u00e4rit<\/td>\n<\/tr>\n<tr>\n<td width=\"146\"><strong><b>Koko:<\/b><\/strong><\/td>\n<td width=\"601\">S \/M \/L \/XL \/2XL<\/td>\n<\/tr>\n<tr>\n<td width=\"146\"><strong><b>OEM\/ODM:<\/b><\/strong><\/td>\n<td width=\"601\">Hyv\u00e4ksytt\u00e4v\u00e4<\/td>\n<\/tr>\n<tr>\n<td width=\"146\"><strong><b>Laatu:<\/b><\/strong><\/td>\n<td width=\"601\">100% korkea laatu<\/td>\n<\/tr>\n<tr>\n<td width=\"146\"><strong><b>M<\/b><\/strong><strong><b>OQ:<\/b><\/strong><\/td>\n<td width=\"601\">200 kpl<\/td>\n<\/tr>\n<\/tbody>\n<\/table>","protected":false},"featured_media":1781,"template":"","meta":[],"product_brand":[],"product_cat":[38],"product_tag":[],"class_list":{"0":"post-1777","1":"product","2":"type-product","3":"status-publish","4":"has-post-thumbnail","6":"product_cat-mens-clothing","8":"first","9":"instock","10":"shipping-taxable","11":"product-type-simple"},"_links":{"self":[{"href":"https:\/\/mj-clothing.com\/fi\/wp-json\/wp\/v2\/product\/1777","targetHints":{"allow":["GET"]}}],"collection":[{"href":"https:\/\/mj-clothing.com\/fi\/wp-json\/wp\/v2\/product"}],"about":[{"href":"https:\/\/mj-clothing.com\/fi\/wp-json\/wp\/v2\/types\/product"}],"wp:featuredmedia":[{"embeddable":true,"href":"https:\/\/mj-clothing.com\/fi\/wp-json\/wp\/v2\/media\/1781"}],"wp:attachment":[{"href":"https:\/\/mj-clothing.com\/fi\/wp-json\/wp\/v2\/media?parent=1777"}],"wp:term":[{"taxonomy":"product_brand","embeddable":true,"href":"https:\/\/mj-clothing.com\/fi\/wp-json\/wp\/v2\/product_brand?post=1777"},{"taxonomy":"product_cat","embeddable":true,"href":"https:\/\/mj-clothing.com\/fi\/wp-json\/wp\/v2\/product_cat?post=1777"},{"taxonomy":"product_tag","embeddable":true,"href":"https:\/\/mj-clothing.com\/fi\/wp-json\/wp\/v2\/product_tag?post=1777"}],"curies":[{"name":"wp","href":"https:\/\/api.w.org\/{rel}","templated":true}]}}