{"id":1792,"date":"2024-12-14T03:52:01","date_gmt":"2024-12-14T03:52:01","guid":{"rendered":"https:\/\/mj-clothing.com\/?post_type=product&#038;p=1792"},"modified":"2024-12-17T07:00:56","modified_gmt":"2024-12-17T07:00:56","slug":"mens-alpaca-sweater","status":"publish","type":"product","link":"https:\/\/mj-clothing.com\/fi\/manufacturer\/mens-alpaca-sweater\/","title":{"rendered":"Miesten alpakka villapaita"},"content":{"rendered":"<p data-sourcepos=\"1:1-1:198\"><span class=\"citation-0 recitation citation-end-0\">Miesten alpakkapusero on ylellinen ja l\u00e4mmin vaate, joka on valmistettu alpakan, etel\u00e4amerikkalaisen kameliel\u00e4imen, hienosta ja pehme\u00e4st\u00e4 kuidusta.<\/span> Alpakan kuitu tunnetaan poikkeuksellisista ominaisuuksistaan, kuten:<span class=\"button-container hide-from-message-actions ng-star-inserted\"> \u00a0<\/span><\/p>\n<ul data-sourcepos=\"3:1-7:0\">\n<li data-sourcepos=\"3:1-3:89\"><strong><span class=\"citation-1 recitation\">Pehmeys:<\/span><\/strong><span class=\"citation-1 recitation citation-end-1\"> Alpakan kuitu on uskomattoman pehme\u00e4\u00e4, usein pehme\u00e4mp\u00e4\u00e4 kuin kashmir.<\/span><\/li>\n<li data-sourcepos=\"3:1-3:89\"><span class=\"button-container hide-from-message-actions ng-star-inserted\"><strong style=\"font-size: 14.4px;\">L\u00e4mp\u00f6:<\/strong> <span class=\"citation-2 recitation citation-end-2\" style=\"font-size: 14.4px;\">Se erist\u00e4\u00e4 erinomaisesti ja pit\u00e4\u00e4 sinut l\u00e4mpim\u00e4n\u00e4 kylm\u00e4ll\u00e4 s\u00e4\u00e4ll\u00e4.<\/span><\/span>\n<div class=\"container ng-tns-c2946245707-269 hide\">\n<div class=\"carousel-container ng-tns-c2946245707-269\"><\/div>\n<\/div>\n<\/li>\n<li data-sourcepos=\"5:1-5:80\"><strong>Kest\u00e4vyys:<\/strong> <span class=\"citation-3 recitation citation-end-3\">Alpakan kuitu on kest\u00e4v\u00e4\u00e4 ja pillingin kest\u00e4v\u00e4\u00e4.<\/span><\/li>\n<li data-sourcepos=\"5:1-5:80\"><span class=\"button-container hide-from-message-actions ng-star-inserted\">\u00a0<\/span><span class=\"button-container hide-from-message-actions ng-star-inserted\"><strong style=\"font-size: 14.4px;\">Hypoallergeeninen:<\/strong> <span class=\"citation-4 recitation citation-end-4\" style=\"font-size: 14.4px;\">Se on luonnostaan hypoallergeeninen, joten se on erinomainen valinta herkk\u00e4ihoisille.<\/span><span class=\"button-container hide-from-message-actions ng-star-inserted\" style=\"font-size: 14.4px;\"> \u00a0<\/span><\/span>\n<div class=\"container ng-tns-c2946245707-271 hide\">\n<div class=\"carousel-container ng-tns-c2946245707-271\"><\/div>\n<\/div>\n<\/li>\n<\/ul>\n<h3 data-sourcepos=\"8:1-8:33\"><strong>Miksi valita miesten alpakkapusero?<\/strong><\/h3>\n<ul data-sourcepos=\"10:1-14:0\">\n<li data-sourcepos=\"10:1-10:93\"><strong>Ylellinen tunne:<\/strong> Alpakkakuidun pehme\u00e4, silkkinen rakenne tuntuu ihanalta ihoa vasten.<\/li>\n<li data-sourcepos=\"11:1-11:118\"><strong><span class=\"citation-5 recitation\">Poikkeuksellinen l\u00e4mp\u00f6:<\/span><\/strong><span class=\"citation-5 recitation citation-end-5\"> Alpakapuserot sopivat t\u00e4ydellisesti kylm\u00e4\u00e4n s\u00e4\u00e4h\u00e4n, sill\u00e4 ne pit\u00e4v\u00e4t sinut mukavana ja viihtyis\u00e4n\u00e4.<\/span><\/li>\n<li data-sourcepos=\"11:1-11:118\"><strong style=\"font-size: 14.4px;\">Tyyli\u00e4 ja eleganssia:<\/strong><span style=\"font-size: 14.4px;\"> Alpakanv\u00e4riset villapaidat voivat kohottaa mit\u00e4 tahansa asua ja lis\u00e4t\u00e4 siihen ripauksen hienostuneisuutta.<\/span><\/li>\n<li data-sourcepos=\"13:1-14:0\"><strong><span class=\"citation-6 recitation\">Eettinen ja kest\u00e4v\u00e4:<\/span><\/strong><span class=\"citation-6 recitation citation-end-6\"> Alpakoiden kasvatusta pidet\u00e4\u00e4n usein inhimillisemp\u00e4n\u00e4 ja ymp\u00e4rist\u00f6yst\u00e4v\u00e4llisemp\u00e4n\u00e4 kuin lampaiden kasvatusta.<\/span><span class=\"button-container hide-from-message-actions ng-star-inserted\">\u00a0 \u00a0<\/span>\n<div class=\"container ng-tns-c2946245707-273 hide\">\n<div class=\"carousel-container ng-tns-c2946245707-273\"><\/div>\n<\/div>\n<\/li>\n<\/ul>\n<h3 data-sourcepos=\"15:1-15:35\"><strong>Miten tyylitell\u00e4 miesten alpakkapusero:<\/strong><\/h3>\n<ul data-sourcepos=\"17:1-20:0\">\n<li data-sourcepos=\"17:1-17:77\"><strong>Rento:<\/strong> Yhdist\u00e4 se farkkujen, t-paidan ja lenkkareiden kanssa rennon lookin luomiseen.<\/li>\n<li data-sourcepos=\"18:1-18:96\"><strong>Smart Casual:<\/strong> K\u00e4yt\u00e4 sit\u00e4 chinojen, napitettavan paidan ja lenkkikenkien kanssa, jos haluat tyylikk\u00e4\u00e4n asun.<\/li>\n<li data-sourcepos=\"19:1-20:0\"><strong>Muodollinen:<\/strong> Kerrosta se pukupaidan ja solmion p\u00e4\u00e4lle hienostuneen ilmeen aikaansaamiseksi.<\/li>\n<\/ul>\n<p data-sourcepos=\"21:1-21:40\"><strong>Mist\u00e4 l\u00f6yt\u00e4\u00e4 miesten alpakkapuseroita:<\/strong><\/p>\n<ul data-sourcepos=\"23:1-26:0\">\n<li data-sourcepos=\"23:1-23:116\"><strong><span class=\"citation-7 recitation\">Verkkokauppiaat:<\/span><\/strong><span class=\"citation-7 recitation citation-end-7\"> Amazon, Etsy ja muut verkkokauppiaat tarjoavat laajan valikoiman alpakkapaitoja.<\/span><\/li>\n<li data-sourcepos=\"23:1-23:116\"><strong style=\"font-size: 14.4px;\">Tavaratalot:<\/strong><span style=\"font-size: 14.4px;\"> Korkealuokkaisissa tavarataloissa on usein luksusmerkkien alpakkapaitoja.<\/span><\/li>\n<li data-sourcepos=\"25:1-26:0\"><strong>Erikoisliikkeet:<\/strong> Etsi kauppoja, jotka ovat erikoistuneet ylellisiin kuituihin ja kest\u00e4v\u00e4\u00e4n muotiin.<\/li>\n<\/ul>\n<p data-sourcepos=\"27:1-27:223\"><strong>Muista:<\/strong> Kun ostat alpakkapaitaa, etsi korkealaatuista, eettisesti tuotettua kuitua. Huomioi my\u00f6s villapaidan paino ja paksuus, sill\u00e4 ne vaikuttavat sen l\u00e4mpimyyteen ja soveltuvuuteen eri ilmastoihin.<\/p>","protected":false},"excerpt":{"rendered":"<table style=\"height: 483px;\" width=\"499\">\n<tbody>\n<tr>\n<td width=\"146\"><strong><b>Tuote<\/b><\/strong>\u00a0<strong><b>Nimi:<\/b><\/strong><\/td>\n<td width=\"601\"><strong>Miesten alpakka villapaita<\/strong><\/td>\n<\/tr>\n<tr>\n<td width=\"146\"><strong><b>Materlal:<\/b><\/strong><\/td>\n<td width=\"601\">Polyesteri\/puuvilla<\/td>\n<\/tr>\n<tr>\n<td width=\"146\"><strong><b>Tekniikka:<\/b><\/strong><\/td>\n<td width=\"601\">Kutoa<\/td>\n<\/tr>\n<tr>\n<td width=\"146\"><strong><b>Tyyli:<\/b><\/strong><\/td>\n<td width=\"601\">Rento<\/td>\n<\/tr>\n<tr>\n<td width=\"146\"><strong><b>V\u00e4ri<\/b><\/strong><strong><b>:<\/b><\/strong><\/td>\n<td width=\"601\">\u00a0Mukautetut v\u00e4rit<\/td>\n<\/tr>\n<tr>\n<td width=\"146\"><strong><b>Koko:<\/b><\/strong><\/td>\n<td width=\"601\">S \/M \/L \/XL \/2XL<\/td>\n<\/tr>\n<tr>\n<td width=\"146\"><strong><b>OEM\/ODM:<\/b><\/strong><\/td>\n<td width=\"601\">Hyv\u00e4ksytt\u00e4v\u00e4<\/td>\n<\/tr>\n<tr>\n<td width=\"146\"><strong><b>Laatu:<\/b><\/strong><\/td>\n<td width=\"601\">100% korkea laatu<\/td>\n<\/tr>\n<tr>\n<td width=\"146\"><strong><b>M<\/b><\/strong><strong><b>OQ:<\/b><\/strong><\/td>\n<td width=\"601\">200 kpl<\/td>\n<\/tr>\n<\/tbody>\n<\/table>","protected":false},"featured_media":1793,"template":"","meta":[],"product_brand":[],"product_cat":[38],"product_tag":[],"class_list":{"0":"post-1792","1":"product","2":"type-product","3":"status-publish","4":"has-post-thumbnail","6":"product_cat-mens-clothing","8":"first","9":"instock","10":"shipping-taxable","11":"product-type-simple"},"_links":{"self":[{"href":"https:\/\/mj-clothing.com\/fi\/wp-json\/wp\/v2\/product\/1792","targetHints":{"allow":["GET"]}}],"collection":[{"href":"https:\/\/mj-clothing.com\/fi\/wp-json\/wp\/v2\/product"}],"about":[{"href":"https:\/\/mj-clothing.com\/fi\/wp-json\/wp\/v2\/types\/product"}],"wp:featuredmedia":[{"embeddable":true,"href":"https:\/\/mj-clothing.com\/fi\/wp-json\/wp\/v2\/media\/1793"}],"wp:attachment":[{"href":"https:\/\/mj-clothing.com\/fi\/wp-json\/wp\/v2\/media?parent=1792"}],"wp:term":[{"taxonomy":"product_brand","embeddable":true,"href":"https:\/\/mj-clothing.com\/fi\/wp-json\/wp\/v2\/product_brand?post=1792"},{"taxonomy":"product_cat","embeddable":true,"href":"https:\/\/mj-clothing.com\/fi\/wp-json\/wp\/v2\/product_cat?post=1792"},{"taxonomy":"product_tag","embeddable":true,"href":"https:\/\/mj-clothing.com\/fi\/wp-json\/wp\/v2\/product_tag?post=1792"}],"curies":[{"name":"wp","href":"https:\/\/api.w.org\/{rel}","templated":true}]}}