{"id":1802,"date":"2024-12-14T06:48:03","date_gmt":"2024-12-14T06:48:03","guid":{"rendered":"https:\/\/mj-clothing.com\/?post_type=product&#038;p=1802"},"modified":"2024-12-17T06:59:40","modified_gmt":"2024-12-17T06:59:40","slug":"mens-mohair-sweater","status":"publish","type":"product","link":"https:\/\/mj-clothing.com\/fi\/manufacturer\/mens-mohair-sweater\/","title":{"rendered":"Miesten mohair villapaita"},"content":{"rendered":"<h2 data-sourcepos=\"1:1-1:44\">Miesten mohairpuserot: Ylellinen valinta<\/h2>\n<p data-sourcepos=\"3:1-3:167\"><span class=\"citation-0 recitation citation-end-0\">Miesten mohair-pusero on ylellinen vaate, joka on valmistettu angoravuohen hienosta ja pehme\u00e4st\u00e4 kuidusta.<\/span> Mohair tunnetaan poikkeuksellisista ominaisuuksistaan, joita ovat mm. seuraavat:<span class=\"button-container hide-from-message-actions ng-star-inserted\">\u00a0<\/span><\/p>\n<div class=\"container ng-tns-c2946245707-308 hide\">\n<div class=\"carousel-container ng-tns-c2946245707-308\">\n<div class=\"carousel-content ng-tns-c2946245707-308\">\n<div class=\"sources-carousel-source ng-tns-c2946245707-308 hide ng-star-inserted\" data-test-id=\"sources-carousel-source\"><\/div>\n<\/div>\n<\/div>\n<\/div>\n<ul data-sourcepos=\"5:1-9:0\">\n<li data-sourcepos=\"5:1-5:70\"><strong>Pehmeys:<\/strong> Mohair on uskomattoman pehme\u00e4\u00e4, usein pehme\u00e4mp\u00e4\u00e4 kuin kashmir.<\/li>\n<li data-sourcepos=\"6:1-6:94\"><strong>L\u00e4mp\u00f6:<\/strong> <span class=\"citation-1 recitation citation-end-1\">Se erist\u00e4\u00e4 erinomaisesti ja pit\u00e4\u00e4 sinut l\u00e4mpim\u00e4n\u00e4 kylm\u00e4ll\u00e4 s\u00e4\u00e4ll\u00e4.<\/span><span class=\"button-container hide-from-message-actions ng-star-inserted\"> \u00a0<\/span><\/li>\n<li data-sourcepos=\"6:1-6:94\"><span class=\"button-container hide-from-message-actions ng-star-inserted\"><strong style=\"font-size: 14.4px;\"><span class=\"citation-2 recitation\">Kest\u00e4vyys:<\/span><\/strong><span class=\"citation-2 recitation citation-end-2\" style=\"font-size: 14.4px;\"> Mohair on kest\u00e4v\u00e4\u00e4 ja pillingin kest\u00e4v\u00e4\u00e4.<\/span><\/span>\n<div class=\"container ng-tns-c2946245707-310 hide\">\n<div class=\"carousel-container ng-tns-c2946245707-310\"><\/div>\n<\/div>\n<\/li>\n<li data-sourcepos=\"8:1-9:0\"><strong><span class=\"citation-3 recitation\">Kiilto:<\/span><\/strong><span class=\"citation-3 recitation citation-end-3\"> Mohairilla on luonnollinen kiilto, joka antaa sille ainutlaatuisen kiillon.<\/span>\n<div class=\"container ng-tns-c2946245707-311 hide\">\n<div class=\"carousel-container ng-tns-c2946245707-311\"><\/div>\n<\/div>\n<\/li>\n<\/ul>\n<h3 data-sourcepos=\"10:1-10:32\"><strong>Miksi valita miesten mohair-pusero?<\/strong><\/h3>\n<ul data-sourcepos=\"12:1-16:0\">\n<li data-sourcepos=\"12:1-12:93\"><strong>Ylellinen tunne:<\/strong> Mohair-kuidun pehme\u00e4, silkkinen rakenne tuntuu ihanalta ihoa vasten.<\/li>\n<li data-sourcepos=\"13:1-13:118\"><strong><span class=\"citation-4 recitation\">Poikkeuksellinen l\u00e4mp\u00f6:<\/span><\/strong><span class=\"citation-4 recitation citation-end-4\"> Mohair-puserot sopivat t\u00e4ydellisesti kylm\u00e4\u00e4n s\u00e4\u00e4h\u00e4n, sill\u00e4 ne pit\u00e4v\u00e4t sinut viihtyis\u00e4n\u00e4 ja mukavana.<\/span><span class=\"button-container hide-from-message-actions ng-star-inserted\">\u00a0<\/span>\n<div class=\"container ng-tns-c2946245707-312 hide\">\n<div class=\"carousel-container ng-tns-c2946245707-312\"><\/div>\n<\/div>\n<\/li>\n<li data-sourcepos=\"14:1-14:99\"><strong>Tyyli\u00e4 ja eleganssia:<\/strong> Mohair-puserot voivat kohottaa mit\u00e4 tahansa asua ja lis\u00e4t\u00e4 siihen hienostuneisuutta.<\/li>\n<li data-sourcepos=\"15:1-16:0\"><strong>Ainutlaatuinen rakenne:<\/strong> Mohairin ainutlaatuinen rakenne tuo vaatekaappiisi visuaalista mielenkiintoa.<\/li>\n<\/ul>\n<h3 data-sourcepos=\"17:1-17:34\"><strong>Miten mohairpusero muotoillaan:<\/strong><\/h3>\n<ul data-sourcepos=\"19:1-22:0\">\n<li data-sourcepos=\"19:1-19:77\"><strong>Rento:<\/strong> Yhdist\u00e4 se farkkujen, t-paidan ja lenkkareiden kanssa rennon lookin luomiseen.<\/li>\n<li data-sourcepos=\"20:1-20:96\"><strong>Smart Casual:<\/strong> K\u00e4yt\u00e4 sit\u00e4 chinojen, napitettavan paidan ja lenkkikenkien kanssa, jos haluat tyylikk\u00e4\u00e4n asun.<\/li>\n<li data-sourcepos=\"21:1-22:0\"><strong>Muodollinen:<\/strong> Kerrosta se pukupaidan ja solmion p\u00e4\u00e4lle hienostuneen ilmeen aikaansaamiseksi.<\/li>\n<\/ul>\n<h3 data-sourcepos=\"23:1-23:40\"><strong>Mist\u00e4 l\u00f6yt\u00e4\u00e4 miesten mohair-puseroita:<\/strong><\/h3>\n<ul data-sourcepos=\"25:1-28:0\">\n<li data-sourcepos=\"25:1-25:90\"><strong>Korkealuokkaiset tavaratalot:<\/strong> Etsi ylellisi\u00e4 merkkej\u00e4, jotka ovat erikoistuneet hienoihin neuleisiin.<\/li>\n<li data-sourcepos=\"26:1-26:130\"><strong><span class=\"citation-5 recitation\">Verkkokauppiaat:<\/span><\/strong><span class=\"citation-5 recitation citation-end-5\"> Amazonin, Etsyn ja muiden verkkokauppiaiden kaltaiset sivustot tarjoavat laajan valikoiman mohair-puseroita.<\/span>\n<div class=\"container ng-tns-c2946245707-313 hide\">\n<div class=\"carousel-container ng-tns-c2946245707-313\"><\/div>\n<\/div>\n<\/li>\n<li data-sourcepos=\"27:1-28:0\"><strong>Erikoisliikkeet:<\/strong> Ylellisyyskuituihin ja kest\u00e4v\u00e4\u00e4n muotiin erikoistuneissa myym\u00e4l\u00f6iss\u00e4 voi olla mohair-puseroita.<\/li>\n<\/ul>\n<p data-sourcepos=\"29:1-29:222\"><strong>Muista:<\/strong> Kun ostat mohairpuseron, etsi korkealaatuista, eettisesti tuotettua kuitua. Huomioi my\u00f6s villapaidan paino ja paksuus, sill\u00e4 ne vaikuttavat sen l\u00e4mpimyyteen ja soveltuvuuteen eri ilmastoihin.<\/p>","protected":false},"excerpt":{"rendered":"<table style=\"height: 484px;\" width=\"506\">\n<tbody>\n<tr>\n<td width=\"146\"><strong><b>Tuote<\/b><\/strong>\u00a0<strong><b>Nimi:<\/b><\/strong><\/td>\n<td width=\"601\"><strong>Miesten mohair villapaita<\/strong><\/td>\n<\/tr>\n<tr>\n<td width=\"146\"><strong><b>Materlal:<\/b><\/strong><\/td>\n<td width=\"601\">Polyesteri\/puuvilla<\/td>\n<\/tr>\n<tr>\n<td width=\"146\"><strong><b>Tekniikka:<\/b><\/strong><\/td>\n<td width=\"601\">Kutoa<\/td>\n<\/tr>\n<tr>\n<td width=\"146\"><strong><b>Tyyli:<\/b><\/strong><\/td>\n<td width=\"601\">Rento<\/td>\n<\/tr>\n<tr>\n<td width=\"146\"><strong><b>V\u00e4ri<\/b><\/strong><strong><b>:<\/b><\/strong><\/td>\n<td width=\"601\">\u00a0Mukautetut v\u00e4rit<\/td>\n<\/tr>\n<tr>\n<td width=\"146\"><strong><b>Koko:<\/b><\/strong><\/td>\n<td width=\"601\">S \/M \/L \/XL \/2XL<\/td>\n<\/tr>\n<tr>\n<td width=\"146\"><strong><b>OEM\/ODM:<\/b><\/strong><\/td>\n<td width=\"601\">Hyv\u00e4ksytt\u00e4v\u00e4<\/td>\n<\/tr>\n<tr>\n<td width=\"146\"><strong><b>Laatu:<\/b><\/strong><\/td>\n<td width=\"601\">100% korkea laatu<\/td>\n<\/tr>\n<tr>\n<td width=\"146\"><strong><b>M<\/b><\/strong><strong><b>OQ:<\/b><\/strong><\/td>\n<td width=\"601\">200 kpl<\/td>\n<\/tr>\n<\/tbody>\n<\/table>","protected":false},"featured_media":1803,"template":"","meta":[],"product_brand":[],"product_cat":[38],"product_tag":[],"class_list":{"0":"post-1802","1":"product","2":"type-product","3":"status-publish","4":"has-post-thumbnail","6":"product_cat-mens-clothing","8":"first","9":"instock","10":"shipping-taxable","11":"product-type-simple"},"_links":{"self":[{"href":"https:\/\/mj-clothing.com\/fi\/wp-json\/wp\/v2\/product\/1802","targetHints":{"allow":["GET"]}}],"collection":[{"href":"https:\/\/mj-clothing.com\/fi\/wp-json\/wp\/v2\/product"}],"about":[{"href":"https:\/\/mj-clothing.com\/fi\/wp-json\/wp\/v2\/types\/product"}],"wp:featuredmedia":[{"embeddable":true,"href":"https:\/\/mj-clothing.com\/fi\/wp-json\/wp\/v2\/media\/1803"}],"wp:attachment":[{"href":"https:\/\/mj-clothing.com\/fi\/wp-json\/wp\/v2\/media?parent=1802"}],"wp:term":[{"taxonomy":"product_brand","embeddable":true,"href":"https:\/\/mj-clothing.com\/fi\/wp-json\/wp\/v2\/product_brand?post=1802"},{"taxonomy":"product_cat","embeddable":true,"href":"https:\/\/mj-clothing.com\/fi\/wp-json\/wp\/v2\/product_cat?post=1802"},{"taxonomy":"product_tag","embeddable":true,"href":"https:\/\/mj-clothing.com\/fi\/wp-json\/wp\/v2\/product_tag?post=1802"}],"curies":[{"name":"wp","href":"https:\/\/api.w.org\/{rel}","templated":true}]}}