{"id":1804,"date":"2024-12-14T06:55:24","date_gmt":"2024-12-14T06:55:24","guid":{"rendered":"https:\/\/mj-clothing.com\/?post_type=product&#038;p=1804"},"modified":"2024-12-17T06:56:31","modified_gmt":"2024-12-17T06:56:31","slug":"mens-cashmere-sweater","status":"publish","type":"product","link":"https:\/\/mj-clothing.com\/fi\/manufacturer\/mens-cashmere-sweater\/","title":{"rendered":"Miesten kashmir villapaita"},"content":{"rendered":"<p data-sourcepos=\"1:1-1:177\"><span class=\"citation-0 recitation citation-end-0\">Miesten kashmirpusero on ylellinen ja ajaton vaatekappale, joka tarjoaa vertaansa vailla olevaa mukavuutta ja l\u00e4mp\u00f6\u00e4.<\/span> Seuraavassa kerrotaan, miksi sinun kannattaa harkita investoimista sellaiseen:<span class=\"button-container hide-from-message-actions ng-star-inserted\"> \u00a0<\/span><\/p>\n<div class=\"container ng-tns-c2946245707-329 hide\">\n<div class=\"carousel-container ng-tns-c2946245707-329\">\n<div class=\"carousel-content ng-tns-c2946245707-329\">\n<div class=\"sources-carousel-source ng-tns-c2946245707-329 hide ng-star-inserted\" data-test-id=\"sources-carousel-source\"><\/div>\n<\/div>\n<\/div>\n<\/div>\n<h3 data-sourcepos=\"3:1-3:34\"><strong>Miksi valita miesten kashmir-pusero?<\/strong><\/h3>\n<ul data-sourcepos=\"5:1-9:0\">\n<li data-sourcepos=\"5:1-5:124\"><strong><span class=\"citation-1 recitation\">Poikkeuksellinen pehmeys:<\/span><\/strong><span class=\"citation-1 recitation citation-end-1\"> Kashmir on tunnettu uskomattoman pehme\u00e4st\u00e4 koostumuksestaan, joten sit\u00e4 on miellytt\u00e4v\u00e4 k\u00e4ytt\u00e4\u00e4.<\/span><\/li>\n<li data-sourcepos=\"5:1-5:124\"><span class=\"button-container hide-from-message-actions ng-star-inserted\"><strong style=\"font-size: 14.4px;\"><span class=\"citation-2 recitation\">Ylivoimainen l\u00e4mp\u00f6:<\/span><\/strong><span class=\"citation-2 recitation citation-end-2\" style=\"font-size: 14.4px;\"> Kevyest\u00e4 luonteestaan huolimatta kashmir erist\u00e4\u00e4 erinomaisesti ja pit\u00e4\u00e4 sinut l\u00e4mpim\u00e4n\u00e4 kylm\u00e4ll\u00e4 s\u00e4\u00e4ll\u00e4.<\/span><\/span>\n<div class=\"container ng-tns-c2946245707-331 hide\">\n<div class=\"carousel-container ng-tns-c2946245707-331\"><\/div>\n<\/div>\n<\/li>\n<li data-sourcepos=\"7:1-7:122\"><strong>Kest\u00e4vyys:<\/strong> <span class=\"citation-3 recitation citation-end-3\">Laadukas kashmir on yll\u00e4tt\u00e4v\u00e4n kest\u00e4v\u00e4\u00e4 ja voi kest\u00e4\u00e4 useita vuosia asianmukaisella hoidolla.<\/span><span class=\"button-container hide-from-message-actions ng-star-inserted\">\u00a0<\/span>\n<div class=\"container ng-tns-c2946245707-332 hide\">\n<div class=\"carousel-container ng-tns-c2946245707-332\"><\/div>\n<\/div>\n<\/li>\n<li data-sourcepos=\"8:1-9:0\"><strong><span class=\"citation-4 recitation\">Hypoallergeeninen:<\/span><\/strong><span class=\"citation-4 recitation citation-end-4\"> Kashmir on hypoallergeeninen, joten se sopii herkk\u00e4ihoisille.<\/span><span class=\"button-container hide-from-message-actions ng-star-inserted\">\u00a0<\/span>\n<div class=\"container ng-tns-c2946245707-333 hide\">\n<div class=\"carousel-container ng-tns-c2946245707-333\">\n<div class=\"carousel-content ng-tns-c2946245707-333\">\n<div class=\"sources-carousel-source ng-tns-c2946245707-333 hide ng-star-inserted\" data-test-id=\"sources-carousel-source\"><\/div>\n<\/div>\n<\/div>\n<\/div>\n<\/li>\n<\/ul>\n<h3 data-sourcepos=\"10:1-10:36\"><strong>Kuinka tyylitell\u00e4 miesten kashmirpuseroa:<\/strong><\/h3>\n<ul data-sourcepos=\"12:1-15:0\">\n<li data-sourcepos=\"12:1-12:77\">\n<h3><strong>Rento:<\/strong> Yhdist\u00e4 se farkkujen, t-paidan ja lenkkareiden kanssa rennon lookin luomiseen.<\/h3>\n<\/li>\n<li data-sourcepos=\"13:1-13:96\"><strong>Smart Casual:<\/strong> K\u00e4yt\u00e4 sit\u00e4 chinojen, napitettavan paidan ja lenkkikenkien kanssa, jos haluat tyylikk\u00e4\u00e4n asun.<\/li>\n<li data-sourcepos=\"14:1-15:0\"><strong>Muodollinen:<\/strong> Kerrosta se pukupaidan ja solmion p\u00e4\u00e4lle hienostuneen ilmeen aikaansaamiseksi.<\/li>\n<\/ul>\n<h3 data-sourcepos=\"16:1-16:42\"><strong>Mist\u00e4 l\u00f6yt\u00e4\u00e4 miesten kashmirpuseroita:<\/strong><\/h3>\n<ul data-sourcepos=\"18:1-21:0\">\n<li data-sourcepos=\"18:1-18:90\"><strong>Korkealuokkaiset tavaratalot:<\/strong> Etsi ylellisi\u00e4 merkkej\u00e4, jotka ovat erikoistuneet hienoihin neuleisiin.<\/li>\n<li data-sourcepos=\"19:1-19:132\"><strong><span class=\"citation-5 recitation\">Verkkokauppiaat:<\/span><\/strong><span class=\"citation-5 recitation citation-end-5\"> Amazonin, Etsyn ja muiden verkkokauppiaiden kaltaiset sivustot tarjoavat laajan valikoiman kashmirpuseroita.<\/span><\/li>\n<li data-sourcepos=\"19:1-19:132\"><strong style=\"font-size: 14.4px;\">Erikoisliikkeet:<\/strong><span style=\"font-size: 14.4px;\"> Ylellisyyskuituihin ja kest\u00e4v\u00e4\u00e4n muotiin erikoistuneissa myym\u00e4l\u00f6iss\u00e4 voi olla kashmirpuseroita.<\/span><\/li>\n<\/ul>\n<h3 data-sourcepos=\"22:1-22:41\"><strong>Vinkkej\u00e4 miesten kashmirpuseron valintaan:<\/strong><\/h3>\n<ul data-sourcepos=\"24:1-28:0\">\n<li data-sourcepos=\"24:1-24:94\"><strong>Laatu:<\/strong> Etsi laadukasta kashmiria, joka on pehme\u00e4\u00e4, sile\u00e4\u00e4 ja jossa ei ole virheit\u00e4.<\/li>\n<li data-sourcepos=\"25:1-25:95\"><strong>Paino:<\/strong> Ota huomioon villapaidan paino, sill\u00e4 raskaammat villapaidat l\u00e4mmitt\u00e4v\u00e4t enemm\u00e4n.<\/li>\n<li data-sourcepos=\"26:1-26:72\"><strong>Sopii:<\/strong> Valitse villapaita, joka istuu hyvin ja imartelee vartalon muotoasi.<\/li>\n<li data-sourcepos=\"27:1-28:0\"><strong>Tyyli:<\/strong> Valitse omaan makuusi sopiva tyyli, olipa se sitten rintakaula, V-kaula tai pystykaula.<\/li>\n<\/ul>\n<h4 data-sourcepos=\"29:1-29:37\"><strong>Cashmere-puseron hoitaminen:<\/strong><\/h4>\n<ul data-sourcepos=\"31:1-34:0\">\n<li data-sourcepos=\"31:1-31:50\">Pese k\u00e4sin kylm\u00e4ss\u00e4 vedess\u00e4 hell\u00e4varaisella pesuaineella.<\/li>\n<li data-sourcepos=\"32:1-32:31\">Kuivaa tasaisesti venymisen v\u00e4ltt\u00e4miseksi.<\/li>\n<li data-sourcepos=\"33:1-34:0\">S\u00e4ilyt\u00e4 viile\u00e4ss\u00e4, kuivassa paikassa, suojattuna suoralta auringonvalolta.<\/li>\n<\/ul>\n<p data-sourcepos=\"35:1-35:144\">Investoimalla laadukkaaseen kashmirpuseroon saat paitsi tyylikk\u00e4\u00e4n ja mukavan vaatteen my\u00f6s ajattoman ylellisyyden.<\/p>\n<div class=\"attachment-container search-images\">\n<div class=\"image-container hide-from-message-actions ng-star-inserted\">\n<div class=\"overlay-container ng-star-inserted\"><\/div>\n<\/div>\n<\/div>","protected":false},"excerpt":{"rendered":"<table style=\"height: 529px;\" width=\"500\">\n<tbody>\n<tr>\n<td width=\"146\"><strong><b>Tuote<\/b><\/strong>\u00a0<strong><b>Nimi:<\/b><\/strong><\/td>\n<td width=\"601\"><strong>Miesten kashmir villapaita<\/strong><\/td>\n<\/tr>\n<tr>\n<td width=\"146\"><strong><b>Materlal:<\/b><\/strong><\/td>\n<td width=\"601\">Polyesteri\/puuvilla<\/td>\n<\/tr>\n<tr>\n<td width=\"146\"><strong><b>Tekniikka:<\/b><\/strong><\/td>\n<td width=\"601\">Kutoa<\/td>\n<\/tr>\n<tr>\n<td width=\"146\"><strong><b>Tyyli:<\/b><\/strong><\/td>\n<td width=\"601\">Rento<\/td>\n<\/tr>\n<tr>\n<td width=\"146\"><strong><b>V\u00e4ri<\/b><\/strong><strong><b>:<\/b><\/strong><\/td>\n<td width=\"601\">\u00a0Mukautetut v\u00e4rit<\/td>\n<\/tr>\n<tr>\n<td width=\"146\"><strong><b>Koko:<\/b><\/strong><\/td>\n<td width=\"601\">S \/M \/L \/XL \/2XL<\/td>\n<\/tr>\n<tr>\n<td width=\"146\"><strong><b>OEM\/ODM:<\/b><\/strong><\/td>\n<td width=\"601\">Hyv\u00e4ksytt\u00e4v\u00e4<\/td>\n<\/tr>\n<tr>\n<td width=\"146\"><strong><b>Laatu:<\/b><\/strong><\/td>\n<td width=\"601\">100% korkea laatu<\/td>\n<\/tr>\n<tr>\n<td width=\"146\"><strong><b>M<\/b><\/strong><strong><b>OQ:<\/b><\/strong><\/td>\n<td width=\"601\">200 kpl<\/td>\n<\/tr>\n<\/tbody>\n<\/table>","protected":false},"featured_media":1805,"template":"","meta":[],"product_brand":[],"product_cat":[38],"product_tag":[],"class_list":{"0":"post-1804","1":"product","2":"type-product","3":"status-publish","4":"has-post-thumbnail","6":"product_cat-mens-clothing","8":"first","9":"instock","10":"shipping-taxable","11":"product-type-simple"},"_links":{"self":[{"href":"https:\/\/mj-clothing.com\/fi\/wp-json\/wp\/v2\/product\/1804","targetHints":{"allow":["GET"]}}],"collection":[{"href":"https:\/\/mj-clothing.com\/fi\/wp-json\/wp\/v2\/product"}],"about":[{"href":"https:\/\/mj-clothing.com\/fi\/wp-json\/wp\/v2\/types\/product"}],"wp:featuredmedia":[{"embeddable":true,"href":"https:\/\/mj-clothing.com\/fi\/wp-json\/wp\/v2\/media\/1805"}],"wp:attachment":[{"href":"https:\/\/mj-clothing.com\/fi\/wp-json\/wp\/v2\/media?parent=1804"}],"wp:term":[{"taxonomy":"product_brand","embeddable":true,"href":"https:\/\/mj-clothing.com\/fi\/wp-json\/wp\/v2\/product_brand?post=1804"},{"taxonomy":"product_cat","embeddable":true,"href":"https:\/\/mj-clothing.com\/fi\/wp-json\/wp\/v2\/product_cat?post=1804"},{"taxonomy":"product_tag","embeddable":true,"href":"https:\/\/mj-clothing.com\/fi\/wp-json\/wp\/v2\/product_tag?post=1804"}],"curies":[{"name":"wp","href":"https:\/\/api.w.org\/{rel}","templated":true}]}}