{"id":1806,"date":"2024-12-14T06:59:55","date_gmt":"2024-12-14T06:59:55","guid":{"rendered":"https:\/\/mj-clothing.com\/?post_type=product&#038;p=1806"},"modified":"2024-12-17T06:54:59","modified_gmt":"2024-12-17T06:54:59","slug":"mens-slim-fit-sweater","status":"publish","type":"product","link":"https:\/\/mj-clothing.com\/fi\/manufacturer\/mens-slim-fit-sweater\/","title":{"rendered":"Miesten Slim Fit villapaita"},"content":{"rendered":"<p data-sourcepos=\"1:1-1:224\"><span class=\"citation-0 recitation citation-end-0\">Miesten slim fit -pusero on monipuolinen vaatekappale, joka tarjoaa tyylikk\u00e4\u00e4n ja modernin ilmeen.<\/span> <span class=\"citation-1 recitation citation-end-1\">Se on suunniteltu istumaan tiiviimmin vartaloa vasten, mik\u00e4 korostaa vartaloasi ja tarjoaa samalla mukavuutta ja l\u00e4mp\u00f6\u00e4.<\/span><\/p>\n<h3 data-sourcepos=\"1:1-1:224\"><strong>\u00a0 \u00a0 Miksi valita miesten Slim Fit -pusero?<\/strong><\/h3>\n<ul data-sourcepos=\"5:1-9:0\">\n<li data-sourcepos=\"5:1-5:95\"><strong><span class=\"citation-2 recitation\">Tyylik\u00e4s ja moderni:<\/span><\/strong><span class=\"citation-2 recitation citation-end-2\"> Slim fit -pusero tarjoaa nykyaikaisen ja tyylikk\u00e4\u00e4n ilmeen.<\/span>\n<div class=\"container ng-tns-c2946245707-350 hide\">\n<div class=\"carousel-container ng-tns-c2946245707-350\"><\/div>\n<\/div>\n<\/li>\n<li data-sourcepos=\"6:1-6:103\"><strong>Imarteleva istuvuus:<\/strong> Se voi auttaa korostamaan vartaloasi ja luomaan virtaviivaisemman siluetin.<\/li>\n<li data-sourcepos=\"7:1-7:89\"><strong>Monipuolisuus:<\/strong> Se voidaan pukea yl\u00f6s tai alas, mik\u00e4 tekee siit\u00e4 t\u00e4ydellisen erilaisiin tilaisuuksiin.<\/li>\n<li data-sourcepos=\"8:1-9:0\"><strong>Mukavuus:<\/strong> Istuvasta tyylist\u00e4 huolimatta hyvin tehty slim fit -pusero voi olla uskomattoman mukava.<\/li>\n<\/ul>\n<h3 data-sourcepos=\"10:1-10:36\"><strong>Kuinka tyylitell\u00e4 miesten Slim Fit -pusero:<\/strong><\/h3>\n<ul data-sourcepos=\"12:1-15:0\">\n<li data-sourcepos=\"12:1-12:77\"><strong>Rento:<\/strong> Yhdist\u00e4 se farkkujen, t-paidan ja lenkkareiden kanssa rennon lookin luomiseen.<\/li>\n<li data-sourcepos=\"13:1-13:96\"><strong>Smart Casual:<\/strong> K\u00e4yt\u00e4 sit\u00e4 chinojen, napitettavan paidan ja lenkkikenkien kanssa, jos haluat tyylikk\u00e4\u00e4n asun.<\/li>\n<li data-sourcepos=\"14:1-15:0\"><strong>Muodollinen:<\/strong> Kerrosta se pukupaidan ja solmion p\u00e4\u00e4lle hienostuneen ilmeen aikaansaamiseksi.<\/li>\n<\/ul>\n<h3 data-sourcepos=\"16:1-16:41\"><strong>Vinkkej\u00e4 Mens Slim Fit -puseron valintaan:<\/strong><\/h3>\n<ul data-sourcepos=\"18:1-22:0\">\n<li data-sourcepos=\"18:1-18:164\"><strong>Materiaali:<\/strong> Huomioi materiaali, sill\u00e4 se vaikuttaa villapaidan l\u00e4mpimyyteen, mukavuuteen ja kest\u00e4vyyteen. <span class=\"citation-3 recitation citation-end-3\">Villa, kashmir ja puuvilla ovat suosittuja vaihtoehtoja.<\/span><\/li>\n<li data-sourcepos=\"18:1-18:164\"><strong style=\"font-size: 14.4px;\">Sopii:<\/strong><span style=\"font-size: 14.4px;\"> Varmista, ett\u00e4 pusero istuu hyvin ilman, ett\u00e4 se on liian tiukka tai liian l\u00f6ys\u00e4.<\/span><\/li>\n<li data-sourcepos=\"20:1-20:103\"><strong>Tyyli:<\/strong> Valitse tyyli, joka sopii omaan makuusi, kuten kaula-aukko, V-p\u00e4\u00e4ntie tai pystykaula.<\/li>\n<li data-sourcepos=\"21:1-22:0\"><strong>V\u00e4ri:<\/strong> Harkitse puseron v\u00e4ri\u00e4 ja kuviota, jotta se t\u00e4ydent\u00e4\u00e4 vaatekaappiasi.<\/li>\n<\/ul>\n<p data-sourcepos=\"23:1-23:96\"><strong>Muista:<\/strong> Hyvin istuva slim fit -pusero voi kohottaa tyyli\u00e4si ja saada sinut n\u00e4ytt\u00e4m\u00e4\u00e4n parhaalta.<\/p>","protected":false},"excerpt":{"rendered":"<table style=\"height: 520px;\" width=\"518\">\n<tbody>\n<tr>\n<td width=\"146\"><strong><b>Tuote<\/b><\/strong>\u00a0<strong><b>Nimi:<\/b><\/strong><\/td>\n<td width=\"601\"><strong>Miesten Slim Fit villapaita<\/strong><\/td>\n<\/tr>\n<tr>\n<td width=\"146\"><strong><b>Materlal:<\/b><\/strong><\/td>\n<td width=\"601\">Polyesteri\/puuvilla<\/td>\n<\/tr>\n<tr>\n<td width=\"146\"><strong><b>Tekniikka:<\/b><\/strong><\/td>\n<td width=\"601\">Kutoa<\/td>\n<\/tr>\n<tr>\n<td width=\"146\"><strong><b>Tyyli:<\/b><\/strong><\/td>\n<td width=\"601\">Rento<\/td>\n<\/tr>\n<tr>\n<td width=\"146\"><strong><b>V\u00e4ri<\/b><\/strong><strong><b>:<\/b><\/strong><\/td>\n<td width=\"601\">\u00a0Mukautetut v\u00e4rit<\/td>\n<\/tr>\n<tr>\n<td width=\"146\"><strong><b>Koko:<\/b><\/strong><\/td>\n<td width=\"601\">S \/M \/L \/XL \/2XL<\/td>\n<\/tr>\n<tr>\n<td width=\"146\"><strong><b>OEM\/ODM:<\/b><\/strong><\/td>\n<td width=\"601\">Hyv\u00e4ksytt\u00e4v\u00e4<\/td>\n<\/tr>\n<tr>\n<td width=\"146\"><strong><b>Laatu:<\/b><\/strong><\/td>\n<td width=\"601\">100% korkea laatu<\/td>\n<\/tr>\n<tr>\n<td width=\"146\"><strong><b>M<\/b><\/strong><strong><b>OQ:<\/b><\/strong><\/td>\n<td width=\"601\">200 kpl<\/td>\n<\/tr>\n<\/tbody>\n<\/table>","protected":false},"featured_media":1807,"template":"","meta":[],"product_brand":[],"product_cat":[38],"product_tag":[],"class_list":{"0":"post-1806","1":"product","2":"type-product","3":"status-publish","4":"has-post-thumbnail","6":"product_cat-mens-clothing","8":"first","9":"instock","10":"shipping-taxable","11":"product-type-simple"},"_links":{"self":[{"href":"https:\/\/mj-clothing.com\/fi\/wp-json\/wp\/v2\/product\/1806","targetHints":{"allow":["GET"]}}],"collection":[{"href":"https:\/\/mj-clothing.com\/fi\/wp-json\/wp\/v2\/product"}],"about":[{"href":"https:\/\/mj-clothing.com\/fi\/wp-json\/wp\/v2\/types\/product"}],"wp:featuredmedia":[{"embeddable":true,"href":"https:\/\/mj-clothing.com\/fi\/wp-json\/wp\/v2\/media\/1807"}],"wp:attachment":[{"href":"https:\/\/mj-clothing.com\/fi\/wp-json\/wp\/v2\/media?parent=1806"}],"wp:term":[{"taxonomy":"product_brand","embeddable":true,"href":"https:\/\/mj-clothing.com\/fi\/wp-json\/wp\/v2\/product_brand?post=1806"},{"taxonomy":"product_cat","embeddable":true,"href":"https:\/\/mj-clothing.com\/fi\/wp-json\/wp\/v2\/product_cat?post=1806"},{"taxonomy":"product_tag","embeddable":true,"href":"https:\/\/mj-clothing.com\/fi\/wp-json\/wp\/v2\/product_tag?post=1806"}],"curies":[{"name":"wp","href":"https:\/\/api.w.org\/{rel}","templated":true}]}}