{"id":1809,"date":"2024-12-14T07:05:10","date_gmt":"2024-12-14T07:05:10","guid":{"rendered":"https:\/\/mj-clothing.com\/?post_type=product&#038;p=1809"},"modified":"2024-12-17T06:53:15","modified_gmt":"2024-12-17T06:53:15","slug":"mens-quilted-sweater","status":"publish","type":"product","link":"https:\/\/mj-clothing.com\/fi\/manufacturer\/mens-quilted-sweater\/","title":{"rendered":"Miesten tikattu villapaita"},"content":{"rendered":"<p data-sourcepos=\"1:1-1:189\"><span class=\"citation-0 recitation citation-end-0\">Miesten tikattu villapaita on tyylik\u00e4s ja toimiva vaatekappale, joka tarjoaa sek\u00e4 l\u00e4mp\u00f6\u00e4 ett\u00e4 ainutlaatuista estetiikkaa.<\/span> Seuraavassa kerrotaan, miksi voisit harkita sellaisen lis\u00e4\u00e4mist\u00e4 vaatekaappiisi:<span class=\"button-container hide-from-message-actions ng-star-inserted\"> \u00a0<\/span><\/p>\n<h3 data-sourcepos=\"3:1-3:33\"><strong>\u00a0 Miksi valita miesten tikattu villapaita?<\/strong><\/h3>\n<ul data-sourcepos=\"5:1-9:0\">\n<li data-sourcepos=\"5:1-5:139\"><strong>L\u00e4mp\u00f6\u00e4 ja mukavuutta:<\/strong> <span class=\"citation-1 recitation citation-end-1\">Tikattu rakenne sitoo ilmaa, erist\u00e4\u00e4 erinomaisesti ja pit\u00e4\u00e4 sinut l\u00e4mpim\u00e4n\u00e4 kylmemm\u00e4ll\u00e4 s\u00e4\u00e4ll\u00e4.<\/span><span class=\"button-container hide-from-message-actions ng-star-inserted\"> \u00a0<\/span>\n<div class=\"container ng-tns-c2946245707-367 hide\">\n<div class=\"carousel-container ng-tns-c2946245707-367\"><\/div>\n<\/div>\n<\/li>\n<li data-sourcepos=\"6:1-6:129\"><strong>Tyyli ja monipuolisuus:<\/strong> <span class=\"citation-2 recitation citation-end-2\">Tikattuja villapaitoja voi pukea yl\u00f6s tai alas, joten ne sopivat erilaisiin tilaisuuksiin.<\/span><\/li>\n<li data-sourcepos=\"6:1-6:129\"><strong style=\"font-size: 14.4px;\">Ainutlaatuinen estetiikka:<\/strong><span style=\"font-size: 14.4px;\"> Tikattu kuvio tuo asuusi visuaalista mielenkiintoa ja rakennetta.<\/span><\/li>\n<li data-sourcepos=\"8:1-9:0\"><strong>Kest\u00e4vyys:<\/strong> <span class=\"citation-3 recitation citation-end-3\">Tikattuja villapaitoja valmistetaan usein kest\u00e4vist\u00e4 materiaaleista, jotta ne kest\u00e4v\u00e4t s\u00e4\u00e4nn\u00f6llist\u00e4 kulutusta.<\/span><span class=\"button-container hide-from-message-actions ng-star-inserted\">\u00a0<\/span>\n<div class=\"container ng-tns-c2946245707-369 hide\">\n<div class=\"carousel-container ng-tns-c2946245707-369\">\n<div class=\"carousel-content ng-tns-c2946245707-369\">\n<div class=\"sources-carousel-source ng-tns-c2946245707-369 hide ng-star-inserted\" data-test-id=\"sources-carousel-source\"><\/div>\n<\/div>\n<\/div>\n<\/div>\n<\/li>\n<\/ul>\n<h3 data-sourcepos=\"10:1-10:35\"><strong>Miten tyylitell\u00e4 miesten tikattua villapaitaa:<\/strong><\/h3>\n<ul data-sourcepos=\"12:1-15:0\">\n<li data-sourcepos=\"12:1-12:77\"><strong>Rento:<\/strong> Yhdist\u00e4 se farkkujen, t-paidan ja lenkkareiden kanssa rennon lookin luomiseen.<\/li>\n<li data-sourcepos=\"13:1-13:96\"><strong>Smart Casual:<\/strong> K\u00e4yt\u00e4 sit\u00e4 chinojen, napitettavan paidan ja lenkkikenkien kanssa, jos haluat tyylikk\u00e4\u00e4n asun.<\/li>\n<li data-sourcepos=\"14:1-15:0\"><strong>Ulkoilma-aktiviteetit:<\/strong> Kerrotaan fleecen tai hupparin p\u00e4\u00e4lle, jotta saat lis\u00e4\u00e4 l\u00e4mp\u00f6\u00e4 ulkoiluseikkailujen aikana.<\/li>\n<\/ul>\n<h3 data-sourcepos=\"16:1-16:41\"><strong>Mist\u00e4 l\u00f6yt\u00e4\u00e4 miesten tikattuja villapaitoja:<\/strong><\/h3>\n<ul data-sourcepos=\"18:1-21:0\">\n<li data-sourcepos=\"18:1-18:86\"><strong>Tavaratalot:<\/strong> Etsi merkkej\u00e4, jotka tarjoavat erilaisia tyylej\u00e4 ja materiaaleja.<\/li>\n<li data-sourcepos=\"19:1-19:131\"><strong><span class=\"citation-4 recitation\">Verkkokauppiaat:<\/span><\/strong><span class=\"citation-4 recitation citation-end-4\"> Amazonin, eBayn ja muiden verkkokauppiaiden kaltaiset sivustot tarjoavat laajan valikoiman tikattuja villapaitoja.<\/span><span class=\"button-container hide-from-message-actions ng-star-inserted\">\u00a0<\/span>\n<div class=\"container ng-tns-c2946245707-370 hide\">\n<div class=\"carousel-container ng-tns-c2946245707-370\">\n<div class=\"carousel-content ng-tns-c2946245707-370\">\n<div class=\"sources-carousel-source ng-tns-c2946245707-370 hide ng-star-inserted\" data-test-id=\"sources-carousel-source\"><\/div>\n<\/div>\n<\/div>\n<\/div>\n<\/li>\n<li data-sourcepos=\"20:1-21:0\"><strong>Ulkovaatekaupat:<\/strong> Ulkoiluv\u00e4lineisiin erikoistuneissa liikkeiss\u00e4 on usein erityisi\u00e4 aktiviteetteja varten suunniteltuja tikattuja villapaitoja.<\/li>\n<\/ul>\n<h3 data-sourcepos=\"22:1-22:40\"><strong>Vinkkej\u00e4 tikatun villapaidan valintaan:<\/strong><\/h3>\n<ul data-sourcepos=\"24:1-28:0\">\n<li data-sourcepos=\"24:1-24:169\"><strong>Materiaali:<\/strong> Ota huomioon peiton materiaali, sill\u00e4 se vaikuttaa villapaidan l\u00e4mpimyyteen ja kest\u00e4vyyteen. Villa, fleece ja synteettiset materiaalit ovat yleisi\u00e4 vaihtoehtoja.<\/li>\n<li data-sourcepos=\"25:1-25:70\"><strong>Sopii:<\/strong> Valitse villapaita, joka istuu hyvin ja on mukava p\u00e4\u00e4ll\u00e4.<\/li>\n<li data-sourcepos=\"26:1-26:102\"><strong>Tyyli:<\/strong> Valitse omaan makuusi sopiva tyyli, kuten t\u00e4ysvetoketjullinen, puolivetoketjullinen tai villapaita.<\/li>\n<li data-sourcepos=\"27:1-28:0\"><strong>V\u00e4ri ja kuvio:<\/strong> Harkitse peiton v\u00e4ri\u00e4 ja kuviota, jotta se t\u00e4ydent\u00e4\u00e4 vaatekaappiasi.<\/li>\n<\/ul>\n<p data-sourcepos=\"29:1-29:193\">Investoimalla laadukkaaseen tikattuun villapaitaan saat paitsi tyylikk\u00e4\u00e4n ja toimivan vaatekappaleen, my\u00f6s vaatekappaleen, joka pit\u00e4\u00e4 sinut l\u00e4mpim\u00e4n\u00e4 ja mukavana tulevina vuosina.<\/p>","protected":false},"excerpt":{"rendered":"<table style=\"height: 486px;\" width=\"466\">\n<tbody>\n<tr>\n<td width=\"146\"><strong><b>Tuote<\/b><\/strong>\u00a0<strong><b>Nimi:<\/b><\/strong><\/td>\n<td width=\"601\"><strong>Miesten tikattu villapaita<\/strong><\/td>\n<\/tr>\n<tr>\n<td width=\"146\"><strong><b>Materlal:<\/b><\/strong><\/td>\n<td width=\"601\">Polyesteri\/puuvilla<\/td>\n<\/tr>\n<tr>\n<td width=\"146\"><strong><b>Tekniikka:<\/b><\/strong><\/td>\n<td width=\"601\">Kutoa<\/td>\n<\/tr>\n<tr>\n<td width=\"146\"><strong><b>Tyyli:<\/b><\/strong><\/td>\n<td width=\"601\">Rento<\/td>\n<\/tr>\n<tr>\n<td width=\"146\"><strong><b>V\u00e4ri<\/b><\/strong><strong><b>:<\/b><\/strong><\/td>\n<td width=\"601\">\u00a0Mukautetut v\u00e4rit<\/td>\n<\/tr>\n<tr>\n<td width=\"146\"><strong><b>Koko:<\/b><\/strong><\/td>\n<td width=\"601\">S \/M \/L \/XL \/2XL<\/td>\n<\/tr>\n<tr>\n<td width=\"146\"><strong><b>OEM\/ODM:<\/b><\/strong><\/td>\n<td width=\"601\">Hyv\u00e4ksytt\u00e4v\u00e4<\/td>\n<\/tr>\n<tr>\n<td width=\"146\"><strong><b>Laatu:<\/b><\/strong><\/td>\n<td width=\"601\">100% korkea laatu<\/td>\n<\/tr>\n<tr>\n<td width=\"146\"><strong><b>M<\/b><\/strong><strong><b>OQ:<\/b><\/strong><\/td>\n<td width=\"601\">200 kpl<\/td>\n<\/tr>\n<\/tbody>\n<\/table>","protected":false},"featured_media":1810,"template":"","meta":[],"product_brand":[],"product_cat":[38],"product_tag":[],"class_list":{"0":"post-1809","1":"product","2":"type-product","3":"status-publish","4":"has-post-thumbnail","6":"product_cat-mens-clothing","8":"first","9":"instock","10":"shipping-taxable","11":"product-type-simple"},"_links":{"self":[{"href":"https:\/\/mj-clothing.com\/fi\/wp-json\/wp\/v2\/product\/1809","targetHints":{"allow":["GET"]}}],"collection":[{"href":"https:\/\/mj-clothing.com\/fi\/wp-json\/wp\/v2\/product"}],"about":[{"href":"https:\/\/mj-clothing.com\/fi\/wp-json\/wp\/v2\/types\/product"}],"wp:featuredmedia":[{"embeddable":true,"href":"https:\/\/mj-clothing.com\/fi\/wp-json\/wp\/v2\/media\/1810"}],"wp:attachment":[{"href":"https:\/\/mj-clothing.com\/fi\/wp-json\/wp\/v2\/media?parent=1809"}],"wp:term":[{"taxonomy":"product_brand","embeddable":true,"href":"https:\/\/mj-clothing.com\/fi\/wp-json\/wp\/v2\/product_brand?post=1809"},{"taxonomy":"product_cat","embeddable":true,"href":"https:\/\/mj-clothing.com\/fi\/wp-json\/wp\/v2\/product_cat?post=1809"},{"taxonomy":"product_tag","embeddable":true,"href":"https:\/\/mj-clothing.com\/fi\/wp-json\/wp\/v2\/product_tag?post=1809"}],"curies":[{"name":"wp","href":"https:\/\/api.w.org\/{rel}","templated":true}]}}