{"id":1811,"date":"2024-12-14T07:29:45","date_gmt":"2024-12-14T07:29:45","guid":{"rendered":"https:\/\/mj-clothing.com\/?post_type=product&#038;p=1811"},"modified":"2024-12-17T06:51:19","modified_gmt":"2024-12-17T06:51:19","slug":"mens-hooded-cotton-jacket","status":"publish","type":"product","link":"https:\/\/mj-clothing.com\/fi\/manufacturer\/mens-hooded-cotton-jacket\/","title":{"rendered":"Miesten hupullinen puuvillatakki"},"content":{"rendered":"<p data-sourcepos=\"1:1-1:194\"><span class=\"citation-0 recitation citation-end-0\">Miesten hupullinen puuvillatakki on monipuolinen ja tyylik\u00e4s p\u00e4\u00e4llysvaatekappale, jota voi k\u00e4ytt\u00e4\u00e4 eri s\u00e4\u00e4olosuhteissa.<\/span> Seuraavassa kerrotaan, miksi voisit harkita sellaisen lis\u00e4\u00e4mist\u00e4 vaatekaappiisi:<span class=\"button-container hide-from-message-actions ng-star-inserted\">\u00a0<\/span><\/p>\n<div class=\"container ng-tns-c2946245707-384 hide\">\n<div class=\"carousel-container ng-tns-c2946245707-384\">\n<div class=\"carousel-content ng-tns-c2946245707-384\">\n<div class=\"sources-carousel-source ng-tns-c2946245707-384 hide ng-star-inserted\" data-test-id=\"sources-carousel-source\"><\/div>\n<\/div>\n<\/div>\n<\/div>\n<h3 data-sourcepos=\"3:1-3:38\"><strong>Miksi valita miesten hupullinen puuvillatakki?<\/strong><\/h3>\n<ul data-sourcepos=\"5:1-9:0\">\n<li data-sourcepos=\"5:1-5:128\"><strong><span class=\"citation-1 recitation\">Mukavuus ja l\u00e4mp\u00f6:<\/span><\/strong><span class=\"citation-1 recitation citation-end-1\"> Puuvilla on hengitt\u00e4v\u00e4 ja miellytt\u00e4v\u00e4 materiaali, joka voi pit\u00e4\u00e4 sinut l\u00e4mpim\u00e4n\u00e4 viile\u00e4mm\u00e4ll\u00e4 s\u00e4\u00e4ll\u00e4.<\/span><\/li>\n<li data-sourcepos=\"5:1-5:128\"><strong style=\"font-size: 14.4px;\">Monipuolisuus:<\/strong><span style=\"font-size: 14.4px;\"> Hupullinen puuvillatakki voidaan pukea sek\u00e4 ylle ett\u00e4 alas, joten se sopii erinomaisesti sek\u00e4 rentoihin ett\u00e4 puolivirallisiin tilaisuuksiin.<\/span><\/li>\n<li data-sourcepos=\"7:1-7:97\"><strong>Suojaa elementeilt\u00e4:<\/strong> Huppu antaa lis\u00e4suojaa sateelta, tuulelta ja kylm\u00e4lt\u00e4.<\/li>\n<li data-sourcepos=\"8:1-9:0\"><strong>Tyyli:<\/strong> Hupulliset takit voivat lis\u00e4t\u00e4 tyylikkyytt\u00e4 mihin tahansa asuun.<\/li>\n<\/ul>\n<h3 data-sourcepos=\"10:1-10:40\"><strong>Miten tyylitell\u00e4 miesten hupullinen puuvillatakki:<\/strong><\/h3>\n<ul data-sourcepos=\"12:1-15:0\">\n<li data-sourcepos=\"12:1-12:77\"><strong>Rento:<\/strong> Yhdist\u00e4 se farkkujen, t-paidan ja lenkkareiden kanssa rennon lookin luomiseen.<\/li>\n<li data-sourcepos=\"13:1-13:96\"><strong>Smart Casual:<\/strong> K\u00e4yt\u00e4 sit\u00e4 chinojen, napitettavan paidan ja lenkkikenkien kanssa, jos haluat tyylikk\u00e4\u00e4n asun.<\/li>\n<li data-sourcepos=\"14:1-15:0\"><strong>Ulkoilma-aktiviteetit:<\/strong> Kerrotaan fleecen tai hupparin p\u00e4\u00e4lle, jotta saat lis\u00e4\u00e4 l\u00e4mp\u00f6\u00e4 ulkoiluseikkailujen aikana.<\/li>\n<\/ul>\n<h3 data-sourcepos=\"16:1-16:46\"><strong>Mist\u00e4 l\u00f6yt\u00e4\u00e4 miesten hupullisia puuvillatakkeja:<\/strong><\/h3>\n<ul data-sourcepos=\"18:1-21:0\">\n<li data-sourcepos=\"18:1-18:86\"><strong>Tavaratalot:<\/strong> Etsi merkkej\u00e4, jotka tarjoavat erilaisia tyylej\u00e4 ja materiaaleja.<\/li>\n<li data-sourcepos=\"19:1-19:136\"><strong><span class=\"citation-2 recitation\">Verkkokauppiaat:<\/span><\/strong><span class=\"citation-2 recitation citation-end-2\"> Amazonin, eBayn ja muiden verkkokauppiaiden kaltaiset sivustot tarjoavat laajan valikoiman hupullisia puuvillatakkeja.<\/span><span class=\"button-container hide-from-message-actions ng-star-inserted\"> \u00a0<\/span>\n<div class=\"container ng-tns-c2946245707-386 hide\">\n<div class=\"carousel-container ng-tns-c2946245707-386\"><\/div>\n<\/div>\n<\/li>\n<li data-sourcepos=\"20:1-21:0\"><strong>Ulkovaatekaupat:<\/strong> Ulkoiluv\u00e4lineisiin erikoistuneissa myym\u00e4l\u00f6iss\u00e4 on usein tiettyihin aktiviteetteihin suunniteltuja hupullisia puuvillatakkeja.<\/li>\n<\/ul>\n<h3 data-sourcepos=\"22:1-22:45\"><strong>Vinkkej\u00e4 miesten hupullisen puuvillatakin valintaan:<\/strong><\/h3>\n<ul data-sourcepos=\"24:1-28:0\">\n<li data-sourcepos=\"24:1-24:123\"><strong>Materiaali:<\/strong> Ota huomioon puuvillan paino ja paksuus, sill\u00e4 se vaikuttaa takin l\u00e4mpimyyteen ja kest\u00e4vyyteen.<\/li>\n<li data-sourcepos=\"25:1-25:69\"><strong>Sopii:<\/strong> Valitse takki, joka istuu hyvin ja jota on mukava k\u00e4ytt\u00e4\u00e4.<\/li>\n<li data-sourcepos=\"26:1-26:108\"><strong>Tyyli:<\/strong> Valitse omaan makuusi sopiva tyyli, kuten pommitakki, kentt\u00e4takki tai parka.<\/li>\n<li data-sourcepos=\"27:1-28:0\"><strong>Ominaisuudet:<\/strong> Harkitse lis\u00e4ominaisuuksia, kuten taskuja, kiristysnauhahuppua sek\u00e4 kylkilistoituja hihansuita ja helmaa.<\/li>\n<\/ul>\n<p data-sourcepos=\"29:1-29:198\">Investoimalla laadukkaaseen hupulliseen puuvillatakkiin saat paitsi tyylikk\u00e4\u00e4n ja toimivan vaatteen my\u00f6s vaatekappaleen, joka pit\u00e4\u00e4 sinut l\u00e4mpim\u00e4n\u00e4 ja mukavana tulevina vuosina.<\/p>\n<div class=\"attachment-container search-images\">\n<div class=\"image-container hide-from-message-actions ng-star-inserted\">\n<div class=\"overlay-container ng-star-inserted\"><\/div>\n<\/div>\n<\/div>","protected":false},"excerpt":{"rendered":"<table style=\"height: 509px;\" width=\"553\">\n<tbody>\n<tr>\n<td width=\"146\"><strong><b>Tuote<\/b><\/strong>\u00a0<strong><b>Nimi:<\/b><\/strong><\/td>\n<td width=\"601\"><strong>Miesten hupullinen puuvillatakki<\/strong><\/td>\n<\/tr>\n<tr>\n<td width=\"146\"><strong><b>Materlal:<\/b><\/strong><\/td>\n<td width=\"601\">Polyesteri\/puuvilla<\/td>\n<\/tr>\n<tr>\n<td width=\"146\"><strong><b>Tekniikka:<\/b><\/strong><\/td>\n<td width=\"601\">Tavallinen puuvilla<\/td>\n<\/tr>\n<tr>\n<td width=\"146\"><strong><b>Tyyli:<\/b><\/strong><\/td>\n<td width=\"601\">Rento<\/td>\n<\/tr>\n<tr>\n<td width=\"146\"><strong><b>V\u00e4ri<\/b><\/strong><strong><b>:<\/b><\/strong><\/td>\n<td width=\"601\">\u00a0Mukautetut v\u00e4rit<\/td>\n<\/tr>\n<tr>\n<td width=\"146\"><strong><b>Koko:<\/b><\/strong><\/td>\n<td width=\"601\">S \/M \/L \/XL \/2XL<\/td>\n<\/tr>\n<tr>\n<td width=\"146\"><strong><b>OEM\/ODM:<\/b><\/strong><\/td>\n<td width=\"601\">Hyv\u00e4ksytt\u00e4v\u00e4<\/td>\n<\/tr>\n<tr>\n<td width=\"146\"><strong><b>Laatu:<\/b><\/strong><\/td>\n<td width=\"601\">100% korkea laatu<\/td>\n<\/tr>\n<tr>\n<td width=\"146\"><strong><b>M<\/b><\/strong><strong><b>OQ:<\/b><\/strong><\/td>\n<td width=\"601\">200 kpl<\/td>\n<\/tr>\n<\/tbody>\n<\/table>","protected":false},"featured_media":1812,"template":"","meta":[],"product_brand":[],"product_cat":[38],"product_tag":[],"class_list":{"0":"post-1811","1":"product","2":"type-product","3":"status-publish","4":"has-post-thumbnail","6":"product_cat-mens-clothing","8":"first","9":"instock","10":"shipping-taxable","11":"product-type-simple"},"_links":{"self":[{"href":"https:\/\/mj-clothing.com\/fi\/wp-json\/wp\/v2\/product\/1811","targetHints":{"allow":["GET"]}}],"collection":[{"href":"https:\/\/mj-clothing.com\/fi\/wp-json\/wp\/v2\/product"}],"about":[{"href":"https:\/\/mj-clothing.com\/fi\/wp-json\/wp\/v2\/types\/product"}],"wp:featuredmedia":[{"embeddable":true,"href":"https:\/\/mj-clothing.com\/fi\/wp-json\/wp\/v2\/media\/1812"}],"wp:attachment":[{"href":"https:\/\/mj-clothing.com\/fi\/wp-json\/wp\/v2\/media?parent=1811"}],"wp:term":[{"taxonomy":"product_brand","embeddable":true,"href":"https:\/\/mj-clothing.com\/fi\/wp-json\/wp\/v2\/product_brand?post=1811"},{"taxonomy":"product_cat","embeddable":true,"href":"https:\/\/mj-clothing.com\/fi\/wp-json\/wp\/v2\/product_cat?post=1811"},{"taxonomy":"product_tag","embeddable":true,"href":"https:\/\/mj-clothing.com\/fi\/wp-json\/wp\/v2\/product_tag?post=1811"}],"curies":[{"name":"wp","href":"https:\/\/api.w.org\/{rel}","templated":true}]}}