{"id":1813,"date":"2024-12-14T07:39:40","date_gmt":"2024-12-14T07:39:40","guid":{"rendered":"https:\/\/mj-clothing.com\/?post_type=product&#038;p=1813"},"modified":"2024-12-17T06:49:41","modified_gmt":"2024-12-17T06:49:41","slug":"flannel-lined-jacket","status":"publish","type":"product","link":"https:\/\/mj-clothing.com\/fi\/manufacturer\/flannel-lined-jacket\/","title":{"rendered":"Flanelli vuorattu takki"},"content":{"rendered":"<h2 data-sourcepos=\"1:1-1:46\">Miesten flanellivuorilliset takit: Cozy Classic<\/h2>\n<p data-sourcepos=\"3:1-3:223\"><span class=\"citation-0 recitation citation-end-0\">Flanellivuoritakki on klassinen p\u00e4\u00e4llysvaatekappale, joka tarjoaa l\u00e4mp\u00f6\u00e4, mukavuutta ja tyyli\u00e4.<\/span> Se sopii t\u00e4ydellisesti koleisiin syys- ja talvip\u00e4iviin, kun tarvitset hieman lis\u00e4\u00e4 l\u00e4mp\u00f6\u00e4 tyylist\u00e4 tinkim\u00e4tt\u00e4.<\/p>\n<p data-sourcepos=\"3:1-3:223\"><strong>\u00a0 \u00a0 \u00a0Miksi valita flanellivuorillinen takki?<\/strong><\/p>\n<ul data-sourcepos=\"7:1-11:0\">\n<li data-sourcepos=\"7:1-7:103\"><strong>L\u00e4mp\u00f6:<\/strong> <span class=\"citation-1 recitation citation-end-1\">Flanellivuori tarjoaa erinomaisen eristyksen, joka pit\u00e4\u00e4 sinut l\u00e4mpim\u00e4n\u00e4 ja mukavana.<\/span><span class=\"button-container hide-from-message-actions ng-star-inserted\">\u00a0<\/span>\n<div class=\"container ng-tns-c2946245707-430 hide\">\n<div class=\"carousel-container ng-tns-c2946245707-430\"><\/div>\n<\/div>\n<\/li>\n<li data-sourcepos=\"8:1-8:103\"><strong>Mukavuus:<\/strong> <span class=\"citation-2 recitation citation-end-2\">Flanelli on pehme\u00e4 ja mukava kangas, joka tuntuu hyv\u00e4lt\u00e4 ihoa vasten.<\/span><span class=\"button-container hide-from-message-actions ng-star-inserted\"> \u00a0<\/span>\n<div class=\"container ng-tns-c2946245707-431 hide\">\n<div class=\"carousel-container ng-tns-c2946245707-431\"><\/div>\n<\/div>\n<\/li>\n<li data-sourcepos=\"9:1-9:119\"><strong>Tyyli:<\/strong> <span class=\"citation-3 recitation citation-end-3\">Flanellivuorellisia takkeja voi pukea yl\u00f6s tai alas, joten ne sopivat monipuolisesti eri tilaisuuksiin.<\/span><span class=\"button-container hide-from-message-actions ng-star-inserted\"> \u00a0<\/span>\n<div class=\"container ng-tns-c2946245707-432 hide\">\n<div class=\"carousel-container ng-tns-c2946245707-432\"><\/div>\n<\/div>\n<\/li>\n<li data-sourcepos=\"10:1-11:0\"><strong><span class=\"citation-4 recitation\">Kest\u00e4vyys:<\/span><\/strong><span class=\"citation-4 recitation citation-end-4\"> Flanelli on kest\u00e4v\u00e4 kangas, joka kest\u00e4\u00e4 s\u00e4\u00e4nn\u00f6llist\u00e4 kulutusta.<\/span><span class=\"button-container hide-from-message-actions ng-star-inserted\">\u00a0<\/span>\n<div class=\"container ng-tns-c2946245707-433 hide\">\n<div class=\"carousel-container ng-tns-c2946245707-433\">\n<div class=\"carousel-content ng-tns-c2946245707-433\">\n<div class=\"sources-carousel-source ng-tns-c2946245707-433 hide ng-star-inserted\" data-test-id=\"sources-carousel-source\"><\/div>\n<\/div>\n<\/div>\n<\/div>\n<\/li>\n<\/ul>\n<p data-sourcepos=\"12:1-12:40\"><strong>Miten tyylitell\u00e4 flanellivuorillinen takki:<\/strong><\/p>\n<ul data-sourcepos=\"14:1-17:0\">\n<li data-sourcepos=\"14:1-14:77\"><strong>Rento:<\/strong> Yhdist\u00e4 se farkkujen, t-paidan ja lenkkareiden kanssa rennon lookin luomiseen.<\/li>\n<li data-sourcepos=\"15:1-15:96\"><strong>Smart Casual:<\/strong> K\u00e4yt\u00e4 sit\u00e4 chinojen, napitettavan paidan ja lenkkikenkien kanssa, jos haluat tyylikk\u00e4\u00e4n asun.<\/li>\n<li data-sourcepos=\"16:1-17:0\"><strong>Ulkoilma-aktiviteetit:<\/strong> Kerrotaan fleecen tai hupparin p\u00e4\u00e4lle, jotta saat lis\u00e4\u00e4 l\u00e4mp\u00f6\u00e4 ulkoiluseikkailujen aikana.<\/li>\n<\/ul>\n<p data-sourcepos=\"18:1-18:46\"><strong>Mist\u00e4 l\u00f6yt\u00e4\u00e4 miesten flanellivuorilliset takit:<\/strong><\/p>\n<ul data-sourcepos=\"20:1-23:0\">\n<li data-sourcepos=\"20:1-20:86\"><strong>Tavaratalot:<\/strong> Etsi merkkej\u00e4, jotka tarjoavat erilaisia tyylej\u00e4 ja materiaaleja.<\/li>\n<li data-sourcepos=\"21:1-21:136\"><strong><span class=\"citation-5 recitation\">Verkkokauppiaat:<\/span><\/strong><span class=\"citation-5 recitation citation-end-5\"> Amazonin, eBayn ja muiden verkkokauppiaiden kaltaiset sivustot tarjoavat laajan valikoiman flanellivuorattuja takkeja.<\/span><span class=\"button-container hide-from-message-actions ng-star-inserted\">\u00a0<\/span>\n<div class=\"container ng-tns-c2946245707-434 hide\">\n<div class=\"carousel-container ng-tns-c2946245707-434\"><\/div>\n<\/div>\n<\/li>\n<li data-sourcepos=\"22:1-23:0\"><strong>Ulkovaatekaupat:<\/strong> Ulkoiluv\u00e4lineisiin erikoistuneissa liikkeiss\u00e4 on usein flanellivuorillisia takkeja, jotka on suunniteltu tiettyj\u00e4 aktiviteetteja varten.<\/li>\n<\/ul>\n<p data-sourcepos=\"24:1-24:45\"><strong>Vinkkej\u00e4 flanellivuoritakin valintaan:<\/strong><\/p>\n<ul data-sourcepos=\"26:1-30:0\">\n<li data-sourcepos=\"26:1-26:128\"><strong>Materiaali:<\/strong> Ota huomioon flanellivuoren paino ja paksuus, sill\u00e4 se vaikuttaa takin l\u00e4mpimyyteen ja mukavuuteen.<\/li>\n<li data-sourcepos=\"27:1-27:69\"><strong>Sopii:<\/strong> Valitse takki, joka istuu hyvin ja jota on mukava k\u00e4ytt\u00e4\u00e4.<\/li>\n<li data-sourcepos=\"28:1-28:108\"><strong>Tyyli:<\/strong> Valitse omaan makuusi sopiva tyyli, kuten pommitakki, kentt\u00e4takki tai parka.<\/li>\n<li data-sourcepos=\"29:1-30:0\"><strong>Ominaisuudet:<\/strong> Harkitse lis\u00e4ominaisuuksia, kuten taskuja, kiristysnauhahuppua sek\u00e4 kylkilistoituja hihansuita ja helmaa.<\/li>\n<\/ul>\n<p data-sourcepos=\"31:1-31:198\">Investoimalla laadukkaaseen flanellivuorattuun takkiin hankit paitsi tyylikk\u00e4\u00e4n ja toimivan vaatekappaleen, my\u00f6s vaatekappaleen, joka pit\u00e4\u00e4 sinut l\u00e4mpim\u00e4n\u00e4 ja mukavana tulevina vuosina.<\/p>","protected":false},"excerpt":{"rendered":"<table style=\"height: 478px;\" width=\"452\">\n<tbody>\n<tr>\n<td width=\"146\"><strong><b>Tuote<\/b><\/strong>\u00a0<strong><b>Nimi:<\/b><\/strong><\/td>\n<td width=\"601\"><strong>Flanelli vuorattu takki<\/strong><\/td>\n<\/tr>\n<tr>\n<td width=\"146\"><strong><b>Materlal:<\/b><\/strong><\/td>\n<td width=\"601\">Polyesteri\/puuvilla<\/td>\n<\/tr>\n<tr>\n<td width=\"146\"><strong><b>Tekniikka:<\/b><\/strong><\/td>\n<td width=\"601\">Tavallinen puuvilla<\/td>\n<\/tr>\n<tr>\n<td width=\"146\"><strong><b>Tyyli:<\/b><\/strong><\/td>\n<td width=\"601\">Rento<\/td>\n<\/tr>\n<tr>\n<td width=\"146\"><strong><b>V\u00e4ri<\/b><\/strong><strong><b>:<\/b><\/strong><\/td>\n<td width=\"601\">\u00a0Mukautetut v\u00e4rit<\/td>\n<\/tr>\n<tr>\n<td width=\"146\"><strong><b>Koko:<\/b><\/strong><\/td>\n<td width=\"601\">S \/M \/L \/XL \/2XL<\/td>\n<\/tr>\n<tr>\n<td width=\"146\"><strong><b>OEM\/ODM:<\/b><\/strong><\/td>\n<td width=\"601\">Hyv\u00e4ksytt\u00e4v\u00e4<\/td>\n<\/tr>\n<tr>\n<td width=\"146\"><strong><b>Laatu:<\/b><\/strong><\/td>\n<td width=\"601\">100% korkea laatu<\/td>\n<\/tr>\n<tr>\n<td width=\"146\"><strong><b>M<\/b><\/strong><strong><b>OQ:<\/b><\/strong><\/td>\n<td width=\"601\">200 kpl<\/td>\n<\/tr>\n<\/tbody>\n<\/table>","protected":false},"featured_media":1814,"template":"","meta":[],"product_brand":[],"product_cat":[38],"product_tag":[],"class_list":{"0":"post-1813","1":"product","2":"type-product","3":"status-publish","4":"has-post-thumbnail","6":"product_cat-mens-clothing","8":"first","9":"instock","10":"shipping-taxable","11":"product-type-simple"},"_links":{"self":[{"href":"https:\/\/mj-clothing.com\/fi\/wp-json\/wp\/v2\/product\/1813","targetHints":{"allow":["GET"]}}],"collection":[{"href":"https:\/\/mj-clothing.com\/fi\/wp-json\/wp\/v2\/product"}],"about":[{"href":"https:\/\/mj-clothing.com\/fi\/wp-json\/wp\/v2\/types\/product"}],"wp:featuredmedia":[{"embeddable":true,"href":"https:\/\/mj-clothing.com\/fi\/wp-json\/wp\/v2\/media\/1814"}],"wp:attachment":[{"href":"https:\/\/mj-clothing.com\/fi\/wp-json\/wp\/v2\/media?parent=1813"}],"wp:term":[{"taxonomy":"product_brand","embeddable":true,"href":"https:\/\/mj-clothing.com\/fi\/wp-json\/wp\/v2\/product_brand?post=1813"},{"taxonomy":"product_cat","embeddable":true,"href":"https:\/\/mj-clothing.com\/fi\/wp-json\/wp\/v2\/product_cat?post=1813"},{"taxonomy":"product_tag","embeddable":true,"href":"https:\/\/mj-clothing.com\/fi\/wp-json\/wp\/v2\/product_tag?post=1813"}],"curies":[{"name":"wp","href":"https:\/\/api.w.org\/{rel}","templated":true}]}}