{"id":1816,"date":"2024-12-14T07:48:01","date_gmt":"2024-12-14T07:48:01","guid":{"rendered":"https:\/\/mj-clothing.com\/?post_type=product&#038;p=1816"},"modified":"2024-12-17T06:46:30","modified_gmt":"2024-12-17T06:46:30","slug":"black-suede-jacket","status":"publish","type":"product","link":"https:\/\/mj-clothing.com\/fi\/manufacturer\/black-suede-jacket\/","title":{"rendered":"Musta mokkanahkatakki"},"content":{"rendered":"<p data-sourcepos=\"1:1-1:164\">Musta mokkanahkatakki on ajaton kappale, joka voi kohottaa mit\u00e4 tahansa asua. Se on monik\u00e4ytt\u00f6inen kappale, jonka voi pukea niin ylle kuin alas, joten se on jokaisen vaatekaapin ehdoton osa.<\/p>\n<h3 data-sourcepos=\"3:1-3:36\"><strong>Miksi valita musta mokkatakki?<\/strong><\/h3>\n<ul data-sourcepos=\"5:1-9:0\">\n<li data-sourcepos=\"5:1-5:76\"><strong>Ajaton tyyli:<\/strong> Musta mokkanahka on klassikko, joka ei koskaan mene pois muodista.<\/li>\n<li data-sourcepos=\"6:1-6:94\"><strong>Monipuolisuus:<\/strong> Se voidaan yhdist\u00e4\u00e4 farkkujen, chinojen tai jopa puvun kanssa muodollisempaa ilmett\u00e4 varten.<\/li>\n<li data-sourcepos=\"7:1-7:78\"><strong>Kest\u00e4vyys:<\/strong> Mokkanahka on kest\u00e4v\u00e4 materiaali, joka kest\u00e4\u00e4 kulutusta.<\/li>\n<li data-sourcepos=\"8:1-9:0\"><strong>S\u00e4rmik\u00e4s:<\/strong> Musta mokkanahka tuo s\u00e4rm\u00e4\u00e4 jokaiseen asuun.<\/li>\n<\/ul>\n<h3 data-sourcepos=\"10:1-10:38\"><strong>Kuinka tyylitell\u00e4 musta mokkatakki:<\/strong><\/h3>\n<ul data-sourcepos=\"12:1-16:0\">\n<li data-sourcepos=\"12:1-12:84\"><strong>Rento look:<\/strong> Yhdist\u00e4 se farkkujen, t-paidan ja lenkkareiden kanssa rentoa lookia varten.<\/li>\n<li data-sourcepos=\"13:1-13:99\"><strong>Smart Casual:<\/strong> K\u00e4yt\u00e4 sit\u00e4 chinojen, napitettavan paidan ja lenkkikenkien kanssa, jos haluat tyylikk\u00e4\u00e4mm\u00e4n ilmeen.<\/li>\n<li data-sourcepos=\"14:1-14:95\"><strong>S\u00e4rmik\u00e4s ilme:<\/strong> Yhdist\u00e4 se nahkahousujen, graafisen t-paidan ja saappaiden kanssa rock-and-roll-tunnelmaa varten.<\/li>\n<li data-sourcepos=\"15:1-16:0\"><strong>Virallinen ilme:<\/strong> Kerrotaan se puvun takin p\u00e4\u00e4lle, jotta muodollisesta pukeutumisesta tulee ainutlaatuinen.<\/li>\n<\/ul>\n<h3 data-sourcepos=\"17:1-17:43\"><strong>Vinkkej\u00e4 mustan mokkatakin valintaan:<\/strong><\/h3>\n<ul data-sourcepos=\"19:1-22:0\">\n<li data-sourcepos=\"19:1-19:71\"><strong>Sopii:<\/strong> Valitse takki, joka istuu hyvin ja imartelee vartalon muotoasi.<\/li>\n<li data-sourcepos=\"20:1-20:78\"><strong>Materiaali:<\/strong> Etsi laadukasta mokkanahkaa, joka on kest\u00e4v\u00e4 ja mukava.<\/li>\n<li data-sourcepos=\"21:1-22:0\"><strong>Tyyli:<\/strong> Mieti henkil\u00f6kohtaista tyyli\u00e4si ja valitse takki, joka kuvastaa makuasi.<\/li>\n<\/ul>","protected":false},"excerpt":{"rendered":"<table style=\"height: 494px;\" width=\"458\">\n<tbody>\n<tr>\n<td width=\"146\"><strong><b>Tuote<\/b><\/strong>\u00a0<strong><b>Nimi:<\/b><\/strong><\/td>\n<td width=\"601\"><strong>Musta mokkanahkatakki<\/strong><\/td>\n<\/tr>\n<tr>\n<td width=\"146\"><strong><b>Materlal:<\/b><\/strong><\/td>\n<td width=\"601\">Polyesteri\/puuvilla<\/td>\n<\/tr>\n<tr>\n<td width=\"146\"><strong><b>Tekniikka:<\/b><\/strong><\/td>\n<td width=\"601\">Villa<\/td>\n<\/tr>\n<tr>\n<td width=\"146\"><strong><b>Tyyli:<\/b><\/strong><\/td>\n<td width=\"601\">Rento<\/td>\n<\/tr>\n<tr>\n<td width=\"146\"><strong><b>V\u00e4ri<\/b><\/strong><strong><b>:<\/b><\/strong><\/td>\n<td width=\"601\">\u00a0Mukautetut v\u00e4rit<\/td>\n<\/tr>\n<tr>\n<td width=\"146\"><strong><b>Koko:<\/b><\/strong><\/td>\n<td width=\"601\">S \/M \/L \/XL \/2XL<\/td>\n<\/tr>\n<tr>\n<td width=\"146\"><strong><b>OEM\/ODM:<\/b><\/strong><\/td>\n<td width=\"601\">Hyv\u00e4ksytt\u00e4v\u00e4<\/td>\n<\/tr>\n<tr>\n<td width=\"146\"><strong><b>Laatu:<\/b><\/strong><\/td>\n<td width=\"601\">100% korkea laatu<\/td>\n<\/tr>\n<tr>\n<td width=\"146\"><strong><b>M<\/b><\/strong><strong><b>OQ:<\/b><\/strong><\/td>\n<td width=\"601\">200 kpl<\/td>\n<\/tr>\n<\/tbody>\n<\/table>","protected":false},"featured_media":1817,"template":"","meta":[],"product_brand":[],"product_cat":[38],"product_tag":[],"class_list":{"0":"post-1816","1":"product","2":"type-product","3":"status-publish","4":"has-post-thumbnail","6":"product_cat-mens-clothing","8":"first","9":"instock","10":"shipping-taxable","11":"product-type-simple"},"_links":{"self":[{"href":"https:\/\/mj-clothing.com\/fi\/wp-json\/wp\/v2\/product\/1816","targetHints":{"allow":["GET"]}}],"collection":[{"href":"https:\/\/mj-clothing.com\/fi\/wp-json\/wp\/v2\/product"}],"about":[{"href":"https:\/\/mj-clothing.com\/fi\/wp-json\/wp\/v2\/types\/product"}],"wp:featuredmedia":[{"embeddable":true,"href":"https:\/\/mj-clothing.com\/fi\/wp-json\/wp\/v2\/media\/1817"}],"wp:attachment":[{"href":"https:\/\/mj-clothing.com\/fi\/wp-json\/wp\/v2\/media?parent=1816"}],"wp:term":[{"taxonomy":"product_brand","embeddable":true,"href":"https:\/\/mj-clothing.com\/fi\/wp-json\/wp\/v2\/product_brand?post=1816"},{"taxonomy":"product_cat","embeddable":true,"href":"https:\/\/mj-clothing.com\/fi\/wp-json\/wp\/v2\/product_cat?post=1816"},{"taxonomy":"product_tag","embeddable":true,"href":"https:\/\/mj-clothing.com\/fi\/wp-json\/wp\/v2\/product_tag?post=1816"}],"curies":[{"name":"wp","href":"https:\/\/api.w.org\/{rel}","templated":true}]}}