{"id":1825,"date":"2024-12-16T02:30:24","date_gmt":"2024-12-16T02:30:24","guid":{"rendered":"https:\/\/mj-clothing.com\/?post_type=product&#038;p=1825"},"modified":"2024-12-17T06:30:13","modified_gmt":"2024-12-17T06:30:13","slug":"alchemai-hoodie","status":"publish","type":"product","link":"https:\/\/mj-clothing.com\/fi\/manufacturer\/alchemai-hoodie\/","title":{"rendered":"Alchemai huppari"},"content":{"rendered":"<h3 data-sourcepos=\"1:1-1:266\">Alchemai huppari<\/h3>\n<p data-sourcepos=\"1:1-1:266\">Alchemai-huppari on tyylik\u00e4s ja mukava vaatekappale, joka sopii t\u00e4ydellisesti jokap\u00e4iv\u00e4iseen k\u00e4ytt\u00f6\u00f6n. Se on valmistettu laadukkaista materiaaleista ja sit\u00e4 on saatavilla useissa eri v\u00e4reiss\u00e4. Huppari on my\u00f6s eritt\u00e4in edullinen, joten se on loistava vaihtoehto pienell\u00e4 budjetilla el\u00e4ville.<\/p>\n<p data-sourcepos=\"3:1-3:57\">Seuraavassa on joitakin Alchemai-hupparin t\u00e4rkeimpi\u00e4 ominaisuuksia:<\/p>\n<ul data-sourcepos=\"5:1-10:0\">\n<li data-sourcepos=\"5:1-5:153\"><strong>Valmistettu korkealaatuisista materiaaleista:<\/strong> Huppari on valmistettu pehme\u00e4st\u00e4 ja mukavasta fleece-materiaalista, joka pit\u00e4\u00e4 sinut l\u00e4mpim\u00e4n\u00e4 kylmin\u00e4 p\u00e4ivin\u00e4.<\/li>\n<li data-sourcepos=\"6:1-6:122\"><strong>Saatavana useissa eri v\u00e4reiss\u00e4:<\/strong> Voit valita useista eri v\u00e4reist\u00e4 l\u00f6yt\u00e4\u00e4ksesi t\u00e4ydellisen hupparin tyyliisi.<\/li>\n<li data-sourcepos=\"7:1-7:97\"><strong>Edullinen:<\/strong> Huppari on eritt\u00e4in edullinen, joten se on hyv\u00e4 vaihtoehto pienell\u00e4 budjetilla el\u00e4ville.<\/li>\n<li data-sourcepos=\"8:1-8:103\"><strong>Mukava:<\/strong> Huppari on eritt\u00e4in mukava p\u00e4\u00e4ll\u00e4 pehme\u00e4n ja v\u00e4lj\u00e4n mallinsa ansiosta.<\/li>\n<li data-sourcepos=\"9:1-10:0\"><strong>Tyylik\u00e4s:<\/strong> Huppari on my\u00f6s eritt\u00e4in tyylik\u00e4s, ja sen voi helposti pukea p\u00e4\u00e4lle tai alas.<\/li>\n<\/ul>\n<p data-sourcepos=\"11:1-11:174\">Jos etsit tyylik\u00e4st\u00e4 ja mukavaa hupparia, joka on my\u00f6s edullinen, Alchemai-huppari on loistava vaihtoehto. L\u00f6yd\u00e4t sen netist\u00e4 tai paikallisesta j\u00e4lleenmyyj\u00e4st\u00e4si.<\/p>","protected":false},"excerpt":{"rendered":"<table style=\"height: 538px;\" width=\"470\">\n<tbody>\n<tr>\n<td width=\"146\"><strong><b>Tuote<\/b><\/strong>\u00a0<strong><b>Nimi:<\/b><\/strong><\/td>\n<td width=\"601\"><strong>Alchemai huppari<\/strong><\/td>\n<\/tr>\n<tr>\n<td width=\"146\"><strong><b>Materlal:<\/b><\/strong><\/td>\n<td width=\"601\">Polyesteri\/puuvilla<\/td>\n<\/tr>\n<tr>\n<td width=\"146\"><strong><b>Tekniikka:<\/b><\/strong><\/td>\n<td width=\"601\">Painaminen ja v\u00e4rj\u00e4ys<\/td>\n<\/tr>\n<tr>\n<td width=\"146\"><strong><b>Tyyli:<\/b><\/strong><\/td>\n<td width=\"601\">Rento<\/td>\n<\/tr>\n<tr>\n<td width=\"146\"><strong><b>V\u00e4ri<\/b><\/strong><strong><b>:<\/b><\/strong><\/td>\n<td width=\"601\">\u00a0Mukautetut v\u00e4rit<\/td>\n<\/tr>\n<tr>\n<td width=\"146\"><strong><b>Koko:<\/b><\/strong><\/td>\n<td width=\"601\">S \/M \/L \/XL \/2XL<\/td>\n<\/tr>\n<tr>\n<td width=\"146\"><strong><b>OEM\/ODM:<\/b><\/strong><\/td>\n<td width=\"601\">Hyv\u00e4ksytt\u00e4v\u00e4<\/td>\n<\/tr>\n<tr>\n<td width=\"146\"><strong><b>Laatu:<\/b><\/strong><\/td>\n<td width=\"601\">100% korkea laatu<\/td>\n<\/tr>\n<tr>\n<td width=\"146\"><strong><b>M<\/b><\/strong><strong><b>OQ:<\/b><\/strong><\/td>\n<td width=\"601\">200 kpl<\/td>\n<\/tr>\n<\/tbody>\n<\/table>","protected":false},"featured_media":1826,"template":"","meta":[],"product_brand":[],"product_cat":[38],"product_tag":[],"class_list":{"0":"post-1825","1":"product","2":"type-product","3":"status-publish","4":"has-post-thumbnail","6":"product_cat-mens-clothing","8":"first","9":"instock","10":"shipping-taxable","11":"product-type-simple"},"_links":{"self":[{"href":"https:\/\/mj-clothing.com\/fi\/wp-json\/wp\/v2\/product\/1825","targetHints":{"allow":["GET"]}}],"collection":[{"href":"https:\/\/mj-clothing.com\/fi\/wp-json\/wp\/v2\/product"}],"about":[{"href":"https:\/\/mj-clothing.com\/fi\/wp-json\/wp\/v2\/types\/product"}],"wp:featuredmedia":[{"embeddable":true,"href":"https:\/\/mj-clothing.com\/fi\/wp-json\/wp\/v2\/media\/1826"}],"wp:attachment":[{"href":"https:\/\/mj-clothing.com\/fi\/wp-json\/wp\/v2\/media?parent=1825"}],"wp:term":[{"taxonomy":"product_brand","embeddable":true,"href":"https:\/\/mj-clothing.com\/fi\/wp-json\/wp\/v2\/product_brand?post=1825"},{"taxonomy":"product_cat","embeddable":true,"href":"https:\/\/mj-clothing.com\/fi\/wp-json\/wp\/v2\/product_cat?post=1825"},{"taxonomy":"product_tag","embeddable":true,"href":"https:\/\/mj-clothing.com\/fi\/wp-json\/wp\/v2\/product_tag?post=1825"}],"curies":[{"name":"wp","href":"https:\/\/api.w.org\/{rel}","templated":true}]}}