{"id":1830,"date":"2024-12-16T02:45:38","date_gmt":"2024-12-16T02:45:38","guid":{"rendered":"https:\/\/mj-clothing.com\/?post_type=product&#038;p=1830"},"modified":"2024-12-17T06:28:33","modified_gmt":"2024-12-17T06:28:33","slug":"plaid-sweatshirt","status":"publish","type":"product","link":"https:\/\/mj-clothing.com\/fi\/manufacturer\/plaid-sweatshirt\/","title":{"rendered":"Ruudullinen collegepaita"},"content":{"rendered":"<p data-sourcepos=\"1:1-1:178\">Ruudullinen collegepaita on klassinen ja monipuolinen vaatekappale, jonka voi pukea niin ylle kuin alas. Ne sopivat t\u00e4ydellisesti syksyyn ja talveen, ja niit\u00e4 voi k\u00e4ytt\u00e4\u00e4 useissa eri tilaisuuksissa.<\/p>\n<h3 data-sourcepos=\"3:1-3:70\"><strong>Seuraavassa on muutamia asioita, jotka kannattaa ottaa huomioon valittaessa ruutuhaalaria:<\/strong><\/h3>\n<ul data-sourcepos=\"5:1-9:0\">\n<li data-sourcepos=\"5:1-5:137\"><strong>V\u00e4ri:<\/strong> Ruudullinen on saatavana useissa eri v\u00e4reiss\u00e4 ja kuoseissa. Valitse v\u00e4ri, josta pid\u00e4t ja joka sopii hyvin yhteen muiden vaatteidesi kanssa.<\/li>\n<li data-sourcepos=\"6:1-6:119\"><strong>Sopii:<\/strong> Valitse istuvuus, joka on mukava ja imarteleva. Et halua liian tiukkaa tai liian l\u00f6ys\u00e4\u00e4 paitaa.<\/li>\n<li data-sourcepos=\"7:1-7:101\"><strong>Materiaali:<\/strong> Etsi laadukasta materiaalia oleva collegepaita, joka on pehme\u00e4 ja mukava.<\/li>\n<li data-sourcepos=\"8:1-9:0\"><strong>Tyyli:<\/strong> Ruudullisia collegepaitoja on monenlaisia, klassisesta moderniin. Valitse tyyli, josta pid\u00e4t ja joka sopii henkil\u00f6kohtaiseen tyyliisi.<\/li>\n<\/ul>\n<h3 data-sourcepos=\"10:1-10:51\"><strong>Seuraavassa on muutamia tapoja tyylitell\u00e4 ruudullinen collegepaita:<\/strong><\/h3>\n<ul data-sourcepos=\"12:1-15:0\">\n<li data-sourcepos=\"12:1-12:96\"><strong>Rento:<\/strong> Yhdist\u00e4 ruudullinen collegepaita farkkujen ja tennareiden kanssa rentoon ja mukavaan lookkiin.<\/li>\n<li data-sourcepos=\"13:1-13:78\"><strong>Pukeutuminen:<\/strong> Pue ruudullinen collegepaita sopivaksi yhdist\u00e4m\u00e4ll\u00e4 se hameen tai mekon kanssa.<\/li>\n<li data-sourcepos=\"14:1-15:0\"><strong>Kerroksittain:<\/strong> Kerrotaan ruudullinen collegepaita t-paidan tai pitk\u00e4hihaisen paidan p\u00e4\u00e4lle tyylikk\u00e4\u00e4n ja l\u00e4mpim\u00e4n ilmeen saamiseksi.<\/li>\n<\/ul>\n<h3 data-sourcepos=\"16:1-16:50\"><strong>Seuraavassa on muutamia suosittuja ruutupaita-huppari-tyylej\u00e4:<\/strong><\/h3>\n<ul data-sourcepos=\"18:1-21:0\">\n<li data-sourcepos=\"18:1-18:48\"><strong>Hupparit:<\/strong> Klassinen ja mukava vaihtoehto.<\/li>\n<li data-sourcepos=\"19:1-19:49\"><strong>P\u00e4\u00e4ntie:<\/strong> Rennompi ja rennompi vaihtoehto.<\/li>\n<li data-sourcepos=\"20:1-21:0\"><strong>Nelj\u00e4nnes vetoketju:<\/strong> Monipuolinen vaihtoehto, jonka voi pukea yl\u00f6s tai alas.<\/li>\n<\/ul>\n<h3 data-sourcepos=\"22:1-22:60\"><strong>Seuraavassa on muutamia vinkkej\u00e4 ruudullisen collegepaidan hoitoon:<\/strong><\/h3>\n<ul data-sourcepos=\"24:1-27:0\">\n<li data-sourcepos=\"24:1-24:55\">Pese collegepaita kylm\u00e4ss\u00e4 vedess\u00e4 hell\u00e4varaisessa pesussa.<\/li>\n<li data-sourcepos=\"25:1-25:21\">V\u00e4lt\u00e4 valkaisuaineen k\u00e4ytt\u00f6\u00e4.<\/li>\n<li data-sourcepos=\"26:1-27:0\">Kuivaa rumpukuivauksessa miedolla l\u00e4mm\u00f6ll\u00e4 tai ripusta kuivumaan.<\/li>\n<\/ul>\n<p data-sourcepos=\"28:1-28:130\">Valittavanasi on niin monia eri tyylej\u00e4 ja v\u00e4rej\u00e4, ett\u00e4 l\u00f6yd\u00e4t varmasti t\u00e4ydellisen ruudullisen collegepaidan vaatekaappiisi.<\/p>","protected":false},"excerpt":{"rendered":"<table style=\"height: 421px;\" width=\"443\">\n<tbody>\n<tr>\n<td width=\"146\"><strong><b>Tuote<\/b><\/strong>\u00a0<strong><b>Nimi:<\/b><\/strong><\/td>\n<td width=\"601\"><strong>Ruudullinen collegepaita<\/strong><\/td>\n<\/tr>\n<tr>\n<td width=\"146\"><strong><b>Materlal:<\/b><\/strong><\/td>\n<td width=\"601\">Polyesteri\/puuvilla<\/td>\n<\/tr>\n<tr>\n<td width=\"146\"><strong><b>Tekniikka:<\/b><\/strong><\/td>\n<td width=\"601\">Painaminen ja v\u00e4rj\u00e4ys<\/td>\n<\/tr>\n<tr>\n<td width=\"146\"><strong><b>Tyyli:<\/b><\/strong><\/td>\n<td width=\"601\">Rento<\/td>\n<\/tr>\n<tr>\n<td width=\"146\"><strong><b>V\u00e4ri<\/b><\/strong><strong><b>:<\/b><\/strong><\/td>\n<td width=\"601\">\u00a0Mukautetut v\u00e4rit<\/td>\n<\/tr>\n<tr>\n<td width=\"146\"><strong><b>Koko:<\/b><\/strong><\/td>\n<td width=\"601\">S \/M \/L \/XL \/2XL<\/td>\n<\/tr>\n<tr>\n<td width=\"146\"><strong><b>OEM\/ODM:<\/b><\/strong><\/td>\n<td width=\"601\">Hyv\u00e4ksytt\u00e4v\u00e4<\/td>\n<\/tr>\n<tr>\n<td width=\"146\"><strong><b>Laatu:<\/b><\/strong><\/td>\n<td width=\"601\">100% korkea laatu<\/td>\n<\/tr>\n<tr>\n<td width=\"146\"><strong><b>M<\/b><\/strong><strong><b>OQ:<\/b><\/strong><\/td>\n<td width=\"601\">200 kpl<\/td>\n<\/tr>\n<\/tbody>\n<\/table>","protected":false},"featured_media":1831,"template":"","meta":[],"product_brand":[],"product_cat":[38],"product_tag":[],"class_list":{"0":"post-1830","1":"product","2":"type-product","3":"status-publish","4":"has-post-thumbnail","6":"product_cat-mens-clothing","8":"first","9":"instock","10":"shipping-taxable","11":"product-type-simple"},"_links":{"self":[{"href":"https:\/\/mj-clothing.com\/fi\/wp-json\/wp\/v2\/product\/1830","targetHints":{"allow":["GET"]}}],"collection":[{"href":"https:\/\/mj-clothing.com\/fi\/wp-json\/wp\/v2\/product"}],"about":[{"href":"https:\/\/mj-clothing.com\/fi\/wp-json\/wp\/v2\/types\/product"}],"wp:featuredmedia":[{"embeddable":true,"href":"https:\/\/mj-clothing.com\/fi\/wp-json\/wp\/v2\/media\/1831"}],"wp:attachment":[{"href":"https:\/\/mj-clothing.com\/fi\/wp-json\/wp\/v2\/media?parent=1830"}],"wp:term":[{"taxonomy":"product_brand","embeddable":true,"href":"https:\/\/mj-clothing.com\/fi\/wp-json\/wp\/v2\/product_brand?post=1830"},{"taxonomy":"product_cat","embeddable":true,"href":"https:\/\/mj-clothing.com\/fi\/wp-json\/wp\/v2\/product_cat?post=1830"},{"taxonomy":"product_tag","embeddable":true,"href":"https:\/\/mj-clothing.com\/fi\/wp-json\/wp\/v2\/product_tag?post=1830"}],"curies":[{"name":"wp","href":"https:\/\/api.w.org\/{rel}","templated":true}]}}