{"id":1834,"date":"2024-12-16T03:01:13","date_gmt":"2024-12-16T03:01:13","guid":{"rendered":"https:\/\/mj-clothing.com\/?post_type=product&#038;p=1834"},"modified":"2024-12-17T06:27:12","modified_gmt":"2024-12-17T06:27:12","slug":"pullover-hoodie","status":"publish","type":"product","link":"https:\/\/mj-clothing.com\/fi\/manufacturer\/pullover-hoodie\/","title":{"rendered":"Pulloveri huppari"},"content":{"rendered":"<p data-sourcepos=\"1:1-1:345\"><span class=\"citation-0 recitation citation-end-0\">Pulloverihuppari on rento ja mukava vaatekappale, joka sopii t\u00e4ydellisesti jokap\u00e4iv\u00e4iseen k\u00e4ytt\u00f6\u00f6n.<\/span> <span class=\"citation-1 recitation citation-end-1\">Siin\u00e4 on huppu, kengurutasku sek\u00e4 joustavat hihansuut ja vy\u00f6t\u00e4r\u00f6nauha.<\/span> <span class=\"citation-2 recitation citation-end-2\">Hupparit on usein valmistettu pehmeist\u00e4 ja l\u00e4mpimist\u00e4 materiaaleista, kuten fleecest\u00e4 tai puuvillasta, joten ne sopivat erinomaisesti kylmemp\u00e4\u00e4n s\u00e4\u00e4h\u00e4n.<\/span><\/p>\n<h3 data-sourcepos=\"3:1-3:38\"><strong>Pulloverihupparin t\u00e4rkeimm\u00e4t ominaisuudet:<\/strong><\/h3>\n<ul data-sourcepos=\"5:1-9:0\">\n<li data-sourcepos=\"5:1-5:61\"><strong>Huppu:<\/strong> Tarjoaa l\u00e4mp\u00f6\u00e4 ja suojaa s\u00e4\u00e4lt\u00e4.<\/li>\n<li data-sourcepos=\"6:1-6:125\"><strong><span class=\"citation-3 recitation\">Kengurutasku:<\/span><\/strong><span class=\"citation-3 recitation citation-end-3\"> Suuri etutasku, joka sopii erinomaisesti k\u00e4sien l\u00e4mpim\u00e4n\u00e4 pit\u00e4miseen tai pienten tavaroiden kuljettamiseen.<\/span><span class=\"button-container hide-from-message-actions ng-star-inserted\"> \u00a0<\/span>\n<div class=\"container ng-tns-c2946245707-75 hide\">\n<div class=\"carousel-container ng-tns-c2946245707-75\"><\/div>\n<\/div>\n<\/li>\n<li data-sourcepos=\"7:1-7:74\"><strong>Joustavat hihansuut ja vy\u00f6t\u00e4r\u00f6nauha:<\/strong> Varmistaa mukavan ja istuvan istuvuuden.<\/li>\n<li data-sourcepos=\"8:1-9:0\"><strong><span class=\"citation-4 recitation\">Pehme\u00e4 ja l\u00e4mmin materiaali:<\/span><\/strong><span class=\"citation-4 recitation citation-end-4\"> Valmistetaan usein fleecest\u00e4 tai puuvillasta optimaalisen mukavuuden varmistamiseksi.<\/span>\n<div class=\"container ng-tns-c2946245707-76 hide\">\n<div class=\"carousel-container ng-tns-c2946245707-76\">\n<div class=\"carousel-content ng-tns-c2946245707-76\">\n<div class=\"sources-carousel-source ng-tns-c2946245707-76 hide ng-star-inserted\" data-test-id=\"sources-carousel-source\"><\/div>\n<\/div>\n<\/div>\n<\/div>\n<\/li>\n<\/ul>\n<h3 data-sourcepos=\"10:1-10:35\"><strong>Miten tyylitell\u00e4 villapaita -hupparia:<\/strong><\/h3>\n<p data-sourcepos=\"12:1-12:118\"><span class=\"citation-5 recitation citation-end-5\">Pulloverihupparit ovat uskomattoman monipuolisia, ja niit\u00e4 voi tyylitell\u00e4 monella eri tavalla.<\/span> T\u00e4ss\u00e4 muutamia ideoita:<\/p>\n<p data-sourcepos=\"12:1-12:118\"><strong>Rento:<\/strong> Yhdist\u00e4 huppari farkkujen ja tennareiden kanssa rentoon ja mukavaan lookkiin.<\/p>\n<ul data-sourcepos=\"14:1-18:0\">\n<li data-sourcepos=\"15:1-15:93\"><strong>Urheilullinen:<\/strong> K\u00e4yt\u00e4 villapaita-hupparia verkkareiden tai verkkareiden kanssa urheilullisen ja aktiivisen lookin luomiseksi.<\/li>\n<li data-sourcepos=\"16:1-16:92\"><strong>Kerroksittain:<\/strong> Kerrotaan pulloverihuppari t-paidan tai pitk\u00e4hihaisen paidan p\u00e4\u00e4lle lis\u00e4l\u00e4mp\u00f6\u00e4 varten.<\/li>\n<li data-sourcepos=\"17:1-18:0\"><strong>Dressy Casual:<\/strong> Pue hupparin p\u00e4\u00e4lle nahkatakki, tummaksi pestyt farkut ja saappaat.<\/li>\n<\/ul>\n<h3 data-sourcepos=\"19:1-19:39\"><strong>Suositut merkit Pullover-hupparit:<\/strong><\/h3>\n<ul data-sourcepos=\"21:1-26:0\">\n<li data-sourcepos=\"21:1-21:77\"><strong><span class=\"citation-6 recitation\">Mestari:<\/span><\/strong><span class=\"citation-6 recitation citation-end-6\"> Tunnettu laadukkaista ja klassisista tyyleist\u00e4\u00e4n.<\/span><span class=\"button-container hide-from-message-actions ng-star-inserted\"> \u00a0<\/span>\n<div class=\"container ng-tns-c2946245707-78 hide\">\n<div class=\"carousel-container ng-tns-c2946245707-78\"><\/div>\n<\/div>\n<\/li>\n<li data-sourcepos=\"22:1-22:81\"><strong>Nike:<\/strong> Tarjoaa laajan valikoiman huppareita eri tyyleiss\u00e4 ja v\u00e4reiss\u00e4.<\/li>\n<li data-sourcepos=\"23:1-23:58\"><strong>Adidas:<\/strong> Tunnettu urheilullisesta ja urheilullisesta muotoilusta.<\/li>\n<li data-sourcepos=\"24:1-24:63\"><strong>H&amp;M:<\/strong> Tarjoaa kohtuuhintaisia ja trendikk\u00e4it\u00e4 pullover-huppareita.<\/li>\n<li data-sourcepos=\"25:1-26:0\"><strong>Zara:<\/strong> Tarjoaa tyylikk\u00e4it\u00e4 ja muodikkaita pullover-huppareita.<\/li>\n<\/ul>","protected":false},"excerpt":{"rendered":"<table style=\"height: 508px;\" width=\"446\">\n<tbody>\n<tr>\n<td width=\"146\"><strong><b>Tuote<\/b><\/strong>\u00a0<strong><b>Nimi:<\/b><\/strong><\/td>\n<td width=\"601\"><strong>Pulloveri huppari<\/strong><\/td>\n<\/tr>\n<tr>\n<td width=\"146\"><strong><b>Materlal:<\/b><\/strong><\/td>\n<td width=\"601\">Polyesteri\/puuvilla<\/td>\n<\/tr>\n<tr>\n<td width=\"146\"><strong><b>Tekniikka:<\/b><\/strong><\/td>\n<td width=\"601\">Painaminen ja v\u00e4rj\u00e4ys<\/td>\n<\/tr>\n<tr>\n<td width=\"146\"><strong><b>Tyyli:<\/b><\/strong><\/td>\n<td width=\"601\">Rento<\/td>\n<\/tr>\n<tr>\n<td width=\"146\"><strong><b>V\u00e4ri<\/b><\/strong><strong><b>:<\/b><\/strong><\/td>\n<td width=\"601\">\u00a0Mukautetut v\u00e4rit<\/td>\n<\/tr>\n<tr>\n<td width=\"146\"><strong><b>Koko:<\/b><\/strong><\/td>\n<td width=\"601\">S \/M \/L \/XL \/2XL<\/td>\n<\/tr>\n<tr>\n<td width=\"146\"><strong><b>OEM\/ODM:<\/b><\/strong><\/td>\n<td width=\"601\">Hyv\u00e4ksytt\u00e4v\u00e4<\/td>\n<\/tr>\n<tr>\n<td width=\"146\"><strong><b>Laatu:<\/b><\/strong><\/td>\n<td width=\"601\">100% korkea laatu<\/td>\n<\/tr>\n<tr>\n<td width=\"146\"><strong><b>M<\/b><\/strong><strong><b>OQ:<\/b><\/strong><\/td>\n<td width=\"601\">200 kpl<\/td>\n<\/tr>\n<\/tbody>\n<\/table>","protected":false},"featured_media":1836,"template":"","meta":[],"product_brand":[],"product_cat":[38],"product_tag":[],"class_list":{"0":"post-1834","1":"product","2":"type-product","3":"status-publish","4":"has-post-thumbnail","6":"product_cat-mens-clothing","8":"first","9":"instock","10":"shipping-taxable","11":"product-type-simple"},"_links":{"self":[{"href":"https:\/\/mj-clothing.com\/fi\/wp-json\/wp\/v2\/product\/1834","targetHints":{"allow":["GET"]}}],"collection":[{"href":"https:\/\/mj-clothing.com\/fi\/wp-json\/wp\/v2\/product"}],"about":[{"href":"https:\/\/mj-clothing.com\/fi\/wp-json\/wp\/v2\/types\/product"}],"wp:featuredmedia":[{"embeddable":true,"href":"https:\/\/mj-clothing.com\/fi\/wp-json\/wp\/v2\/media\/1836"}],"wp:attachment":[{"href":"https:\/\/mj-clothing.com\/fi\/wp-json\/wp\/v2\/media?parent=1834"}],"wp:term":[{"taxonomy":"product_brand","embeddable":true,"href":"https:\/\/mj-clothing.com\/fi\/wp-json\/wp\/v2\/product_brand?post=1834"},{"taxonomy":"product_cat","embeddable":true,"href":"https:\/\/mj-clothing.com\/fi\/wp-json\/wp\/v2\/product_cat?post=1834"},{"taxonomy":"product_tag","embeddable":true,"href":"https:\/\/mj-clothing.com\/fi\/wp-json\/wp\/v2\/product_tag?post=1834"}],"curies":[{"name":"wp","href":"https:\/\/api.w.org\/{rel}","templated":true}]}}