{"id":1837,"date":"2024-12-16T03:05:25","date_gmt":"2024-12-16T03:05:25","guid":{"rendered":"https:\/\/mj-clothing.com\/?post_type=product&#038;p=1837"},"modified":"2024-12-17T06:26:09","modified_gmt":"2024-12-17T06:26:09","slug":"akimbo-hoodie","status":"publish","type":"product","link":"https:\/\/mj-clothing.com\/fi\/manufacturer\/akimbo-hoodie\/","title":{"rendered":"Akimbo huppari"},"content":{"rendered":"<p data-sourcepos=\"1:1-1:237\">Akimbo-huppari on suosittu tyyli, joka tunnetaan rennosta, ylisuuresta istuvuudestaan ja pehme\u00e4st\u00e4, mukavasta materiaalistaan. Se on usein valmistettu korkealaatuisesta fleecest\u00e4 tai puuvillasta, ja siin\u00e4 on kiristysny\u00f6rill\u00e4 varustettu huppu, kengurutasku sek\u00e4 kylkilistoitetut hihansuut ja vy\u00f6t\u00e4r\u00f6nauha.<\/p>\n<h3 data-sourcepos=\"3:1-3:38\"><strong>Akimbo-hupparin t\u00e4rkeimm\u00e4t ominaisuudet:<\/strong><\/h3>\n<ul data-sourcepos=\"5:1-10:0\">\n<li data-sourcepos=\"5:1-5:77\"><strong>Ylimitoitettu istuvuus:<\/strong> L\u00f6ys\u00e4 ja mukava istuvuus, joka sopii t\u00e4ydellisesti kerrospukeutumiseen.<\/li>\n<li data-sourcepos=\"6:1-6:91\"><strong>Pehme\u00e4 materiaali:<\/strong> Valmistetaan yleens\u00e4 korkealaatuisesta fleecest\u00e4 tai puuvillasta maksimaalisen mukavuuden takaamiseksi.<\/li>\n<li data-sourcepos=\"7:1-7:89\"><strong>Kiristysnauha huppu:<\/strong> S\u00e4\u00e4dett\u00e4v\u00e4 huppu lis\u00e4\u00e4 l\u00e4mp\u00f6\u00e4 ja suojaa s\u00e4\u00e4lt\u00e4.<\/li>\n<li data-sourcepos=\"8:1-8:111\"><strong><span class=\"citation-0 recitation\">Kengurutasku:<\/span><\/strong><span class=\"citation-0 recitation citation-end-0\"> Tilava etutasku, jossa voit pit\u00e4\u00e4 k\u00e4det l\u00e4mpimin\u00e4 tai s\u00e4ilytt\u00e4\u00e4 pieni\u00e4 tavaroita.<\/span><span class=\"button-container hide-from-message-actions ng-star-inserted\"> \u00a0<\/span>\n<div class=\"container ng-tns-c2946245707-91 hide\">\n<div class=\"carousel-container ng-tns-c2946245707-91\"><\/div>\n<\/div>\n<\/li>\n<li data-sourcepos=\"9:1-10:0\"><strong>Ribbed hihansuut ja vy\u00f6t\u00e4r\u00f6nauha:<\/strong> Varmistaa tiukan ja mukavan istuvuuden.<\/li>\n<\/ul>\n<h3 data-sourcepos=\"11:1-11:35\"><strong>Miten Akimbo-hupparia voi k\u00e4ytt\u00e4\u00e4:<\/strong><\/h3>\n<p data-sourcepos=\"13:1-13:103\">Akimbo-huppari on monik\u00e4ytt\u00f6inen kappale, jota voi tyylitell\u00e4 monella eri tavalla. T\u00e4ss\u00e4 muutamia ideoita:<\/p>\n<ul data-sourcepos=\"15:1-18:0\">\n<li data-sourcepos=\"15:1-15:105\"><strong>Rento:<\/strong> Yhdist\u00e4 se farkkujen, collegehousujen tai h\u00f6lkk\u00e4puvun ja tennareiden kanssa, niin saat rennon ja mukavan lookin.<\/li>\n<li data-sourcepos=\"16:1-16:77\"><strong>Kerroksittain:<\/strong> Kerrotaan t-paidan tai pitk\u00e4hihaisen paidan p\u00e4\u00e4lle lis\u00e4l\u00e4mp\u00f6\u00e4 varten.<\/li>\n<li data-sourcepos=\"17:1-18:0\"><strong>Dressy Casual:<\/strong> Pue se nahkatakilla, tummanpuhuvilla farkuilla ja saappailla.<\/li>\n<\/ul>","protected":false},"excerpt":{"rendered":"<table style=\"height: 490px;\" width=\"435\">\n<tbody>\n<tr>\n<td width=\"146\"><strong><b>Tuote<\/b><\/strong>\u00a0<strong><b>Nimi:<\/b><\/strong><\/td>\n<td width=\"601\"><strong>Akimbo huppari<\/strong><\/td>\n<\/tr>\n<tr>\n<td width=\"146\"><strong><b>Materlal:<\/b><\/strong><\/td>\n<td width=\"601\">Polyesteri\/puuvilla<\/td>\n<\/tr>\n<tr>\n<td width=\"146\"><strong><b>Tekniikka:<\/b><\/strong><\/td>\n<td width=\"601\">Painaminen ja v\u00e4rj\u00e4ys<\/td>\n<\/tr>\n<tr>\n<td width=\"146\"><strong><b>Tyyli:<\/b><\/strong><\/td>\n<td width=\"601\">Rento<\/td>\n<\/tr>\n<tr>\n<td width=\"146\"><strong><b>V\u00e4ri<\/b><\/strong><strong><b>:<\/b><\/strong><\/td>\n<td width=\"601\">\u00a0Mukautetut v\u00e4rit<\/td>\n<\/tr>\n<tr>\n<td width=\"146\"><strong><b>Koko:<\/b><\/strong><\/td>\n<td width=\"601\">S \/M \/L \/XL \/2XL<\/td>\n<\/tr>\n<tr>\n<td width=\"146\"><strong><b>OEM\/ODM:<\/b><\/strong><\/td>\n<td width=\"601\">Hyv\u00e4ksytt\u00e4v\u00e4<\/td>\n<\/tr>\n<tr>\n<td width=\"146\"><strong><b>Laatu:<\/b><\/strong><\/td>\n<td width=\"601\">100% korkea laatu<\/td>\n<\/tr>\n<tr>\n<td width=\"146\"><strong><b>M<\/b><\/strong><strong><b>OQ:<\/b><\/strong><\/td>\n<td width=\"601\">200 kpl<\/td>\n<\/tr>\n<\/tbody>\n<\/table>","protected":false},"featured_media":1839,"template":"","meta":[],"product_brand":[],"product_cat":[38],"product_tag":[],"class_list":{"0":"post-1837","1":"product","2":"type-product","3":"status-publish","4":"has-post-thumbnail","6":"product_cat-mens-clothing","8":"first","9":"instock","10":"shipping-taxable","11":"product-type-simple"},"_links":{"self":[{"href":"https:\/\/mj-clothing.com\/fi\/wp-json\/wp\/v2\/product\/1837","targetHints":{"allow":["GET"]}}],"collection":[{"href":"https:\/\/mj-clothing.com\/fi\/wp-json\/wp\/v2\/product"}],"about":[{"href":"https:\/\/mj-clothing.com\/fi\/wp-json\/wp\/v2\/types\/product"}],"wp:featuredmedia":[{"embeddable":true,"href":"https:\/\/mj-clothing.com\/fi\/wp-json\/wp\/v2\/media\/1839"}],"wp:attachment":[{"href":"https:\/\/mj-clothing.com\/fi\/wp-json\/wp\/v2\/media?parent=1837"}],"wp:term":[{"taxonomy":"product_brand","embeddable":true,"href":"https:\/\/mj-clothing.com\/fi\/wp-json\/wp\/v2\/product_brand?post=1837"},{"taxonomy":"product_cat","embeddable":true,"href":"https:\/\/mj-clothing.com\/fi\/wp-json\/wp\/v2\/product_cat?post=1837"},{"taxonomy":"product_tag","embeddable":true,"href":"https:\/\/mj-clothing.com\/fi\/wp-json\/wp\/v2\/product_tag?post=1837"}],"curies":[{"name":"wp","href":"https:\/\/api.w.org\/{rel}","templated":true}]}}