{"id":1843,"date":"2024-12-16T03:21:20","date_gmt":"2024-12-16T03:21:20","guid":{"rendered":"https:\/\/mj-clothing.com\/?post_type=product&#038;p=1843"},"modified":"2024-12-17T06:40:16","modified_gmt":"2024-12-17T06:40:16","slug":"golf-hoodie","status":"publish","type":"product","link":"https:\/\/mj-clothing.com\/fi\/manufacturer\/golf-hoodie\/","title":{"rendered":"Golf huppari"},"content":{"rendered":"<p data-sourcepos=\"1:1-1:192\">Golfhuppari on erityisesti golfaajille suunniteltu urheiluvaatetyyppi, jossa yhdistyv\u00e4t perinteisen hupparin mukavuus ja l\u00e4mp\u00f6 sek\u00e4 golfkent\u00e4lle sopivat suorituskykyominaisuudet.<\/p>\n<h3 data-sourcepos=\"3:1-3:34\"><strong>Golf-hupparin t\u00e4rkeimm\u00e4t ominaisuudet:<\/strong><\/h3>\n<ul data-sourcepos=\"5:1-10:0\">\n<li data-sourcepos=\"5:1-5:283\"><strong>Suorituskykyiset kankaat:<\/strong> Golfhupparit on usein valmistettu korkean suorituskyvyn kankaista, kuten polyesterist\u00e4 tai polyesterin ja puuvillan sekoituksesta. N\u00e4m\u00e4 kankaat on suunniteltu kosteutta siirt\u00e4viksi, hengitt\u00e4viksi ja joustaviksi, jotta golfaajat pysyv\u00e4t kuivina, mukavina ja esteett\u00f6min\u00e4 ly\u00f6nnin aikana.<\/li>\n<li data-sourcepos=\"6:1-6:207\"><strong>S\u00e4\u00e4nkest\u00e4vyys:<\/strong> Monet golfhupparit ovat vedenkest\u00e4vi\u00e4 tai vett\u00e4hylkivi\u00e4, jotka suojaavat golfareita kevyelt\u00e4 sateelta tai tihkusateelta. Joissakin on my\u00f6s l\u00e4mp\u00f6eristys, joka pit\u00e4\u00e4 golfarit l\u00e4mpimin\u00e4 kylmemm\u00e4ll\u00e4 s\u00e4\u00e4ll\u00e4.<\/li>\n<li data-sourcepos=\"7:1-7:100\"><strong>Auringonsuojaus:<\/strong> Joissakin golf-hupparissa on UV-suoja, joka suojaa golfaajia haitallisilta auringons\u00e4teilt\u00e4.<\/li>\n<li data-sourcepos=\"8:1-8:162\"><strong>Toiminnallinen suunnittelu:<\/strong> Golf-hupparit sis\u00e4lt\u00e4v\u00e4t usein ominaisuuksia, kuten vetoketjulliset taskut arvotavaroiden s\u00e4ilytt\u00e4miseksi, s\u00e4\u00e4dett\u00e4v\u00e4t huput ja peukalorei\u00e4t, jotka pit\u00e4v\u00e4t hihat paikoillaan.<\/li>\n<li data-sourcepos=\"9:1-10:0\"><strong>Tyylik\u00e4s muotoilu:<\/strong> Golf-huppareita on saatavana monenlaisia tyylej\u00e4, v\u00e4rej\u00e4 ja kuvioita, joiden avulla golfarit voivat ilmaista henkil\u00f6kohtaista tyyli\u00e4\u00e4n ja pysy\u00e4 samalla toiminnallisina.<\/li>\n<\/ul>\n<h3 data-sourcepos=\"11:1-11:31\"><strong>Milloin k\u00e4ytt\u00e4\u00e4 golfhupparia:<\/strong><\/h3>\n<p data-sourcepos=\"13:1-13:112\">Golf-hupparit ovat monipuolisia ja niit\u00e4 voi k\u00e4ytt\u00e4\u00e4 eri s\u00e4\u00e4olosuhteissa. Ne ovat erityisen hy\u00f6dyllisi\u00e4:<\/p>\n<ul data-sourcepos=\"15:1-18:0\">\n<li data-sourcepos=\"15:1-15:87\"><strong>Viile\u00e4mpi s\u00e4\u00e4:<\/strong> Golf- hupparit voivat tarjota l\u00e4mp\u00f6\u00e4 ja mukavuutta kylmemmill\u00e4 kierroksilla.<\/li>\n<li data-sourcepos=\"16:1-16:101\"><strong>Sateinen s\u00e4\u00e4:<\/strong> Vedenkest\u00e4v\u00e4t golfhupparit voivat pit\u00e4\u00e4 golfarit kuivina ja mukavina kevyess\u00e4 sateessa.<\/li>\n<li data-sourcepos=\"17:1-18:0\"><strong>Kerrostaminen:<\/strong> Golf-hupparit voidaan kerrostaa muiden golfvaatteiden kanssa, jotta voidaan luoda r\u00e4\u00e4t\u00e4l\u00f6ity asu eri s\u00e4\u00e4olosuhteisiin.<\/li>\n<\/ul>\n<p data-sourcepos=\"19:1-19:138\">Valitsemalla golfhupparin, joka vastaa tarpeitasi ja mieltymyksi\u00e4si, voit parantaa mukavuuttasi ja suorituskyky\u00e4si golfkent\u00e4ll\u00e4.<\/p>","protected":false},"excerpt":{"rendered":"<table style=\"height: 543px;\" width=\"471\">\n<tbody>\n<tr>\n<td width=\"146\"><strong><b>Tuote<\/b><\/strong>\u00a0<strong><b>Nimi:<\/b><\/strong><\/td>\n<td width=\"601\">\n<p data-sourcepos=\"3:1-3:34\"><strong>Golf huppari<\/strong><\/p>\n<\/td>\n<\/tr>\n<tr>\n<td width=\"146\"><strong><b>Materlal:<\/b><\/strong><\/td>\n<td width=\"601\">Polyesteri\/puuvilla<\/td>\n<\/tr>\n<tr>\n<td width=\"146\"><strong><b>Tekniikka: <\/b><\/strong><\/td>\n<td width=\"601\">Painaminen ja v\u00e4rj\u00e4ys<\/td>\n<\/tr>\n<tr>\n<td width=\"146\"><strong><b>Tyyli: <\/b><\/strong><\/td>\n<td width=\"601\">Rento<\/td>\n<\/tr>\n<tr>\n<td width=\"146\"><strong><b>V\u00e4ri<\/b><\/strong><strong><b>:<\/b><\/strong><\/td>\n<td width=\"601\">Valkoinen ja mukautetut v\u00e4rit<\/td>\n<\/tr>\n<tr>\n<td width=\"146\"><strong><b>Koko:<\/b><\/strong><\/td>\n<td width=\"601\">S \/M \/L \/XL \/2XL<\/td>\n<\/tr>\n<tr>\n<td width=\"146\"><strong><b>OEM\/ODM:<\/b><\/strong><\/td>\n<td width=\"601\">Hyv\u00e4ksytt\u00e4v\u00e4<\/td>\n<\/tr>\n<tr>\n<td width=\"146\"><strong><b>Laatu:<\/b><\/strong><\/td>\n<td width=\"601\">100% korkea laatu<\/td>\n<\/tr>\n<tr>\n<td width=\"146\"><strong><b>M<\/b><\/strong><strong><b>OQ:<\/b><\/strong><\/td>\n<td width=\"601\">200 kpl<\/td>\n<\/tr>\n<\/tbody>\n<\/table>","protected":false},"featured_media":1844,"template":"","meta":[],"product_brand":[],"product_cat":[38],"product_tag":[],"class_list":{"0":"post-1843","1":"product","2":"type-product","3":"status-publish","4":"has-post-thumbnail","6":"product_cat-mens-clothing","8":"first","9":"instock","10":"shipping-taxable","11":"product-type-simple"},"_links":{"self":[{"href":"https:\/\/mj-clothing.com\/fi\/wp-json\/wp\/v2\/product\/1843","targetHints":{"allow":["GET"]}}],"collection":[{"href":"https:\/\/mj-clothing.com\/fi\/wp-json\/wp\/v2\/product"}],"about":[{"href":"https:\/\/mj-clothing.com\/fi\/wp-json\/wp\/v2\/types\/product"}],"wp:featuredmedia":[{"embeddable":true,"href":"https:\/\/mj-clothing.com\/fi\/wp-json\/wp\/v2\/media\/1844"}],"wp:attachment":[{"href":"https:\/\/mj-clothing.com\/fi\/wp-json\/wp\/v2\/media?parent=1843"}],"wp:term":[{"taxonomy":"product_brand","embeddable":true,"href":"https:\/\/mj-clothing.com\/fi\/wp-json\/wp\/v2\/product_brand?post=1843"},{"taxonomy":"product_cat","embeddable":true,"href":"https:\/\/mj-clothing.com\/fi\/wp-json\/wp\/v2\/product_cat?post=1843"},{"taxonomy":"product_tag","embeddable":true,"href":"https:\/\/mj-clothing.com\/fi\/wp-json\/wp\/v2\/product_tag?post=1843"}],"curies":[{"name":"wp","href":"https:\/\/api.w.org\/{rel}","templated":true}]}}