{"id":1846,"date":"2024-12-16T03:37:19","date_gmt":"2024-12-16T03:37:19","guid":{"rendered":"https:\/\/mj-clothing.com\/?post_type=product&#038;p=1846"},"modified":"2024-12-17T06:24:41","modified_gmt":"2024-12-17T06:24:41","slug":"weighted-hoodie","status":"publish","type":"product","link":"https:\/\/mj-clothing.com\/fi\/manufacturer\/weighted-hoodie\/","title":{"rendered":"Painotettu huppari"},"content":{"rendered":"<p data-sourcepos=\"1:1-1:292\"><span class=\"citation-0 recitation citation-end-0\">Painotettu huppari on vaatetyyppi, jonka kankaaseen on lis\u00e4tty painotettuja materiaaleja, yleens\u00e4 lasihelmi\u00e4 tai muovipalloja, rauhoittavan ja maadoittavan vaikutuksen aikaansaamiseksi.<\/span> <span class=\"citation-1 recitation citation-end-1\">T\u00e4m\u00e4 lempe\u00e4 paine voi auttaa v\u00e4hent\u00e4m\u00e4\u00e4n ahdistusta, parantamaan keskittymist\u00e4 ja edist\u00e4m\u00e4\u00e4n parempaa unta.<\/span><span class=\"button-container hide-from-message-actions ng-star-inserted\"> \u00a0<\/span><\/p>\n<h3 data-sourcepos=\"3:1-3:38\"><strong>Painotetun hupparin t\u00e4rkeimm\u00e4t ominaisuudet:<\/strong><\/h3>\n<ul data-sourcepos=\"5:1-10:0\">\n<li data-sourcepos=\"5:1-5:145\"><strong>Painotetut materiaalit:<\/strong> <span class=\"citation-2 recitation citation-end-2\">Pienet helmet tai pelletit on jaettu tasaisesti koko huppariin, mik\u00e4 antaa lempe\u00e4n, rauhoittavan paineen.<\/span><span class=\"button-container hide-from-message-actions ng-star-inserted\"> \u00a0<\/span>\n<div class=\"container ng-tns-c2946245707-171 hide\">\n<div class=\"carousel-container ng-tns-c2946245707-171\"><\/div>\n<\/div>\n<\/li>\n<li data-sourcepos=\"6:1-6:93\"><strong>Mukavuus:<\/strong> <span class=\"citation-3 recitation citation-end-3\">Huppari on suunniteltu pehme\u00e4ksi, kodikkaaksi ja mukavaksi k\u00e4ytt\u00e4\u00e4.<\/span><span class=\"button-container hide-from-message-actions ng-star-inserted\"> \u00a0<\/span>\n<div class=\"container ng-tns-c2946245707-172 hide\">\n<div class=\"carousel-container ng-tns-c2946245707-172\"><\/div>\n<\/div>\n<\/li>\n<li data-sourcepos=\"7:1-7:108\"><strong>Monipuolisuus:<\/strong> <span class=\"citation-4 recitation citation-end-4\">Sit\u00e4 voidaan k\u00e4ytt\u00e4\u00e4 p\u00e4iv\u00e4ll\u00e4 rentoutumiseen tai y\u00f6ll\u00e4 unen parantamiseen.<\/span><span class=\"button-container hide-from-message-actions ng-star-inserted\"> \u00a0<\/span>\n<div class=\"container ng-tns-c2946245707-173 hide\">\n<div class=\"carousel-container ng-tns-c2946245707-173\"><\/div>\n<\/div>\n<\/li>\n<li data-sourcepos=\"8:1-8:127\"><strong>Rauhoittava vaikutus:<\/strong> <span class=\"citation-5 recitation citation-end-5\">Paino voi auttaa v\u00e4hent\u00e4m\u00e4\u00e4n stressi\u00e4 ja ahdistusta ja edist\u00e4\u00e4 rauhaa ja hyvinvointia.<\/span><span class=\"button-container hide-from-message-actions ng-star-inserted\">\u00a0<\/span>\n<div class=\"container ng-tns-c2946245707-174 hide\">\n<div class=\"carousel-container ng-tns-c2946245707-174\"><\/div>\n<\/div>\n<\/li>\n<li data-sourcepos=\"9:1-10:0\"><strong><span class=\"citation-6 recitation\">Parannettu keskittyminen:<\/span><\/strong><span class=\"citation-6 recitation citation-end-6\"> Lempe\u00e4 paine voi auttaa parantamaan keskittymist\u00e4 ja keskittymist\u00e4.<\/span><span class=\"button-container hide-from-message-actions ng-star-inserted\"> \u00a0<\/span>\n<div class=\"container ng-tns-c2946245707-175 hide\">\n<div class=\"carousel-container ng-tns-c2946245707-175\"><\/div>\n<\/div>\n<\/li>\n<\/ul>\n<h3 data-sourcepos=\"11:1-11:36\"><strong>Miten valita painotettu huppari:<\/strong><\/h3>\n<ul data-sourcepos=\"13:1-17:0\">\n<li data-sourcepos=\"13:1-13:82\"><strong>Paino:<\/strong> Hupparin painon tulisi olla noin 5-10% kehon painosta.<\/li>\n<li data-sourcepos=\"14:1-14:75\"><strong>Materiaali:<\/strong> Etsi pehme\u00e4\u00e4, hengitt\u00e4v\u00e4\u00e4 materiaalia, kuten puuvillaa tai fleece\u00e4.<\/li>\n<li data-sourcepos=\"15:1-15:92\"><strong>Painon jakautuminen:<\/strong> Varmista, ett\u00e4 paino jakautuu tasaisesti koko huppariin.<\/li>\n<li data-sourcepos=\"16:1-17:0\"><strong>Mukavuus:<\/strong> Hupparin on istuttava mukavasti, eik\u00e4 sen saa olla liian tiukka tai liian l\u00f6ys\u00e4.<\/li>\n<\/ul>\n<h3 data-sourcepos=\"18:1-18:33\"><strong>Miten k\u00e4ytt\u00e4\u00e4 painotettua hupparia:<\/strong><\/h3>\n<ul data-sourcepos=\"20:1-23:0\">\n<li data-sourcepos=\"20:1-20:72\"><strong>Rentoutuminen:<\/strong> K\u00e4yt\u00e4 hupparia rentoutuessasi sohvalla tai s\u00e4ngyss\u00e4.<\/li>\n<li data-sourcepos=\"21:1-21:81\"><strong><span class=\"citation-7 recitation\">Nukkumaan:<\/span><\/strong><span class=\"citation-7 recitation citation-end-7\"> K\u00e4yt\u00e4 hupparia unil\u00e4\u00e4kkeen\u00e4 parantaaksesi unen laatua.<\/span><span class=\"button-container hide-from-message-actions ng-star-inserted\"> \u00a0<\/span>\n<div class=\"container ng-tns-c2946245707-176 hide\">\n<div class=\"carousel-container ng-tns-c2946245707-176\"><\/div>\n<\/div>\n<\/li>\n<li data-sourcepos=\"22:1-23:0\"><strong><span class=\"citation-8 recitation\">Keskity:<\/span><\/strong><span class=\"citation-8 recitation citation-end-8\"> K\u00e4yt\u00e4 hupparia opiskellessasi, ty\u00f6skennelless\u00e4si tai harjoittaessasi muuta keskittymist\u00e4 vaativaa toimintaa.<\/span><span class=\"button-container hide-from-message-actions ng-star-inserted\">\u00a0 \u00a0<\/span>\n<div class=\"container ng-tns-c2946245707-177 hide\">\n<div class=\"carousel-container ng-tns-c2946245707-177\"><\/div>\n<\/div>\n<\/li>\n<\/ul>\n<h3 data-sourcepos=\"24:1-24:40\"><strong>Painotetun hupparin k\u00e4yt\u00f6n edut:<\/strong><\/h3>\n<ul data-sourcepos=\"26:1-30:0\">\n<li data-sourcepos=\"26:1-26:92\"><strong>V\u00e4hentynyt ahdistus:<\/strong> <span class=\"citation-9 recitation citation-end-9\">Hell\u00e4varainen paine voi auttaa rauhoittamaan hermostoa.<\/span><span class=\"button-container hide-from-message-actions ng-star-inserted\"> \u00a0<\/span>\n<div class=\"container ng-tns-c2946245707-178 hide\">\n<div class=\"carousel-container ng-tns-c2946245707-178\"><\/div>\n<\/div>\n<\/li>\n<li data-sourcepos=\"27:1-27:87\"><strong><span class=\"citation-10 recitation\">Parempi uni:<\/span><\/strong><span class=\"citation-10 recitation citation-end-10\"> Paino voi edist\u00e4\u00e4 syvemp\u00e4\u00e4 ja levollisempaa unta.<\/span><span class=\"button-container hide-from-message-actions ng-star-inserted\">\u00a0<\/span>\n<div class=\"container ng-tns-c2946245707-179 hide\">\n<div class=\"carousel-container ng-tns-c2946245707-179\"><\/div>\n<\/div>\n<\/li>\n<li data-sourcepos=\"28:1-28:101\"><strong><span class=\"citation-11 recitation\">Parempi keskittyminen:<\/span><\/strong><span class=\"citation-11 recitation citation-end-11\"> Paine voi auttaa parantamaan keskittymist\u00e4 ja tarkkaavaisuutta.<\/span><span class=\"button-container hide-from-message-actions ng-star-inserted\">\u00a0 \u00a0<\/span>\n<div class=\"container ng-tns-c2946245707-180 hide\">\n<div class=\"carousel-container ng-tns-c2946245707-180\"><\/div>\n<\/div>\n<\/li>\n<li data-sourcepos=\"29:1-30:0\"><strong><span class=\"citation-12 recitation\">V\u00e4hent\u00e4\u00e4 stressi\u00e4:<\/span><\/strong><span class=\"citation-12 recitation citation-end-12\"> Painon rauhoittava vaikutus voi auttaa v\u00e4hent\u00e4m\u00e4\u00e4n stressitasoja.<\/span><span class=\"button-container hide-from-message-actions ng-star-inserted\">\u00a0<\/span>\n<div class=\"container ng-tns-c2946245707-181 hide\">\n<div class=\"carousel-container ng-tns-c2946245707-181\"><\/div>\n<\/div>\n<\/li>\n<\/ul>\n<p data-sourcepos=\"31:1-31:269\">Jos etsit luonnollista tapaa v\u00e4hent\u00e4\u00e4 stressi\u00e4 ja ahdistusta, painotettu huppari voi olla hyv\u00e4 vaihtoehto sinulle. On kuitenkin t\u00e4rke\u00e4\u00e4 neuvotella terveydenhuollon ammattilaisen kanssa ennen painotetun tuotteen k\u00e4ytt\u00f6\u00e4, varsinkin jos sinulla on jokin taustalla oleva terveydentila.<\/p>","protected":false},"excerpt":{"rendered":"<table style=\"height: 478px;\" width=\"402\">\n<tbody>\n<tr>\n<td width=\"146\"><strong><b>Tuote<\/b><\/strong>\u00a0<strong><b>Nimi:<\/b><\/strong><\/td>\n<td width=\"601\"><strong>Painotettu huppari<\/strong><\/td>\n<\/tr>\n<tr>\n<td width=\"146\"><strong><b>Materlal:<\/b><\/strong><\/td>\n<td width=\"601\">Polyesteri\/puuvilla<\/td>\n<\/tr>\n<tr>\n<td width=\"146\"><strong><b>Tekniikka:<\/b><\/strong><\/td>\n<td width=\"601\">Painaminen ja v\u00e4rj\u00e4ys<\/td>\n<\/tr>\n<tr>\n<td width=\"146\"><strong><b>Tyyli:<\/b><\/strong><\/td>\n<td width=\"601\">Rento<\/td>\n<\/tr>\n<tr>\n<td width=\"146\"><strong><b>V\u00e4ri<\/b><\/strong><strong><b>:<\/b><\/strong><\/td>\n<td width=\"601\">\u00a0Mukautetut v\u00e4rit<\/td>\n<\/tr>\n<tr>\n<td width=\"146\"><strong><b>Koko:<\/b><\/strong><\/td>\n<td width=\"601\">S \/M \/L \/XL \/2XL<\/td>\n<\/tr>\n<tr>\n<td width=\"146\"><strong><b>OEM\/ODM:<\/b><\/strong><\/td>\n<td width=\"601\">Hyv\u00e4ksytt\u00e4v\u00e4<\/td>\n<\/tr>\n<tr>\n<td width=\"146\"><strong><b>Laatu:<\/b><\/strong><\/td>\n<td width=\"601\">100% korkea laatu<\/td>\n<\/tr>\n<tr>\n<td width=\"146\"><strong><b>M<\/b><\/strong><strong><b>OQ:<\/b><\/strong><\/td>\n<td width=\"601\">200 kpl<\/td>\n<\/tr>\n<\/tbody>\n<\/table>","protected":false},"featured_media":1848,"template":"","meta":[],"product_brand":[],"product_cat":[38],"product_tag":[],"class_list":{"0":"post-1846","1":"product","2":"type-product","3":"status-publish","4":"has-post-thumbnail","6":"product_cat-mens-clothing","8":"first","9":"instock","10":"shipping-taxable","11":"product-type-simple"},"_links":{"self":[{"href":"https:\/\/mj-clothing.com\/fi\/wp-json\/wp\/v2\/product\/1846","targetHints":{"allow":["GET"]}}],"collection":[{"href":"https:\/\/mj-clothing.com\/fi\/wp-json\/wp\/v2\/product"}],"about":[{"href":"https:\/\/mj-clothing.com\/fi\/wp-json\/wp\/v2\/types\/product"}],"wp:featuredmedia":[{"embeddable":true,"href":"https:\/\/mj-clothing.com\/fi\/wp-json\/wp\/v2\/media\/1848"}],"wp:attachment":[{"href":"https:\/\/mj-clothing.com\/fi\/wp-json\/wp\/v2\/media?parent=1846"}],"wp:term":[{"taxonomy":"product_brand","embeddable":true,"href":"https:\/\/mj-clothing.com\/fi\/wp-json\/wp\/v2\/product_brand?post=1846"},{"taxonomy":"product_cat","embeddable":true,"href":"https:\/\/mj-clothing.com\/fi\/wp-json\/wp\/v2\/product_cat?post=1846"},{"taxonomy":"product_tag","embeddable":true,"href":"https:\/\/mj-clothing.com\/fi\/wp-json\/wp\/v2\/product_tag?post=1846"}],"curies":[{"name":"wp","href":"https:\/\/api.w.org\/{rel}","templated":true}]}}