{"id":1853,"date":"2024-12-16T06:19:44","date_gmt":"2024-12-16T06:19:44","guid":{"rendered":"https:\/\/mj-clothing.com\/?post_type=product&#038;p=1853"},"modified":"2024-12-17T06:22:58","modified_gmt":"2024-12-17T06:22:58","slug":"drake-hoodie","status":"publish","type":"product","link":"https:\/\/mj-clothing.com\/fi\/manufacturer\/drake-hoodie\/","title":{"rendered":"Drake huppari"},"content":{"rendered":"<p data-sourcepos=\"1:1-1:226\"><span class=\"citation-0 recitation citation-end-0\">Tunnettu kanadalainen r\u00e4pp\u00e4ri Drake Hoodie on inspiroinut erilaisia tavaroita, kuten huppareita.<\/span> <span class=\"citation-1 recitation citation-end-1\">N\u00e4iss\u00e4 hupparissa on usein h\u00e4nen ikoninen logonsa, albumikuvansa tai sanoituksensa, jotka vetoavat h\u00e4nen omistautuneeseen fanikuntaansa.<\/span><\/p>\n<h3 data-sourcepos=\"1:1-1:226\"><strong>Drake-hupparin t\u00e4rkeimm\u00e4t ominaisuudet:<\/strong><\/h3>\n<ul data-sourcepos=\"5:1-9:0\">\n<li data-sourcepos=\"5:1-5:125\"><strong><span class=\"citation-2 recitation\">Korkealaatuinen materiaali:<\/span><\/strong><span class=\"citation-2 recitation citation-end-2\"> Valmistetaan usein korkealaatuisista materiaaleista, kuten puuvillasta tai fleecest\u00e4, mukavuuden ja kest\u00e4vyyden takaamiseksi.<\/span><span class=\"button-container hide-from-message-actions ng-star-inserted\"> \u00a0<\/span><\/li>\n<li data-sourcepos=\"5:1-5:125\"><span class=\"button-container hide-from-message-actions ng-star-inserted\"><strong style=\"font-size: 14.4px;\"><span class=\"citation-3 recitation\">Tyylik\u00e4s muotoilu:<\/span><\/strong><span class=\"citation-3 recitation citation-end-3\" style=\"font-size: 14.4px;\"> Sis\u00e4lt\u00e4\u00e4 trendikk\u00e4it\u00e4 malleja, rohkeita grafiikoita ja Drake-estetiikkaa.<\/span><span class=\"button-container hide-from-message-actions ng-star-inserted\" style=\"font-size: 14.4px;\"> \u00a0<\/span><\/span>\n<div class=\"container ng-tns-c2946245707-199 hide\">\n<div class=\"carousel-container ng-tns-c2946245707-199\"><\/div>\n<\/div>\n<\/li>\n<li data-sourcepos=\"7:1-7:80\"><strong>Mukava istuvuus:<\/strong> Tarjoaa rennon ja mukavan istuvuuden jokap\u00e4iv\u00e4iseen k\u00e4ytt\u00f6\u00f6n.<\/li>\n<li data-sourcepos=\"8:1-9:0\"><strong>Fanien vetovoima:<\/strong> <span class=\"citation-4 recitation citation-end-4\">Sis\u00e4lt\u00e4\u00e4 Draken ikoniset kuvat ja br\u00e4ndin.<\/span><span class=\"button-container hide-from-message-actions ng-star-inserted\"> \u00a0<\/span>\n<div class=\"container ng-tns-c2946245707-200 hide\">\n<div class=\"carousel-container ng-tns-c2946245707-200\"><\/div>\n<\/div>\n<\/li>\n<\/ul>\n<h3 data-sourcepos=\"10:1-10:32\"><strong>Mist\u00e4 ostaa Drake-hupparin:<\/strong><\/h3>\n<ul data-sourcepos=\"12:1-15:0\">\n<li data-sourcepos=\"12:1-12:146\"><strong>Viralliset tavaratalot:<\/strong> <span class=\"citation-5 recitation citation-end-5\">Draken virallinen tavaratalo tai valtuutetut j\u00e4lleenmyyj\u00e4t myyv\u00e4t usein virallisesti lisensoituja huppareita.<\/span><span class=\"button-container hide-from-message-actions ng-star-inserted\">\u00a0 \u00a0<\/span>\n<div class=\"container ng-tns-c2946245707-201 hide\">\n<div class=\"carousel-container ng-tns-c2946245707-201\"><\/div>\n<\/div>\n<\/li>\n<li data-sourcepos=\"13:1-13:162\"><strong><span class=\"citation-6 recitation\">Verkkomarkkinapaikat:<\/span><\/strong><span class=\"citation-6 recitation citation-end-6\"> eBayn, StockX:n ja Grailedin kaltaiset alustat tarjoavat laajan valikoiman Drake-huppareita, mukaan lukien rajoitettuja painoksia ja vintage-tuotteita.<\/span><span class=\"button-container hide-from-message-actions ng-star-inserted\"> \u00a0<\/span>\n<div class=\"container ng-tns-c2946245707-202 hide\">\n<div class=\"carousel-container ng-tns-c2946245707-202\"><\/div>\n<\/div>\n<\/li>\n<li data-sourcepos=\"14:1-15:0\"><strong>J\u00e4lleenmyyntikaupat:<\/strong> Tutustu paikallisiin katuputiikkeihin ja j\u00e4lleenmyyntiliikkeisiin mahdollisten l\u00f6yt\u00f6jen varalta.<\/li>\n<\/ul>\n<h3 data-sourcepos=\"16:1-16:35\"><strong>Vinkkej\u00e4 Drake-hupparin ostamiseen:<\/strong><\/h3>\n<ul data-sourcepos=\"18:1-22:0\">\n<li data-sourcepos=\"18:1-18:101\"><strong>Aitous:<\/strong> Varmista hupparin aitous tarkistamalla, ett\u00e4 siin\u00e4 on viralliset tunnisteet ja tuotemerkit.<\/li>\n<li data-sourcepos=\"19:1-19:85\"><strong>Kunto:<\/strong> Jos ostat k\u00e4ytetyn hupparin, tarkista, ettei siin\u00e4 ole merkkej\u00e4 kulumisesta tai vaurioista.<\/li>\n<li data-sourcepos=\"20:1-20:84\"><strong>Mitoitus:<\/strong> Katso myyj\u00e4n toimittamaa kokotaulukkoa varmistaaksesi oikean istuvuuden.<\/li>\n<li data-sourcepos=\"21:1-22:0\"><strong>Hinta:<\/strong> Tutki nykyisi\u00e4 markkinahintoja v\u00e4ltt\u00e4\u00e4ksesi ylihintaa.<\/li>\n<\/ul>\n<p data-sourcepos=\"23:1-23:123\">Seuraamalla n\u00e4it\u00e4 vinkkej\u00e4 voit l\u00f6yt\u00e4\u00e4 t\u00e4ydellisen Drake-hupparin, joka osoittaa rakkautesi artistia kohtaan ja kohottaa tyyli\u00e4si.<\/p>","protected":false},"excerpt":{"rendered":"<table style=\"height: 547px;\" width=\"443\">\n<tbody>\n<tr>\n<td width=\"146\"><strong><b>Tuote<\/b><\/strong>\u00a0<strong><b>Nimi:<\/b><\/strong><\/td>\n<td width=\"601\"><strong>Drake huppari<\/strong><\/td>\n<\/tr>\n<tr>\n<td width=\"146\"><strong><b>Materlal:<\/b><\/strong><\/td>\n<td width=\"601\">Polyesteri\/puuvilla<\/td>\n<\/tr>\n<tr>\n<td width=\"146\"><strong><b>Tekniikka:<\/b><\/strong><\/td>\n<td width=\"601\">Painaminen ja v\u00e4rj\u00e4ys<\/td>\n<\/tr>\n<tr>\n<td width=\"146\"><strong><b>Tyyli:<\/b><\/strong><\/td>\n<td width=\"601\">Rento<\/td>\n<\/tr>\n<tr>\n<td width=\"146\"><strong><b>V\u00e4ri<\/b><\/strong><strong><b>:<\/b><\/strong><\/td>\n<td width=\"601\">\u00a0Musta ja mukautetut v\u00e4rit<\/td>\n<\/tr>\n<tr>\n<td width=\"146\"><strong><b>Koko:<\/b><\/strong><\/td>\n<td width=\"601\">S \/M \/L \/XL \/2XL<\/td>\n<\/tr>\n<tr>\n<td width=\"146\"><strong><b>OEM\/ODM:<\/b><\/strong><\/td>\n<td width=\"601\">Hyv\u00e4ksytt\u00e4v\u00e4<\/td>\n<\/tr>\n<tr>\n<td width=\"146\"><strong><b>Laatu:<\/b><\/strong><\/td>\n<td width=\"601\">100% korkea laatu<\/td>\n<\/tr>\n<tr>\n<td width=\"146\"><strong><b>M<\/b><\/strong><strong><b>OQ:<\/b><\/strong><\/td>\n<td width=\"601\">200 kpl<\/td>\n<\/tr>\n<\/tbody>\n<\/table>","protected":false},"featured_media":1857,"template":"","meta":[],"product_brand":[],"product_cat":[38],"product_tag":[],"class_list":{"0":"post-1853","1":"product","2":"type-product","3":"status-publish","4":"has-post-thumbnail","6":"product_cat-mens-clothing","8":"first","9":"instock","10":"shipping-taxable","11":"product-type-simple"},"_links":{"self":[{"href":"https:\/\/mj-clothing.com\/fi\/wp-json\/wp\/v2\/product\/1853","targetHints":{"allow":["GET"]}}],"collection":[{"href":"https:\/\/mj-clothing.com\/fi\/wp-json\/wp\/v2\/product"}],"about":[{"href":"https:\/\/mj-clothing.com\/fi\/wp-json\/wp\/v2\/types\/product"}],"wp:featuredmedia":[{"embeddable":true,"href":"https:\/\/mj-clothing.com\/fi\/wp-json\/wp\/v2\/media\/1857"}],"wp:attachment":[{"href":"https:\/\/mj-clothing.com\/fi\/wp-json\/wp\/v2\/media?parent=1853"}],"wp:term":[{"taxonomy":"product_brand","embeddable":true,"href":"https:\/\/mj-clothing.com\/fi\/wp-json\/wp\/v2\/product_brand?post=1853"},{"taxonomy":"product_cat","embeddable":true,"href":"https:\/\/mj-clothing.com\/fi\/wp-json\/wp\/v2\/product_cat?post=1853"},{"taxonomy":"product_tag","embeddable":true,"href":"https:\/\/mj-clothing.com\/fi\/wp-json\/wp\/v2\/product_tag?post=1853"}],"curies":[{"name":"wp","href":"https:\/\/api.w.org\/{rel}","templated":true}]}}