{"id":1859,"date":"2024-12-16T06:23:43","date_gmt":"2024-12-16T06:23:43","guid":{"rendered":"https:\/\/mj-clothing.com\/?post_type=product&#038;p=1859"},"modified":"2024-12-17T06:20:37","modified_gmt":"2024-12-17T06:20:37","slug":"white-crew-neck-sweatshirt","status":"publish","type":"product","link":"https:\/\/mj-clothing.com\/fi\/manufacturer\/white-crew-neck-sweatshirt\/","title":{"rendered":"Valkoinen Crew Neck huppari"},"content":{"rendered":"<p data-sourcepos=\"1:1-1:170\"><span class=\"citation-0 recitation citation-end-0\">Valkoinen collegepaita on klassinen ja monipuolinen vaatekappale, jonka voi pukea niin ylle kuin alas.<\/span> Se on vaatekaapin peruspilari, jota voi k\u00e4ytt\u00e4\u00e4 ymp\u00e4ri vuoden.<span class=\"button-container hide-from-message-actions ng-star-inserted\"> \u00a0<\/span><\/p>\n<h3 data-sourcepos=\"3:1-3:49\"><strong>Valkoisen Crew Neck -paidan t\u00e4rkeimm\u00e4t ominaisuudet:<\/strong><\/h3>\n<ul data-sourcepos=\"5:1-9:0\">\n<li data-sourcepos=\"5:1-5:89\"><strong>Yksinkertainen muotoilu:<\/strong> Klassinen, minimalistinen malli, jossa on py\u00f6re\u00e4 p\u00e4\u00e4ntie ja pitk\u00e4t hihat.<\/li>\n<li data-sourcepos=\"6:1-6:97\"><strong>Mukavuus:<\/strong> <span class=\"citation-1 recitation citation-end-1\">Valmistetaan yleens\u00e4 pehmeist\u00e4, hengitt\u00e4vist\u00e4 materiaaleista, kuten puuvillasta tai fleecest\u00e4.<\/span><span class=\"button-container hide-from-message-actions ng-star-inserted\"> \u00a0<\/span>\n<div class=\"container ng-tns-c2946245707-216 hide\">\n<div class=\"carousel-container ng-tns-c2946245707-216\"><\/div>\n<\/div>\n<\/li>\n<li data-sourcepos=\"7:1-7:91\"><strong><span class=\"citation-2 recitation\">Monipuolisuus:<\/span><\/strong><span class=\"citation-2 recitation citation-end-2\"> Voidaan yhdist\u00e4\u00e4 farkkujen, leggingsien, hameiden tai pukuhousujen kanssa.<\/span>\n<div class=\"container ng-tns-c2946245707-217 hide\">\n<div class=\"carousel-container ng-tns-c2946245707-217\"><\/div>\n<\/div>\n<\/li>\n<li data-sourcepos=\"8:1-9:0\"><strong>Ajaton:<\/strong> Ajaton kappale, joka ei koskaan mene pois muodista.<\/li>\n<\/ul>\n<h3 data-sourcepos=\"10:1-10:46\"><strong>Miten tyylitell\u00e4 valkoista Crew Neck -paitaa:<\/strong><\/h3>\n<p data-sourcepos=\"12:1-12:66\">T\u00e4ss\u00e4 on muutamia ideoita valkoisen kauluspaidan tyyliin:<\/p>\n<ul data-sourcepos=\"14:1-18:0\">\n<li data-sourcepos=\"14:1-14:67\"><strong>Rento:<\/strong> Yhdist\u00e4 se farkkujen ja lenkkareiden kanssa rentoon lookiin.<\/li>\n<li data-sourcepos=\"15:1-15:69\"><strong>Urheilullinen:<\/strong> K\u00e4yt\u00e4 sit\u00e4 verkkareiden tai leggingsien ja urheilukenkien kanssa.<\/li>\n<li data-sourcepos=\"16:1-16:73\"><strong>Dressy Casual:<\/strong> Pue siihen bleiseri, pukuhousut ja mokkasiinit.<\/li>\n<li data-sourcepos=\"17:1-18:0\"><strong>Kerroksittain:<\/strong> Kerrosta se farkkutakin tai nahkatakin alle tyylikk\u00e4\u00e4seen ulkoasuun.<\/li>\n<\/ul>\n<h3 data-sourcepos=\"19:1-19:51\"><strong>Vinkkej\u00e4 valkoisen Crew Neck-paidan valintaan:<\/strong><\/h3>\n<ul data-sourcepos=\"21:1-24:0\">\n<li data-sourcepos=\"21:1-21:88\"><strong>Materiaali:<\/strong> Etsi pehme\u00e4\u00e4, laadukasta materiaalia, jota on mukava k\u00e4ytt\u00e4\u00e4.<\/li>\n<li data-sourcepos=\"22:1-22:109\"><strong>Sopii:<\/strong> Valitse istuvuus, joka sopii henkil\u00f6kohtaiseen tyyliisi. Voit valita rennon istuvuuden tai istuvamman tyylin.<\/li>\n<li data-sourcepos=\"23:1-24:0\"><strong>Hoito:<\/strong> Noudata etiketiss\u00e4 olevia hoito-ohjeita, jotta villapaita pysyy parhaimmillaan.<\/li>\n<\/ul>\n<p data-sourcepos=\"25:1-25:101\">Seuraamalla n\u00e4it\u00e4 vinkkej\u00e4 voit l\u00f6yt\u00e4\u00e4 t\u00e4ydellisen valkoisen kauluksellisen collegepaidan, jonka voit lis\u00e4t\u00e4 vaatekaappiisi.<\/p>","protected":false},"excerpt":{"rendered":"<table style=\"height: 481px;\" width=\"465\">\n<tbody>\n<tr>\n<td width=\"146\"><strong><b>Tuote<\/b><\/strong>\u00a0<strong><b>Nimi:<\/b><\/strong><\/td>\n<td width=\"601\"><strong>Valkoinen Crew Neck huppari<\/strong><\/td>\n<\/tr>\n<tr>\n<td width=\"146\"><strong><b>Materlal:<\/b><\/strong><\/td>\n<td width=\"601\">Polyesteri\/puuvilla<\/td>\n<\/tr>\n<tr>\n<td width=\"146\"><strong><b>Tekniikka:<\/b><\/strong><\/td>\n<td width=\"601\">Painaminen ja v\u00e4rj\u00e4ys<\/td>\n<\/tr>\n<tr>\n<td width=\"146\"><strong><b>Tyyli:<\/b><\/strong><\/td>\n<td width=\"601\">Rento<\/td>\n<\/tr>\n<tr>\n<td width=\"146\"><strong><b>V\u00e4ri<\/b><\/strong><strong><b>:<\/b><\/strong><\/td>\n<td width=\"601\">\u00a0Mukautetut v\u00e4rit<\/td>\n<\/tr>\n<tr>\n<td width=\"146\"><strong><b>Koko:<\/b><\/strong><\/td>\n<td width=\"601\">S \/M \/L \/XL \/2XL<\/td>\n<\/tr>\n<tr>\n<td width=\"146\"><strong><b>OEM\/ODM:<\/b><\/strong><\/td>\n<td width=\"601\">Hyv\u00e4ksytt\u00e4v\u00e4<\/td>\n<\/tr>\n<tr>\n<td width=\"146\"><strong><b>Laatu:<\/b><\/strong><\/td>\n<td width=\"601\">100% korkea laatu<\/td>\n<\/tr>\n<tr>\n<td width=\"146\"><strong><b>M<\/b><\/strong><strong><b>OQ:<\/b><\/strong><\/td>\n<td width=\"601\">200 kpl<\/td>\n<\/tr>\n<\/tbody>\n<\/table>","protected":false},"featured_media":1860,"template":"","meta":[],"product_brand":[],"product_cat":[38],"product_tag":[],"class_list":{"0":"post-1859","1":"product","2":"type-product","3":"status-publish","4":"has-post-thumbnail","6":"product_cat-mens-clothing","8":"first","9":"instock","10":"shipping-taxable","11":"product-type-simple"},"_links":{"self":[{"href":"https:\/\/mj-clothing.com\/fi\/wp-json\/wp\/v2\/product\/1859","targetHints":{"allow":["GET"]}}],"collection":[{"href":"https:\/\/mj-clothing.com\/fi\/wp-json\/wp\/v2\/product"}],"about":[{"href":"https:\/\/mj-clothing.com\/fi\/wp-json\/wp\/v2\/types\/product"}],"wp:featuredmedia":[{"embeddable":true,"href":"https:\/\/mj-clothing.com\/fi\/wp-json\/wp\/v2\/media\/1860"}],"wp:attachment":[{"href":"https:\/\/mj-clothing.com\/fi\/wp-json\/wp\/v2\/media?parent=1859"}],"wp:term":[{"taxonomy":"product_brand","embeddable":true,"href":"https:\/\/mj-clothing.com\/fi\/wp-json\/wp\/v2\/product_brand?post=1859"},{"taxonomy":"product_cat","embeddable":true,"href":"https:\/\/mj-clothing.com\/fi\/wp-json\/wp\/v2\/product_cat?post=1859"},{"taxonomy":"product_tag","embeddable":true,"href":"https:\/\/mj-clothing.com\/fi\/wp-json\/wp\/v2\/product_tag?post=1859"}],"curies":[{"name":"wp","href":"https:\/\/api.w.org\/{rel}","templated":true}]}}