{"id":1861,"date":"2024-12-16T06:40:02","date_gmt":"2024-12-16T06:40:02","guid":{"rendered":"https:\/\/mj-clothing.com\/?post_type=product&#038;p=1861"},"modified":"2024-12-17T06:17:43","modified_gmt":"2024-12-17T06:17:43","slug":"couple-sweatshirt","status":"publish","type":"product","link":"https:\/\/mj-clothing.com\/fi\/manufacturer\/couple-sweatshirt\/","title":{"rendered":"Pariskunta huppari"},"content":{"rendered":"<p data-sourcepos=\"1:1-1:238\">Pariskuntien collegepaidat ovat suosittu trendi, jonka avulla pariskunnat voivat ilmaista rakkauttaan ja yhteytt\u00e4\u00e4n yhteensopivien tai toisiaan t\u00e4ydent\u00e4vien vaatteiden avulla. Niit\u00e4 on saatavilla eri tyyleiss\u00e4, v\u00e4reiss\u00e4 ja malleissa, jotka sopivat erilaisiin mieltymyksiin ja tilaisuuksiin.<\/p>\n<h3 data-sourcepos=\"3:1-3:39\"><strong>Parin hikipaitojen t\u00e4rkeimm\u00e4t ominaisuudet:<\/strong><\/h3>\n<ul data-sourcepos=\"5:1-10:0\">\n<li data-sourcepos=\"5:1-5:109\"><strong>Vastaavat mallit:<\/strong> Niiss\u00e4 on usein yhteensopivia kuvioita, v\u00e4rej\u00e4 tai lauseita, jotka symboloivat pariskunnan liittoa.<\/li>\n<li data-sourcepos=\"6:1-6:134\"><strong>T\u00e4ydent\u00e4v\u00e4t mallit:<\/strong> Voi olla erilaisia, mutta toisiinsa liittyvi\u00e4 kuvioita, kuten \"Kuningas\" ja \"Kuningatar\", \"Yin\" ja \"Yang\" tai \"Nainen\" ja \"Mies\".<\/li>\n<li data-sourcepos=\"7:1-7:105\"><strong>Henkil\u00f6kohtaiset viestit:<\/strong> Voidaan r\u00e4\u00e4t\u00e4l\u00f6id\u00e4 nimill\u00e4, nimikirjaimilla, erityisill\u00e4 p\u00e4iv\u00e4m\u00e4\u00e4rill\u00e4 tai henkil\u00f6kohtaisilla viesteill\u00e4.<\/li>\n<li data-sourcepos=\"8:1-8:95\"><strong>Mukavat materiaalit:<\/strong> Ne on yleens\u00e4 valmistettu pehmeist\u00e4 ja mukavista materiaaleista, kuten puuvillasta tai fleecest\u00e4.<\/li>\n<li data-sourcepos=\"9:1-10:0\"><strong>Monipuoliset tyylit:<\/strong> Saatavana eri malleja, kuten huppareita, kauluspaitoja ja villapaitoja.<\/li>\n<\/ul>\n<h3 data-sourcepos=\"11:1-11:36\"><strong>Mist\u00e4 voi ostaa parin hikipaitoja:<\/strong><\/h3>\n<ul data-sourcepos=\"13:1-16:0\">\n<li data-sourcepos=\"13:1-13:121\"><strong>Verkkokauppiaat:<\/strong> Verkkosivustot, kuten Etsy, Amazon ja erikoistuneet parivaatekaupat tarjoavat laajan valikoiman vaihtoehtoja.<\/li>\n<li data-sourcepos=\"14:1-14:94\"><strong>Fyysiset myym\u00e4l\u00e4t:<\/strong> Tutustu paikallisiin putiikkeihin ja tavarataloihin henkil\u00f6kohtaisia ostoksia varten.<\/li>\n<li data-sourcepos=\"15:1-16:0\"><strong>Mukautetut painatuspalvelut:<\/strong> Luo omat henkil\u00f6kohtaiset pariskuntapaitasi mukautetuilla malleilla ja viesteill\u00e4.<\/li>\n<\/ul>\n<h3 data-sourcepos=\"17:1-17:41\"><strong>Vinkkej\u00e4 parin hikipaitojen valintaan:<\/strong><\/h3>\n<ul data-sourcepos=\"19:1-24:0\">\n<li data-sourcepos=\"19:1-19:99\"><strong>Mieti tyyli\u00e4si:<\/strong> Valitse tyyli, joka kuvastaa henkil\u00f6kohtaisia mieltymyksi\u00e4si ja tilaisuutta.<\/li>\n<li data-sourcepos=\"20:1-20:97\"><strong>Valitse oikea materiaali:<\/strong> Valitse mukavia ja kest\u00e4vi\u00e4 materiaaleja, kuten puuvillaa tai fleece\u00e4.<\/li>\n<li data-sourcepos=\"21:1-21:65\"><strong>Tarkista mitoitus:<\/strong> Varmista tarkka mitoitus molemmille osapuolille.<\/li>\n<li data-sourcepos=\"22:1-22:89\"><strong>Henkil\u00f6kohtaista hikipaitoja:<\/strong> Lis\u00e4\u00e4 henkil\u00f6kohtainen kosketus mukautetuilla viesteill\u00e4 tai malleilla.<\/li>\n<li data-sourcepos=\"23:1-24:0\"><strong>Koordinoi kumppanisi kanssa:<\/strong> Keskustelkaa mieltymyksist\u00e4nne ja sovittakaa asunne yhteen.<\/li>\n<\/ul>\n<p data-sourcepos=\"25:1-25:123\">Valitsemalla oikeat pariskuntapaidat voit luoda ainutlaatuisen ja tyylikk\u00e4\u00e4n ulkoasun, joka kuvastaa rakkauttanne ja yhteytt\u00e4nne.<\/p>","protected":false},"excerpt":{"rendered":"<table style=\"height: 499px;\" width=\"433\">\n<tbody>\n<tr>\n<td width=\"146\"><strong><b>Tuote<\/b><\/strong>\u00a0<strong><b>Nimi:<\/b><\/strong><\/td>\n<td width=\"601\"><strong>Pariskunta huppari<\/strong><\/td>\n<\/tr>\n<tr>\n<td width=\"146\"><strong><b>Materlal:<\/b><\/strong><\/td>\n<td width=\"601\">Polyesteri\/puuvilla<\/td>\n<\/tr>\n<tr>\n<td width=\"146\"><strong><b>Tekniikka:<\/b><\/strong><\/td>\n<td width=\"601\">Painaminen ja v\u00e4rj\u00e4ys<\/td>\n<\/tr>\n<tr>\n<td width=\"146\"><strong><b>Tyyli:<\/b><\/strong><\/td>\n<td width=\"601\">Rento<\/td>\n<\/tr>\n<tr>\n<td width=\"146\"><strong><b>V\u00e4ri<\/b><\/strong><strong><b>:<\/b><\/strong><\/td>\n<td width=\"601\">\u00a0Mukautetut v\u00e4rit<\/td>\n<\/tr>\n<tr>\n<td width=\"146\"><strong><b>Koko:<\/b><\/strong><\/td>\n<td width=\"601\">S \/M \/L \/XL \/2XL<\/td>\n<\/tr>\n<tr>\n<td width=\"146\"><strong><b>OEM\/ODM:<\/b><\/strong><\/td>\n<td width=\"601\">Hyv\u00e4ksytt\u00e4v\u00e4<\/td>\n<\/tr>\n<tr>\n<td width=\"146\"><strong><b>Laatu:<\/b><\/strong><\/td>\n<td width=\"601\">100% korkea laatu<\/td>\n<\/tr>\n<tr>\n<td width=\"146\"><strong><b>M<\/b><\/strong><strong><b>OQ:<\/b><\/strong><\/td>\n<td width=\"601\">200 kpl<\/td>\n<\/tr>\n<\/tbody>\n<\/table>","protected":false},"featured_media":1862,"template":"","meta":[],"product_brand":[],"product_cat":[38],"product_tag":[],"class_list":{"0":"post-1861","1":"product","2":"type-product","3":"status-publish","4":"has-post-thumbnail","6":"product_cat-mens-clothing","8":"first","9":"instock","10":"shipping-taxable","11":"product-type-simple"},"_links":{"self":[{"href":"https:\/\/mj-clothing.com\/fi\/wp-json\/wp\/v2\/product\/1861","targetHints":{"allow":["GET"]}}],"collection":[{"href":"https:\/\/mj-clothing.com\/fi\/wp-json\/wp\/v2\/product"}],"about":[{"href":"https:\/\/mj-clothing.com\/fi\/wp-json\/wp\/v2\/types\/product"}],"wp:featuredmedia":[{"embeddable":true,"href":"https:\/\/mj-clothing.com\/fi\/wp-json\/wp\/v2\/media\/1862"}],"wp:attachment":[{"href":"https:\/\/mj-clothing.com\/fi\/wp-json\/wp\/v2\/media?parent=1861"}],"wp:term":[{"taxonomy":"product_brand","embeddable":true,"href":"https:\/\/mj-clothing.com\/fi\/wp-json\/wp\/v2\/product_brand?post=1861"},{"taxonomy":"product_cat","embeddable":true,"href":"https:\/\/mj-clothing.com\/fi\/wp-json\/wp\/v2\/product_cat?post=1861"},{"taxonomy":"product_tag","embeddable":true,"href":"https:\/\/mj-clothing.com\/fi\/wp-json\/wp\/v2\/product_tag?post=1861"}],"curies":[{"name":"wp","href":"https:\/\/api.w.org\/{rel}","templated":true}]}}