{"id":1864,"date":"2024-12-16T06:43:48","date_gmt":"2024-12-16T06:43:48","guid":{"rendered":"https:\/\/mj-clothing.com\/?post_type=product&#038;p=1864"},"modified":"2024-12-17T03:58:09","modified_gmt":"2024-12-17T03:58:09","slug":"collared-sweatshirt","status":"publish","type":"product","link":"https:\/\/mj-clothing.com\/fi\/manufacturer\/collared-sweatshirt\/","title":{"rendered":"Kauluspaita huppari"},"content":{"rendered":"<p data-sourcepos=\"1:1-1:242\">Kauluksellinen collegepaita, joka tunnetaan my\u00f6s nimell\u00e4 mock neck tai turtleneck, on monipuolinen vaatekappale, jossa yhdistyv\u00e4t collegepaidan mukavuus ja kauluksen tyyli. Se on suosittu valinta sek\u00e4 rentoihin ett\u00e4 puolivirallisiin tilaisuuksiin.<\/p>\n<h3 data-sourcepos=\"3:1-3:42\"><strong>Kauluspaidan t\u00e4rkeimm\u00e4t ominaisuudet:<\/strong><\/h3>\n<ul data-sourcepos=\"5:1-9:0\">\n<li data-sourcepos=\"5:1-5:174\"><strong>Kaulus:<\/strong> Kauluksellisen collegepaidan tunnusmerkki on kaulus, joka voi olla mock neck (lyhyt ja tiiviisti istuva) tai full turtleneck (pidempi ja peitt\u00e4v\u00e4mpi).<\/li>\n<li data-sourcepos=\"6:1-6:109\"><strong>Mukava materiaali:<\/strong> Ne on yleens\u00e4 valmistettu pehmeist\u00e4, l\u00e4mpimist\u00e4 materiaaleista, kuten puuvillasta, fleecest\u00e4 tai niiden sekoituksesta.<\/li>\n<li data-sourcepos=\"7:1-7:96\"><strong>Monipuolinen tyyli:<\/strong> Voidaan pukea yl\u00f6s tai alas, joten se sopii monenlaisiin tilaisuuksiin.<\/li>\n<li data-sourcepos=\"8:1-9:0\"><strong>Kerrospotentiaali:<\/strong> Voidaan kerrostaa muiden vaatekappaleiden, kuten t-paidan, takin tai liivin kanssa.<\/li>\n<\/ul>\n<h3 data-sourcepos=\"10:1-10:39\"><strong>Miten tyylitell\u00e4 kauluspaita-verryttelypaita:<\/strong><\/h3>\n<p data-sourcepos=\"12:1-12:59\">Seuraavassa on muutamia ideoita kauluspaitapuseron tyyliin:<\/p>\n<ul data-sourcepos=\"14:1-18:0\">\n<li data-sourcepos=\"14:1-14:65\"><strong>Rento:<\/strong> Yhdist\u00e4 se farkkujen ja lenkkareiden kanssa rentoa lookia varten.<\/li>\n<li data-sourcepos=\"15:1-15:68\"><strong>Urheilullinen:<\/strong> K\u00e4yt\u00e4 sit\u00e4 verkkareiden tai lenkkihousujen ja urheilukenkien kanssa.<\/li>\n<li data-sourcepos=\"16:1-16:73\"><strong>Dressy Casual:<\/strong> Pue siihen bleiseri, pukuhousut ja mokkasiinit.<\/li>\n<li data-sourcepos=\"17:1-18:0\"><strong>Kerroksittain:<\/strong> Kerrosta se farkkutakin tai nahkatakin alle tyylikk\u00e4\u00e4seen ulkoasuun.<\/li>\n<\/ul>\n<h3 data-sourcepos=\"19:1-19:44\"><strong>Vinkkej\u00e4 kauluspaidan valintaan:<\/strong><\/h3>\n<ul data-sourcepos=\"21:1-25:0\">\n<li data-sourcepos=\"21:1-21:88\"><strong>Materiaali:<\/strong> Etsi pehme\u00e4\u00e4, laadukasta materiaalia, jota on mukava k\u00e4ytt\u00e4\u00e4.<\/li>\n<li data-sourcepos=\"22:1-22:109\"><strong>Sopii:<\/strong> Valitse istuvuus, joka sopii henkil\u00f6kohtaiseen tyyliisi. Voit valita rennon istuvuuden tai istuvamman tyylin.<\/li>\n<li data-sourcepos=\"23:1-23:103\"><strong>V\u00e4ri:<\/strong> Mieti, mink\u00e4 v\u00e4rinen paita on ja miten se t\u00e4ydent\u00e4\u00e4 muita vaatteitasi.<\/li>\n<li data-sourcepos=\"24:1-25:0\"><strong>Kauluksen tyyli:<\/strong> P\u00e4\u00e4t\u00e4, mink\u00e4laisesta kauluksesta pid\u00e4t, onko se mock neck vai t\u00e4yskaulus.<\/li>\n<\/ul>\n<p data-sourcepos=\"26:1-26:94\">Seuraamalla n\u00e4it\u00e4 vinkkej\u00e4 voit l\u00f6yt\u00e4\u00e4 t\u00e4ydellisen kauluspaidan vaatekaappiisi.<\/p>","protected":false},"excerpt":{"rendered":"<table style=\"height: 544px;\" width=\"428\">\n<tbody>\n<tr>\n<td width=\"146\"><strong><b>Tuote<\/b><\/strong>\u00a0<strong><b>Nimi:<\/b><\/strong><\/td>\n<td width=\"601\"><strong>Kauluspaita huppari<\/strong><\/td>\n<\/tr>\n<tr>\n<td width=\"146\"><strong><b>Materlal:<\/b><\/strong><\/td>\n<td width=\"601\">Polyesteri\/puuvilla<\/td>\n<\/tr>\n<tr>\n<td width=\"146\"><strong><b>Tekniikka: <\/b><\/strong><\/td>\n<td width=\"601\">Painaminen ja v\u00e4rj\u00e4ys<\/td>\n<\/tr>\n<tr>\n<td width=\"146\"><strong><b>Tyyli: <\/b><\/strong><\/td>\n<td width=\"601\">Rento<\/td>\n<\/tr>\n<tr>\n<td width=\"146\"><strong><b>V\u00e4ri<\/b><\/strong><strong><b>:<\/b><\/strong><\/td>\n<td width=\"601\">\u00a0Mukautetut v\u00e4rit<\/td>\n<\/tr>\n<tr>\n<td width=\"146\"><strong><b>Koko:<\/b><\/strong><\/td>\n<td width=\"601\">S \/M \/L \/XL \/2XL<\/td>\n<\/tr>\n<tr>\n<td width=\"146\"><strong><b>OEM\/ODM:<\/b><\/strong><\/td>\n<td width=\"601\">Hyv\u00e4ksytt\u00e4v\u00e4<\/td>\n<\/tr>\n<tr>\n<td width=\"146\"><strong><b>Laatu:<\/b><\/strong><\/td>\n<td width=\"601\">100% korkea laatu<\/td>\n<\/tr>\n<tr>\n<td width=\"146\"><strong><b>M<\/b><\/strong><strong><b>OQ:<\/b><\/strong><\/td>\n<td width=\"601\">200 kpl<\/td>\n<\/tr>\n<\/tbody>\n<\/table>","protected":false},"featured_media":1865,"template":"","meta":[],"product_brand":[],"product_cat":[38],"product_tag":[],"class_list":{"0":"post-1864","1":"product","2":"type-product","3":"status-publish","4":"has-post-thumbnail","6":"product_cat-mens-clothing","8":"first","9":"instock","10":"shipping-taxable","11":"product-type-simple"},"_links":{"self":[{"href":"https:\/\/mj-clothing.com\/fi\/wp-json\/wp\/v2\/product\/1864","targetHints":{"allow":["GET"]}}],"collection":[{"href":"https:\/\/mj-clothing.com\/fi\/wp-json\/wp\/v2\/product"}],"about":[{"href":"https:\/\/mj-clothing.com\/fi\/wp-json\/wp\/v2\/types\/product"}],"wp:featuredmedia":[{"embeddable":true,"href":"https:\/\/mj-clothing.com\/fi\/wp-json\/wp\/v2\/media\/1865"}],"wp:attachment":[{"href":"https:\/\/mj-clothing.com\/fi\/wp-json\/wp\/v2\/media?parent=1864"}],"wp:term":[{"taxonomy":"product_brand","embeddable":true,"href":"https:\/\/mj-clothing.com\/fi\/wp-json\/wp\/v2\/product_brand?post=1864"},{"taxonomy":"product_cat","embeddable":true,"href":"https:\/\/mj-clothing.com\/fi\/wp-json\/wp\/v2\/product_cat?post=1864"},{"taxonomy":"product_tag","embeddable":true,"href":"https:\/\/mj-clothing.com\/fi\/wp-json\/wp\/v2\/product_tag?post=1864"}],"curies":[{"name":"wp","href":"https:\/\/api.w.org\/{rel}","templated":true}]}}