{"id":1878,"date":"2024-12-16T07:13:21","date_gmt":"2024-12-16T07:13:21","guid":{"rendered":"https:\/\/mj-clothing.com\/?post_type=product&#038;p=1878"},"modified":"2024-12-17T03:45:36","modified_gmt":"2024-12-17T03:45:36","slug":"sewing-patterns-for-womens-tops","status":"publish","type":"product","link":"https:\/\/mj-clothing.com\/fi\/manufacturer\/sewing-patterns-for-womens-tops\/","title":{"rendered":"Ompelu kuviot naisten Topit"},"content":{"rendered":"<p data-sourcepos=\"1:1-1:100\">On ompelu kaavat naisten Topit ompelu kaavat naisten toppeja. T\u00e4ss\u00e4 on muutamia suosittuja vaihtoehtoja:<\/p>\n<h2 data-sourcepos=\"3:1-3:29\"><strong>Online Ompelu Patterns Naisten Topit:<\/strong><\/h2>\n<ul data-sourcepos=\"5:1-15:0\">\n<li data-sourcepos=\"5:1-6:37\"><strong>Yksinkertaisuus:<\/strong> Tarjoaa laajan valikoiman kaavoja kaikille taitotasoille, mukaan lukien yl\u00e4osat, puserot ja tunikat.<\/li>\n<li data-sourcepos=\"5:1-6:37\"><strong style=\"font-size: 14.4px;\">McCall's:<\/strong><span style=\"font-size: 14.4px;\"> Tunnettu tyylikk\u00e4ist\u00e4 ja moderneista kuoseistaan, mukaan lukien topit, joissa on eri pituisia hihoja, p\u00e4\u00e4ntie ja yksityiskohtia.<\/span><\/li>\n<li data-sourcepos=\"5:1-6:37\"><strong style=\"font-size: 14.4px;\">Vogue Patterns:<\/strong><span style=\"font-size: 14.4px;\"> Tarjoaa huippumuodikkaita malleja edistyneille ompelijoille, mukaan lukien monimutkaisia puseroita ja toppeja, joissa on ainutlaatuisia malleja.<\/span><\/li>\n<li data-sourcepos=\"5:1-6:37\"><strong style=\"font-size: 14.4px;\">BurdaStyle:<\/strong><span style=\"font-size: 14.4px;\"> Tarjoaa erilaisia malleja klassisista trendikk\u00e4isiin, selkeill\u00e4 ohjeilla ja yksityiskohtaisilla kuvilla.<\/span><\/li>\n<li data-sourcepos=\"5:1-6:37\"><strong style=\"font-size: 14.4px;\">New Look:<\/strong><span style=\"font-size: 14.4px;\"> Tarjoaa edullisia ja helposti seurattavia kaavoja, mukaan lukien perusyl\u00e4osat, puserot ja tunikat.<\/span>\n<div class=\"attachment-container search-images\">\n<div class=\"image-container hide-from-message-actions ng-star-inserted\">\n<div class=\"caption ellipsis gmat-caption ng-star-inserted\" aria-hidden=\"true\"><\/div>\n<\/div>\n<\/div>\n<\/li>\n<\/ul>\n<h3><strong>Riippumaton ompelu Patterns Naisten Topit Pattern suunnittelijat:<\/strong><\/h3>\n<ul data-sourcepos=\"18:1-26:0\">\n<li data-sourcepos=\"18:1-19:43\"><strong>Grainline Studio:<\/strong> Tunnetaan hyvin suunnitelluista kuoseistaan ja modernista muotoilustaan.<\/li>\n<li data-sourcepos=\"18:1-19:43\"><strong style=\"font-size: 14.4px;\">Ompele vapautettu:<\/strong><span style=\"font-size: 14.4px;\"> Tarjoaa kattavia malleja kaikille vartalotyypeille, mukaan lukien yl\u00e4osat, joissa on erilaisia istuvuus- ja tyylivaihtoehtoja.<\/span><\/li>\n<li data-sourcepos=\"18:1-19:43\"><strong style=\"font-size: 14.4px;\">Perjantai Pattern Company:<\/strong><span style=\"font-size: 14.4px;\"> Tarjoaa tyylikk\u00e4it\u00e4 ja moderneja kuoseja, mukaan lukien yl\u00e4osat, joissa on ainutlaatuisia yksityiskohtia ja mielenkiintoisia siluetteja.<\/span><\/li>\n<li data-sourcepos=\"18:1-19:43\"><strong style=\"font-size: 14.4px;\">Megan Nielsen:<\/strong><span style=\"font-size: 14.4px;\"> Tarjoaa hyvin suunniteltuja malleja, joissa keskityt\u00e4\u00e4n istuvuuteen ja tyyliin.<\/span>\n<div class=\"attachment-container search-images\">\n<div class=\"image-container hide-from-message-actions ng-star-inserted\">\n<div class=\"caption ellipsis gmat-caption ng-star-inserted\" aria-hidden=\"true\"><\/div>\n<\/div>\n<\/div>\n<\/li>\n<\/ul>","protected":false},"excerpt":{"rendered":"<table style=\"height: 475px;\" width=\"411\">\n<tbody>\n<tr>\n<td width=\"146\"><strong><b>Tuote<\/b><\/strong>\u00a0<strong><b>Nimi:<\/b><\/strong><\/td>\n<td width=\"601\"><strong>Ompelu kuviot naisten Topit<\/strong><\/td>\n<\/tr>\n<tr>\n<td width=\"146\"><strong><b>Materlal:<\/b><\/strong><\/td>\n<td width=\"601\">Neulominen<\/td>\n<\/tr>\n<tr>\n<td width=\"146\"><strong><b>Tekniikka:<\/b><\/strong><\/td>\n<td width=\"601\">Kirjonta<\/td>\n<\/tr>\n<tr>\n<td width=\"146\"><strong><b>Tyyli:<\/b><\/strong><\/td>\n<td width=\"601\">Rento<\/td>\n<\/tr>\n<tr>\n<td width=\"146\"><strong><b>V\u00e4ri<\/b><\/strong><strong><b>:<\/b><\/strong><\/td>\n<td width=\"601\">\u00a0Mukautetut v\u00e4rit<\/td>\n<\/tr>\n<tr>\n<td width=\"146\"><strong><b>Koko:<\/b><\/strong><\/td>\n<td width=\"601\">S \/M \/L \/XL \/2XL<\/td>\n<\/tr>\n<tr>\n<td width=\"146\"><strong><b>OEM\/ODM:<\/b><\/strong><\/td>\n<td width=\"601\">Hyv\u00e4ksytt\u00e4v\u00e4<\/td>\n<\/tr>\n<tr>\n<td width=\"146\"><strong><b>Laatu:<\/b><\/strong><\/td>\n<td width=\"601\">100% korkea laatu<\/td>\n<\/tr>\n<tr>\n<td width=\"146\"><strong><b>M<\/b><\/strong><strong><b>OQ:<\/b><\/strong><\/td>\n<td width=\"601\">200 kpl<\/td>\n<\/tr>\n<\/tbody>\n<\/table>","protected":false},"featured_media":1881,"template":"","meta":[],"product_brand":[],"product_cat":[39],"product_tag":[],"class_list":{"0":"post-1878","1":"product","2":"type-product","3":"status-publish","4":"has-post-thumbnail","6":"product_cat-womens-clothing","8":"first","9":"instock","10":"shipping-taxable","11":"product-type-simple"},"_links":{"self":[{"href":"https:\/\/mj-clothing.com\/fi\/wp-json\/wp\/v2\/product\/1878","targetHints":{"allow":["GET"]}}],"collection":[{"href":"https:\/\/mj-clothing.com\/fi\/wp-json\/wp\/v2\/product"}],"about":[{"href":"https:\/\/mj-clothing.com\/fi\/wp-json\/wp\/v2\/types\/product"}],"wp:featuredmedia":[{"embeddable":true,"href":"https:\/\/mj-clothing.com\/fi\/wp-json\/wp\/v2\/media\/1881"}],"wp:attachment":[{"href":"https:\/\/mj-clothing.com\/fi\/wp-json\/wp\/v2\/media?parent=1878"}],"wp:term":[{"taxonomy":"product_brand","embeddable":true,"href":"https:\/\/mj-clothing.com\/fi\/wp-json\/wp\/v2\/product_brand?post=1878"},{"taxonomy":"product_cat","embeddable":true,"href":"https:\/\/mj-clothing.com\/fi\/wp-json\/wp\/v2\/product_cat?post=1878"},{"taxonomy":"product_tag","embeddable":true,"href":"https:\/\/mj-clothing.com\/fi\/wp-json\/wp\/v2\/product_tag?post=1878"}],"curies":[{"name":"wp","href":"https:\/\/api.w.org\/{rel}","templated":true}]}}