{"id":1891,"date":"2024-12-16T07:27:51","date_gmt":"2024-12-16T07:27:51","guid":{"rendered":"https:\/\/mj-clothing.com\/?post_type=product&#038;p=1891"},"modified":"2024-12-17T03:45:11","modified_gmt":"2024-12-17T03:45:11","slug":"african-print-womens-tops","status":"publish","type":"product","link":"https:\/\/mj-clothing.com\/fi\/manufacturer\/african-print-womens-tops\/","title":{"rendered":"Afrikkalainen tulostaa naisten Topit"},"content":{"rendered":"<div id=\"model-response-message-contentr_ec3773cab81b3474\" class=\"markdown markdown-main-panel response-optimization\" dir=\"ltr\">\n<p data-sourcepos=\"1:1-1:255\"><span class=\"citation-0 recitation citation-end-0\">African Print Womens Topit ovat eloisia ja tyylikk\u00e4it\u00e4 vaatteita, jotka juhlistavat Afrikan rikasta kulttuuriperint\u00f6\u00e4.<\/span> <span class=\"citation-1 recitation citation-end-1\">N\u00e4m\u00e4 topit on usein valmistettu Ankarakankaasta, joka on v\u00e4rik\u00e4s ja kuviollinen puuvillakangas, joka on suosittu L\u00e4nsi-Afrikassa.<\/span><span class=\"button-container hide-from-message-actions ng-star-inserted\">\u00a0 \u00a0<\/span><\/p>\n<h3 data-sourcepos=\"5:1-5:58\">Afrikkalainen tulostaa naisten Topit tulevat erilaisia tyylej\u00e4, kuten:<\/h3>\n<ul data-sourcepos=\"7:1-11:0\">\n<li data-sourcepos=\"7:1-7:88\"><strong>Puserot:<\/strong> N\u00e4m\u00e4 topit ovat usein istuvia, ja niit\u00e4 voidaan k\u00e4ytt\u00e4\u00e4 hameiden, housujen tai farkkujen kanssa.<\/li>\n<li data-sourcepos=\"8:1-8:80\"><strong>Mekot:<\/strong> Afrikkalaiset printtimekot ovat suosittu valinta erityistilaisuuksiin.<\/li>\n<li data-sourcepos=\"9:1-9:77\"><strong><span class=\"citation-2 recitation\">T-paidat:<\/span><\/strong><span class=\"citation-2 recitation citation-end-2\"> N\u00e4m\u00e4 rennot topit sopivat t\u00e4ydellisesti jokap\u00e4iv\u00e4iseen k\u00e4ytt\u00f6\u00f6n.<\/span><span class=\"button-container hide-from-message-actions ng-star-inserted\"> \u00a0<\/span><\/li>\n<li data-sourcepos=\"9:1-9:77\"><strong style=\"font-size: 14.4px;\"><span class=\"citation-3 recitation\">Hyppypuvut:<\/span><\/strong><span class=\"citation-3 recitation citation-end-3\" style=\"font-size: 14.4px;\"> N\u00e4m\u00e4 tyylikk\u00e4\u00e4t haalarit ovat t\u00e4ydellisi\u00e4 illanviettoon.<\/span><span class=\"button-container hide-from-message-actions ng-star-inserted\" style=\"font-size: 14.4px;\">\u00a0\u00a0<\/span>\n<div class=\"container ng-tns-c2946245707-271 hide\">\n<div class=\"carousel-container ng-tns-c2946245707-271\">\n<div class=\"carousel-content ng-tns-c2946245707-271\">\n<div class=\"sources-carousel-source ng-tns-c2946245707-271 hide ng-star-inserted\" data-test-id=\"sources-carousel-source\"><\/div>\n<\/div>\n<\/div>\n<\/div>\n<\/li>\n<\/ul>\n<p data-sourcepos=\"12:1-12:147\">Afrikkalaiset printtitopit ovat paitsi kauniita my\u00f6s mukavia ja monipuolisia. Niit\u00e4 voi pukea yl\u00f6s tai alas, joten ne sopivat t\u00e4ydellisesti kaikkiin tilaisuuksiin.<\/p>\n<h3 data-sourcepos=\"14:1-14:50\">Seuraavassa on muutamia vinkkej\u00e4 afrikkalaisen printin muotoiluun naisten yl\u00e4osissa:<\/h3>\n<ul data-sourcepos=\"16:1-20:0\">\n<li data-sourcepos=\"16:1-16:100\"><strong>Sekoita ja sovita:<\/strong> \u00c4l\u00e4 pelk\u00e4\u00e4 sekoittaa ja yhdist\u00e4\u00e4 afrikkalaisia kuvioita muihin kuvioihin ja v\u00e4reihin.<\/li>\n<li data-sourcepos=\"17:1-17:102\"><strong><span class=\"citation-4 recitation\">Koristele:<\/span><\/strong><span class=\"citation-4 recitation citation-end-4\"> Lis\u00e4\u00e4 asusteita, kuten koruja, huiveja ja hattuja, t\u00e4ydent\u00e4m\u00e4\u00e4n ulkoasua.<\/span><span class=\"button-container hide-from-message-actions ng-star-inserted\"> \u00a0<\/span><\/li>\n<li data-sourcepos=\"17:1-17:102\"><strong style=\"font-size: 14.4px;\">Pid\u00e4 se yksinkertaisena:<\/strong><span style=\"font-size: 14.4px;\"> Jos k\u00e4yt\u00e4t rohkeaa afrikkalaiskuvioitua yl\u00e4osaa, pid\u00e4 muu asu yksinkertaisena.<\/span><\/li>\n<li data-sourcepos=\"19:1-20:0\"><strong>Hyv\u00e4ksy yksil\u00f6llisyytesi:<\/strong> <span class=\"citation-5 recitation citation-end-5\">Afrikkalaisilla kuvioilla varustetut topit ovat loistava tapa ilmaista henkil\u00f6kohtaista tyyli\u00e4si.<\/span><span class=\"button-container hide-from-message-actions ng-star-inserted\"> \u00a0<\/span>\n<div class=\"container ng-tns-c2946245707-273 hide\">\n<div class=\"carousel-container ng-tns-c2946245707-273\"><\/div>\n<\/div>\n<\/li>\n<\/ul>\n<p data-sourcepos=\"21:1-21:147\">Etsitp\u00e4 sitten rentoa yl\u00e4osaa kodin ymp\u00e4rille tai tyylik\u00e4st\u00e4 asua juhlatilaisuuteen, afrikkalaismalliset topit ovat loistava vaihtoehto.<\/p>\n<\/div>","protected":false},"excerpt":{"rendered":"<table style=\"height: 455px;\" width=\"420\">\n<tbody>\n<tr>\n<td width=\"146\"><strong><b>Tuote<\/b><\/strong>\u00a0<strong><b>Nimi:<\/b><\/strong><\/td>\n<td width=\"601\"><strong>Afrikkalainen tulostaa naisten Topit<\/strong><\/td>\n<\/tr>\n<tr>\n<td width=\"146\"><strong><b>Materlal:<\/b><\/strong><\/td>\n<td width=\"601\">Neulominen<\/td>\n<\/tr>\n<tr>\n<td width=\"146\"><strong><b>Tekniikka:<\/b><\/strong><\/td>\n<td width=\"601\">Kirjonta<\/td>\n<\/tr>\n<tr>\n<td width=\"146\"><strong><b>Tyyli:<\/b><\/strong><\/td>\n<td width=\"601\">Rento<\/td>\n<\/tr>\n<tr>\n<td width=\"146\"><strong><b>V\u00e4ri<\/b><\/strong><strong><b>:<\/b><\/strong><\/td>\n<td width=\"601\">\u00a0Mukautetut v\u00e4rit<\/td>\n<\/tr>\n<tr>\n<td width=\"146\"><strong><b>Koko:<\/b><\/strong><\/td>\n<td width=\"601\">S \/M \/L \/XL \/2XL<\/td>\n<\/tr>\n<tr>\n<td width=\"146\"><strong><b>OEM\/ODM:<\/b><\/strong><\/td>\n<td width=\"601\">Hyv\u00e4ksytt\u00e4v\u00e4<\/td>\n<\/tr>\n<tr>\n<td width=\"146\"><strong><b>Laatu:<\/b><\/strong><\/td>\n<td width=\"601\">100% korkea laatu<\/td>\n<\/tr>\n<tr>\n<td width=\"146\"><strong><b>M<\/b><\/strong><strong><b>OQ:<\/b><\/strong><\/td>\n<td width=\"601\">200 kpl<\/td>\n<\/tr>\n<\/tbody>\n<\/table>","protected":false},"featured_media":1892,"template":"","meta":[],"product_brand":[],"product_cat":[39],"product_tag":[],"class_list":{"0":"post-1891","1":"product","2":"type-product","3":"status-publish","4":"has-post-thumbnail","6":"product_cat-womens-clothing","8":"first","9":"instock","10":"shipping-taxable","11":"product-type-simple"},"_links":{"self":[{"href":"https:\/\/mj-clothing.com\/fi\/wp-json\/wp\/v2\/product\/1891","targetHints":{"allow":["GET"]}}],"collection":[{"href":"https:\/\/mj-clothing.com\/fi\/wp-json\/wp\/v2\/product"}],"about":[{"href":"https:\/\/mj-clothing.com\/fi\/wp-json\/wp\/v2\/types\/product"}],"wp:featuredmedia":[{"embeddable":true,"href":"https:\/\/mj-clothing.com\/fi\/wp-json\/wp\/v2\/media\/1892"}],"wp:attachment":[{"href":"https:\/\/mj-clothing.com\/fi\/wp-json\/wp\/v2\/media?parent=1891"}],"wp:term":[{"taxonomy":"product_brand","embeddable":true,"href":"https:\/\/mj-clothing.com\/fi\/wp-json\/wp\/v2\/product_brand?post=1891"},{"taxonomy":"product_cat","embeddable":true,"href":"https:\/\/mj-clothing.com\/fi\/wp-json\/wp\/v2\/product_cat?post=1891"},{"taxonomy":"product_tag","embeddable":true,"href":"https:\/\/mj-clothing.com\/fi\/wp-json\/wp\/v2\/product_tag?post=1891"}],"curies":[{"name":"wp","href":"https:\/\/api.w.org\/{rel}","templated":true}]}}