{"id":1901,"date":"2024-12-16T07:56:53","date_gmt":"2024-12-16T07:56:53","guid":{"rendered":"https:\/\/mj-clothing.com\/?post_type=product&#038;p=1901"},"modified":"2024-12-17T03:44:39","modified_gmt":"2024-12-17T03:44:39","slug":"ivory-colored-womens-tops","status":"publish","type":"product","link":"https:\/\/mj-clothing.com\/fi\/manufacturer\/ivory-colored-womens-tops\/","title":{"rendered":"Norsunluun v\u00e4riset naisten topit"},"content":{"rendered":"<div id=\"model-response-message-contentr_512563ff2fe7e496\" class=\"markdown markdown-main-panel response-optimization\" dir=\"ltr\">\n<p data-sourcepos=\"1:1-1:189\">Norsunluunv\u00e4riset naisten topit ovat ajaton klassikko, joka voidaan pukea yl\u00f6s tai alas. T\u00e4m\u00e4 monipuolinen v\u00e4ri sopii hyvin yhteen monien muiden v\u00e4rien ja kuvioiden kanssa, mik\u00e4 tekee siit\u00e4 jokaisen vaatekaapin perusvarusteen.<\/p>\n<h3 data-sourcepos=\"5:1-5:51\">T\u00e4ss\u00e4 on joitakin suosittuja tyylej\u00e4 norsunluunv\u00e4risist\u00e4 naisten yl\u00e4osista:<\/h3>\n<div class=\"attachment-container search-images\">\n<div class=\"image-container hide-from-message-actions ng-star-inserted\"><\/div>\n<\/div>\n<ul data-sourcepos=\"7:1-18:0\">\n<li data-sourcepos=\"7:1-9:0\">\n<p data-sourcepos=\"7:3-8:23\"><strong><span class=\"citation-0 recitation\">Puserot:<\/span><\/strong><span class=\"citation-0 recitation citation-end-0\"> Norsunluunv\u00e4riset puserot voidaan valmistaa erilaisista kankaista, kuten silkist\u00e4, puuvillasta tai pellavasta.<\/span> Ne voidaan yhdist\u00e4\u00e4 hameiden, housujen tai farkkujen kanssa tyylikk\u00e4\u00e4seen ja hienostuneeseen lookkiin.<\/p>\n<\/li>\n<li data-sourcepos=\"7:1-9:0\">\n<p data-sourcepos=\"7:3-8:23\"><strong style=\"font-size: 14.4px;\"><span class=\"citation-1 recitation\">T-paidat:<\/span><\/strong><span class=\"citation-1 recitation citation-end-1\" style=\"font-size: 14.4px;\"> Norsunluunv\u00e4riset t-paidat ovat rento ja mukava vaihtoehto, jonka voi yhdist\u00e4\u00e4 farkkujen, shortsien tai hameiden kanssa.<\/span><\/p>\n<\/li>\n<li data-sourcepos=\"7:1-9:0\">\n<p data-sourcepos=\"7:3-8:23\"><strong style=\"font-size: 14.4px;\">Villapaidat:<\/strong><span style=\"font-size: 14.4px;\"> Norsunluunv\u00e4riset villapaidat sopivat t\u00e4ydellisesti viile\u00e4mp\u00e4\u00e4n s\u00e4\u00e4h\u00e4n. Niit\u00e4 voi k\u00e4ytt\u00e4\u00e4 farkkujen, leggingsien tai hameiden kanssa.<\/span><\/p>\n<\/li>\n<li data-sourcepos=\"7:1-9:0\">\n<p data-sourcepos=\"7:3-8:23\"><strong><span class=\"citation-2 recitation\">S\u00e4ili\u00f6topit:<\/span><\/strong><span class=\"citation-2 recitation citation-end-2\"> Norsunluunv\u00e4riset tankkitopit ovat monipuolinen tuote, jota voi k\u00e4ytt\u00e4\u00e4 kerroksittain muiden toppien alla tai yksin\u00e4\u00e4n.<\/span><span class=\"button-container hide-from-message-actions ng-star-inserted\"> \u00a0<\/span><\/p>\n<div class=\"container ng-tns-c2946245707-289 hide\">\n<div class=\"carousel-container ng-tns-c2946245707-289\"><\/div>\n<\/div>\n<div class=\"attachment-container search-images\">\n<div class=\"image-container hide-from-message-actions ng-star-inserted\">\n<div class=\"caption ellipsis gmat-caption ng-star-inserted\" aria-hidden=\"true\"><span style=\"font-size: 20.16px;\">Kun muotoilet norsunluunv\u00e4risi\u00e4 naisten toppeja, ota huomioon seuraavat vinkit:<\/span><\/div>\n<\/div>\n<\/div>\n<\/li>\n<\/ul>\n<ul data-sourcepos=\"21:1-25:0\">\n<li data-sourcepos=\"21:1-21:94\"><strong>Koristele:<\/strong> Lis\u00e4\u00e4 lis\u00e4varusteita, kuten kaulakoruja, korvakoruja ja huiveja, korostaaksesi ulkon\u00e4k\u00f6\u00e4si.<\/li>\n<li data-sourcepos=\"22:1-22:121\"><strong>Leiki tekstuureilla:<\/strong> Sekoita ja yhdistele erilaisia kuvioita, kuten pitsi\u00e4, samettia tai neulosta, luodaksesi mielenkiintoisia asuja.<\/li>\n<li data-sourcepos=\"23:1-23:110\"><strong>Kokeile v\u00e4rej\u00e4:<\/strong> Yhdist\u00e4 norsunluun v\u00e4rinen yl\u00e4osa kirkkaisiin v\u00e4reihin, kuten punaiseen, siniseen tai vihre\u00e4\u00e4n, jos haluat rohkean ilmeen.<\/li>\n<li data-sourcepos=\"24:1-25:0\"><strong>Pid\u00e4 se yksinkertaisena:<\/strong> Jos k\u00e4yt\u00e4t monimutkaisempaa norsunluun v\u00e4rist\u00e4 yl\u00e4osaa, pid\u00e4 muu asu yksinkertaisena.<\/li>\n<\/ul>\n<p data-sourcepos=\"26:1-26:197\">Norsunluunv\u00e4riset naisten topit ovat monipuolinen ja tyylik\u00e4s valinta, jota voi k\u00e4ytt\u00e4\u00e4 mihin tahansa tilaisuuteen. N\u00e4it\u00e4 vinkkej\u00e4 noudattamalla voit luoda upeita asuja, jotka saavat sinut n\u00e4ytt\u00e4m\u00e4\u00e4n ja tuntemaan itsesi parhaalta.<\/p>\n<\/div>\n<div class=\"response-footer gap complete\">\n<div class=\"show-sources-container ng-star-inserted\"><\/div>\n<div class=\"container ng-tns-c2946245707-283\">\n<div class=\"carousel-container ng-tns-c2946245707-283\">\n<div class=\"carousel-content ng-tns-c2946245707-283\">\n<div class=\"sources-carousel-source ng-tns-c2946245707-283 ng-star-inserted\" data-test-id=\"sources-carousel-source\">\n<div class=\"source-card-container\">\n<div class=\"source-card-content\">\n<div class=\"source-card-body\">\n<div class=\"source-card-header\">\n<div class=\"source-card-title\"><\/div>\n<\/div>\n<\/div>\n<\/div>\n<\/div>\n<\/div>\n<\/div>\n<\/div>\n<\/div>\n<\/div>","protected":false},"excerpt":{"rendered":"<table style=\"height: 539px;\" width=\"411\">\n<tbody>\n<tr>\n<td width=\"146\"><strong><b>Tuote<\/b><\/strong>\u00a0<strong><b>Nimi:<\/b><\/strong><\/td>\n<td width=\"601\"><strong>Norsunluun v\u00e4riset naisten topit<\/strong><\/td>\n<\/tr>\n<tr>\n<td width=\"146\"><strong><b>Materlal:<\/b><\/strong><\/td>\n<td width=\"601\">Neulominen<\/td>\n<\/tr>\n<tr>\n<td width=\"146\"><strong><b>Tekniikka:<\/b><\/strong><\/td>\n<td width=\"601\">Kirjonta<\/td>\n<\/tr>\n<tr>\n<td width=\"146\"><strong><b>Tyyli:<\/b><\/strong><\/td>\n<td width=\"601\">Rento<\/td>\n<\/tr>\n<tr>\n<td width=\"146\"><strong><b>V\u00e4ri<\/b><\/strong><strong><b>:<\/b><\/strong><\/td>\n<td width=\"601\">\u00a0Mukautetut v\u00e4rit<\/td>\n<\/tr>\n<tr>\n<td width=\"146\"><strong><b>Koko:<\/b><\/strong><\/td>\n<td width=\"601\">S \/M \/L \/XL \/2XL<\/td>\n<\/tr>\n<tr>\n<td width=\"146\"><strong><b>OEM\/ODM:<\/b><\/strong><\/td>\n<td width=\"601\">Hyv\u00e4ksytt\u00e4v\u00e4<\/td>\n<\/tr>\n<tr>\n<td width=\"146\"><strong><b>Laatu:<\/b><\/strong><\/td>\n<td width=\"601\">100% korkea laatu<\/td>\n<\/tr>\n<tr>\n<td width=\"146\"><strong><b>M<\/b><\/strong><strong><b>OQ:<\/b><\/strong><\/td>\n<td width=\"601\">200 kpl<\/td>\n<\/tr>\n<\/tbody>\n<\/table>","protected":false},"featured_media":1911,"template":"","meta":[],"product_brand":[],"product_cat":[39],"product_tag":[],"class_list":{"0":"post-1901","1":"product","2":"type-product","3":"status-publish","4":"has-post-thumbnail","6":"product_cat-womens-clothing","8":"first","9":"instock","10":"shipping-taxable","11":"product-type-simple"},"_links":{"self":[{"href":"https:\/\/mj-clothing.com\/fi\/wp-json\/wp\/v2\/product\/1901","targetHints":{"allow":["GET"]}}],"collection":[{"href":"https:\/\/mj-clothing.com\/fi\/wp-json\/wp\/v2\/product"}],"about":[{"href":"https:\/\/mj-clothing.com\/fi\/wp-json\/wp\/v2\/types\/product"}],"wp:featuredmedia":[{"embeddable":true,"href":"https:\/\/mj-clothing.com\/fi\/wp-json\/wp\/v2\/media\/1911"}],"wp:attachment":[{"href":"https:\/\/mj-clothing.com\/fi\/wp-json\/wp\/v2\/media?parent=1901"}],"wp:term":[{"taxonomy":"product_brand","embeddable":true,"href":"https:\/\/mj-clothing.com\/fi\/wp-json\/wp\/v2\/product_brand?post=1901"},{"taxonomy":"product_cat","embeddable":true,"href":"https:\/\/mj-clothing.com\/fi\/wp-json\/wp\/v2\/product_cat?post=1901"},{"taxonomy":"product_tag","embeddable":true,"href":"https:\/\/mj-clothing.com\/fi\/wp-json\/wp\/v2\/product_tag?post=1901"}],"curies":[{"name":"wp","href":"https:\/\/api.w.org\/{rel}","templated":true}]}}