{"id":1919,"date":"2024-12-16T08:23:18","date_gmt":"2024-12-16T08:23:18","guid":{"rendered":"https:\/\/mj-clothing.com\/?post_type=product&#038;p=1919"},"modified":"2024-12-17T03:44:00","modified_gmt":"2024-12-17T03:44:00","slug":"womens-pink-long-sleeve-tops","status":"publish","type":"product","link":"https:\/\/mj-clothing.com\/fi\/manufacturer\/womens-pink-long-sleeve-tops\/","title":{"rendered":"Naisten vaaleanpunainen pitk\u00e4hihainen Topit"},"content":{"rendered":"<p data-sourcepos=\"1:1-1:189\">Naisten vaaleanpunaiset pitk\u00e4hihaiset topit ovat monipuolinen ja tyylik\u00e4s valinta naisille. <span class=\"citation-0 recitation citation-end-0\">Niit\u00e4 on saatavana eri s\u00e4vyj\u00e4, pehme\u00e4st\u00e4 punertavasta v\u00e4rist\u00e4 elinvoimaiseen vaaleanpunaiseen, ja niit\u00e4 voi muotoilla eri tilaisuuksiin.<\/span><span class=\"button-container hide-from-message-actions ng-star-inserted\"> \u00a0<\/span><\/p>\n<h3 data-sourcepos=\"5:1-5:54\">\u00a0 \u00a0 \u00a0 T\u00e4ss\u00e4 on joitakin suosittuja tyylej\u00e4 naisten vaaleanpunaisista pitk\u00e4hihaisista topeista:<\/h3>\n<ul data-sourcepos=\"7:1-18:0\">\n<li data-sourcepos=\"7:1-9:0\">\n<p data-sourcepos=\"7:3-8:22\"><strong><span class=\"citation-1 recitation\">Puserot:<\/span><\/strong><span class=\"citation-1 recitation citation-end-1\"> Vaaleanpunaiset puserot voidaan valmistaa eri kankaista, kuten silkist\u00e4, puuvillasta tai pellavasta.<\/span> Ne voidaan yhdist\u00e4\u00e4 hameiden, housujen tai farkkujen kanssa tyylikk\u00e4\u00e4seen ja hienostuneeseen lookkiin.<span class=\"button-container hide-from-message-actions ng-star-inserted\">\u00a0 \u00a0<\/span><\/p>\n<\/li>\n<li data-sourcepos=\"7:1-9:0\">\n<p data-sourcepos=\"7:3-8:22\"><strong style=\"font-size: 14.4px;\"><span class=\"citation-2 recitation\">T-paidat:<\/span><\/strong><span class=\"citation-2 recitation citation-end-2\" style=\"font-size: 14.4px;\"> Vaaleanpunaiset t-paidat ovat rento ja mukava vaihtoehto, jonka voi yhdist\u00e4\u00e4 farkkujen, shortsien tai hameiden kanssa.<\/span><span class=\"button-container hide-from-message-actions ng-star-inserted\" style=\"font-size: 14.4px;\">\u00a0 \u00a0<\/span><\/p>\n<\/li>\n<li data-sourcepos=\"7:1-9:0\">\n<p data-sourcepos=\"7:3-8:22\"><strong style=\"font-size: 14.4px;\"><span class=\"citation-3 recitation\">Villapaidat:<\/span><\/strong><span class=\"citation-3 recitation citation-end-3\" style=\"font-size: 14.4px;\"> Vaaleanpunaiset villapaidat sopivat t\u00e4ydellisesti viile\u00e4mp\u00e4\u00e4n s\u00e4\u00e4h\u00e4n.<\/span><span style=\"font-size: 14.4px;\"> Niit\u00e4 voi k\u00e4ytt\u00e4\u00e4 farkkujen, leggingsien tai hameiden kanssa.<\/span><\/p>\n<\/li>\n<li data-sourcepos=\"7:1-9:0\">\n<p data-sourcepos=\"7:3-8:22\"><strong style=\"font-size: 14.4px;\"><span class=\"citation-4 recitation\">S\u00e4ili\u00f6topit:<\/span><\/strong><span class=\"citation-4 recitation citation-end-4\" style=\"font-size: 14.4px;\"> Vaaleanpunaiset tankkitopit ovat monipuolinen tuote, jota voi k\u00e4ytt\u00e4\u00e4 kerroksittain muiden toppien alla tai yksin\u00e4\u00e4n.<\/span><span class=\"button-container hide-from-message-actions ng-star-inserted\" style=\"font-size: 14.4px;\">\u00a0 \u00a0<\/span><\/p>\n<div class=\"container ng-tns-c2946245707-318 hide\">\n<div class=\"carousel-container ng-tns-c2946245707-318\"><\/div>\n<\/div>\n<div class=\"attachment-container search-images\">\n<div class=\"image-container hide-from-message-actions ng-star-inserted\">\n<div class=\"caption ellipsis gmat-caption ng-star-inserted\" aria-hidden=\"true\"><span style=\"font-size: 20.16px;\">Kun naisten vaaleanpunainen pitk\u00e4hihainen toppi, ota huomioon seuraavat vinkit:<\/span><\/div>\n<\/div>\n<\/div>\n<\/li>\n<\/ul>\n<ul data-sourcepos=\"21:1-25:0\">\n<li data-sourcepos=\"21:1-21:94\"><strong>Koristele:<\/strong> Lis\u00e4\u00e4 lis\u00e4varusteita, kuten kaulakoruja, korvakoruja ja huiveja, korostaaksesi ulkon\u00e4k\u00f6\u00e4si.<\/li>\n<li data-sourcepos=\"22:1-22:121\"><strong>Leiki tekstuureilla:<\/strong> Sekoita ja yhdistele erilaisia kuvioita, kuten pitsi\u00e4, samettia tai neulosta, luodaksesi mielenkiintoisia asuja.<\/li>\n<li data-sourcepos=\"23:1-23:114\"><strong>Kokeile v\u00e4rej\u00e4:<\/strong> Yhdist\u00e4 vaaleanpunainen yl\u00e4osa muiden v\u00e4rien, kuten mustan, valkoisen tai farkkukankaiden, kanssa klassisen ilmeen luomiseksi.<\/li>\n<li data-sourcepos=\"24:1-25:0\"><strong>Pid\u00e4 se yksinkertaisena:<\/strong> Jos k\u00e4yt\u00e4t rohkeaa vaaleanpunaista yl\u00e4osaa, pid\u00e4 muu asu yksinkertaisena.<\/li>\n<\/ul>\n<p data-sourcepos=\"26:1-26:192\">Vaaleanpunaiset pitk\u00e4hihaiset topit ovat monipuolinen ja tyylik\u00e4s valinta, jota voi k\u00e4ytt\u00e4\u00e4 miss\u00e4 tahansa tilaisuudessa. N\u00e4it\u00e4 vinkkej\u00e4 noudattamalla voit luoda upeita asuja, jotka saavat sinut n\u00e4ytt\u00e4m\u00e4\u00e4n ja tuntemaan itsesi parhaalta.<\/p>","protected":false},"excerpt":{"rendered":"<table style=\"height: 488px;\" width=\"438\">\n<tbody>\n<tr>\n<td width=\"146\"><strong><b>Tuote<\/b><\/strong>\u00a0<strong><b>Nimi:<\/b><\/strong><\/td>\n<td width=\"601\"><strong>Naisten vaaleanpunainen pitk\u00e4hihainen Topit<\/strong><\/td>\n<\/tr>\n<tr>\n<td width=\"146\"><strong><b>Materlal:<\/b><\/strong><\/td>\n<td width=\"601\">Neulominen<\/td>\n<\/tr>\n<tr>\n<td width=\"146\"><strong><b>Tekniikka:<\/b><\/strong><\/td>\n<td width=\"601\">Kirjonta<\/td>\n<\/tr>\n<tr>\n<td width=\"146\"><strong><b>Tyyli:<\/b><\/strong><\/td>\n<td width=\"601\">Rento<\/td>\n<\/tr>\n<tr>\n<td width=\"146\"><strong><b>V\u00e4ri<\/b><\/strong><strong><b>:<\/b><\/strong><\/td>\n<td width=\"601\">\u00a0Mukautetut v\u00e4rit<\/td>\n<\/tr>\n<tr>\n<td width=\"146\"><strong><b>Koko:<\/b><\/strong><\/td>\n<td width=\"601\">S \/M \/L \/XL \/2XL<\/td>\n<\/tr>\n<tr>\n<td width=\"146\"><strong><b>OEM\/ODM:<\/b><\/strong><\/td>\n<td width=\"601\">Hyv\u00e4ksytt\u00e4v\u00e4<\/td>\n<\/tr>\n<tr>\n<td width=\"146\"><strong><b>Laatu:<\/b><\/strong><\/td>\n<td width=\"601\">100% korkea laatu<\/td>\n<\/tr>\n<tr>\n<td width=\"146\"><strong><b>M<\/b><\/strong><strong><b>OQ:<\/b><\/strong><\/td>\n<td width=\"601\">200 kpl<\/td>\n<\/tr>\n<\/tbody>\n<\/table>","protected":false},"featured_media":1922,"template":"","meta":[],"product_brand":[],"product_cat":[39],"product_tag":[],"class_list":{"0":"post-1919","1":"product","2":"type-product","3":"status-publish","4":"has-post-thumbnail","6":"product_cat-womens-clothing","8":"first","9":"instock","10":"shipping-taxable","11":"product-type-simple"},"_links":{"self":[{"href":"https:\/\/mj-clothing.com\/fi\/wp-json\/wp\/v2\/product\/1919","targetHints":{"allow":["GET"]}}],"collection":[{"href":"https:\/\/mj-clothing.com\/fi\/wp-json\/wp\/v2\/product"}],"about":[{"href":"https:\/\/mj-clothing.com\/fi\/wp-json\/wp\/v2\/types\/product"}],"wp:featuredmedia":[{"embeddable":true,"href":"https:\/\/mj-clothing.com\/fi\/wp-json\/wp\/v2\/media\/1922"}],"wp:attachment":[{"href":"https:\/\/mj-clothing.com\/fi\/wp-json\/wp\/v2\/media?parent=1919"}],"wp:term":[{"taxonomy":"product_brand","embeddable":true,"href":"https:\/\/mj-clothing.com\/fi\/wp-json\/wp\/v2\/product_brand?post=1919"},{"taxonomy":"product_cat","embeddable":true,"href":"https:\/\/mj-clothing.com\/fi\/wp-json\/wp\/v2\/product_cat?post=1919"},{"taxonomy":"product_tag","embeddable":true,"href":"https:\/\/mj-clothing.com\/fi\/wp-json\/wp\/v2\/product_tag?post=1919"}],"curies":[{"name":"wp","href":"https:\/\/api.w.org\/{rel}","templated":true}]}}