{"id":1937,"date":"2024-12-16T08:58:11","date_gmt":"2024-12-16T08:58:11","guid":{"rendered":"https:\/\/mj-clothing.com\/?post_type=product&#038;p=1937"},"modified":"2024-12-18T06:12:05","modified_gmt":"2024-12-18T06:12:05","slug":"womens-flowy-tops","status":"publish","type":"product","link":"https:\/\/mj-clothing.com\/fi\/manufacturer\/womens-flowy-tops\/","title":{"rendered":"Naisten Flowy Topit"},"content":{"rendered":"<div id=\"model-response-message-contentr_088ece0303c648c2\" class=\"markdown markdown-main-panel response-optimization\" dir=\"ltr\">\n<p data-sourcepos=\"1:1-1:232\">Naisten Flowy Topit ovat naisten suosiossa niiden mukavuuden ja monipuolisuuden vuoksi. <span class=\"citation-0 recitation citation-end-0\">Niit\u00e4 on saatavana eri tyylej\u00e4, v\u00e4rej\u00e4 ja kankaita, joten ne sopivat erilaisiin tilaisuuksiin.<\/span> Seuraavassa on muutamia suosittuja virtaviivaisia toppeja:<span class=\"button-container hide-from-message-actions ng-star-inserted\">\u00a0<\/span><\/p>\n<h3 data-sourcepos=\"3:1-3:21\"><strong>1. Naisten Flowy Topit Puserot:<\/strong><\/h3>\n<ul data-sourcepos=\"5:1-11:0\">\n<li data-sourcepos=\"5:1-6:31\"><strong><span class=\"citation-1 recitation\">R\u00f6yhel\u00f6hihaiset puserot:<\/span><\/strong><span class=\"citation-1 recitation citation-end-1\"> N\u00e4m\u00e4 puserot tuovat ripauksen naisellisuutta ja romantiikkaa kaikkiin asuihin.<\/span><\/li>\n<li data-sourcepos=\"5:1-6:31\"><span class=\"button-container hide-from-message-actions ng-star-inserted\"><strong style=\"font-size: 14.4px;\"><span class=\"citation-2 recitation\">Olkaimeton pusero:<\/span><\/strong><span class=\"citation-2 recitation citation-end-2\" style=\"font-size: 14.4px;\"> N\u00e4m\u00e4 puserot sopivat erinomaisesti olkap\u00e4iden korostamiseen ja flirttailevan ilmeen luomiseen.<\/span><\/span><\/li>\n<li data-sourcepos=\"5:1-6:31\"><strong><span class=\"citation-3 recitation\">Solmiopuserot:<\/span><\/strong><span class=\"citation-3 recitation citation-end-3\"> N\u00e4iss\u00e4 puseroissa on imarteleva ja s\u00e4\u00e4dett\u00e4v\u00e4 istuvuus.<\/span>\n<div class=\"container ng-tns-c2946245707-355 hide\">\n<div class=\"carousel-container ng-tns-c2946245707-355\"><\/div>\n<\/div>\n<div class=\"attachment-container search-images\">\n<div class=\"image-container hide-from-message-actions ng-star-inserted\">\n<div class=\"caption ellipsis gmat-caption ng-star-inserted\" aria-hidden=\"true\"><\/div>\n<\/div>\n<\/div>\n<\/li>\n<\/ul>\n<h3 data-sourcepos=\"12:1-12:20\"><strong>2. Naisten Flowy Topit Tunikat:<\/strong><\/h3>\n<ul data-sourcepos=\"14:1-20:0\">\n<li data-sourcepos=\"14:1-15:24\"><strong><span class=\"citation-4 recitation\">Painetut tunikat:<\/span><\/strong><span class=\"citation-4 recitation citation-end-4\"> N\u00e4m\u00e4 tunikat ovat t\u00e4ydellisi\u00e4, kun haluat lis\u00e4t\u00e4 vaatekaappiisi v\u00e4ri\u00e4 ja kuviota.<\/span><\/li>\n<li data-sourcepos=\"14:1-15:24\"><strong style=\"font-size: 14.4px;\">Yksiv\u00e4riset tunikat:<\/strong><span style=\"font-size: 14.4px;\"> N\u00e4m\u00e4 tunikat ovat monipuolisia, ja ne voidaan pukea yl\u00f6s tai alas.<\/span><\/li>\n<li data-sourcepos=\"14:1-15:24\"><strong style=\"font-size: 14.4px;\">Koruommellut tunikat:<\/strong><span style=\"font-size: 14.4px;\"> N\u00e4m\u00e4 tunikat tuovat tyylikkyytt\u00e4 ja hienostuneisuutta.<\/span>\n<div class=\"attachment-container search-images\">\n<div class=\"image-container hide-from-message-actions ng-star-inserted\">\n<div class=\"caption ellipsis gmat-caption ng-star-inserted\" aria-hidden=\"true\"><\/div>\n<\/div>\n<\/div>\n<\/li>\n<\/ul>\n<h3 data-sourcepos=\"21:1-21:23\"><strong>3.Womens Flowy Topit Tank Topit:<\/strong><\/h3>\n<ul data-sourcepos=\"23:1-29:0\">\n<li data-sourcepos=\"23:1-24:24\"><strong>Pitsitakit:<\/strong> N\u00e4m\u00e4 tankkitopit ovat t\u00e4ydellisi\u00e4 lis\u00e4\u00e4m\u00e4\u00e4n ripaus naisellisuutta ja romantiikkaa mihin tahansa asuun.<\/li>\n<li data-sourcepos=\"23:1-24:24\"><strong style=\"font-size: 14.4px;\">Strappy Tank Topit:<\/strong><span style=\"font-size: 14.4px;\"> N\u00e4m\u00e4 topit sopivat t\u00e4ydellisesti kerrospukeutumiseen tai yksin\u00e4\u00e4n k\u00e4ytett\u00e4viksi.<\/span><\/li>\n<li data-sourcepos=\"23:1-24:24\"><span class=\"button-container hide-from-message-actions ng-star-inserted\"><strong style=\"font-size: 14.4px;\"><span class=\"citation-5 recitation\">R\u00f6yhel\u00f6iset topit:<\/span><\/strong><span class=\"citation-5 recitation citation-end-5\" style=\"font-size: 14.4px;\"> N\u00e4m\u00e4 topit tuovat leikkis\u00e4n ja flirttailevan lis\u00e4n mihin tahansa asuun.<\/span><span class=\"button-container hide-from-message-actions ng-star-inserted\" style=\"font-size: 14.4px;\"> \u00a0<\/span><\/span>\n<div class=\"container ng-tns-c2946245707-357 hide\">\n<div class=\"carousel-container ng-tns-c2946245707-357\"><\/div>\n<\/div>\n<div class=\"attachment-container search-images\"><\/div>\n<\/li>\n<\/ul>\n<h4 data-sourcepos=\"30:1-30:22\"><strong>4. Virtaavat villapaidat:<\/strong><\/h4>\n<ul data-sourcepos=\"32:1-38:0\">\n<li data-sourcepos=\"32:1-33:28\"><strong><span class=\"citation-6 recitation\">Ylimitoitetut villapaidat:<\/span><\/strong><span class=\"citation-6 recitation citation-end-6\"> N\u00e4m\u00e4 villapaidat sopivat t\u00e4ydellisesti viile\u00e4n\u00e4 p\u00e4iv\u00e4n\u00e4.<\/span><span class=\"button-container hide-from-message-actions ng-star-inserted\">\u00a0 \u00a0<\/span>\n<div class=\"container ng-tns-c2946245707-358 hide\">\n<div class=\"carousel-container ng-tns-c2946245707-358\"><\/div>\n<\/div>\n<div class=\"attachment-container search-images\"><\/div>\n<\/li>\n<li data-sourcepos=\"34:1-35:29\"><strong><span class=\"citation-7 recitation\">Kaapelineuleet:<\/span><\/strong><span class=\"citation-7 recitation citation-end-7\"> N\u00e4m\u00e4 villapaidat ovat klassinen ja ajaton valinta.<\/span><span class=\"button-container hide-from-message-actions ng-star-inserted\"> \u00a0<\/span><\/li>\n<li data-sourcepos=\"34:1-35:29\"><span class=\"button-container hide-from-message-actions ng-star-inserted\"><strong style=\"font-size: 14.4px;\"><span class=\"citation-8 recitation\">Neulepuserot:<\/span><\/strong><span class=\"citation-8 recitation citation-end-8\" style=\"font-size: 14.4px;\"> N\u00e4m\u00e4 villapaidat sopivat t\u00e4ydellisesti kerrospukeutumiseen, ja niit\u00e4 voi pukea sek\u00e4 ylle ett\u00e4 alas.<\/span><span class=\"button-container hide-from-message-actions ng-star-inserted\" style=\"font-size: 14.4px;\"> \u00a0<\/span><\/span>\n<div class=\"container ng-tns-c2946245707-360 hide\">\n<div class=\"carousel-container ng-tns-c2946245707-360\"><\/div>\n<\/div>\n<div class=\"attachment-container search-images\">\n<div class=\"image-container hide-from-message-actions ng-star-inserted\">\n<div class=\"caption ellipsis gmat-caption ng-star-inserted\" aria-hidden=\"true\"><\/div>\n<\/div>\n<\/div>\n<\/li>\n<\/ul>\n<h3 data-sourcepos=\"39:1-39:53\">Kun muotoilet virtaavia yl\u00e4osia, ota huomioon seuraavat vinkit:<\/h3>\n<ul data-sourcepos=\"41:1-45:0\">\n<li data-sourcepos=\"41:1-41:94\"><strong>Koristele:<\/strong> Lis\u00e4\u00e4 lis\u00e4varusteita, kuten kaulakoruja, korvakoruja ja huiveja, korostaaksesi ulkon\u00e4k\u00f6\u00e4si.<\/li>\n<li data-sourcepos=\"42:1-42:121\"><strong>Leiki tekstuureilla:<\/strong> Sekoita ja yhdistele erilaisia kuvioita, kuten pitsi\u00e4, samettia tai neulosta, luodaksesi mielenkiintoisia asuja.<\/li>\n<li data-sourcepos=\"43:1-43:112\"><strong>Kokeile v\u00e4rej\u00e4:<\/strong> Yhdist\u00e4 virtaava yl\u00e4osa muihin v\u00e4reihin luodaksesi tyylikk\u00e4\u00e4n ja huomiota her\u00e4tt\u00e4v\u00e4n asun.<\/li>\n<li data-sourcepos=\"44:1-45:0\"><strong>Pid\u00e4 se yksinkertaisena:<\/strong> Jos k\u00e4yt\u00e4t rohkeaa ja v\u00e4rik\u00e4st\u00e4 puseroa, pid\u00e4 muu asu yksinkertaisena.<\/li>\n<\/ul>\n<\/div>","protected":false},"excerpt":{"rendered":"<table style=\"height: 541px;\" width=\"431\">\n<tbody>\n<tr>\n<td width=\"146\"><strong><b>Tuote<\/b><\/strong>\u00a0<strong><b>Nimi:<\/b><\/strong><\/td>\n<td width=\"601\"><strong>Naisten Flowy Topit<\/strong><\/td>\n<\/tr>\n<tr>\n<td width=\"146\"><strong><b>Materlal:<\/b><\/strong><\/td>\n<td width=\"601\">Neulominen<\/td>\n<\/tr>\n<tr>\n<td width=\"146\"><strong><b>Tekniikka:<\/b><\/strong><\/td>\n<td width=\"601\">Kirjonta<\/td>\n<\/tr>\n<tr>\n<td width=\"146\"><strong><b>Tyyli:<\/b><\/strong><\/td>\n<td width=\"601\">Rento<\/td>\n<\/tr>\n<tr>\n<td width=\"146\"><strong><b>V\u00e4ri<\/b><\/strong><strong><b>:<\/b><\/strong><\/td>\n<td width=\"601\">\u00a0Mukautetut v\u00e4rit<\/td>\n<\/tr>\n<tr>\n<td width=\"146\"><strong><b>Koko:<\/b><\/strong><\/td>\n<td width=\"601\">S \/M \/L \/XL \/2XL<\/td>\n<\/tr>\n<tr>\n<td width=\"146\"><strong><b>OEM\/ODM:<\/b><\/strong><\/td>\n<td width=\"601\">Hyv\u00e4ksytt\u00e4v\u00e4<\/td>\n<\/tr>\n<tr>\n<td width=\"146\"><strong><b>Laatu:<\/b><\/strong><\/td>\n<td width=\"601\">100% korkea laatu<\/td>\n<\/tr>\n<tr>\n<td width=\"146\"><strong><b>M<\/b><\/strong><strong><b>OQ:<\/b><\/strong><\/td>\n<td width=\"601\">200 kpl<\/td>\n<\/tr>\n<\/tbody>\n<\/table>","protected":false},"featured_media":1938,"template":"","meta":[],"product_brand":[],"product_cat":[39],"product_tag":[],"class_list":{"0":"post-1937","1":"product","2":"type-product","3":"status-publish","4":"has-post-thumbnail","6":"product_cat-womens-clothing","8":"first","9":"instock","10":"shipping-taxable","11":"product-type-simple"},"_links":{"self":[{"href":"https:\/\/mj-clothing.com\/fi\/wp-json\/wp\/v2\/product\/1937","targetHints":{"allow":["GET"]}}],"collection":[{"href":"https:\/\/mj-clothing.com\/fi\/wp-json\/wp\/v2\/product"}],"about":[{"href":"https:\/\/mj-clothing.com\/fi\/wp-json\/wp\/v2\/types\/product"}],"wp:featuredmedia":[{"embeddable":true,"href":"https:\/\/mj-clothing.com\/fi\/wp-json\/wp\/v2\/media\/1938"}],"wp:attachment":[{"href":"https:\/\/mj-clothing.com\/fi\/wp-json\/wp\/v2\/media?parent=1937"}],"wp:term":[{"taxonomy":"product_brand","embeddable":true,"href":"https:\/\/mj-clothing.com\/fi\/wp-json\/wp\/v2\/product_brand?post=1937"},{"taxonomy":"product_cat","embeddable":true,"href":"https:\/\/mj-clothing.com\/fi\/wp-json\/wp\/v2\/product_cat?post=1937"},{"taxonomy":"product_tag","embeddable":true,"href":"https:\/\/mj-clothing.com\/fi\/wp-json\/wp\/v2\/product_tag?post=1937"}],"curies":[{"name":"wp","href":"https:\/\/api.w.org\/{rel}","templated":true}]}}