{"id":1939,"date":"2024-12-16T09:14:41","date_gmt":"2024-12-16T09:14:41","guid":{"rendered":"https:\/\/mj-clothing.com\/?post_type=product&#038;p=1939"},"modified":"2024-12-17T03:42:51","modified_gmt":"2024-12-17T03:42:51","slug":"womens-spring-tops-2024","status":"publish","type":"product","link":"https:\/\/mj-clothing.com\/fi\/manufacturer\/womens-spring-tops-2024\/","title":{"rendered":"Naisten kev\u00e4\u00e4n topit 2024"},"content":{"rendered":"<p data-sourcepos=\"1:1-1:118\"><span class=\"citation-0 recitation citation-end-0\">Naisten kev\u00e4\u00e4n 2024 topit ovat sekoitus klassisia tyylej\u00e4, joissa on moderneja k\u00e4\u00e4nteit\u00e4.<\/span> Seuraavassa on joitakin t\u00e4rkeimpi\u00e4 trendej\u00e4:<\/p>\n<h3 data-sourcepos=\"1:1-1:118\"><strong>1. Naisten kev\u00e4\u00e4n topit 2024 kuviot:<\/strong><\/h3>\n<ul data-sourcepos=\"5:1-7:0\">\n<li data-sourcepos=\"5:1-5:80\"><strong>Herk\u00e4t kukat:<\/strong> Pehme\u00e4t, romanttiset kukkakuviot ovat klassinen kev\u00e4ttrendi.<\/li>\n<li data-sourcepos=\"6:1-7:0\"><strong>Rohkeita kukkia:<\/strong> Suuret, elinvoimaiset kukkakuviot tekev\u00e4t vaikutuksen.<\/li>\n<\/ul>\n<h3 data-sourcepos=\"8:1-8:20\"><strong>2. Naisten kev\u00e4\u00e4n topit 2024 Rento istuvuus:<\/strong><\/h3>\n<ul data-sourcepos=\"10:1-12:0\">\n<li data-sourcepos=\"10:1-10:99\"><strong>Ylisuuret siluetit:<\/strong> Mukavat ja tyylikk\u00e4\u00e4t ylisuuret topit sopivat t\u00e4ydellisesti rentoon lookkiin.<\/li>\n<li data-sourcepos=\"11:1-12:0\"><strong>Puserot:<\/strong> Kevyet ja ilmavat puserot ovat ihanteellisia l\u00e4mpim\u00e4mp\u00e4\u00e4n s\u00e4\u00e4h\u00e4n.<\/li>\n<\/ul>\n<h3 data-sourcepos=\"13:1-13:21\"><strong>3. Naisten kev\u00e4\u00e4n topit 2024 kirkkaita v\u00e4rej\u00e4:<\/strong><\/h3>\n<ul data-sourcepos=\"15:1-17:0\">\n<li data-sourcepos=\"15:1-15:83\"><strong>Rohkeita v\u00e4rej\u00e4:<\/strong> Pirte\u00e4t v\u00e4rit, kuten vaaleanpunainen, keltainen ja oranssi, tuovat pirteytt\u00e4.<\/li>\n<li data-sourcepos=\"16:1-17:0\"><strong>Pastellis\u00e4vyt:<\/strong> Pehme\u00e4t pastelliv\u00e4rit, kuten laventeli, mintunvihre\u00e4 ja vauvansininen, sopivat t\u00e4ydellisesti romanttiseen ilmeeseen.<\/li>\n<\/ul>\n<h3 data-sourcepos=\"18:1-18:24\"><strong>4. Ainutlaatuiset kaula-aukot:<\/strong><\/h3>\n<ul data-sourcepos=\"20:1-23:0\">\n<li data-sourcepos=\"20:1-20:59\"><strong>Off-the-Shoulder:<\/strong> Naisellinen ja imarteleva p\u00e4\u00e4ntie.<\/li>\n<li data-sourcepos=\"21:1-21:55\"><strong>Neli\u00f6n muotoinen p\u00e4\u00e4ntie:<\/strong> Moderni ja hienostunut ilme.<\/li>\n<li data-sourcepos=\"22:1-23:0\"><strong>Yksi olkap\u00e4\u00e4:<\/strong> Rohkea ja dramaattinen valinta.<\/li>\n<\/ul>\n<h3 data-sourcepos=\"24:1-24:24\"><strong>5. Kuvioidut kankaat:<\/strong><\/h3>\n<ul data-sourcepos=\"26:1-29:0\">\n<li data-sourcepos=\"26:1-26:52\"><strong>Pitsi:<\/strong> Lis\u00e4\u00e4 eleganssia ja naisellisuutta.<\/li>\n<li data-sourcepos=\"27:1-27:49\"><strong>Neulo:<\/strong> Mukava ja viihtyis\u00e4 viile\u00e4mpi\u00e4 p\u00e4ivi\u00e4 varten.<\/li>\n<li data-sourcepos=\"28:1-29:0\"><strong>Satiini:<\/strong> Ylellinen ja lumoava kangas.<\/li>\n<\/ul>\n<h3 data-sourcepos=\"30:1-30:27\"><strong>6. Kest\u00e4v\u00e4t kankaat:<\/strong><\/h3>\n<ul data-sourcepos=\"32:1-35:0\">\n<li data-sourcepos=\"32:1-32:44\"><strong>Orgaaninen puuvilla:<\/strong> Ymp\u00e4rist\u00f6yst\u00e4v\u00e4llinen ja pehme\u00e4.<\/li>\n<li data-sourcepos=\"33:1-33:50\"><strong>Kierr\u00e4tetty polyesteri:<\/strong> Kest\u00e4v\u00e4 ja kest\u00e4v\u00e4.<\/li>\n<li data-sourcepos=\"34:1-35:0\"><strong><span class=\"citation-1 recitation\">Tencel:<\/span><\/strong><span class=\"citation-1 recitation citation-end-1\"> Hengitt\u00e4v\u00e4 ja kosteutta siirt\u00e4v\u00e4 kangas.<\/span><span class=\"button-container hide-from-message-actions ng-star-inserted\"> \u00a0<\/span>\n<div class=\"container ng-tns-c2946245707-383 hide\">\n<div class=\"carousel-container ng-tns-c2946245707-383\"><\/div>\n<\/div>\n<\/li>\n<\/ul>\n<p data-sourcepos=\"36:1-36:226\">Muista, ett\u00e4 paras tapa l\u00f6yt\u00e4\u00e4 itsellesi sopiva kev\u00e4ttoppi on kokeilla eri tyylej\u00e4, v\u00e4rej\u00e4 ja kankaita. Ota valintaa tehdess\u00e4si huomioon henkil\u00f6kohtainen tyylisi ja tilaisuus, johon k\u00e4yt\u00e4t toppia.<\/p>","protected":false},"excerpt":{"rendered":"<table style=\"height: 470px;\" width=\"398\">\n<tbody>\n<tr>\n<td width=\"146\"><strong><b>Tuote<\/b><\/strong>\u00a0<strong><b>Nimi:<\/b><\/strong><\/td>\n<td width=\"601\"><strong>Naisten kev\u00e4\u00e4n topit 2024<\/strong><\/td>\n<\/tr>\n<tr>\n<td width=\"146\"><strong><b>Materlal:<\/b><\/strong><\/td>\n<td width=\"601\">Neulominen<\/td>\n<\/tr>\n<tr>\n<td width=\"146\"><strong><b>Tekniikka:<\/b><\/strong><\/td>\n<td width=\"601\">Kirjonta<\/td>\n<\/tr>\n<tr>\n<td width=\"146\"><strong><b>Tyyli:<\/b><\/strong><\/td>\n<td width=\"601\">Rento<\/td>\n<\/tr>\n<tr>\n<td width=\"146\"><strong><b>V\u00e4ri<\/b><\/strong><strong><b>:<\/b><\/strong><\/td>\n<td width=\"601\">\u00a0Mukautetut v\u00e4rit<\/td>\n<\/tr>\n<tr>\n<td width=\"146\"><strong><b>Koko:<\/b><\/strong><\/td>\n<td width=\"601\">S \/M \/L \/XL \/2XL<\/td>\n<\/tr>\n<tr>\n<td width=\"146\"><strong><b>OEM\/ODM:<\/b><\/strong><\/td>\n<td width=\"601\">Hyv\u00e4ksytt\u00e4v\u00e4<\/td>\n<\/tr>\n<tr>\n<td width=\"146\"><strong><b>Laatu:<\/b><\/strong><\/td>\n<td width=\"601\">100% korkea laatu<\/td>\n<\/tr>\n<tr>\n<td width=\"146\"><strong><b>M<\/b><\/strong><strong><b>OQ:<\/b><\/strong><\/td>\n<td width=\"601\">200 kpl<\/td>\n<\/tr>\n<\/tbody>\n<\/table>","protected":false},"featured_media":1940,"template":"","meta":[],"product_brand":[],"product_cat":[39],"product_tag":[],"class_list":{"0":"post-1939","1":"product","2":"type-product","3":"status-publish","4":"has-post-thumbnail","6":"product_cat-womens-clothing","8":"first","9":"instock","10":"shipping-taxable","11":"product-type-simple"},"_links":{"self":[{"href":"https:\/\/mj-clothing.com\/fi\/wp-json\/wp\/v2\/product\/1939","targetHints":{"allow":["GET"]}}],"collection":[{"href":"https:\/\/mj-clothing.com\/fi\/wp-json\/wp\/v2\/product"}],"about":[{"href":"https:\/\/mj-clothing.com\/fi\/wp-json\/wp\/v2\/types\/product"}],"wp:featuredmedia":[{"embeddable":true,"href":"https:\/\/mj-clothing.com\/fi\/wp-json\/wp\/v2\/media\/1940"}],"wp:attachment":[{"href":"https:\/\/mj-clothing.com\/fi\/wp-json\/wp\/v2\/media?parent=1939"}],"wp:term":[{"taxonomy":"product_brand","embeddable":true,"href":"https:\/\/mj-clothing.com\/fi\/wp-json\/wp\/v2\/product_brand?post=1939"},{"taxonomy":"product_cat","embeddable":true,"href":"https:\/\/mj-clothing.com\/fi\/wp-json\/wp\/v2\/product_cat?post=1939"},{"taxonomy":"product_tag","embeddable":true,"href":"https:\/\/mj-clothing.com\/fi\/wp-json\/wp\/v2\/product_tag?post=1939"}],"curies":[{"name":"wp","href":"https:\/\/api.w.org\/{rel}","templated":true}]}}