{"id":1946,"date":"2024-12-17T02:48:08","date_gmt":"2024-12-17T02:48:08","guid":{"rendered":"https:\/\/mj-clothing.com\/?post_type=product&#038;p=1946"},"modified":"2024-12-17T03:42:21","modified_gmt":"2024-12-17T03:42:21","slug":"easy-to-sew-womens-tops","status":"publish","type":"product","link":"https:\/\/mj-clothing.com\/fi\/manufacturer\/easy-to-sew-womens-tops\/","title":{"rendered":"Helppo ommella naisten yl\u00e4osat"},"content":{"rendered":"<div class=\"experimental-mode-disclaimer-container ng-star-inserted\">\n<div class=\"disclaimer\">\n<div class=\"disclaimer-text ng-star-inserted\"><\/div>\n<\/div>\n<\/div>\n<div id=\"model-response-message-contentr_97504a3a3735aa12\" class=\"markdown markdown-main-panel response-optimization\" dir=\"ltr\">\n<p data-sourcepos=\"1:1-1:139\">Kuulostaa silt\u00e4, ett\u00e4 etsit Easy To Sew Womens Tops! T\u00e4ss\u00e4 on jaottelu ideoita ja resursseja, joiden avulla p\u00e4\u00e4set alkuun:<\/p>\n<h3 data-sourcepos=\"3:1-3:33\"><strong>Avainelementit Easy To Sew Womens Topit:<\/strong><\/h3>\n<ul data-sourcepos=\"5:1-9:0\">\n<li data-sourcepos=\"5:1-5:153\"><strong>Yksinkertaiset muodot:<\/strong> Etsi kuvioita, joissa on perusmuotoja, kuten suorakulmioita, neli\u00f6it\u00e4 tai minimaalisia k\u00e4yri\u00e4. N\u00e4m\u00e4 vaativat v\u00e4hemm\u00e4n monimutkaista leikkaamista ja paloittelua.<\/li>\n<li data-sourcepos=\"6:1-6:172\"><strong><span class=\"citation-0 recitation\">Neulokset Kankaat:<\/span><\/strong><span class=\"citation-0 recitation citation-end-0\"> N\u00e4m\u00e4 kankaat ovat joustavia, joten ne antavat aloittelijoille enemm\u00e4n anteeksi.<\/span> Ne eiv\u00e4t useinkaan vaadi reunojen viimeistely\u00e4, mik\u00e4 s\u00e4\u00e4st\u00e4\u00e4 aikaa.<span class=\"button-container hide-from-message-actions ng-star-inserted\">\u00a0 \u00a0<\/span>\n<div class=\"container ng-tns-c2960411664-24 hide\">\n<div class=\"carousel-container ng-tns-c2960411664-24\"><\/div>\n<\/div>\n<\/li>\n<li data-sourcepos=\"7:1-7:95\"><strong>Minimaaliset saumat:<\/strong> Mit\u00e4 v\u00e4hemm\u00e4n saumoja kaavassa on, sit\u00e4 nopeampi ja helpompi se on ommella.<\/li>\n<li data-sourcepos=\"8:1-9:0\"><strong>Ei monimutkaisia sulkemisia:<\/strong> V\u00e4lt\u00e4 alussa kaavoja, joissa on vetoketjuja, napinl\u00e4vet tai monimutkaisia kiinnityksi\u00e4.<\/li>\n<\/ul>\n<h3 data-sourcepos=\"10:1-10:32\"><strong>Helppo ommella naisten yl\u00e4osat harkittavaksi:<\/strong><\/h3>\n<ul data-sourcepos=\"12:1-17:0\">\n<li data-sourcepos=\"12:1-12:133\"><strong>T-paidat:<\/strong> Klassikko syyst\u00e4! <span class=\"citation-1 recitation citation-end-1\">T-paitojen peruskaavoja on helposti saatavilla, ja ne ovat hyv\u00e4 l\u00e4ht\u00f6kohta.<\/span><span class=\"button-container hide-from-message-actions ng-star-inserted\"> \u00a0<\/span>\n<div class=\"container ng-tns-c2960411664-25 hide\">\n<div class=\"carousel-container ng-tns-c2960411664-25\"><\/div>\n<\/div>\n<\/li>\n<li data-sourcepos=\"13:1-13:96\"><strong>Tank Topit:<\/strong> Yksinkertaiset s\u00e4ili\u00f6topit, joissa on leve\u00e4t olkaimet tai perusmuodot, ovat eritt\u00e4in helppoja rakentaa.<\/li>\n<li data-sourcepos=\"14:1-14:110\"><strong>Kimono Topit:<\/strong> Niiss\u00e4 ommellaan usein suoria linjoja, ja ne voidaan valmistaa kauniista drappakankaista.<\/li>\n<li data-sourcepos=\"15:1-15:97\"><strong>Yksinkertaiset tunikat:<\/strong> L\u00f6ys\u00e4t tunikat, joissa on vain v\u00e4h\u00e4n muotoja, ovat mukavia ja helppoja ommella.<\/li>\n<li data-sourcepos=\"16:1-17:0\"><strong>Kootut yl\u00e4osat:<\/strong> Topit, joissa on joustava p\u00e4\u00e4ntie tai ker\u00e4ttyj\u00e4 osia, voivat olla yll\u00e4tt\u00e4v\u00e4n helppoja valmistaa.<\/li>\n<\/ul>\n<h3 data-sourcepos=\"18:1-18:43\"><strong>Mist\u00e4 Easy To Sew Womens Tops l\u00f6yt\u00e4\u00e4 malleja ja inspiraatiota:<\/strong><\/h3>\n<ul data-sourcepos=\"20:1-24:0\">\n<li data-sourcepos=\"20:1-20:97\"><strong>Ompele Essential:<\/strong> T\u00e4m\u00e4 sivusto tarjoaa erilaisia aloittelijoille sopivia malleja ja resursseja.<\/li>\n<li data-sourcepos=\"21:1-21:99\"><strong>Yksinkertainen ompelu:<\/strong> <span class=\"citation-2 recitation citation-end-2\">Ne keskittyv\u00e4t yksinkertaisiin ja tyylikk\u00e4isiin kaavoihin, joissa on selke\u00e4t ohjeet.<\/span><span class=\"button-container hide-from-message-actions ng-star-inserted\">\u00a0<\/span>\n<div class=\"container ng-tns-c2960411664-26 hide\">\n<div class=\"carousel-container ng-tns-c2960411664-26\"><\/div>\n<\/div>\n<\/li>\n<li data-sourcepos=\"22:1-22:120\"><strong><span class=\"citation-3 recitation\">Pinterest:<\/span><\/strong><span class=\"citation-3 recitation citation-end-3\"> DIY-ideoiden aarreaitta, mukaan lukien monia ilmaisia opetusohjelmia ja kaavoja helppoihin yl\u00e4osiin.<\/span><span class=\"button-container hide-from-message-actions ng-star-inserted\"> \u00a0<\/span>\n<div class=\"container ng-tns-c2960411664-27 hide\">\n<div class=\"carousel-container ng-tns-c2960411664-27\"><\/div>\n<\/div>\n<\/li>\n<li data-sourcepos=\"23:1-24:0\"><strong>Simplicity, McCall's, Butterick:<\/strong> N\u00e4ill\u00e4 malliyrityksill\u00e4 on laaja valikoima malleja, jotka on usein luokiteltu taitotason mukaan.<\/li>\n<\/ul>\n<h3 data-sourcepos=\"25:1-25:23\"><strong>Vinkkej\u00e4 aloittelijoille:<\/strong><\/h3>\n<ul data-sourcepos=\"27:1-31:0\">\n<li data-sourcepos=\"27:1-27:102\"><strong>Aloita yksinkertaisella projektilla:<\/strong> \u00c4l\u00e4 yrit\u00e4 tarttua johonkin liian monimutkaiseen ensimm\u00e4isell\u00e4 yrityksell\u00e4si.<\/li>\n<li data-sourcepos=\"28:1-28:99\"><strong>Valitse oikea kangas:<\/strong> Neulokset ovat yleens\u00e4 helpompia ty\u00f6st\u00e4\u00e4 kuin kudotut kankaat.<\/li>\n<li data-sourcepos=\"29:1-29:93\"><strong>Lue ohjeet huolellisesti:<\/strong> Varmista, ett\u00e4 ymm\u00e4rr\u00e4t vaiheet ennen kuin aloitat.<\/li>\n<li data-sourcepos=\"30:1-31:0\"><strong>\u00c4l\u00e4 pelk\u00e4\u00e4 pyyt\u00e4\u00e4 apua:<\/strong> On olemassa monia verkkoyhteis\u00f6j\u00e4 ja resursseja, jotka auttavat sinua, jos j\u00e4\u00e4t jumiin.<\/li>\n<\/ul>\n<p data-sourcepos=\"32:1-32:128\">Olen valmis auttamaan sinua, jos sinulla on erityisi\u00e4 kysymyksi\u00e4 tai haluat tutustua tiettyyn yl\u00e4osaan. Kerro vain minulle!<\/p>\n<\/div>\n<div class=\"skeleton-loader-container\"><\/div>","protected":false},"excerpt":{"rendered":"<table style=\"height: 518px;\" width=\"411\">\n<tbody>\n<tr>\n<td width=\"146\"><strong><b>Tuote<\/b><\/strong>\u00a0<strong><b>Nimi:<\/b><\/strong><\/td>\n<td width=\"601\"><strong>Helppo ommella naisten yl\u00e4osat<\/strong><\/td>\n<\/tr>\n<tr>\n<td width=\"146\"><strong><b>Materlal:<\/b><\/strong><\/td>\n<td width=\"601\">Neulominen<\/td>\n<\/tr>\n<tr>\n<td width=\"146\"><strong><b>Tekniikka:<\/b><\/strong><\/td>\n<td width=\"601\">Kirjonta<\/td>\n<\/tr>\n<tr>\n<td width=\"146\"><strong><b>Tyyli:<\/b><\/strong><\/td>\n<td width=\"601\">Rento<\/td>\n<\/tr>\n<tr>\n<td width=\"146\"><strong><b>V\u00e4ri<\/b><\/strong><strong><b>:<\/b><\/strong><\/td>\n<td width=\"601\">\u00a0Mukautetut v\u00e4rit<\/td>\n<\/tr>\n<tr>\n<td width=\"146\"><strong><b>Koko:<\/b><\/strong><\/td>\n<td width=\"601\">S \/M \/L \/XL \/2XL<\/td>\n<\/tr>\n<tr>\n<td width=\"146\"><strong><b>OEM\/ODM:<\/b><\/strong><\/td>\n<td width=\"601\">Hyv\u00e4ksytt\u00e4v\u00e4<\/td>\n<\/tr>\n<tr>\n<td width=\"146\"><strong><b>Laatu:<\/b><\/strong><\/td>\n<td width=\"601\">100% korkea laatu<\/td>\n<\/tr>\n<tr>\n<td width=\"146\"><strong><b>M<\/b><\/strong><strong><b>OQ:<\/b><\/strong><\/td>\n<td width=\"601\">200 kpl<\/td>\n<\/tr>\n<\/tbody>\n<\/table>","protected":false},"featured_media":1956,"template":"","meta":[],"product_brand":[],"product_cat":[39],"product_tag":[],"class_list":{"0":"post-1946","1":"product","2":"type-product","3":"status-publish","4":"has-post-thumbnail","6":"product_cat-womens-clothing","8":"first","9":"instock","10":"shipping-taxable","11":"product-type-simple"},"_links":{"self":[{"href":"https:\/\/mj-clothing.com\/fi\/wp-json\/wp\/v2\/product\/1946","targetHints":{"allow":["GET"]}}],"collection":[{"href":"https:\/\/mj-clothing.com\/fi\/wp-json\/wp\/v2\/product"}],"about":[{"href":"https:\/\/mj-clothing.com\/fi\/wp-json\/wp\/v2\/types\/product"}],"wp:featuredmedia":[{"embeddable":true,"href":"https:\/\/mj-clothing.com\/fi\/wp-json\/wp\/v2\/media\/1956"}],"wp:attachment":[{"href":"https:\/\/mj-clothing.com\/fi\/wp-json\/wp\/v2\/media?parent=1946"}],"wp:term":[{"taxonomy":"product_brand","embeddable":true,"href":"https:\/\/mj-clothing.com\/fi\/wp-json\/wp\/v2\/product_brand?post=1946"},{"taxonomy":"product_cat","embeddable":true,"href":"https:\/\/mj-clothing.com\/fi\/wp-json\/wp\/v2\/product_cat?post=1946"},{"taxonomy":"product_tag","embeddable":true,"href":"https:\/\/mj-clothing.com\/fi\/wp-json\/wp\/v2\/product_tag?post=1946"}],"curies":[{"name":"wp","href":"https:\/\/api.w.org\/{rel}","templated":true}]}}