{"id":1960,"date":"2024-12-17T03:10:50","date_gmt":"2024-12-17T03:10:50","guid":{"rendered":"https:\/\/mj-clothing.com\/?post_type=product&#038;p=1960"},"modified":"2024-12-17T03:10:50","modified_gmt":"2024-12-17T03:10:50","slug":"periwinkle-womens-tops","status":"publish","type":"product","link":"https:\/\/mj-clothing.com\/fi\/manufacturer\/periwinkle-womens-tops\/","title":{"rendered":"Periwinkle naisten topit"},"content":{"rendered":"<div id=\"model-response-message-contentr_7f973865284483ec\" class=\"markdown markdown-main-panel response-optimization\" dir=\"ltr\">\n<p data-sourcepos=\"1:1-1:279\">Periwinkle Womens Tops on kaunis, pehme\u00e4 ja monipuolinen v\u00e4ri, joka voi lis\u00e4t\u00e4 ripauksen eleganssia ja naisellisuutta mihin tahansa asuun. <span class=\"citation-0 recitation citation-end-0\">Se on vaalean violetti, jossa on ripaus sinist\u00e4, ja sit\u00e4 kuvaillaan usein vaaleaksi laventeliksi tai vaalean violetiksi.<\/span> T\u00e4ss\u00e4 on, mik\u00e4 tekee periwinkle naisten topit niin houkutteleviksi:<span class=\"button-container hide-from-message-actions ng-star-inserted\">\u00a0 \u00a0<\/span><\/p>\n<h3 data-sourcepos=\"3:1-3:39\"><strong>Miksi Periwinkle Naisten Topit toimii hyvin Topit:<\/strong><\/h3>\n<ul data-sourcepos=\"5:1-9:0\">\n<li data-sourcepos=\"5:1-5:138\"><strong>Imartelee monia ihons\u00e4vyj\u00e4:<\/strong> Periwinkless\u00e4 on sek\u00e4 viileit\u00e4 ett\u00e4 l\u00e4mpimi\u00e4 s\u00e4vyj\u00e4, joten se sopii monenlaiselle iholle.<\/li>\n<li data-sourcepos=\"6:1-6:105\"><strong>Pehme\u00e4 ja rauhoittava:<\/strong> <span class=\"citation-1 recitation citation-end-1\">Se on lempe\u00e4 v\u00e4ri, joka her\u00e4tt\u00e4\u00e4 rauhallisuuden ja rauhan tunteita.<\/span><span class=\"button-container hide-from-message-actions ng-star-inserted\"> \u00a0<\/span>\n<div class=\"container ng-tns-c2960411664-45 hide\">\n<div class=\"carousel-container ng-tns-c2960411664-45\"><\/div>\n<\/div>\n<\/li>\n<li data-sourcepos=\"7:1-7:111\"><strong><span class=\"citation-2 recitation\">Monipuolinen:<\/span><\/strong><span class=\"citation-2 recitation citation-end-2\"> Periwinkle voidaan pukea yl\u00f6s tai alas, joten se sopii erilaisiin tilaisuuksiin.<\/span><span class=\"button-container hide-from-message-actions ng-star-inserted\"> \u00a0<\/span>\n<div class=\"container ng-tns-c2960411664-46 hide\">\n<div class=\"carousel-container ng-tns-c2960411664-46\"><\/div>\n<\/div>\n<\/li>\n<li data-sourcepos=\"8:1-9:0\"><strong>Sopii hyvin yhteen muiden v\u00e4rien kanssa:<\/strong> Se t\u00e4ydent\u00e4\u00e4 neutraaleja s\u00e4vyj\u00e4, kuten valkoista, harmaata ja beige\u00e4, sek\u00e4 muita v\u00e4rej\u00e4, kuten vaaleanpunaista, vihre\u00e4\u00e4 ja jopa keltaista.<\/li>\n<\/ul>\n<h3 data-sourcepos=\"10:1-10:44\"><strong>Tyypit Periwinkle Womens Topit saatat l\u00f6yt\u00e4\u00e4:<\/strong><\/h3>\n<ul data-sourcepos=\"12:1-16:0\">\n<li data-sourcepos=\"12:1-12:164\"><strong>T-paidat ja vapaa-ajan yl\u00e4osat:<\/strong> Periwinkle t-paita tai rento toppi sopii t\u00e4ydellisesti jokap\u00e4iv\u00e4iseen k\u00e4ytt\u00f6\u00f6n. Yhdist\u00e4 se farkkujen, shortsien tai rennon hameen kanssa rentoa ilmett\u00e4 varten.<\/li>\n<li data-sourcepos=\"13:1-13:198\"><strong><span class=\"citation-3 recitation\">Puserot ja puvut:<\/span><\/strong><span class=\"citation-3 recitation citation-end-3\"> Silkist\u00e4, satiinista tai sifonista valmistettu periwinklinen pusero sopii hyvin muodollisempiin tilaisuuksiin.<\/span> Yhdist\u00e4 se pukuhousujen, hameen tai jopa bleiserin alle.<span class=\"button-container hide-from-message-actions ng-star-inserted\"> \u00a0<\/span>\n<div class=\"container ng-tns-c2960411664-47 hide\">\n<div class=\"carousel-container ng-tns-c2960411664-47\"><\/div>\n<\/div>\n<\/li>\n<li data-sourcepos=\"14:1-14:110\"><strong>Villapaidat ja neuletakit:<\/strong> Pikkuleinikki pusero tai neuletakki on loistava kerrospukeutuminen viile\u00e4mp\u00e4\u00e4n s\u00e4\u00e4h\u00e4n.<\/li>\n<li data-sourcepos=\"15:1-16:0\"><strong><span class=\"citation-4 recitation\">Tank Topit ja Camisoles:<\/span><\/strong><span class=\"citation-4 recitation citation-end-4\"> Periwinkle-toppia tai -camisolea voi k\u00e4ytt\u00e4\u00e4 l\u00e4mpim\u00e4ll\u00e4 s\u00e4\u00e4ll\u00e4 sellaisenaan tai kerrostettuna muiden toppien alle.<\/span><span class=\"button-container hide-from-message-actions ng-star-inserted\">\u00a0<\/span>\n<div class=\"container ng-tns-c2960411664-48 hide\">\n<div class=\"carousel-container ng-tns-c2960411664-48\">\n<div class=\"carousel-content ng-tns-c2960411664-48\">\n<div class=\"sources-carousel-source ng-tns-c2960411664-48 hide ng-star-inserted\" data-test-id=\"sources-carousel-source\"><\/div>\n<\/div>\n<\/div>\n<\/div>\n<\/li>\n<\/ul>\n<h3 data-sourcepos=\"17:1-17:33\"><strong>Kuinka tyylitell\u00e4 periwinkle-toppeja:<\/strong><\/h3>\n<ul data-sourcepos=\"19:1-23:0\">\n<li data-sourcepos=\"19:1-19:100\"><strong>Rento:<\/strong> Yhdist\u00e4 periwinkle t-paita valkoisten farkkujen ja tennareiden kanssa raikkaaseen ja rentoon lookiin.<\/li>\n<li data-sourcepos=\"20:1-20:117\"><strong>Business Casual:<\/strong> Pue periwinklinen pusero harmaiden housujen ja korkokenkien kanssa, niin saat ammattimaisen mutta tyylikk\u00e4\u00e4n asun.<\/li>\n<li data-sourcepos=\"21:1-21:104\"><strong>Pukeutuminen:<\/strong> Yhdist\u00e4 periwinklinen satiininen yl\u00e4osa mustaan hameeseen ja korkokenkiin, niin saat tyylikk\u00e4\u00e4n iltapuvun.<\/li>\n<li data-sourcepos=\"22:1-23:0\"><strong>Boheemi:<\/strong> Muotoile periwinkle v\u00e4rinen, virtaava yl\u00e4osa pitk\u00e4n hameen ja sandaalien kanssa boheemin tunnelman luomiseksi.<\/li>\n<\/ul>\n<p data-sourcepos=\"32:1-32:113\">\n<\/div>","protected":false},"excerpt":{"rendered":"<table style=\"height: 501px;\" width=\"369\">\n<tbody>\n<tr>\n<td width=\"146\"><strong><b>Tuote<\/b><\/strong>\u00a0<strong><b>Nimi:<\/b><\/strong><\/td>\n<td width=\"601\"><strong>Periwinkle naisten topit<\/strong><\/td>\n<\/tr>\n<tr>\n<td width=\"146\"><strong><b>Materlal:<\/b><\/strong><\/td>\n<td width=\"601\">Neulominen<\/td>\n<\/tr>\n<tr>\n<td width=\"146\"><strong><b>Tekniikka: <\/b><\/strong><\/td>\n<td width=\"601\">Kirjonta<\/td>\n<\/tr>\n<tr>\n<td width=\"146\"><strong><b>Tyyli: <\/b><\/strong><\/td>\n<td width=\"601\">Rento<\/td>\n<\/tr>\n<tr>\n<td width=\"146\"><strong><b>V\u00e4ri<\/b><\/strong><strong><b>:<\/b><\/strong><\/td>\n<td width=\"601\">\u00a0Mukautetut v\u00e4rit<\/td>\n<\/tr>\n<tr>\n<td width=\"146\"><strong><b>Koko:<\/b><\/strong><\/td>\n<td width=\"601\">S \/M \/L \/XL \/2XL<\/td>\n<\/tr>\n<tr>\n<td width=\"146\"><strong><b>OEM\/ODM:<\/b><\/strong><\/td>\n<td width=\"601\">Hyv\u00e4ksytt\u00e4v\u00e4<\/td>\n<\/tr>\n<tr>\n<td width=\"146\"><strong><b>Laatu:<\/b><\/strong><\/td>\n<td width=\"601\">100% korkea laatu<\/td>\n<\/tr>\n<tr>\n<td width=\"146\"><strong><b>M<\/b><\/strong><strong><b>OQ:<\/b><\/strong><\/td>\n<td width=\"601\">200 kpl<\/td>\n<\/tr>\n<\/tbody>\n<\/table>","protected":false},"featured_media":1961,"template":"","meta":[],"product_brand":[],"product_cat":[39],"product_tag":[],"class_list":{"0":"post-1960","1":"product","2":"type-product","3":"status-publish","4":"has-post-thumbnail","6":"product_cat-womens-clothing","8":"first","9":"instock","10":"shipping-taxable","11":"product-type-simple"},"_links":{"self":[{"href":"https:\/\/mj-clothing.com\/fi\/wp-json\/wp\/v2\/product\/1960","targetHints":{"allow":["GET"]}}],"collection":[{"href":"https:\/\/mj-clothing.com\/fi\/wp-json\/wp\/v2\/product"}],"about":[{"href":"https:\/\/mj-clothing.com\/fi\/wp-json\/wp\/v2\/types\/product"}],"wp:featuredmedia":[{"embeddable":true,"href":"https:\/\/mj-clothing.com\/fi\/wp-json\/wp\/v2\/media\/1961"}],"wp:attachment":[{"href":"https:\/\/mj-clothing.com\/fi\/wp-json\/wp\/v2\/media?parent=1960"}],"wp:term":[{"taxonomy":"product_brand","embeddable":true,"href":"https:\/\/mj-clothing.com\/fi\/wp-json\/wp\/v2\/product_brand?post=1960"},{"taxonomy":"product_cat","embeddable":true,"href":"https:\/\/mj-clothing.com\/fi\/wp-json\/wp\/v2\/product_cat?post=1960"},{"taxonomy":"product_tag","embeddable":true,"href":"https:\/\/mj-clothing.com\/fi\/wp-json\/wp\/v2\/product_tag?post=1960"}],"curies":[{"name":"wp","href":"https:\/\/api.w.org\/{rel}","templated":true}]}}